{"id":46973,"date":"2024-06-28T15:57:52","date_gmt":"2024-06-28T15:57:52","guid":{"rendered":"https:\/\/vejamob.com\/?page_id=46973"},"modified":"2025-03-25T19:36:20","modified_gmt":"2025-03-25T19:36:20","slug":"zasady-ochrany-osobnich-udaju","status":"publish","type":"page","link":"https:\/\/vejamob.com\/cs\/zasady-ochrany-osobnich-udaju\/","title":{"rendered":"Z\u00e1sady ochrany osobn\u00edch \u00fadaj\u016f"},"content":{"rendered":"<p>V\u0161echny shrom\u00e1\u017ed\u011bn\u00e9 informace budou pou\u017eity ke zlep\u0161en\u00ed va\u0161eho z\u00e1\u017eitku na na\u0161ich webov\u00fdch str\u00e1nk\u00e1ch. Shrom\u00e1\u017ed\u011bn\u00e9 informace mohou zahrnovat va\u0161e jm\u00e9no, e-mail, telefonn\u00ed \u010d\u00edslo a\/nebo jin\u00e9.<\/p>\n\n\n\n<p>Pou\u017e\u00edv\u00e1n\u00ed Vejamob znamen\u00e1 souhlas s touto dohodou o ochran\u011b osobn\u00edch \u00fadaj\u016f. Pokud u\u017eivatel nesouhlas\u00ed, by\u0165 jen \u010d\u00e1ste\u010dn\u011b, s podm\u00ednkami obsa\u017een\u00fdmi v t\u011bchto Z\u00e1sad\u00e1ch ochrany osobn\u00edch \u00fadaj\u016f, nem\u011bl by p\u0159istupovat a\/nebo pou\u017e\u00edvat obsah nab\u00edzen\u00fd Vejamob. Pou\u017e\u00edv\u00e1n\u00edm webu U\u017eivatel bere na v\u011bdom\u00ed a pln\u011b souhlas\u00ed se zpracov\u00e1n\u00edm sv\u00fdch \u00fadaj\u016f v souladu s podm\u00ednkami t\u011bchto Z\u00e1sad ochrany osobn\u00edch \u00fadaj\u016f a V\u0161eobecn\u00fdch podm\u00ednek pou\u017e\u00edv\u00e1n\u00ed.<\/p>\n\n\n\n<p>Vyhrazujeme si pr\u00e1vo tyto z\u00e1sady ochrany osobn\u00edch \u00fadaj\u016f kdykoli upravit bez souhlasu nebo upozorn\u011bn\u00ed u\u017eivatel\u016f, proto je pros\u00edm \u010dasto kontrolujte. Zm\u011bny a up\u0159esn\u011bn\u00ed vstoup\u00ed v platnost ihned po jejich zve\u0159ejn\u011bn\u00ed na webu. Pokud provedeme podstatn\u00e9 zm\u011bny t\u011bchto z\u00e1sad, upozorn\u00edme v\u00e1s zde, \u017ee byly aktualizov\u00e1ny, abyste v\u011bd\u011bli, jak\u00e9 informace shroma\u017e\u010fujeme, jak je pou\u017e\u00edv\u00e1me a za jak\u00fdch okolnost\u00ed, pokud existuj\u00ed, pou\u017e\u00edv\u00e1me a\/nebo zve\u0159ej\u0148ujeme to.<\/p>\n\n\n\n<p>Vejamob respektuje soukrom\u00ed sv\u00fdch u\u017eivatel\u016f a transparentnost ve zp\u016fsobu, jak\u00fdm jsou data pou\u017e\u00edv\u00e1na. Na\u0161e z\u00e1sady ochrany osobn\u00edch \u00fadaj\u016f byly p\u0159ipraveny v souladu s mezin\u00e1rodn\u00edmi a n\u00e1rodn\u00edmi standardy ochrany \u00fadaj\u016f.<\/p>\n\n\n\n<p>Tyto Z\u00e1sady ochrany osobn\u00edch \u00fadaj\u016f je nutn\u00e9 \u010d\u00edst a vykl\u00e1dat ve spojen\u00ed se V\u0161eobecn\u00fdmi podm\u00ednkami pou\u017eit\u00ed spole\u010dnosti Vejamob, kter\u00e9 jsou k dispozici na adrese <a href=\"https:\/\/vejamob.com\/cs\/podminky-pouziti\/\">https:\/\/vejamob.com\/termos-de-uso\/<\/a><\/p>\n\n\n\n<h2 class=\"wp-block-heading\">Obecn\u00e9 informace pro u\u017eivatele <\/h2>\n\n\n\n<p>Vejamob si klade za c\u00edl sd\u00edlet informace se sv\u00fdmi u\u017eivateli a zp\u0159\u00edstup\u0148ovat znalosti v\u0161em. U\u017eivatel m\u016f\u017ee proch\u00e1zet webovou str\u00e1nku Vejamob bez p\u0159edchoz\u00ed registrace.<\/p>\n\n\n\n<p>Vejamob se \u0159\u00edd\u00ed mezin\u00e1rodn\u00edmi bezpe\u010dnostn\u00edmi standardy a normami v oblasti ukl\u00e1d\u00e1n\u00ed, ochrany, soukrom\u00ed a p\u0159enosu dat, p\u0159i\u010dem\u017e zd\u016fraz\u0148uje, \u017ee \u017e\u00e1dn\u00fd zp\u016fsob ukl\u00e1d\u00e1n\u00ed, ochrany, soukrom\u00ed a p\u0159enosu dat nen\u00ed 100% bezpe\u010dn\u00fd a nedotknuteln\u00fd.<\/p>\n\n\n\n<p>Vejamob p\u0159ij\u00edm\u00e1 postupy a technologie, kter\u00e9 jsou neust\u00e1le revidov\u00e1ny a zdokonalov\u00e1ny v souladu s n\u00e1rodn\u00edmi a mezin\u00e1rodn\u00edmi technick\u00fdmi a regula\u010dn\u00edmi pokroky. Kdy\u017e mluv\u00edme o ochran\u011b, m\u00e1me na mysli jak\u00fdkoli neopr\u00e1vn\u011bn\u00fd p\u0159\u00edstup, pou\u017eit\u00ed, zm\u011bnu, zve\u0159ejn\u011bn\u00ed nebo zni\u010den\u00ed va\u0161ich \u00fadaj\u016f. Abychom tomu zabr\u00e1nili, investujeme do opat\u0159en\u00ed, kter\u00e1 zahrnuj\u00ed \u0161ifrovanou komunikaci, \u0159\u00edzen\u00ed p\u0159\u00edstupu, dodr\u017eov\u00e1n\u00ed bezpe\u010dn\u00e9ho v\u00fdvoje softwaru, intern\u00ed z\u00e1sady dodr\u017eov\u00e1n\u00ed p\u0159edpis\u016f a opat\u0159en\u00ed pro odpov\u011bdnost a zm\u00edrn\u011bn\u00ed rizik, kter\u00e1 umo\u017e\u0148uj\u00ed zabezpe\u010den\u00ed b\u011bhem \u017eivotn\u00edho cyklu dat. Informace o u\u017eivatel\u00edch jsou tak\u00e9 ulo\u017eeny v zabezpe\u010den\u00fdch, renomovan\u00fdch a mezin\u00e1rodn\u011b uzn\u00e1van\u00fdch datab\u00e1z\u00edch.<\/p>\n\n\n\n<p>Vejamob za \u017e\u00e1dn\u00fdch okolnost\u00ed nepo\u017eaduje \u017e\u00e1dnou \u010d\u00e1stku pen\u011bz za vyd\u00e1n\u00ed jak\u00e9hokoli typu produktu, a\u0165 u\u017e je jak\u00fdkoli. Pokud k tomu dojde, neprodlen\u011b n\u00e1s informujte.<\/p>\n\n\n\n<p>Pracujeme na tom, aby byly v\u0161echny informace co nejaktu\u00e1ln\u011bj\u0161\u00ed. Je v\u0161ak vhodn\u00e9 poznamenat, \u017ee tyto informace se mohou li\u0161it od informac\u00ed uveden\u00fdch na webov\u00fdch str\u00e1nk\u00e1ch instituc\u00ed nebo poskytovatel\u016f slu\u017eeb na konkr\u00e9tn\u00ed webov\u00e9 str\u00e1nce. Neru\u010d\u00edme za spr\u00e1vnost a aktu\u00e1lnost informac\u00ed. Nezapome\u0148te si v\u017edy p\u0159e\u010d\u00edst smluvn\u00ed podm\u00ednky instituc\u00ed, kter\u00e9 si vyberete. Kdy\u017e doporu\u010d\u00edme u\u017eivatele, kter\u00fd po\u017eaduje produkt nebo nab\u00eddku, obdr\u017e\u00edme malou \u010d\u00e1stku z reklamy na na\u0161ich webov\u00fdch str\u00e1nk\u00e1ch a od na\u0161ich partner\u016f. V\u0161e, co zve\u0159ej\u0148ujeme, je zalo\u017eeno na kvantitativn\u00edm a kvalitativn\u00edm hodnocen\u00ed ka\u017ed\u00e9ho produktu. Stoj\u00ed za zm\u00ednku, \u017ee na\u0161i partne\u0159i mohou p\u0159\u00edmo ovlivnit produkty, o kter\u00fdch p\u00ed\u0161eme a recenzujeme, a tak\u00e9 po\u0159ad\u00ed \u201enejlep\u0161\u00edch\u201c \u010dl\u00e1nk\u016f a um\u00edst\u011bn\u00ed produkt\u016f na Vejamob. Vzhledem k mno\u017estv\u00ed informac\u00ed na na\u0161ich webov\u00fdch str\u00e1nk\u00e1ch neposkytujeme \u017e\u00e1dn\u00fd typ z\u00e1ruky za kvalitu a aktu\u00e1lnost informac\u00ed; Proto up\u0159ednost\u0148ujeme informace od na\u0161ich partner\u016f.<\/p>\n\n\n\n<p>Abychom ochr\u00e1nili va\u0161e osobn\u00ed \u00fadaje, p\u0159ij\u00edm\u00e1me p\u0159im\u011b\u0159en\u00e1 opat\u0159en\u00ed a dodr\u017eujeme osv\u011bd\u010den\u00e9 postupy v oboru, abychom zajistili, \u017ee nebudou nevhodn\u011b ztraceny, zneu\u017eity, zp\u0159\u00edstupn\u011bny, zve\u0159ejn\u011bny, pozm\u011bn\u011bny nebo zni\u010deny.<\/p>\n\n\n\n<h2 class=\"wp-block-heading\">Odkazy na str\u00e1nky t\u0159et\u00edch stran <\/h2>\n\n\n\n<p>Vejamob m\u00e1 odkazy na jin\u00e9 webov\u00e9 str\u00e1nky, kter\u00e9 podle na\u0161eho n\u00e1zoru mohou obsahovat u\u017eite\u010dn\u00e9 informace \/ n\u00e1stroje pro na\u0161e n\u00e1v\u0161t\u011bvn\u00edky. Na\u0161e z\u00e1sady ochrany osobn\u00edch \u00fadaj\u016f se nevztahuj\u00ed na webov\u00e9 str\u00e1nky t\u0159et\u00edch stran. Nejsme zodpov\u011bdn\u00ed za z\u00e1sady ochrany osobn\u00edch \u00fadaj\u016f nebo obsah p\u0159\u00edtomn\u00fd na stejn\u00fdch str\u00e1nk\u00e1ch. Spole\u010dnost Vejamob nad nimi nevykon\u00e1v\u00e1 \u017e\u00e1dnou kontrolu, a proto je zpro\u0161t\u011bna jak\u00e9koli odpov\u011bdnosti ve vztaz\u00edch mezi u\u017eivatelem a produkty a slu\u017ebami t\u0159et\u00edch stran inzerovan\u00fdmi na webov\u00fdch str\u00e1nk\u00e1ch.<\/p>\n\n\n\n<p>Jakmile opust\u00edte na\u0161i webovou str\u00e1nku nebo budete p\u0159esm\u011brov\u00e1ni na webovou str\u00e1nku nebo aplikaci t\u0159et\u00ed strany, ji\u017e se na v\u00e1s nevztahuj\u00ed tyto Z\u00e1sady ochrany osobn\u00edch \u00fadaj\u016f ani Podm\u00ednky pou\u017e\u00edv\u00e1n\u00ed na\u0161ich webov\u00fdch str\u00e1nek.<\/p>\n\n\n\n<p>Pokud pot\u00e9, co n\u00e1m poskytnete sv\u00e9 \u00fadaje, zm\u011bn\u00edte n\u00e1zor, m\u016f\u017eete kdykoli odvolat sv\u016fj souhlas s t\u00edm, abychom v\u00e1s kontaktovali za \u00fa\u010delem dal\u0161\u00edho shroma\u017e\u010fov\u00e1n\u00ed, pou\u017e\u00edv\u00e1n\u00ed nebo zve\u0159ej\u0148ov\u00e1n\u00ed va\u0161ich \u00fadaj\u016f, a to tak, \u017ee n\u00e1s kontaktujete prost\u0159ednictv\u00edm e-mailu contato@vejamob.com<\/p>\n\n\n\n<h2 class=\"wp-block-heading\">Neosobn\u00ed \u00fadaje <\/h2>\n\n\n\n<p>Kdy\u017e u\u017eivatel\u00e9 nepo\u017eaduj\u00ed bezplatn\u00fd obsah od spole\u010dnosti Vejamob (mimo jin\u00e9 elektronick\u00e9 knihy, kv\u00edzy, \u010dl\u00e1nky, infografiky), m\u016f\u017ee b\u00fdt prov\u00e1d\u011bno sledov\u00e1n\u00ed a shroma\u017e\u010fov\u00e1n\u00ed neosobn\u00edch \u00fadaj\u016f, kter\u00e9 mimo jin\u00e9 uv\u00e1d\u011bj\u00ed, kter\u00e9 str\u00e1nky webu byly nav\u0161t\u00edveny, kdy byly nav\u0161t\u00edveny, na kter\u00e9 hypertextov\u00e9 odkazy bylo kliknuto, jak\u00fd obsah nebo slu\u017eby byly po\u017eadov\u00e1ny nebo ozna\u010deny.<\/p>\n\n\n\n<h2 class=\"wp-block-heading\">Soubory cookie <\/h2>\n\n\n\n<p>Google jako dodavatel t\u0159et\u00ed strany pou\u017e\u00edv\u00e1 k zobrazov\u00e1n\u00ed reklam soubory cookie. Pomoc\u00ed souboru cookie DART m\u016f\u017ee Google zobrazovat reklamy na z\u00e1klad\u011b va\u0161ich n\u00e1v\u0161t\u011bv jin\u00fdch webov\u00fdch str\u00e1nek na internetu. U\u017eivatel\u00e9 mohou zak\u00e1zat soubor cookie DART n\u00e1v\u0161t\u011bvou z\u00e1sad ochrany osobn\u00edch \u00fadaj\u016f reklamn\u00ed a obsahov\u00e9 s\u00edt\u011b Google.<\/p>\n\n\n\n<p>Spole\u010dnost Vejamob pou\u017e\u00edv\u00e1 soubory cookie, kter\u00e9 pom\u00e1haj\u00ed p\u0159i shroma\u017e\u010fov\u00e1n\u00ed dat a identifika\u010dn\u00edch informac\u00ed IP (Internet Protocol) pro usnadn\u011bn\u00ed navigace u\u017eivatele a pom\u00e1haj\u00ed zaru\u010dit bezpe\u010dnost, ochranu a pravost dat.<\/p>\n\n\n\n<p>Krom\u011b toho pou\u017e\u00edv\u00e1me na na\u0161ich webov\u00fdch str\u00e1nk\u00e1ch tak\u00e9 reklamy t\u0159et\u00edch stran k podpo\u0159e n\u00e1klad\u016f na \u00fadr\u017ebu. N\u011bkte\u0159\u00ed z t\u011bchto inzerent\u016f mohou p\u0159i inzerci na na\u0161ich webov\u00fdch str\u00e1nk\u00e1ch pou\u017e\u00edvat technologie, jako jsou soubory cookie, co\u017e bude znamenat, \u017ee tito inzerenti (nap\u0159\u00edklad Google prost\u0159ednictv\u00edm Google AdSense a Ad Exchange) obdr\u017e\u00ed tak\u00e9 va\u0161e osobn\u00ed \u00fadaje, jako je va\u0161e IP adresa, v\u00e1\u0161 ISP, v\u00e1\u0161 prohl\u00ed\u017ee\u010d atd. Tato funkce se obecn\u011b pou\u017e\u00edv\u00e1 pro geografick\u00e9 c\u00edlen\u00ed (zobrazov\u00e1n\u00ed reklam, kter\u00e9 d\u00e1vaj\u00ed smysl na z\u00e1klad\u011b va\u0161\u00ed geografick\u00e9 polohy).<\/p>\n\n\n\n<p>U\u017eivatel m\u016f\u017ee kdykoli zm\u011bnit, zda bude \u010di nebude p\u0159ij\u00edmat soubory cookie v nastaven\u00ed sv\u00e9ho prohl\u00ed\u017ee\u010de, p\u0159i\u010dem\u017e bere na v\u011bdom\u00ed, \u017ee deaktivac\u00ed soubor\u016f cookie proch\u00e1zen\u00ed mohou b\u00fdt naru\u0161eny n\u011bkter\u00e9 funkce spole\u010dnosti Vejamob.<\/p>\n\n\n\n<h2 class=\"wp-block-heading\">Osobn\u011b identifikovateln\u00e9 \u00fadaje <\/h2>\n\n\n\n<p>Pro p\u0159\u00edstup k bezplatn\u00e9mu obsahu na Vejamob, jako jsou mimo jin\u00e9 \u010dl\u00e1nky, e-knihy, kv\u00edzy, mus\u00ed u\u017eivatel poskytnout n\u011bkter\u00e1 osobn\u011b identifikovateln\u00e1 data, jako je: e-mail a cel\u00e9 jm\u00e9no.<\/p>\n\n\n\n<p>Osobn\u00ed \u00fadaje zpracov\u00e1van\u00e9 spole\u010dnost\u00ed Vejamob jsou ur\u010deny k:<\/p>\n\n\n\n<p>\u2013 spr\u00e1vn\u00e1 a p\u0159esn\u00e1 identifikace U\u017eivatele, a t\u00edm zaji\u0161t\u011bn\u00ed v\u011bt\u0161\u00ed bezpe\u010dnosti a ochrany pro samotn\u00e9 U\u017eivatele;<\/p>\n\n\n\n<p>\u2013 P\u0159\u00edstup ke slu\u017eb\u00e1m a produkt\u016fm poskytovan\u00fdm Vejamobem;<\/p>\n\n\n\n<p>\u2013 Anal\u00fdza u\u017eivatelsk\u00e9ho profilu Vejamobem s c\u00edlem uk\u00e1zat nejlep\u0161\u00ed produkty a informace podle jejich skute\u010dn\u00fdch pot\u0159eb a reality.<\/p>\n\n\n\n<p>Za \u00fa\u010delem je\u0161t\u011b p\u0159esn\u011bj\u0161\u00ed anal\u00fdzy profilu U\u017eivatele m\u016f\u017ee spole\u010dnost Vejamob prov\u00e1d\u011bt pr\u016fzkum, aby o v\u00e1s z\u00edskala v\u00edce a lep\u0161\u00edch informac\u00ed, a tak ozna\u010dovala personalizovan\u00e9 produkty a slu\u017eby podle preferenc\u00ed a pot\u0159eb ka\u017ed\u00e9ho U\u017eivatele.<\/p>\n\n\n\n<p>T\u00edmto zp\u016fsobem mohou Vejamob a partnersk\u00e9 spole\u010dnosti vyzvat u\u017eivatele k \u00fa\u010dasti na pr\u016fzkumech spokojenosti, kde budou zas\u00edl\u00e1ny e-maily s nezbytn\u00fdmi pokyny. Shrom\u00e1\u017ed\u011bn\u00e1 data budou pou\u017eita s hlavn\u00edm c\u00edlem hled\u00e1n\u00ed zlep\u0161en\u00ed v syst\u00e9mech, produktech, obsahu a slu\u017eb\u00e1ch nab\u00edzen\u00fdch spole\u010dnost\u00ed Vejamob a partnersk\u00fdmi spole\u010dnostmi.<\/p>\n\n\n\n<p>Pokud n\u00e1s u\u017eivatel kontaktuje, aby nahl\u00e1sil probl\u00e9m, m\u011bl dotaz nebo od n\u00e1s z\u00edskal podporu, shroma\u017e\u010fujeme a uchov\u00e1v\u00e1me kontaktn\u00ed \u00fadaje u\u017eivatele, jako\u017e i p\u0159\u00edslu\u0161n\u00e9 zpr\u00e1vy a dal\u0161\u00ed \u00fadaje nezbytn\u00e9 k pro\u0161et\u0159en\u00ed probl\u00e9mu nebo ot\u00e1zky. Tyto \u00fadaje budou pou\u017eity k vy\u0159e\u0161en\u00ed p\u0159\u00edpadn\u00fdch ot\u00e1zek na z\u00e1klad\u011b shrom\u00e1\u017ed\u011bn\u00fdch informac\u00ed, k objasn\u011bn\u00ed pochybnost\u00ed, n\u00e1prav\u011b probl\u00e9m\u016f a vylep\u0161en\u00ed syst\u00e9mu, co\u017e d\u00e1le zlep\u0161\u00ed u\u017eivatelsk\u00e9 prost\u0159ed\u00ed ve Vejamob.<\/p>\n\n\n\n<h2 class=\"wp-block-heading\">O sd\u00edlen\u00ed dat <\/h2>\n\n\n\n<p>Spole\u010dnost Vejamob nebude prod\u00e1vat informace ani osobn\u00ed \u00fadaje sv\u00fdch U\u017eivatel\u016f, ale m\u016f\u017ee je sd\u00edlet s partnersk\u00fdmi spole\u010dnostmi za \u00fa\u010delem ozna\u010den\u00ed produkt\u016f a slu\u017eeb, kter\u00e9 nejl\u00e9pe vyhovuj\u00ed profilu a pot\u0159eb\u00e1m, nebo poskytov\u00e1n\u00ed produkt\u016f a\/nebo slu\u017eeb po\u017eadovan\u00fdch U\u017eivatelem.<\/p>\n\n\n\n<p>Vejamob si vyhrazuje pr\u00e1vo pom\u00e1hat nebo spolupracovat s jak\u00fdmkoli soudn\u00edm org\u00e1nem nebo vl\u00e1dn\u00ed agenturou a m\u016f\u017ee sd\u00edlet osobn\u00ed \u00fadaje u\u017eivatel\u016f za \u00fa\u010delem: a) stanoven\u00ed nebo v\u00fdkonu jejich z\u00e1konn\u00fdch pr\u00e1v; b) chr\u00e1nit jejich vlastnosti; c) kdy\u017e se domn\u00edv\u00e1, \u017ee jeho pomoc nebo spolupr\u00e1ce je nezbytn\u00e1 k ochran\u011b jeho u\u017eivatel\u016f, spolupracovn\u00edk\u016f, administr\u00e1tor\u016f nebo jak\u00e9koli osoby po\u0161kozen\u00e9 jedn\u00e1n\u00edm nebo opomenut\u00edm.<\/p>\n\n\n\n<h2 class=\"wp-block-heading\">O nezpracovan\u00fdch a neshrom\u00e1\u017ed\u011bn\u00fdch datech <\/h2>\n\n\n\n<p>Vejamob nezpracov\u00e1v\u00e1 osobn\u00ed \u00fadaje d\u011bt\u00ed mlad\u0161\u00edch 13 (t\u0159in\u00e1cti) let bez p\u0159edchoz\u00edho povolen\u00ed jejich rodi\u010d\u016f nebo z\u00e1konn\u00fdch z\u00e1stupc\u016f.<\/p>\n\n\n\n<p>Pokud jsou osobn\u00ed \u00fadaje d\u011bt\u00ed mlad\u0161\u00edch 13 (t\u0159in\u00e1cti) let shroma\u017e\u010fov\u00e1ny a zpracov\u00e1v\u00e1ny ne\u00famysln\u011b bez v\u00fdslovn\u00e9ho souhlasu jejich rodi\u010d\u016f nebo z\u00e1konn\u00fdch z\u00e1stupc\u016f, spole\u010dnost Vejamob vyma\u017ee v\u0161echny shrom\u00e1\u017ed\u011bn\u00e9 \u00fadaje bez jak\u00e9hokoli p\u0159edchoz\u00edho upozorn\u011bn\u00ed.<\/p>\n\n\n\n<p>Pokud se U\u017eivatel dozv\u00ed, \u017ee jsme omylem zpracovali \u00fadaje d\u00edt\u011bte, \u017e\u00e1d\u00e1me, aby n\u00e1s neprodlen\u011b kontaktoval prost\u0159ednictv\u00edm na\u0161eho e-mailu contato@vejamob.com, abychom mohli p\u0159ijmout nezbytn\u00e1 opat\u0159en\u00ed.<\/p>","protected":false},"excerpt":{"rendered":"<p>Ve\u0161ker\u00e9 shrom\u00e1\u017ed\u011bn\u00e9 informace budou pou\u017eity ke zlep\u0161en\u00ed va\u0161eho z\u00e1\u017eitku na na\u0161ich webov\u00fdch str\u00e1nk\u00e1ch. Shrom\u00e1\u017ed\u011bn\u00e9 informace mohou zahrnovat va\u0161e jm\u00e9no, e-mail, telefonn\u00ed \u010d\u00edslo a\/nebo dal\u0161\u00ed \u00fadaje. Pou\u017e\u00edv\u00e1n\u00edm Vejamob souhlas\u00edte s touto Z\u00e1sadou ochrany osobn\u00edch \u00fadaj\u016f. Pokud u\u017eivatel nesouhlas\u00ed, by\u0165 jen \u010d\u00e1ste\u010dn\u011b, s podm\u00ednkami zde uveden\u00fdmi\u2026 <a title=\"Z\u00e1sady ochrany osobn\u00edch \u00fadaj\u016f\" class=\"read-more\" href=\"https:\/\/vejamob.com\/cs\/zasady-ochrany-osobnich-udaju\/\" aria-label=\"Zde jsou Z\u00e1sady ochrany osobn\u00edch \u00fadaj\u016f\">P\u0159e\u010dt\u011bte si v\u00edce<\/a><\/p>","protected":false},"author":1,"featured_media":0,"parent":0,"menu_order":0,"comment_status":"closed","ping_status":"closed","template":"","meta":{"footnotes":""},"class_list":["post-46973","page","type-page","status-publish"],"yoast_head":"<!-- This site is optimized with the Yoast SEO plugin v25.6 - https:\/\/yoast.com\/wordpress\/plugins\/seo\/ -->\n<title>Politica de Privacidade - Vejamob<\/title>\n<meta name=\"robots\" content=\"index, follow, max-snippet:-1, max-image-preview:large, max-video-preview:-1\" \/>\n<link rel=\"canonical\" href=\"https:\/\/vejamob.com\/cs\/zasady-ochrany-osobnich-udaju\/\" \/>\n<meta property=\"og:locale\" content=\"cs_CZ\" \/>\n<meta property=\"og:type\" content=\"article\" \/>\n<meta property=\"og:title\" content=\"Politica de Privacidade - Vejamob\" \/>\n<meta property=\"og:description\" content=\"Todas as informa\u00e7\u00f5es recolhidas ser\u00e3o utilizadas para melhorar sua experi\u00eancia dentro do nosso site. As informa\u00e7\u00f5es recolhidas podem incluir o seu nome, email, n\u00famero de telefone e\/ou outros. O uso do Vejamob pressup\u00f5e a aceita\u00e7\u00e3o deste Acordo de Privacidade. Caso o usu\u00e1rio n\u00e3o concorde, ainda que em parte, com os termos e condi\u00e7\u00f5es contidos nesta ... Leia mais\" \/>\n<meta property=\"og:url\" content=\"https:\/\/vejamob.com\/cs\/zasady-ochrany-osobnich-udaju\/\" \/>\n<meta property=\"og:site_name\" content=\"Vejamob\" \/>\n<meta property=\"article:modified_time\" content=\"2025-03-25T19:36:20+00:00\" \/>\n<meta name=\"twitter:card\" content=\"summary_large_image\" \/>\n<meta name=\"twitter:label1\" content=\"Odhadovan\u00e1 doba \u010dten\u00ed\" \/>\n\t<meta name=\"twitter:data1\" content=\"9 minut\" \/>\n<script type=\"application\/ld+json\" class=\"yoast-schema-graph\">{\"@context\":\"https:\/\/schema.org\",\"@graph\":[{\"@type\":\"WebPage\",\"@id\":\"https:\/\/vejamob.com\/politica-de-privacidade\/\",\"url\":\"https:\/\/vejamob.com\/politica-de-privacidade\/\",\"name\":\"Politica de Privacidade - Vejamob\",\"isPartOf\":{\"@id\":\"https:\/\/vejamob.com\/#website\"},\"datePublished\":\"2024-06-28T15:57:52+00:00\",\"dateModified\":\"2025-03-25T19:36:20+00:00\",\"breadcrumb\":{\"@id\":\"https:\/\/vejamob.com\/politica-de-privacidade\/#breadcrumb\"},\"inLanguage\":\"cs\",\"potentialAction\":[{\"@type\":\"ReadAction\",\"target\":[\"https:\/\/vejamob.com\/politica-de-privacidade\/\"]}]},{\"@type\":\"BreadcrumbList\",\"@id\":\"https:\/\/vejamob.com\/politica-de-privacidade\/#breadcrumb\",\"itemListElement\":[{\"@type\":\"ListItem\",\"position\":1,\"name\":\"In\u00edcio\",\"item\":\"https:\/\/vejamob.com\/\"},{\"@type\":\"ListItem\",\"position\":2,\"name\":\"Politica de Privacidade\"}]},{\"@type\":\"WebSite\",\"@id\":\"https:\/\/vejamob.com\/#website\",\"url\":\"https:\/\/vejamob.com\/\",\"name\":\"Noticia Tecnologia\",\"description\":\"Tudo sobre aplicativos!\",\"publisher\":{\"@id\":\"https:\/\/vejamob.com\/#organization\"},\"potentialAction\":[{\"@type\":\"SearchAction\",\"target\":{\"@type\":\"EntryPoint\",\"urlTemplate\":\"https:\/\/vejamob.com\/?s={search_term_string}\"},\"query-input\":{\"@type\":\"PropertyValueSpecification\",\"valueRequired\":true,\"valueName\":\"search_term_string\"}}],\"inLanguage\":\"cs\"},{\"@type\":\"Organization\",\"@id\":\"https:\/\/vejamob.com\/#organization\",\"name\":\"Spotads\",\"url\":\"https:\/\/vejamob.com\/\",\"logo\":{\"@type\":\"ImageObject\",\"inLanguage\":\"cs\",\"@id\":\"https:\/\/vejamob.com\/#\/schema\/logo\/image\/\",\"url\":\"https:\/\/vejamob.com\/wp-content\/uploads\/2024\/06\/NOTICIA-LOGO-1.png\",\"contentUrl\":\"https:\/\/vejamob.com\/wp-content\/uploads\/2024\/06\/NOTICIA-LOGO-1.png\",\"width\":250,\"height\":60,\"caption\":\"Spotads\"},\"image\":{\"@id\":\"https:\/\/vejamob.com\/#\/schema\/logo\/image\/\"}}]}<\/script>\n<!-- \/ Yoast SEO plugin. -->","yoast_head_json":{"title":"Z\u00e1sady ochrany osobn\u00edch \u00fadaj\u016f \u2013 Vejamob","robots":{"index":"index","follow":"follow","max-snippet":"max-snippet:-1","max-image-preview":"max-image-preview:large","max-video-preview":"max-video-preview:-1"},"canonical":"https:\/\/vejamob.com\/cs\/zasady-ochrany-osobnich-udaju\/","og_locale":"cs_CZ","og_type":"article","og_title":"Politica de Privacidade - Vejamob","og_description":"Todas as informa\u00e7\u00f5es recolhidas ser\u00e3o utilizadas para melhorar sua experi\u00eancia dentro do nosso site. As informa\u00e7\u00f5es recolhidas podem incluir o seu nome, email, n\u00famero de telefone e\/ou outros. O uso do Vejamob pressup\u00f5e a aceita\u00e7\u00e3o deste Acordo de Privacidade. Caso o usu\u00e1rio n\u00e3o concorde, ainda que em parte, com os termos e condi\u00e7\u00f5es contidos nesta ... Leia mais","og_url":"https:\/\/vejamob.com\/cs\/zasady-ochrany-osobnich-udaju\/","og_site_name":"Vejamob","article_modified_time":"2025-03-25T19:36:20+00:00","twitter_card":"summary_large_image","twitter_misc":{"Odhadovan\u00e1 doba \u010dten\u00ed":"9 minut"},"schema":{"@context":"https:\/\/schema.org","@graph":[{"@type":"WebPage","@id":"https:\/\/vejamob.com\/politica-de-privacidade\/","url":"https:\/\/vejamob.com\/politica-de-privacidade\/","name":"Z\u00e1sady ochrany osobn\u00edch \u00fadaj\u016f \u2013 Vejamob","isPartOf":{"@id":"https:\/\/vejamob.com\/#website"},"datePublished":"2024-06-28T15:57:52+00:00","dateModified":"2025-03-25T19:36:20+00:00","breadcrumb":{"@id":"https:\/\/vejamob.com\/politica-de-privacidade\/#breadcrumb"},"inLanguage":"cs","potentialAction":[{"@type":"ReadAction","target":["https:\/\/vejamob.com\/politica-de-privacidade\/"]}]},{"@type":"BreadcrumbList","@id":"https:\/\/vejamob.com\/politica-de-privacidade\/#breadcrumb","itemListElement":[{"@type":"ListItem","position":1,"name":"In\u00edcio","item":"https:\/\/vejamob.com\/"},{"@type":"ListItem","position":2,"name":"Politica de Privacidade"}]},{"@type":"WebSite","@id":"https:\/\/vejamob.com\/#website","url":"https:\/\/vejamob.com\/","name":"Technologick\u00e9 novinky","description":"V\u0161e o aplikac\u00edch!","publisher":{"@id":"https:\/\/vejamob.com\/#organization"},"potentialAction":[{"@type":"SearchAction","target":{"@type":"EntryPoint","urlTemplate":"https:\/\/vejamob.com\/?s={search_term_string}"},"query-input":{"@type":"PropertyValueSpecification","valueRequired":true,"valueName":"search_term_string"}}],"inLanguage":"cs"},{"@type":"Organization","@id":"https:\/\/vejamob.com\/#organization","name":"Spotads","url":"https:\/\/vejamob.com\/","logo":{"@type":"ImageObject","inLanguage":"cs","@id":"https:\/\/vejamob.com\/#\/schema\/logo\/image\/","url":"https:\/\/vejamob.com\/wp-content\/uploads\/2024\/06\/NOTICIA-LOGO-1.png","contentUrl":"https:\/\/vejamob.com\/wp-content\/uploads\/2024\/06\/NOTICIA-LOGO-1.png","width":250,"height":60,"caption":"Spotads"},"image":{"@id":"https:\/\/vejamob.com\/#\/schema\/logo\/image\/"}}]}},"_links":{"self":[{"href":"https:\/\/vejamob.com\/cs\/wp-json\/wp\/v2\/pages\/46973","targetHints":{"allow":["GET"]}}],"collection":[{"href":"https:\/\/vejamob.com\/cs\/wp-json\/wp\/v2\/pages"}],"about":[{"href":"https:\/\/vejamob.com\/cs\/wp-json\/wp\/v2\/types\/page"}],"author":[{"embeddable":true,"href":"https:\/\/vejamob.com\/cs\/wp-json\/wp\/v2\/users\/1"}],"replies":[{"embeddable":true,"href":"https:\/\/vejamob.com\/cs\/wp-json\/wp\/v2\/comments?post=46973"}],"version-history":[{"count":0,"href":"https:\/\/vejamob.com\/cs\/wp-json\/wp\/v2\/pages\/46973\/revisions"}],"wp:attachment":[{"href":"https:\/\/vejamob.com\/cs\/wp-json\/wp\/v2\/media?parent=46973"}],"curies":[{"name":"wp","href":"https:\/\/api.w.org\/{rel}","templated":true}]}}