{"id":46979,"date":"2024-06-28T16:01:36","date_gmt":"2024-06-28T16:01:36","guid":{"rendered":"https:\/\/vejamob.com\/?page_id=46979"},"modified":"2025-03-25T19:34:44","modified_gmt":"2025-03-25T19:34:44","slug":"kdo-jsme","status":"publish","type":"page","link":"https:\/\/vejamob.com\/cs\/kdo-jsme\/","title":{"rendered":"Kdo jsme"},"content":{"rendered":"<p>Vejamob je technologick\u00fd web vytvo\u0159en\u00fd v roce 2024 s c\u00edlem poskytovat informace a tipy ohledn\u011b aplikac\u00ed, financ\u00ed a dal\u0161\u00edch t\u00e9mat souvisej\u00edc\u00edch s digit\u00e1ln\u00edm sv\u011btem. V\u011b\u0159\u00edme, \u017ee technologie jsou mocn\u00fdm n\u00e1strojem pro transformaci \u017eivot\u016f a podnik\u016f, a chceme na\u0161im \u010dten\u00e1\u0159\u016fm pomoci z\u016fstat v obraze a vyu\u017e\u00edt tyto n\u00e1stroje na maximum.<\/p>\n\n\n\n<p>Zde na Vejamob najdete \u010dl\u00e1nky a n\u00e1vody napsan\u00e9 odborn\u00edky na technologie, stejn\u011b jako anal\u00fdzy a recenze produkt\u016f a slu\u017eeb. Nab\u00edz\u00edme tak\u00e9 tipy a triky, kter\u00e9 v\u00e1m pomohou co nejl\u00e9pe vyu\u017e\u00edt va\u0161e mobiln\u00ed za\u0159\u00edzen\u00ed a aplikace.<\/p>\n\n\n\n<p>Vejamob je registrovan\u00e1 ochrann\u00e1 zn\u00e1mka spole\u010dnosti\u00a0<a href=\"http:\/\/spotads.me\/\">spotads.me<\/a>\u00a0a je udr\u017eov\u00e1n t\u00fdmem profesion\u00e1l\u016f, kte\u0159\u00ed jsou nad\u0161en\u00ed pro technologie.\u201c<\/p>\n\n\n\n<p>N\u00e1\u0161 t\u00fdm tvo\u0159\u00ed odborn\u00edci na technologie, novin\u00e1\u0159i a spisovatel\u00e9, v\u0161ichni se zav\u00e1zali poskytovat na\u0161im \u010dten\u00e1\u0159\u016fm vysoce kvalitn\u00ed a p\u0159esn\u00fd obsah. V\u011b\u0159\u00edme, \u017ee technologie jsou mocn\u00fdm n\u00e1strojem pro transformaci \u017eivot\u016f a podnik\u016f, a na\u0161\u00edm c\u00edlem je pomoci na\u0161im \u010dten\u00e1\u0159\u016fm z\u016fstat v obraze a vyu\u017e\u00edvat tyto n\u00e1stroje na maximum.<\/p>\n\n\n\n<p>Krom\u011b obsahu nab\u00edz\u00edme na\u0161im \u010dten\u00e1\u0159\u016fm tak\u00e9 mo\u017enost spojit se s dal\u0161\u00edmi technologick\u00fdmi nad\u0161enci prost\u0159ednictv\u00edm na\u0161ich soci\u00e1ln\u00edch s\u00edt\u00ed a diskusn\u00edch f\u00f3r. V\u00e1\u017e\u00edme si n\u00e1zor\u016f na\u0161ich \u010dten\u00e1\u0159\u016f a jsme v\u017edy otev\u0159eni n\u00e1vrh\u016fm a zp\u011btn\u00e9 vazb\u011b na zlep\u0161en\u00ed na\u0161ich slu\u017eeb.<\/p>\n\n\n\n<p>Sledujte n\u00e1s a bu\u010fte informov\u00e1ni o nejnov\u011bj\u0161\u00edch trendech a novink\u00e1ch ve sv\u011bt\u011b technologi\u00ed. D\u011bkujeme za n\u00e1v\u0161t\u011bvu na\u0161eho webu a douf\u00e1me, \u017ee se brzy zase uvid\u00edme!<\/p>","protected":false},"excerpt":{"rendered":"<p>Vejamob je technologick\u00fd web vytvo\u0159en\u00fd v roce 2024 s c\u00edlem poskytovat informace a tipy o aplikac\u00edch, financ\u00edch a dal\u0161\u00edch t\u00e9matech souvisej\u00edc\u00edch s digit\u00e1ln\u00edm sv\u011btem. V\u011b\u0159\u00edme, \u017ee technologie jsou mocn\u00fdm n\u00e1strojem pro transformaci \u017eivot\u016f a podnik\u00e1n\u00ed, a chceme na\u0161im \u010dten\u00e1\u0159\u016fm pomoci z\u016fstat v obraze a co nejl\u00e9pe je vyu\u017e\u00edvat\u2026 <a title=\"Kdo jsme\" class=\"read-more\" href=\"https:\/\/vejamob.com\/cs\/kdo-jsme\/\" aria-label=\"Kdo jsme\">P\u0159e\u010dt\u011bte si v\u00edce<\/a><\/p>","protected":false},"author":1,"featured_media":0,"parent":0,"menu_order":0,"comment_status":"closed","ping_status":"closed","template":"","meta":{"footnotes":""},"class_list":["post-46979","page","type-page","status-publish"],"yoast_head":"<!-- This site is optimized with the Yoast SEO plugin v25.6 - https:\/\/yoast.com\/wordpress\/plugins\/seo\/ -->\n<title>Quem somos - Vejamob<\/title>\n<meta name=\"robots\" content=\"index, follow, max-snippet:-1, max-image-preview:large, max-video-preview:-1\" \/>\n<link rel=\"canonical\" href=\"https:\/\/vejamob.com\/cs\/kdo-jsme\/\" \/>\n<meta property=\"og:locale\" content=\"cs_CZ\" \/>\n<meta property=\"og:type\" content=\"article\" \/>\n<meta property=\"og:title\" content=\"Quem somos - Vejamob\" \/>\n<meta property=\"og:description\" content=\"O Vejamob \u00e9 um site de tecnologia criado em 2024 com o objetivo de fornecer informa\u00e7\u00f5es e dicas sobre aplicativos, finan\u00e7as e outros assuntos relacionados ao mundo digital. N\u00f3s acreditamos que a tecnologia \u00e9 uma ferramenta poderosa para transformar vidas e empresas, e queremos ajudar nossos leitores a se manterem atualizados e aproveitar ao m\u00e1ximo ... Leia mais\" \/>\n<meta property=\"og:url\" content=\"https:\/\/vejamob.com\/cs\/kdo-jsme\/\" \/>\n<meta property=\"og:site_name\" content=\"Vejamob\" \/>\n<meta property=\"article:modified_time\" content=\"2025-03-25T19:34:44+00:00\" \/>\n<meta name=\"twitter:card\" content=\"summary_large_image\" \/>\n<meta name=\"twitter:label1\" content=\"Odhadovan\u00e1 doba \u010dten\u00ed\" \/>\n\t<meta name=\"twitter:data1\" content=\"2 minuty\" \/>\n<script type=\"application\/ld+json\" class=\"yoast-schema-graph\">{\"@context\":\"https:\/\/schema.org\",\"@graph\":[{\"@type\":\"WebPage\",\"@id\":\"https:\/\/vejamob.com\/quem-somos\/\",\"url\":\"https:\/\/vejamob.com\/quem-somos\/\",\"name\":\"Quem somos - Vejamob\",\"isPartOf\":{\"@id\":\"https:\/\/vejamob.com\/#website\"},\"datePublished\":\"2024-06-28T16:01:36+00:00\",\"dateModified\":\"2025-03-25T19:34:44+00:00\",\"breadcrumb\":{\"@id\":\"https:\/\/vejamob.com\/quem-somos\/#breadcrumb\"},\"inLanguage\":\"cs\",\"potentialAction\":[{\"@type\":\"ReadAction\",\"target\":[\"https:\/\/vejamob.com\/quem-somos\/\"]}]},{\"@type\":\"BreadcrumbList\",\"@id\":\"https:\/\/vejamob.com\/quem-somos\/#breadcrumb\",\"itemListElement\":[{\"@type\":\"ListItem\",\"position\":1,\"name\":\"In\u00edcio\",\"item\":\"https:\/\/vejamob.com\/\"},{\"@type\":\"ListItem\",\"position\":2,\"name\":\"Quem somos\"}]},{\"@type\":\"WebSite\",\"@id\":\"https:\/\/vejamob.com\/#website\",\"url\":\"https:\/\/vejamob.com\/\",\"name\":\"Noticia Tecnologia\",\"description\":\"Tudo sobre aplicativos!\",\"publisher\":{\"@id\":\"https:\/\/vejamob.com\/#organization\"},\"potentialAction\":[{\"@type\":\"SearchAction\",\"target\":{\"@type\":\"EntryPoint\",\"urlTemplate\":\"https:\/\/vejamob.com\/?s={search_term_string}\"},\"query-input\":{\"@type\":\"PropertyValueSpecification\",\"valueRequired\":true,\"valueName\":\"search_term_string\"}}],\"inLanguage\":\"cs\"},{\"@type\":\"Organization\",\"@id\":\"https:\/\/vejamob.com\/#organization\",\"name\":\"Spotads\",\"url\":\"https:\/\/vejamob.com\/\",\"logo\":{\"@type\":\"ImageObject\",\"inLanguage\":\"cs\",\"@id\":\"https:\/\/vejamob.com\/#\/schema\/logo\/image\/\",\"url\":\"https:\/\/vejamob.com\/wp-content\/uploads\/2024\/06\/NOTICIA-LOGO-1.png\",\"contentUrl\":\"https:\/\/vejamob.com\/wp-content\/uploads\/2024\/06\/NOTICIA-LOGO-1.png\",\"width\":250,\"height\":60,\"caption\":\"Spotads\"},\"image\":{\"@id\":\"https:\/\/vejamob.com\/#\/schema\/logo\/image\/\"}}]}<\/script>\n<!-- \/ Yoast SEO plugin. -->","yoast_head_json":{"title":"Kdo jsme - Vejamob","robots":{"index":"index","follow":"follow","max-snippet":"max-snippet:-1","max-image-preview":"max-image-preview:large","max-video-preview":"max-video-preview:-1"},"canonical":"https:\/\/vejamob.com\/cs\/kdo-jsme\/","og_locale":"cs_CZ","og_type":"article","og_title":"Quem somos - Vejamob","og_description":"O Vejamob \u00e9 um site de tecnologia criado em 2024 com o objetivo de fornecer informa\u00e7\u00f5es e dicas sobre aplicativos, finan\u00e7as e outros assuntos relacionados ao mundo digital. N\u00f3s acreditamos que a tecnologia \u00e9 uma ferramenta poderosa para transformar vidas e empresas, e queremos ajudar nossos leitores a se manterem atualizados e aproveitar ao m\u00e1ximo ... Leia mais","og_url":"https:\/\/vejamob.com\/cs\/kdo-jsme\/","og_site_name":"Vejamob","article_modified_time":"2025-03-25T19:34:44+00:00","twitter_card":"summary_large_image","twitter_misc":{"Odhadovan\u00e1 doba \u010dten\u00ed":"2 minuty"},"schema":{"@context":"https:\/\/schema.org","@graph":[{"@type":"WebPage","@id":"https:\/\/vejamob.com\/quem-somos\/","url":"https:\/\/vejamob.com\/quem-somos\/","name":"Kdo jsme - Vejamob","isPartOf":{"@id":"https:\/\/vejamob.com\/#website"},"datePublished":"2024-06-28T16:01:36+00:00","dateModified":"2025-03-25T19:34:44+00:00","breadcrumb":{"@id":"https:\/\/vejamob.com\/quem-somos\/#breadcrumb"},"inLanguage":"cs","potentialAction":[{"@type":"ReadAction","target":["https:\/\/vejamob.com\/quem-somos\/"]}]},{"@type":"BreadcrumbList","@id":"https:\/\/vejamob.com\/quem-somos\/#breadcrumb","itemListElement":[{"@type":"ListItem","position":1,"name":"In\u00edcio","item":"https:\/\/vejamob.com\/"},{"@type":"ListItem","position":2,"name":"Quem somos"}]},{"@type":"WebSite","@id":"https:\/\/vejamob.com\/#website","url":"https:\/\/vejamob.com\/","name":"Technologick\u00e9 novinky","description":"V\u0161e o aplikac\u00edch!","publisher":{"@id":"https:\/\/vejamob.com\/#organization"},"potentialAction":[{"@type":"SearchAction","target":{"@type":"EntryPoint","urlTemplate":"https:\/\/vejamob.com\/?s={search_term_string}"},"query-input":{"@type":"PropertyValueSpecification","valueRequired":true,"valueName":"search_term_string"}}],"inLanguage":"cs"},{"@type":"Organization","@id":"https:\/\/vejamob.com\/#organization","name":"Spotads","url":"https:\/\/vejamob.com\/","logo":{"@type":"ImageObject","inLanguage":"cs","@id":"https:\/\/vejamob.com\/#\/schema\/logo\/image\/","url":"https:\/\/vejamob.com\/wp-content\/uploads\/2024\/06\/NOTICIA-LOGO-1.png","contentUrl":"https:\/\/vejamob.com\/wp-content\/uploads\/2024\/06\/NOTICIA-LOGO-1.png","width":250,"height":60,"caption":"Spotads"},"image":{"@id":"https:\/\/vejamob.com\/#\/schema\/logo\/image\/"}}]}},"_links":{"self":[{"href":"https:\/\/vejamob.com\/cs\/wp-json\/wp\/v2\/pages\/46979","targetHints":{"allow":["GET"]}}],"collection":[{"href":"https:\/\/vejamob.com\/cs\/wp-json\/wp\/v2\/pages"}],"about":[{"href":"https:\/\/vejamob.com\/cs\/wp-json\/wp\/v2\/types\/page"}],"author":[{"embeddable":true,"href":"https:\/\/vejamob.com\/cs\/wp-json\/wp\/v2\/users\/1"}],"replies":[{"embeddable":true,"href":"https:\/\/vejamob.com\/cs\/wp-json\/wp\/v2\/comments?post=46979"}],"version-history":[{"count":0,"href":"https:\/\/vejamob.com\/cs\/wp-json\/wp\/v2\/pages\/46979\/revisions"}],"wp:attachment":[{"href":"https:\/\/vejamob.com\/cs\/wp-json\/wp\/v2\/media?parent=46979"}],"curies":[{"name":"wp","href":"https:\/\/api.w.org\/{rel}","templated":true}]}}