{"id":46975,"date":"2024-06-28T15:59:34","date_gmt":"2024-06-28T15:59:34","guid":{"rendered":"https:\/\/vejamob.com\/?page_id=46975"},"modified":"2025-03-25T19:37:25","modified_gmt":"2025-03-25T19:37:25","slug":"nutzungsbedingungen","status":"publish","type":"page","link":"https:\/\/vejamob.com\/de\/nutzungsbedingungen\/","title":{"rendered":"Nutzungsbedingungen"},"content":{"rendered":"<p>Indem Sie auf die Vejamob-Website zugreifen, erkl\u00e4ren Sie sich mit diesen Servicebedingungen sowie allen geltenden Gesetzen und Vorschriften einverstanden und erkl\u00e4ren sich damit einverstanden, dass Sie f\u00fcr die Einhaltung aller geltenden lokalen Gesetze verantwortlich sind. Wenn Sie mit diesen Bedingungen nicht einverstanden sind, ist Ihnen die Nutzung oder der Zugriff auf diese Site untersagt. Die auf dieser Website enthaltenen Materialien sind durch geltendes Urheber- und Markenrecht gesch\u00fctzt.<\/p>\n\n\n\n<h2 class=\"wp-block-heading\">Lizenznutzung<\/h2>\n\n\n\n<p>Es wird die Erlaubnis erteilt, vor\u00fcbergehend eine Kopie der Materialien (Informationen oder Software) auf der Website von Vejamob herunterzuladen, und zwar ausschlie\u00dflich zur pers\u00f6nlichen, nicht kommerziellen, vor\u00fcbergehenden Ansicht. Es handelt sich hierbei um die Gew\u00e4hrung einer Lizenz und nicht um eine \u00dcbertragung des Eigentumsrechts. Im Rahmen dieser Lizenz d\u00fcrfen Sie nicht:<\/p>\n\n\n\n<ul class=\"wp-block-list\">\n<li>die Materialien \u00e4ndern oder kopieren;<\/li>\n\n\n\n<li>die Materialien f\u00fcr kommerzielle Zwecke oder zur \u00f6ffentlichen Darstellung (kommerziell oder nichtkommerziell) verwenden;<\/li>\n\n\n\n<li>versuchen, die auf der Vejamob-Website enthaltene Software zu dekompilieren oder zur\u00fcckzuentwickeln;<\/li>\n\n\n\n<li>jegliche Urheberrechts- oder andere Eigentumsvermerke aus den Materialien entfernen; oder<\/li>\n\n\n\n<li>die Materialien an eine andere Person \u00fcbertragen oder die Materialien auf einem anderen Server \u201espiegeln\u201c. Diese Lizenz erlischt automatisch, wenn Sie gegen eine dieser Einschr\u00e4nkungen versto\u00dfen, und kann von Vejamob jederzeit gek\u00fcndigt werden. Wenn Sie die Anzeige dieser Materialien beenden oder diese Lizenz erlischt, m\u00fcssen Sie s\u00e4mtliche heruntergeladenen Materialien in Ihrem Besitz vernichten, unabh\u00e4ngig davon, ob sie in elektronischer oder gedruckter Form vorliegen.<\/li>\n<\/ul>\n\n\n\n<h2 class=\"wp-block-heading\">Haftungsausschluss<\/h2>\n\n\n\n<p>Die Materialien auf der Website von Vejamob werden \u201ewie besehen\u201c bereitgestellt. Vejamob \u00fcbernimmt keine ausdr\u00fccklichen oder stillschweigenden Garantien und schlie\u00dft hiermit alle anderen Garantien aus, einschlie\u00dflich, aber nicht beschr\u00e4nkt auf stillschweigende Garantien oder Gew\u00e4hrleistungen hinsichtlich der Marktg\u00e4ngigkeit, Eignung f\u00fcr einen bestimmten Zweck oder Nichtverletzung von Rechten an geistigem Eigentum oder sonstige Rechtsverletzungen.<\/p>\n\n\n\n<p>Dar\u00fcber hinaus \u00fcbernimmt Vejamob keine Garantie oder Zusicherung hinsichtlich der Genauigkeit, der wahrscheinlichen Ergebnisse oder der Zuverl\u00e4ssigkeit der Verwendung der Materialien auf seiner Website oder in sonstiger Weise in Bezug auf diese Materialien oder auf Websites, die mit dieser Website verlinkt sind.<\/p>\n\n\n\n<h2 class=\"wp-block-heading\">Einschr\u00e4nkungen<\/h2>\n\n\n\n<p>Vejamob oder seine Lieferanten haften unter keinen Umst\u00e4nden f\u00fcr Sch\u00e4den (einschlie\u00dflich, aber nicht beschr\u00e4nkt auf Sch\u00e4den durch Datenverlust oder entgangenen Gewinn oder aufgrund von Gesch\u00e4ftsunterbrechungen), die aus der Nutzung oder der Unm\u00f6glichkeit der Nutzung der Materialien auf der Internetseite von Vejamob entstehen, selbst wenn Vejamob oder ein autorisierter Vertreter von Vejamob m\u00fcndlich oder schriftlich auf die M\u00f6glichkeit derartiger Sch\u00e4den hingewiesen wurde. Da in einigen Rechtsgebieten die Einschr\u00e4nkung stillschweigender Garantien oder die Haftung f\u00fcr Folge- oder Nebensch\u00e4den nicht zul\u00e4ssig ist, gelten diese Einschr\u00e4nkungen m\u00f6glicherweise nicht f\u00fcr Sie.<\/p>\n\n\n\n<h2 class=\"wp-block-heading\">Pr\u00e4zision der Materialien<\/h2>\n\n\n\n<p>Die auf der Website von Vejamob angezeigten Materialien k\u00f6nnen technische, typografische oder fotografische Fehler enthalten. Vejamob \u00fcbernimmt keine Garantie f\u00fcr die Richtigkeit, Vollst\u00e4ndigkeit oder Aktualit\u00e4t der auf seiner Website enthaltenen Materialien. Vejamob kann jederzeit und ohne vorherige Ank\u00fcndigung \u00c4nderungen an den auf seiner Website enthaltenen Materialien vornehmen. Vejamob \u00fcbernimmt jedoch keine Verpflichtung zur Aktualisierung der Materialien.<\/p>\n\n\n\n<h2 class=\"wp-block-heading\">Links<\/h2>\n\n\n\n<p>Vejamob hat nicht alle mit seiner Website verkn\u00fcpften Sites \u00fcberpr\u00fcft und ist nicht f\u00fcr den Inhalt der verkn\u00fcpften Sites verantwortlich. Die Einbindung eines Links bedeutet nicht, dass Vejamob die Site unterst\u00fctzt. Die Nutzung aller verlinkten Websites erfolgt auf eigene Gefahr des Benutzers.<\/p>\n\n\n\n<h2 class=\"wp-block-heading\">\u00c4nderungen<\/h2>\n\n\n\n<p>Vejamob kann diese Website-Nutzungsbedingungen jederzeit und ohne vorherige Ank\u00fcndigung \u00e4ndern. Durch die Nutzung dieser Website erkl\u00e4ren Sie sich mit der jeweils aktuellen Version dieser Servicebedingungen einverstanden.<\/p>\n\n\n\n<p>Geltendes Recht Diese Gesch\u00e4ftsbedingungen unterliegen den Gesetzen von Vejamob und werden entsprechend ausgelegt. Sie unterwerfen sich unwiderruflich der ausschlie\u00dflichen Zust\u00e4ndigkeit der Gerichte in diesem Staat oder an diesem Ort.<\/p>\n\n\n\n<h2 class=\"wp-block-heading\" id=\"lei-aplicavel\">Anwendbares Recht<\/h2>\n\n\n\n<p>Diese Gesch\u00e4ftsbedingungen unterliegen den Gesetzen von Vejamob und werden entsprechend ausgelegt. Sie unterwerfen sich unwiderruflich der ausschlie\u00dflichen Zust\u00e4ndigkeit der Gerichte in diesem Staat oder an diesem Ort.<\/p>","protected":false},"excerpt":{"rendered":"<p>Durch den Zugriff auf die Vejamob-Website erkl\u00e4ren Sie sich mit diesen Nutzungsbedingungen sowie allen geltenden Gesetzen und Bestimmungen einverstanden und best\u00e4tigen, dass Sie f\u00fcr die Einhaltung aller geltenden lokalen Gesetze verantwortlich sind. Sollten Sie mit diesen Bedingungen nicht einverstanden sein, ist Ihnen die Nutzung oder der Zugriff auf diese Website untersagt. Die auf dieser Website enthaltenen Materialien sind urheberrechtlich gesch\u00fctzt. <a title=\"Nutzungsbedingungen\" class=\"read-more\" href=\"https:\/\/vejamob.com\/de\/nutzungsbedingungen\/\" aria-label=\"Weitere Informationen zu den Nutzungsbedingungen\">mehr lesen<\/a><\/p>","protected":false},"author":1,"featured_media":0,"parent":0,"menu_order":0,"comment_status":"closed","ping_status":"closed","template":"","meta":{"footnotes":""},"class_list":["post-46975","page","type-page","status-publish"],"yoast_head":"<!-- This site is optimized with the Yoast SEO plugin v25.6 - https:\/\/yoast.com\/wordpress\/plugins\/seo\/ -->\n<title>Termos de Uso - Vejamob<\/title>\n<meta name=\"robots\" content=\"index, follow, max-snippet:-1, max-image-preview:large, max-video-preview:-1\" \/>\n<link rel=\"canonical\" href=\"https:\/\/vejamob.com\/de\/nutzungsbedingungen\/\" \/>\n<meta property=\"og:locale\" content=\"de_DE\" \/>\n<meta property=\"og:type\" content=\"article\" \/>\n<meta property=\"og:title\" content=\"Termos de Uso - Vejamob\" \/>\n<meta property=\"og:description\" content=\"Ao acessar ao site Vejamob, concorda em cumprir estes termos de servi\u00e7o, todas as leis e regulamentos aplic\u00e1veis e concorda que \u00e9 respons\u00e1vel pelo cumprimento de todas as leis locais aplic\u00e1veis. Se voc\u00ea n\u00e3o concordar com algum desses termos, est\u00e1 proibido de usar ou acessar este site. Os materiais contidos neste site s\u00e3o protegidos pelas ... Leia mais\" \/>\n<meta property=\"og:url\" content=\"https:\/\/vejamob.com\/de\/nutzungsbedingungen\/\" \/>\n<meta property=\"og:site_name\" content=\"Vejamob\" \/>\n<meta property=\"article:modified_time\" content=\"2025-03-25T19:37:25+00:00\" \/>\n<meta name=\"twitter:card\" content=\"summary_large_image\" \/>\n<meta name=\"twitter:label1\" content=\"Gesch\u00e4tzte Lesezeit\" \/>\n\t<meta name=\"twitter:data1\" content=\"4\u00a0Minuten\" \/>\n<script type=\"application\/ld+json\" class=\"yoast-schema-graph\">{\"@context\":\"https:\/\/schema.org\",\"@graph\":[{\"@type\":\"WebPage\",\"@id\":\"https:\/\/vejamob.com\/termos-de-uso\/\",\"url\":\"https:\/\/vejamob.com\/termos-de-uso\/\",\"name\":\"Termos de Uso - Vejamob\",\"isPartOf\":{\"@id\":\"https:\/\/vejamob.com\/#website\"},\"datePublished\":\"2024-06-28T15:59:34+00:00\",\"dateModified\":\"2025-03-25T19:37:25+00:00\",\"breadcrumb\":{\"@id\":\"https:\/\/vejamob.com\/termos-de-uso\/#breadcrumb\"},\"inLanguage\":\"de\",\"potentialAction\":[{\"@type\":\"ReadAction\",\"target\":[\"https:\/\/vejamob.com\/termos-de-uso\/\"]}]},{\"@type\":\"BreadcrumbList\",\"@id\":\"https:\/\/vejamob.com\/termos-de-uso\/#breadcrumb\",\"itemListElement\":[{\"@type\":\"ListItem\",\"position\":1,\"name\":\"In\u00edcio\",\"item\":\"https:\/\/vejamob.com\/\"},{\"@type\":\"ListItem\",\"position\":2,\"name\":\"Termos de Uso\"}]},{\"@type\":\"WebSite\",\"@id\":\"https:\/\/vejamob.com\/#website\",\"url\":\"https:\/\/vejamob.com\/\",\"name\":\"Noticia Tecnologia\",\"description\":\"Tudo sobre aplicativos!\",\"publisher\":{\"@id\":\"https:\/\/vejamob.com\/#organization\"},\"potentialAction\":[{\"@type\":\"SearchAction\",\"target\":{\"@type\":\"EntryPoint\",\"urlTemplate\":\"https:\/\/vejamob.com\/?s={search_term_string}\"},\"query-input\":{\"@type\":\"PropertyValueSpecification\",\"valueRequired\":true,\"valueName\":\"search_term_string\"}}],\"inLanguage\":\"de\"},{\"@type\":\"Organization\",\"@id\":\"https:\/\/vejamob.com\/#organization\",\"name\":\"Spotads\",\"url\":\"https:\/\/vejamob.com\/\",\"logo\":{\"@type\":\"ImageObject\",\"inLanguage\":\"de\",\"@id\":\"https:\/\/vejamob.com\/#\/schema\/logo\/image\/\",\"url\":\"https:\/\/vejamob.com\/wp-content\/uploads\/2024\/06\/NOTICIA-LOGO-1.png\",\"contentUrl\":\"https:\/\/vejamob.com\/wp-content\/uploads\/2024\/06\/NOTICIA-LOGO-1.png\",\"width\":250,\"height\":60,\"caption\":\"Spotads\"},\"image\":{\"@id\":\"https:\/\/vejamob.com\/#\/schema\/logo\/image\/\"}}]}<\/script>\n<!-- \/ Yoast SEO plugin. -->","yoast_head_json":{"title":"Nutzungsbedingungen - Vejamob","robots":{"index":"index","follow":"follow","max-snippet":"max-snippet:-1","max-image-preview":"max-image-preview:large","max-video-preview":"max-video-preview:-1"},"canonical":"https:\/\/vejamob.com\/de\/nutzungsbedingungen\/","og_locale":"de_DE","og_type":"article","og_title":"Termos de Uso - Vejamob","og_description":"Ao acessar ao site Vejamob, concorda em cumprir estes termos de servi\u00e7o, todas as leis e regulamentos aplic\u00e1veis e concorda que \u00e9 respons\u00e1vel pelo cumprimento de todas as leis locais aplic\u00e1veis. Se voc\u00ea n\u00e3o concordar com algum desses termos, est\u00e1 proibido de usar ou acessar este site. Os materiais contidos neste site s\u00e3o protegidos pelas ... Leia mais","og_url":"https:\/\/vejamob.com\/de\/nutzungsbedingungen\/","og_site_name":"Vejamob","article_modified_time":"2025-03-25T19:37:25+00:00","twitter_card":"summary_large_image","twitter_misc":{"Gesch\u00e4tzte Lesezeit":"4\u00a0Minuten"},"schema":{"@context":"https:\/\/schema.org","@graph":[{"@type":"WebPage","@id":"https:\/\/vejamob.com\/termos-de-uso\/","url":"https:\/\/vejamob.com\/termos-de-uso\/","name":"Nutzungsbedingungen - Vejamob","isPartOf":{"@id":"https:\/\/vejamob.com\/#website"},"datePublished":"2024-06-28T15:59:34+00:00","dateModified":"2025-03-25T19:37:25+00:00","breadcrumb":{"@id":"https:\/\/vejamob.com\/termos-de-uso\/#breadcrumb"},"inLanguage":"de","potentialAction":[{"@type":"ReadAction","target":["https:\/\/vejamob.com\/termos-de-uso\/"]}]},{"@type":"BreadcrumbList","@id":"https:\/\/vejamob.com\/termos-de-uso\/#breadcrumb","itemListElement":[{"@type":"ListItem","position":1,"name":"In\u00edcio","item":"https:\/\/vejamob.com\/"},{"@type":"ListItem","position":2,"name":"Termos de Uso"}]},{"@type":"WebSite","@id":"https:\/\/vejamob.com\/#website","url":"https:\/\/vejamob.com\/","name":"Technische Neuigkeiten","description":"Alles \u00fcber Apps!","publisher":{"@id":"https:\/\/vejamob.com\/#organization"},"potentialAction":[{"@type":"SearchAction","target":{"@type":"EntryPoint","urlTemplate":"https:\/\/vejamob.com\/?s={search_term_string}"},"query-input":{"@type":"PropertyValueSpecification","valueRequired":true,"valueName":"search_term_string"}}],"inLanguage":"de"},{"@type":"Organization","@id":"https:\/\/vejamob.com\/#organization","name":"Spotads","url":"https:\/\/vejamob.com\/","logo":{"@type":"ImageObject","inLanguage":"de","@id":"https:\/\/vejamob.com\/#\/schema\/logo\/image\/","url":"https:\/\/vejamob.com\/wp-content\/uploads\/2024\/06\/NOTICIA-LOGO-1.png","contentUrl":"https:\/\/vejamob.com\/wp-content\/uploads\/2024\/06\/NOTICIA-LOGO-1.png","width":250,"height":60,"caption":"Spotads"},"image":{"@id":"https:\/\/vejamob.com\/#\/schema\/logo\/image\/"}}]}},"_links":{"self":[{"href":"https:\/\/vejamob.com\/de\/wp-json\/wp\/v2\/pages\/46975","targetHints":{"allow":["GET"]}}],"collection":[{"href":"https:\/\/vejamob.com\/de\/wp-json\/wp\/v2\/pages"}],"about":[{"href":"https:\/\/vejamob.com\/de\/wp-json\/wp\/v2\/types\/page"}],"author":[{"embeddable":true,"href":"https:\/\/vejamob.com\/de\/wp-json\/wp\/v2\/users\/1"}],"replies":[{"embeddable":true,"href":"https:\/\/vejamob.com\/de\/wp-json\/wp\/v2\/comments?post=46975"}],"version-history":[{"count":0,"href":"https:\/\/vejamob.com\/de\/wp-json\/wp\/v2\/pages\/46975\/revisions"}],"wp:attachment":[{"href":"https:\/\/vejamob.com\/de\/wp-json\/wp\/v2\/media?parent=46975"}],"curies":[{"name":"wp","href":"https:\/\/api.w.org\/{rel}","templated":true}]}}