{"id":46979,"date":"2024-06-28T16:01:36","date_gmt":"2024-06-28T16:01:36","guid":{"rendered":"https:\/\/vejamob.com\/?page_id=46979"},"modified":"2025-03-25T19:34:44","modified_gmt":"2025-03-25T19:34:44","slug":"wer-wir-sind","status":"publish","type":"page","link":"https:\/\/vejamob.com\/de\/wer-wir-sind\/","title":{"rendered":"Wer wir sind"},"content":{"rendered":"<p>Vejamob ist eine Technologie-Website, die 2024 mit dem Ziel gegr\u00fcndet wurde, Informationen und Tipps zu Anwendungen, Finanzen und anderen Themen der digitalen Welt bereitzustellen. Wir glauben, dass Technologie ein m\u00e4chtiges Werkzeug ist, um Leben und Unternehmen zu ver\u00e4ndern, und wir m\u00f6chten unseren Lesern helfen, auf dem Laufenden zu bleiben und diese Werkzeuge optimal zu nutzen.<\/p>\n\n\n\n<p>Hier bei Vejamob finden Sie Artikel und Tutorials von Technologieexperten sowie Produkt- und Servicebewertungen und -analysen. Wir bieten Ihnen au\u00dferdem Tipps und Tricks, mit denen Sie Ihre Mobilger\u00e4te und Apps optimal nutzen k\u00f6nnen.<\/p>\n\n\n\n<p>Vejamob ist eine eingetragene Marke des Unternehmens\u00a0<a href=\"http:\/\/spotads.me\/\">spotads.me<\/a>\u00a0und wird von einem Team von Fachleuten betreut, die sich f\u00fcr Technologie begeistern.\u201c<\/p>\n\n\n\n<p>Unser Team besteht aus Technologieexperten, Journalisten und Autoren, die sich alle daf\u00fcr einsetzen, unseren Lesern qualitativ hochwertige und pr\u00e4zise Inhalte bereitzustellen. Wir glauben, dass Technologie ein leistungsstarkes Werkzeug zur Ver\u00e4nderung von Leben und Unternehmen ist, und unser Ziel ist es, unseren Lesern zu helfen, auf dem Laufenden zu bleiben und das Beste aus diesen Werkzeugen herauszuholen.<\/p>\n\n\n\n<p>Neben Inhalten bieten wir unseren Lesern auch die M\u00f6glichkeit, sich \u00fcber unsere sozialen Netzwerke und Diskussionsforen mit anderen Technikbegeisterten zu vernetzen. Wir legen Wert auf die Meinung unserer Leser und sind jederzeit offen f\u00fcr Vorschl\u00e4ge und Feedback zur Verbesserung unserer Dienstleistungen.<\/p>\n\n\n\n<p>Folgen Sie uns und bleiben Sie \u00fcber die neuesten Trends und Neuigkeiten aus der Welt der Technologie auf dem Laufenden. Vielen Dank f\u00fcr Ihren Besuch auf unserer Website und wir hoffen, Sie bald wieder zu sehen!<\/p>","protected":false},"excerpt":{"rendered":"<p>Vejamob ist eine Technologie-Website, die 2024 mit dem Ziel gegr\u00fcndet wurde, Informationen und Tipps zu Apps, Finanzen und anderen Themen der digitalen Welt bereitzustellen. Wir glauben, dass Technologie ein m\u00e4chtiges Werkzeug ist, um Leben und Unternehmen zu ver\u00e4ndern, und wir m\u00f6chten unseren Lesern helfen, auf dem Laufenden zu bleiben und das Beste daraus zu machen. <a title=\"Wer wir sind\" class=\"read-more\" href=\"https:\/\/vejamob.com\/de\/wer-wir-sind\/\" aria-label=\"Mehr Informationen \u00fcber Wer wir sind\">mehr lesen<\/a><\/p>","protected":false},"author":1,"featured_media":0,"parent":0,"menu_order":0,"comment_status":"closed","ping_status":"closed","template":"","meta":{"footnotes":""},"class_list":["post-46979","page","type-page","status-publish"],"yoast_head":"<!-- This site is optimized with the Yoast SEO plugin v25.6 - https:\/\/yoast.com\/wordpress\/plugins\/seo\/ -->\n<title>Quem somos - Vejamob<\/title>\n<meta name=\"robots\" content=\"index, follow, max-snippet:-1, max-image-preview:large, max-video-preview:-1\" \/>\n<link rel=\"canonical\" href=\"https:\/\/vejamob.com\/de\/wer-wir-sind\/\" \/>\n<meta property=\"og:locale\" content=\"de_DE\" \/>\n<meta property=\"og:type\" content=\"article\" \/>\n<meta property=\"og:title\" content=\"Quem somos - Vejamob\" \/>\n<meta property=\"og:description\" content=\"O Vejamob \u00e9 um site de tecnologia criado em 2024 com o objetivo de fornecer informa\u00e7\u00f5es e dicas sobre aplicativos, finan\u00e7as e outros assuntos relacionados ao mundo digital. N\u00f3s acreditamos que a tecnologia \u00e9 uma ferramenta poderosa para transformar vidas e empresas, e queremos ajudar nossos leitores a se manterem atualizados e aproveitar ao m\u00e1ximo ... Leia mais\" \/>\n<meta property=\"og:url\" content=\"https:\/\/vejamob.com\/de\/wer-wir-sind\/\" \/>\n<meta property=\"og:site_name\" content=\"Vejamob\" \/>\n<meta property=\"article:modified_time\" content=\"2025-03-25T19:34:44+00:00\" \/>\n<meta name=\"twitter:card\" content=\"summary_large_image\" \/>\n<meta name=\"twitter:label1\" content=\"Gesch\u00e4tzte Lesezeit\" \/>\n\t<meta name=\"twitter:data1\" content=\"2\u00a0Minuten\" \/>\n<script type=\"application\/ld+json\" class=\"yoast-schema-graph\">{\"@context\":\"https:\/\/schema.org\",\"@graph\":[{\"@type\":\"WebPage\",\"@id\":\"https:\/\/vejamob.com\/quem-somos\/\",\"url\":\"https:\/\/vejamob.com\/quem-somos\/\",\"name\":\"Quem somos - Vejamob\",\"isPartOf\":{\"@id\":\"https:\/\/vejamob.com\/#website\"},\"datePublished\":\"2024-06-28T16:01:36+00:00\",\"dateModified\":\"2025-03-25T19:34:44+00:00\",\"breadcrumb\":{\"@id\":\"https:\/\/vejamob.com\/quem-somos\/#breadcrumb\"},\"inLanguage\":\"de\",\"potentialAction\":[{\"@type\":\"ReadAction\",\"target\":[\"https:\/\/vejamob.com\/quem-somos\/\"]}]},{\"@type\":\"BreadcrumbList\",\"@id\":\"https:\/\/vejamob.com\/quem-somos\/#breadcrumb\",\"itemListElement\":[{\"@type\":\"ListItem\",\"position\":1,\"name\":\"In\u00edcio\",\"item\":\"https:\/\/vejamob.com\/\"},{\"@type\":\"ListItem\",\"position\":2,\"name\":\"Quem somos\"}]},{\"@type\":\"WebSite\",\"@id\":\"https:\/\/vejamob.com\/#website\",\"url\":\"https:\/\/vejamob.com\/\",\"name\":\"Noticia Tecnologia\",\"description\":\"Tudo sobre aplicativos!\",\"publisher\":{\"@id\":\"https:\/\/vejamob.com\/#organization\"},\"potentialAction\":[{\"@type\":\"SearchAction\",\"target\":{\"@type\":\"EntryPoint\",\"urlTemplate\":\"https:\/\/vejamob.com\/?s={search_term_string}\"},\"query-input\":{\"@type\":\"PropertyValueSpecification\",\"valueRequired\":true,\"valueName\":\"search_term_string\"}}],\"inLanguage\":\"de\"},{\"@type\":\"Organization\",\"@id\":\"https:\/\/vejamob.com\/#organization\",\"name\":\"Spotads\",\"url\":\"https:\/\/vejamob.com\/\",\"logo\":{\"@type\":\"ImageObject\",\"inLanguage\":\"de\",\"@id\":\"https:\/\/vejamob.com\/#\/schema\/logo\/image\/\",\"url\":\"https:\/\/vejamob.com\/wp-content\/uploads\/2024\/06\/NOTICIA-LOGO-1.png\",\"contentUrl\":\"https:\/\/vejamob.com\/wp-content\/uploads\/2024\/06\/NOTICIA-LOGO-1.png\",\"width\":250,\"height\":60,\"caption\":\"Spotads\"},\"image\":{\"@id\":\"https:\/\/vejamob.com\/#\/schema\/logo\/image\/\"}}]}<\/script>\n<!-- \/ Yoast SEO plugin. -->","yoast_head_json":{"title":"Wer wir sind - Vejamob","robots":{"index":"index","follow":"follow","max-snippet":"max-snippet:-1","max-image-preview":"max-image-preview:large","max-video-preview":"max-video-preview:-1"},"canonical":"https:\/\/vejamob.com\/de\/wer-wir-sind\/","og_locale":"de_DE","og_type":"article","og_title":"Quem somos - Vejamob","og_description":"O Vejamob \u00e9 um site de tecnologia criado em 2024 com o objetivo de fornecer informa\u00e7\u00f5es e dicas sobre aplicativos, finan\u00e7as e outros assuntos relacionados ao mundo digital. N\u00f3s acreditamos que a tecnologia \u00e9 uma ferramenta poderosa para transformar vidas e empresas, e queremos ajudar nossos leitores a se manterem atualizados e aproveitar ao m\u00e1ximo ... Leia mais","og_url":"https:\/\/vejamob.com\/de\/wer-wir-sind\/","og_site_name":"Vejamob","article_modified_time":"2025-03-25T19:34:44+00:00","twitter_card":"summary_large_image","twitter_misc":{"Gesch\u00e4tzte Lesezeit":"2\u00a0Minuten"},"schema":{"@context":"https:\/\/schema.org","@graph":[{"@type":"WebPage","@id":"https:\/\/vejamob.com\/quem-somos\/","url":"https:\/\/vejamob.com\/quem-somos\/","name":"Wer wir sind - Vejamob","isPartOf":{"@id":"https:\/\/vejamob.com\/#website"},"datePublished":"2024-06-28T16:01:36+00:00","dateModified":"2025-03-25T19:34:44+00:00","breadcrumb":{"@id":"https:\/\/vejamob.com\/quem-somos\/#breadcrumb"},"inLanguage":"de","potentialAction":[{"@type":"ReadAction","target":["https:\/\/vejamob.com\/quem-somos\/"]}]},{"@type":"BreadcrumbList","@id":"https:\/\/vejamob.com\/quem-somos\/#breadcrumb","itemListElement":[{"@type":"ListItem","position":1,"name":"In\u00edcio","item":"https:\/\/vejamob.com\/"},{"@type":"ListItem","position":2,"name":"Quem somos"}]},{"@type":"WebSite","@id":"https:\/\/vejamob.com\/#website","url":"https:\/\/vejamob.com\/","name":"Technische Neuigkeiten","description":"Alles \u00fcber Apps!","publisher":{"@id":"https:\/\/vejamob.com\/#organization"},"potentialAction":[{"@type":"SearchAction","target":{"@type":"EntryPoint","urlTemplate":"https:\/\/vejamob.com\/?s={search_term_string}"},"query-input":{"@type":"PropertyValueSpecification","valueRequired":true,"valueName":"search_term_string"}}],"inLanguage":"de"},{"@type":"Organization","@id":"https:\/\/vejamob.com\/#organization","name":"Spotads","url":"https:\/\/vejamob.com\/","logo":{"@type":"ImageObject","inLanguage":"de","@id":"https:\/\/vejamob.com\/#\/schema\/logo\/image\/","url":"https:\/\/vejamob.com\/wp-content\/uploads\/2024\/06\/NOTICIA-LOGO-1.png","contentUrl":"https:\/\/vejamob.com\/wp-content\/uploads\/2024\/06\/NOTICIA-LOGO-1.png","width":250,"height":60,"caption":"Spotads"},"image":{"@id":"https:\/\/vejamob.com\/#\/schema\/logo\/image\/"}}]}},"_links":{"self":[{"href":"https:\/\/vejamob.com\/de\/wp-json\/wp\/v2\/pages\/46979","targetHints":{"allow":["GET"]}}],"collection":[{"href":"https:\/\/vejamob.com\/de\/wp-json\/wp\/v2\/pages"}],"about":[{"href":"https:\/\/vejamob.com\/de\/wp-json\/wp\/v2\/types\/page"}],"author":[{"embeddable":true,"href":"https:\/\/vejamob.com\/de\/wp-json\/wp\/v2\/users\/1"}],"replies":[{"embeddable":true,"href":"https:\/\/vejamob.com\/de\/wp-json\/wp\/v2\/comments?post=46979"}],"version-history":[{"count":0,"href":"https:\/\/vejamob.com\/de\/wp-json\/wp\/v2\/pages\/46979\/revisions"}],"wp:attachment":[{"href":"https:\/\/vejamob.com\/de\/wp-json\/wp\/v2\/media?parent=46979"}],"curies":[{"name":"wp","href":"https:\/\/api.w.org\/{rel}","templated":true}]}}