{"id":46979,"date":"2024-06-28T16:01:36","date_gmt":"2024-06-28T16:01:36","guid":{"rendered":"https:\/\/vejamob.com\/?page_id=46979"},"modified":"2025-03-25T19:34:44","modified_gmt":"2025-03-25T19:34:44","slug":"%e0%a4%b9%e0%a4%ae-%e0%a4%9c%e0%a5%8b-%e0%a4%b9%e0%a5%88%e0%a4%82","status":"publish","type":"page","link":"https:\/\/vejamob.com\/hi\/%e0%a4%b9%e0%a4%ae-%e0%a4%9c%e0%a5%8b-%e0%a4%b9%e0%a5%88%e0%a4%82\/","title":{"rendered":"\u0939\u092e \u091c\u094b \u0939\u0948\u0902"},"content":{"rendered":"<p>\u0935\u0947\u091c\u093e\u092e\u094b\u092c \u090f\u0915 \u092a\u094d\u0930\u094c\u0926\u094d\u092f\u094b\u0917\u093f\u0915\u0940 \u0935\u0947\u092c\u0938\u093e\u0907\u091f \u0939\u0948 \u091c\u093f\u0938\u0947 2024 \u092e\u0947\u0902 \u0921\u093f\u091c\u093f\u091f\u0932 \u0926\u0941\u0928\u093f\u092f\u093e \u0938\u0947 \u0938\u0902\u092c\u0902\u0927\u093f\u0924 \u0905\u0928\u0941\u092a\u094d\u0930\u092f\u094b\u0917\u094b\u0902, \u0935\u093f\u0924\u094d\u0924 \u0914\u0930 \u0905\u0928\u094d\u092f \u0935\u093f\u0937\u092f\u094b\u0902 \u092a\u0930 \u091c\u093e\u0928\u0915\u093e\u0930\u0940 \u0914\u0930 \u0938\u0941\u091d\u093e\u0935 \u092a\u094d\u0930\u0926\u093e\u0928 \u0915\u0930\u0928\u0947 \u0915\u0947 \u0909\u0926\u094d\u0926\u0947\u0936\u094d\u092f \u0938\u0947 \u092c\u0928\u093e\u092f\u093e \u0917\u092f\u093e \u0939\u0948\u0964 \u0939\u092e\u093e\u0930\u093e \u092e\u093e\u0928\u0928\u093e \u0939\u0948 \u0915\u093f \u092a\u094d\u0930\u094c\u0926\u094d\u092f\u094b\u0917\u093f\u0915\u0940 \u091c\u0940\u0935\u0928 \u0914\u0930 \u0935\u094d\u092f\u0935\u0938\u093e\u092f\u094b\u0902 \u0915\u094b \u092c\u0926\u0932\u0928\u0947 \u0915\u0947 \u0932\u093f\u090f \u090f\u0915 \u0936\u0915\u094d\u0924\u093f\u0936\u093e\u0932\u0940 \u0909\u092a\u0915\u0930\u0923 \u0939\u0948, \u0914\u0930 \u0939\u092e \u0905\u092a\u0928\u0947 \u092a\u093e\u0920\u0915\u094b\u0902 \u0915\u094b \u0905\u0926\u094d\u092f\u0924\u0928 \u0930\u0939\u0928\u0947 \u0914\u0930 \u0907\u0928 \u0909\u092a\u0915\u0930\u0923\u094b\u0902 \u0915\u093e \u0905\u0927\u093f\u0915\u0924\u092e \u0932\u093e\u092d \u0909\u0920\u093e\u0928\u0947 \u092e\u0947\u0902 \u092e\u0926\u0926 \u0915\u0930\u0928\u093e \u091a\u093e\u0939\u0924\u0947 \u0939\u0948\u0902\u0964<\/p>\n\n\n\n<p>\u0935\u0947\u091c\u093e\u092e\u094b\u092c \u092a\u0930 \u0906\u092a\u0915\u094b \u092a\u094d\u0930\u094c\u0926\u094d\u092f\u094b\u0917\u093f\u0915\u0940 \u0935\u093f\u0936\u0947\u0937\u091c\u094d\u091e\u094b\u0902 \u0926\u094d\u0935\u093e\u0930\u093e \u0932\u093f\u0916\u0947 \u0917\u090f \u0932\u0947\u0916 \u0914\u0930 \u091f\u094d\u092f\u0942\u091f\u094b\u0930\u093f\u092f\u0932 \u092e\u093f\u0932\u0947\u0902\u0917\u0947, \u0938\u093e\u0925 \u0939\u0940 \u0909\u0924\u094d\u092a\u093e\u0926\u094b\u0902 \u0914\u0930 \u0938\u0947\u0935\u093e\u0913\u0902 \u0915\u0947 \u0935\u093f\u0936\u094d\u0932\u0947\u0937\u0923 \u0914\u0930 \u0938\u092e\u0940\u0915\u094d\u0937\u093e\u090f\u0902 \u092d\u0940 \u092e\u093f\u0932\u0947\u0902\u0917\u0940\u0964 \u0939\u092e \u0906\u092a\u0915\u094b \u0905\u092a\u0928\u0947 \u092e\u094b\u092c\u093e\u0907\u0932 \u0921\u093f\u0935\u093e\u0907\u0938 \u0914\u0930 \u0910\u092a\u094d\u0938 \u0938\u0947 \u0905\u0927\u093f\u0915\u0924\u092e \u0932\u093e\u092d \u0909\u0920\u093e\u0928\u0947 \u092e\u0947\u0902 \u092e\u0926\u0926 \u0915\u0930\u0928\u0947 \u0915\u0947 \u0932\u093f\u090f \u091f\u093f\u092a\u094d\u0938 \u0914\u0930 \u091f\u094d\u0930\u093f\u0915\u094d\u0938 \u092d\u0940 \u092a\u094d\u0930\u0926\u093e\u0928 \u0915\u0930\u0924\u0947 \u0939\u0948\u0902\u0964<\/p>\n\n\n\n<p>\u0935\u0947\u091c\u093e\u092e\u094b\u092c \u0915\u0902\u092a\u0928\u0940 \u0915\u093e \u092a\u0902\u091c\u0940\u0915\u0943\u0924 \u091f\u094d\u0930\u0947\u0921\u092e\u093e\u0930\u094d\u0915 \u0939\u0948\u00a0<a href=\"http:\/\/spotads.me\/\">Spotads.me<\/a>\u00a0\u0914\u0930 \u0907\u0938\u0915\u093e \u0930\u0916\u0930\u0916\u093e\u0935 \u0909\u0928 \u092a\u0947\u0936\u0947\u0935\u0930\u094b\u0902 \u0915\u0940 \u090f\u0915 \u091f\u0940\u092e \u0926\u094d\u0935\u093e\u0930\u093e \u0915\u093f\u092f\u093e \u091c\u093e\u0924\u093e \u0939\u0948 \u091c\u094b \u092a\u094d\u0930\u094c\u0926\u094d\u092f\u094b\u0917\u093f\u0915\u0940 \u0915\u0947 \u092c\u093e\u0930\u0947 \u092e\u0947\u0902 \u092d\u093e\u0935\u0941\u0915 \u0939\u0948\u0902\u0964<\/p>\n\n\n\n<p>\u0939\u092e\u093e\u0930\u0940 \u091f\u0940\u092e \u092a\u094d\u0930\u094c\u0926\u094d\u092f\u094b\u0917\u093f\u0915\u0940 \u0935\u093f\u0936\u0947\u0937\u091c\u094d\u091e\u094b\u0902, \u092a\u0924\u094d\u0930\u0915\u093e\u0930\u094b\u0902 \u0914\u0930 \u0932\u0947\u0916\u0915\u094b\u0902 \u0938\u0947 \u092c\u0928\u0940 \u0939\u0948, \u091c\u094b \u0939\u092e\u093e\u0930\u0947 \u092a\u093e\u0920\u0915\u094b\u0902 \u0915\u094b \u0909\u091a\u094d\u091a-\u0917\u0941\u0923\u0935\u0924\u094d\u0924\u093e, \u0938\u091f\u0940\u0915 \u0938\u093e\u092e\u0917\u094d\u0930\u0940 \u092a\u094d\u0930\u0926\u093e\u0928 \u0915\u0930\u0928\u0947 \u0915\u0947 \u0932\u093f\u090f \u092a\u094d\u0930\u0924\u093f\u092c\u0926\u094d\u0927 \u0939\u0948\u0902\u0964 \u0939\u092e\u093e\u0930\u093e \u092e\u093e\u0928\u0928\u093e \u0939\u0948 \u0915\u093f \u092a\u094d\u0930\u094c\u0926\u094d\u092f\u094b\u0917\u093f\u0915\u0940 \u091c\u0940\u0935\u0928 \u0914\u0930 \u0935\u094d\u092f\u0935\u0938\u093e\u092f\u094b\u0902 \u0915\u094b \u092c\u0926\u0932\u0928\u0947 \u0915\u0947 \u0932\u093f\u090f \u090f\u0915 \u0936\u0915\u094d\u0924\u093f\u0936\u093e\u0932\u0940 \u0909\u092a\u0915\u0930\u0923 \u0939\u0948 \u0914\u0930 \u0939\u092e\u093e\u0930\u093e \u0932\u0915\u094d\u0937\u094d\u092f \u0905\u092a\u0928\u0947 \u092a\u093e\u0920\u0915\u094b\u0902 \u0915\u094b \u0905\u0926\u094d\u092f\u0924\u0928 \u0930\u0939\u0928\u0947 \u0914\u0930 \u0907\u0928 \u0909\u092a\u0915\u0930\u0923\u094b\u0902 \u0915\u093e \u0905\u0927\u093f\u0915\u0924\u092e \u0932\u093e\u092d \u0909\u0920\u093e\u0928\u0947 \u092e\u0947\u0902 \u092e\u0926\u0926 \u0915\u0930\u0928\u093e \u0939\u0948\u0964<\/p>\n\n\n\n<p>\u0938\u093e\u092e\u0917\u094d\u0930\u0940 \u0915\u0947 \u0905\u0932\u093e\u0935\u093e, \u0939\u092e \u0905\u092a\u0928\u0947 \u092a\u093e\u0920\u0915\u094b\u0902 \u0915\u094b \u0905\u092a\u0928\u0947 \u0938\u093e\u092e\u093e\u091c\u093f\u0915 \u0928\u0947\u091f\u0935\u0930\u094d\u0915 \u0914\u0930 \u091a\u0930\u094d\u091a\u093e \u092e\u0902\u091a\u094b\u0902 \u0915\u0947 \u092e\u093e\u0927\u094d\u092f\u092e \u0938\u0947 \u0905\u0928\u094d\u092f \u092a\u094d\u0930\u094c\u0926\u094d\u092f\u094b\u0917\u093f\u0915\u0940 \u0909\u0924\u094d\u0938\u093e\u0939\u0940 \u0932\u094b\u0917\u094b\u0902 \u0938\u0947 \u091c\u0941\u0921\u093c\u0928\u0947 \u0915\u093e \u0905\u0935\u0938\u0930 \u092d\u0940 \u092a\u094d\u0930\u0926\u093e\u0928 \u0915\u0930\u0924\u0947 \u0939\u0948\u0902\u0964 \u0939\u092e \u0905\u092a\u0928\u0947 \u092a\u093e\u0920\u0915\u094b\u0902 \u0915\u0940 \u0930\u093e\u092f \u0915\u094b \u092e\u0939\u0924\u094d\u0935 \u0926\u0947\u0924\u0947 \u0939\u0948\u0902 \u0914\u0930 \u0905\u092a\u0928\u0940 \u0938\u0947\u0935\u093e\u0913\u0902 \u0915\u094b \u092c\u0947\u0939\u0924\u0930 \u092c\u0928\u093e\u0928\u0947 \u0915\u0947 \u0932\u093f\u090f \u0938\u0941\u091d\u093e\u0935\u094b\u0902 \u0914\u0930 \u092b\u0940\u0921\u092c\u0948\u0915 \u0915\u0947 \u0932\u093f\u090f \u0939\u092e\u0947\u0936\u093e \u0924\u0948\u092f\u093e\u0930 \u0939\u0948\u0902\u0964<\/p>\n\n\n\n<p>\u0939\u092e\u0947\u0902 \u092b\u093c\u0949\u0932\u094b \u0915\u0930\u0947\u0902 \u0914\u0930 \u092a\u094d\u0930\u094c\u0926\u094d\u092f\u094b\u0917\u093f\u0915\u0940 \u0915\u0940 \u0926\u0941\u0928\u093f\u092f\u093e \u092e\u0947\u0902 \u0928\u0935\u0940\u0928\u0924\u092e \u0930\u0941\u091d\u093e\u0928\u094b\u0902 \u0914\u0930 \u0938\u092e\u093e\u091a\u093e\u0930\u094b\u0902 \u0938\u0947 \u0905\u092a\u0921\u0947\u091f \u0930\u0939\u0947\u0902\u0964 \u0939\u092e\u093e\u0930\u0940 \u0935\u0947\u092c\u0938\u093e\u0907\u091f \u092a\u0930 \u0906\u0928\u0947 \u0915\u0947 \u0932\u093f\u090f \u0927\u0928\u094d\u092f\u0935\u093e\u0926 \u0914\u0930 \u0939\u092e\u0947\u0902 \u0909\u092e\u094d\u092e\u0940\u0926 \u0939\u0948 \u0915\u093f \u091c\u0932\u094d\u0926 \u0939\u0940 \u0906\u092a\u0938\u0947 \u0926\u094b\u092c\u093e\u0930\u093e \u092e\u0941\u0932\u093e\u0915\u093e\u0924 \u0939\u094b\u0917\u0940!<\/p>","protected":false},"excerpt":{"rendered":"<p>\u0935\u0947\u091c\u093e\u092e\u094b\u092c \u090f\u0915 \u0924\u0915\u0928\u0940\u0915\u0940 \u0935\u0947\u092c\u0938\u093e\u0907\u091f \u0939\u0948 \u091c\u093f\u0938\u0947 2024 \u092e\u0947\u0902 \u092c\u0928\u093e\u092f\u093e \u0917\u092f\u093e \u0925\u093e \u0914\u0930 \u091c\u093f\u0938\u0915\u093e \u0909\u0926\u094d\u0926\u0947\u0936\u094d\u092f \u0910\u092a\u094d\u0938, \u0935\u093f\u0924\u094d\u0924 \u0914\u0930 \u0921\u093f\u091c\u093f\u091f\u0932 \u0926\u0941\u0928\u093f\u092f\u093e \u0938\u0947 \u091c\u0941\u0921\u093c\u0947 \u0905\u0928\u094d\u092f \u0935\u093f\u0937\u092f\u094b\u0902 \u092a\u0930 \u091c\u093e\u0928\u0915\u093e\u0930\u0940 \u0914\u0930 \u0938\u0941\u091d\u093e\u0935 \u092a\u094d\u0930\u0926\u093e\u0928 \u0915\u0930\u0928\u093e \u0939\u0948\u0964 \u0939\u092e\u093e\u0930\u093e \u092e\u093e\u0928\u0928\u093e \u0939\u0948 \u0915\u093f \u0924\u0915\u0928\u0940\u0915 \u091c\u0940\u0935\u0928 \u0914\u0930 \u0935\u094d\u092f\u0935\u0938\u093e\u092f\u094b\u0902 \u0915\u094b \u092c\u0926\u0932\u0928\u0947 \u0915\u093e \u090f\u0915 \u0936\u0915\u094d\u0924\u093f\u0936\u093e\u0932\u0940 \u0938\u093e\u0927\u0928 \u0939\u0948, \u0914\u0930 \u0939\u092e \u0905\u092a\u0928\u0947 \u092a\u093e\u0920\u0915\u094b\u0902 \u0915\u094b \u0905\u092a\u0921\u0947\u091f \u0930\u0939\u0928\u0947 \u0914\u0930 \u0907\u0938\u0915\u093e \u0905\u0927\u093f\u0915\u0924\u092e \u0932\u093e\u092d \u0909\u0920\u093e\u0928\u0947 \u092e\u0947\u0902 \u092e\u0926\u0926 \u0915\u0930\u0928\u093e \u091a\u093e\u0939\u0924\u0947 \u0939\u0948\u0902... <a title=\"\u0939\u092e \u091c\u094b \u0939\u0948\u0902\" class=\"read-more\" href=\"https:\/\/vejamob.com\/hi\/%e0%a4%b9%e0%a4%ae-%e0%a4%9c%e0%a5%8b-%e0%a4%b9%e0%a5%88%e0%a4%82\/\" aria-label=\"\u0939\u092e \u0915\u094c\u0928 \u0939\u0948\u0902 \u0907\u0938\u0915\u0947 \u092c\u093e\u0930\u0947 \u092e\u0947\u0902 \u0914\u0930 \u092a\u0922\u093c\u0947\u0902\">\u0914\u0930 \u092a\u0922\u093c\u0947\u0902<\/a><\/p>","protected":false},"author":1,"featured_media":0,"parent":0,"menu_order":0,"comment_status":"closed","ping_status":"closed","template":"","meta":{"footnotes":""},"class_list":["post-46979","page","type-page","status-publish"],"yoast_head":"<!-- This site is optimized with the Yoast SEO plugin v25.6 - https:\/\/yoast.com\/wordpress\/plugins\/seo\/ -->\n<title>Quem somos - Vejamob<\/title>\n<meta name=\"robots\" content=\"index, follow, max-snippet:-1, max-image-preview:large, max-video-preview:-1\" \/>\n<link rel=\"canonical\" href=\"https:\/\/vejamob.com\/hi\/\u0939\u092e-\u091c\u094b-\u0939\u0948\u0902\/\" \/>\n<meta property=\"og:locale\" content=\"hi_IN\" \/>\n<meta property=\"og:type\" content=\"article\" \/>\n<meta property=\"og:title\" content=\"Quem somos - Vejamob\" \/>\n<meta property=\"og:description\" content=\"O Vejamob \u00e9 um site de tecnologia criado em 2024 com o objetivo de fornecer informa\u00e7\u00f5es e dicas sobre aplicativos, finan\u00e7as e outros assuntos relacionados ao mundo digital. N\u00f3s acreditamos que a tecnologia \u00e9 uma ferramenta poderosa para transformar vidas e empresas, e queremos ajudar nossos leitores a se manterem atualizados e aproveitar ao m\u00e1ximo ... Leia mais\" \/>\n<meta property=\"og:url\" content=\"https:\/\/vejamob.com\/hi\/\u0939\u092e-\u091c\u094b-\u0939\u0948\u0902\/\" \/>\n<meta property=\"og:site_name\" content=\"Vejamob\" \/>\n<meta property=\"article:modified_time\" content=\"2025-03-25T19:34:44+00:00\" \/>\n<meta name=\"twitter:card\" content=\"summary_large_image\" \/>\n<meta name=\"twitter:label1\" content=\"\u0905\u0928\u0941\u092e\u093e\u0928\u093f\u0924 \u092a\u0922\u093c\u0928\u0947 \u0915\u093e \u0938\u092e\u092f\" \/>\n\t<meta name=\"twitter:data1\" content=\"2 \u092e\u093f\u0928\u091f\" \/>\n<script type=\"application\/ld+json\" class=\"yoast-schema-graph\">{\"@context\":\"https:\/\/schema.org\",\"@graph\":[{\"@type\":\"WebPage\",\"@id\":\"https:\/\/vejamob.com\/quem-somos\/\",\"url\":\"https:\/\/vejamob.com\/quem-somos\/\",\"name\":\"Quem somos - Vejamob\",\"isPartOf\":{\"@id\":\"https:\/\/vejamob.com\/#website\"},\"datePublished\":\"2024-06-28T16:01:36+00:00\",\"dateModified\":\"2025-03-25T19:34:44+00:00\",\"breadcrumb\":{\"@id\":\"https:\/\/vejamob.com\/quem-somos\/#breadcrumb\"},\"inLanguage\":\"hi-IN\",\"potentialAction\":[{\"@type\":\"ReadAction\",\"target\":[\"https:\/\/vejamob.com\/quem-somos\/\"]}]},{\"@type\":\"BreadcrumbList\",\"@id\":\"https:\/\/vejamob.com\/quem-somos\/#breadcrumb\",\"itemListElement\":[{\"@type\":\"ListItem\",\"position\":1,\"name\":\"In\u00edcio\",\"item\":\"https:\/\/vejamob.com\/\"},{\"@type\":\"ListItem\",\"position\":2,\"name\":\"Quem somos\"}]},{\"@type\":\"WebSite\",\"@id\":\"https:\/\/vejamob.com\/#website\",\"url\":\"https:\/\/vejamob.com\/\",\"name\":\"Noticia Tecnologia\",\"description\":\"Tudo sobre aplicativos!\",\"publisher\":{\"@id\":\"https:\/\/vejamob.com\/#organization\"},\"potentialAction\":[{\"@type\":\"SearchAction\",\"target\":{\"@type\":\"EntryPoint\",\"urlTemplate\":\"https:\/\/vejamob.com\/?s={search_term_string}\"},\"query-input\":{\"@type\":\"PropertyValueSpecification\",\"valueRequired\":true,\"valueName\":\"search_term_string\"}}],\"inLanguage\":\"hi-IN\"},{\"@type\":\"Organization\",\"@id\":\"https:\/\/vejamob.com\/#organization\",\"name\":\"Spotads\",\"url\":\"https:\/\/vejamob.com\/\",\"logo\":{\"@type\":\"ImageObject\",\"inLanguage\":\"hi-IN\",\"@id\":\"https:\/\/vejamob.com\/#\/schema\/logo\/image\/\",\"url\":\"https:\/\/vejamob.com\/wp-content\/uploads\/2024\/06\/NOTICIA-LOGO-1.png\",\"contentUrl\":\"https:\/\/vejamob.com\/wp-content\/uploads\/2024\/06\/NOTICIA-LOGO-1.png\",\"width\":250,\"height\":60,\"caption\":\"Spotads\"},\"image\":{\"@id\":\"https:\/\/vejamob.com\/#\/schema\/logo\/image\/\"}}]}<\/script>\n<!-- \/ Yoast SEO plugin. -->","yoast_head_json":{"title":"\u0939\u092e \u0915\u094c\u0928 \u0939\u0948\u0902 - \u0935\u0947\u091c\u093e\u092e\u094b\u092c","robots":{"index":"index","follow":"follow","max-snippet":"max-snippet:-1","max-image-preview":"max-image-preview:large","max-video-preview":"max-video-preview:-1"},"canonical":"https:\/\/vejamob.com\/hi\/\u0939\u092e-\u091c\u094b-\u0939\u0948\u0902\/","og_locale":"hi_IN","og_type":"article","og_title":"Quem somos - Vejamob","og_description":"O Vejamob \u00e9 um site de tecnologia criado em 2024 com o objetivo de fornecer informa\u00e7\u00f5es e dicas sobre aplicativos, finan\u00e7as e outros assuntos relacionados ao mundo digital. N\u00f3s acreditamos que a tecnologia \u00e9 uma ferramenta poderosa para transformar vidas e empresas, e queremos ajudar nossos leitores a se manterem atualizados e aproveitar ao m\u00e1ximo ... Leia mais","og_url":"https:\/\/vejamob.com\/hi\/\u0939\u092e-\u091c\u094b-\u0939\u0948\u0902\/","og_site_name":"Vejamob","article_modified_time":"2025-03-25T19:34:44+00:00","twitter_card":"summary_large_image","twitter_misc":{"\u0905\u0928\u0941\u092e\u093e\u0928\u093f\u0924 \u092a\u0922\u093c\u0928\u0947 \u0915\u093e \u0938\u092e\u092f":"2 \u092e\u093f\u0928\u091f"},"schema":{"@context":"https:\/\/schema.org","@graph":[{"@type":"WebPage","@id":"https:\/\/vejamob.com\/quem-somos\/","url":"https:\/\/vejamob.com\/quem-somos\/","name":"\u0939\u092e \u0915\u094c\u0928 \u0939\u0948\u0902 - \u0935\u0947\u091c\u093e\u092e\u094b\u092c","isPartOf":{"@id":"https:\/\/vejamob.com\/#website"},"datePublished":"2024-06-28T16:01:36+00:00","dateModified":"2025-03-25T19:34:44+00:00","breadcrumb":{"@id":"https:\/\/vejamob.com\/quem-somos\/#breadcrumb"},"inLanguage":"hi-IN","potentialAction":[{"@type":"ReadAction","target":["https:\/\/vejamob.com\/quem-somos\/"]}]},{"@type":"BreadcrumbList","@id":"https:\/\/vejamob.com\/quem-somos\/#breadcrumb","itemListElement":[{"@type":"ListItem","position":1,"name":"In\u00edcio","item":"https:\/\/vejamob.com\/"},{"@type":"ListItem","position":2,"name":"Quem somos"}]},{"@type":"WebSite","@id":"https:\/\/vejamob.com\/#website","url":"https:\/\/vejamob.com\/","name":"\u092a\u094d\u0930\u094c\u0926\u094d\u092f\u094b\u0917\u093f\u0915\u0940 \u0938\u092e\u093e\u091a\u093e\u0930","description":"\u0910\u092a\u094d\u0938 \u0915\u0947 \u092c\u093e\u0930\u0947 \u092e\u0947\u0902 \u0938\u092c \u0915\u0941\u091b!","publisher":{"@id":"https:\/\/vejamob.com\/#organization"},"potentialAction":[{"@type":"SearchAction","target":{"@type":"EntryPoint","urlTemplate":"https:\/\/vejamob.com\/?s={search_term_string}"},"query-input":{"@type":"PropertyValueSpecification","valueRequired":true,"valueName":"search_term_string"}}],"inLanguage":"hi-IN"},{"@type":"Organization","@id":"https:\/\/vejamob.com\/#organization","name":"Spotads","url":"https:\/\/vejamob.com\/","logo":{"@type":"ImageObject","inLanguage":"hi-IN","@id":"https:\/\/vejamob.com\/#\/schema\/logo\/image\/","url":"https:\/\/vejamob.com\/wp-content\/uploads\/2024\/06\/NOTICIA-LOGO-1.png","contentUrl":"https:\/\/vejamob.com\/wp-content\/uploads\/2024\/06\/NOTICIA-LOGO-1.png","width":250,"height":60,"caption":"Spotads"},"image":{"@id":"https:\/\/vejamob.com\/#\/schema\/logo\/image\/"}}]}},"_links":{"self":[{"href":"https:\/\/vejamob.com\/hi\/wp-json\/wp\/v2\/pages\/46979","targetHints":{"allow":["GET"]}}],"collection":[{"href":"https:\/\/vejamob.com\/hi\/wp-json\/wp\/v2\/pages"}],"about":[{"href":"https:\/\/vejamob.com\/hi\/wp-json\/wp\/v2\/types\/page"}],"author":[{"embeddable":true,"href":"https:\/\/vejamob.com\/hi\/wp-json\/wp\/v2\/users\/1"}],"replies":[{"embeddable":true,"href":"https:\/\/vejamob.com\/hi\/wp-json\/wp\/v2\/comments?post=46979"}],"version-history":[{"count":0,"href":"https:\/\/vejamob.com\/hi\/wp-json\/wp\/v2\/pages\/46979\/revisions"}],"wp:attachment":[{"href":"https:\/\/vejamob.com\/hi\/wp-json\/wp\/v2\/media?parent=46979"}],"curies":[{"name":"\u0921\u092c\u094d\u0932\u094d\u092f\u0942\u092a\u0940","href":"https:\/\/api.w.org\/{rel}","templated":true}]}}