{"id":46977,"date":"2024-06-28T16:00:45","date_gmt":"2024-06-28T16:00:45","guid":{"rendered":"https:\/\/vejamob.com\/?page_id=46977"},"modified":"2025-03-25T19:35:00","modified_gmt":"2025-03-25T19:35:00","slug":"kontakt","status":"publish","type":"page","link":"https:\/\/vejamob.com\/hr\/kontakt\/","title":{"rendered":"Kontakt"},"content":{"rendered":"<p>Za sva pitanja vezana uz na\u0161 blog, obratite nam se putem e-po\u0161te <strong>contact@vejamob.com<\/strong> Javit \u0107emo vam se u roku od 24 sata.<\/p>","protected":false},"excerpt":{"rendered":"<p>Za sva pitanja u vezi s na\u0161im blogom, kontaktirajte nas putem e-po\u0161te contato@vejamob.com i mi \u0107emo vam se javiti u roku od 24 sata.<\/p>","protected":false},"author":1,"featured_media":0,"parent":0,"menu_order":0,"comment_status":"closed","ping_status":"closed","template":"","meta":{"footnotes":""},"class_list":["post-46977","page","type-page","status-publish"],"yoast_head":"<!-- This site is optimized with the Yoast SEO plugin v25.6 - https:\/\/yoast.com\/wordpress\/plugins\/seo\/ -->\n<title>Contato - Vejamob<\/title>\n<meta name=\"robots\" content=\"index, follow, max-snippet:-1, max-image-preview:large, max-video-preview:-1\" \/>\n<link rel=\"canonical\" href=\"https:\/\/vejamob.com\/hr\/kontakt\/\" \/>\n<meta property=\"og:locale\" content=\"hr_HR\" \/>\n<meta property=\"og:type\" content=\"article\" \/>\n<meta property=\"og:title\" content=\"Contato - Vejamob\" \/>\n<meta property=\"og:description\" content=\"Para qualquer assunto relacionado ao nosso Blog, por favor entre em contato atrav\u00e9s do e-mail contato@vejamob.com que retornaremos no prazo de 24 horas.\" \/>\n<meta property=\"og:url\" content=\"https:\/\/vejamob.com\/hr\/kontakt\/\" \/>\n<meta property=\"og:site_name\" content=\"Vejamob\" \/>\n<meta property=\"article:modified_time\" content=\"2025-03-25T19:35:00+00:00\" \/>\n<meta name=\"twitter:card\" content=\"summary_large_image\" \/>\n<meta name=\"twitter:label1\" content=\"Procijenjeno vrijeme \u010ditanja\" \/>\n\t<meta name=\"twitter:data1\" content=\"1 minuta\" \/>\n<script type=\"application\/ld+json\" class=\"yoast-schema-graph\">{\"@context\":\"https:\/\/schema.org\",\"@graph\":[{\"@type\":\"WebPage\",\"@id\":\"https:\/\/vejamob.com\/contato\/\",\"url\":\"https:\/\/vejamob.com\/contato\/\",\"name\":\"Contato - Vejamob\",\"isPartOf\":{\"@id\":\"https:\/\/vejamob.com\/#website\"},\"datePublished\":\"2024-06-28T16:00:45+00:00\",\"dateModified\":\"2025-03-25T19:35:00+00:00\",\"breadcrumb\":{\"@id\":\"https:\/\/vejamob.com\/contato\/#breadcrumb\"},\"inLanguage\":\"hr\",\"potentialAction\":[{\"@type\":\"ReadAction\",\"target\":[\"https:\/\/vejamob.com\/contato\/\"]}]},{\"@type\":\"BreadcrumbList\",\"@id\":\"https:\/\/vejamob.com\/contato\/#breadcrumb\",\"itemListElement\":[{\"@type\":\"ListItem\",\"position\":1,\"name\":\"In\u00edcio\",\"item\":\"https:\/\/vejamob.com\/\"},{\"@type\":\"ListItem\",\"position\":2,\"name\":\"Contato\"}]},{\"@type\":\"WebSite\",\"@id\":\"https:\/\/vejamob.com\/#website\",\"url\":\"https:\/\/vejamob.com\/\",\"name\":\"Noticia Tecnologia\",\"description\":\"Tudo sobre aplicativos!\",\"publisher\":{\"@id\":\"https:\/\/vejamob.com\/#organization\"},\"potentialAction\":[{\"@type\":\"SearchAction\",\"target\":{\"@type\":\"EntryPoint\",\"urlTemplate\":\"https:\/\/vejamob.com\/?s={search_term_string}\"},\"query-input\":{\"@type\":\"PropertyValueSpecification\",\"valueRequired\":true,\"valueName\":\"search_term_string\"}}],\"inLanguage\":\"hr\"},{\"@type\":\"Organization\",\"@id\":\"https:\/\/vejamob.com\/#organization\",\"name\":\"Spotads\",\"url\":\"https:\/\/vejamob.com\/\",\"logo\":{\"@type\":\"ImageObject\",\"inLanguage\":\"hr\",\"@id\":\"https:\/\/vejamob.com\/#\/schema\/logo\/image\/\",\"url\":\"https:\/\/vejamob.com\/wp-content\/uploads\/2024\/06\/NOTICIA-LOGO-1.png\",\"contentUrl\":\"https:\/\/vejamob.com\/wp-content\/uploads\/2024\/06\/NOTICIA-LOGO-1.png\",\"width\":250,\"height\":60,\"caption\":\"Spotads\"},\"image\":{\"@id\":\"https:\/\/vejamob.com\/#\/schema\/logo\/image\/\"}}]}<\/script>\n<!-- \/ Yoast SEO plugin. -->","yoast_head_json":{"title":"Kontakt - Vejamob","robots":{"index":"index","follow":"follow","max-snippet":"max-snippet:-1","max-image-preview":"max-image-preview:large","max-video-preview":"max-video-preview:-1"},"canonical":"https:\/\/vejamob.com\/hr\/kontakt\/","og_locale":"hr_HR","og_type":"article","og_title":"Contato - Vejamob","og_description":"Para qualquer assunto relacionado ao nosso Blog, por favor entre em contato atrav\u00e9s do e-mail contato@vejamob.com que retornaremos no prazo de 24 horas.","og_url":"https:\/\/vejamob.com\/hr\/kontakt\/","og_site_name":"Vejamob","article_modified_time":"2025-03-25T19:35:00+00:00","twitter_card":"summary_large_image","twitter_misc":{"Procijenjeno vrijeme \u010ditanja":"1 minuta"},"schema":{"@context":"https:\/\/schema.org","@graph":[{"@type":"WebPage","@id":"https:\/\/vejamob.com\/contato\/","url":"https:\/\/vejamob.com\/contato\/","name":"Kontakt - Vejamob","isPartOf":{"@id":"https:\/\/vejamob.com\/#website"},"datePublished":"2024-06-28T16:00:45+00:00","dateModified":"2025-03-25T19:35:00+00:00","breadcrumb":{"@id":"https:\/\/vejamob.com\/contato\/#breadcrumb"},"inLanguage":"hr","potentialAction":[{"@type":"ReadAction","target":["https:\/\/vejamob.com\/contato\/"]}]},{"@type":"BreadcrumbList","@id":"https:\/\/vejamob.com\/contato\/#breadcrumb","itemListElement":[{"@type":"ListItem","position":1,"name":"In\u00edcio","item":"https:\/\/vejamob.com\/"},{"@type":"ListItem","position":2,"name":"Contato"}]},{"@type":"WebSite","@id":"https:\/\/vejamob.com\/#website","url":"https:\/\/vejamob.com\/","name":"Tehnolo\u0161ke vijesti","description":"Sve o aplikacijama!","publisher":{"@id":"https:\/\/vejamob.com\/#organization"},"potentialAction":[{"@type":"SearchAction","target":{"@type":"EntryPoint","urlTemplate":"https:\/\/vejamob.com\/?s={search_term_string}"},"query-input":{"@type":"PropertyValueSpecification","valueRequired":true,"valueName":"search_term_string"}}],"inLanguage":"hr"},{"@type":"Organization","@id":"https:\/\/vejamob.com\/#organization","name":"Spotads","url":"https:\/\/vejamob.com\/","logo":{"@type":"ImageObject","inLanguage":"hr","@id":"https:\/\/vejamob.com\/#\/schema\/logo\/image\/","url":"https:\/\/vejamob.com\/wp-content\/uploads\/2024\/06\/NOTICIA-LOGO-1.png","contentUrl":"https:\/\/vejamob.com\/wp-content\/uploads\/2024\/06\/NOTICIA-LOGO-1.png","width":250,"height":60,"caption":"Spotads"},"image":{"@id":"https:\/\/vejamob.com\/#\/schema\/logo\/image\/"}}]}},"_links":{"self":[{"href":"https:\/\/vejamob.com\/hr\/wp-json\/wp\/v2\/pages\/46977","targetHints":{"allow":["GET"]}}],"collection":[{"href":"https:\/\/vejamob.com\/hr\/wp-json\/wp\/v2\/pages"}],"about":[{"href":"https:\/\/vejamob.com\/hr\/wp-json\/wp\/v2\/types\/page"}],"author":[{"embeddable":true,"href":"https:\/\/vejamob.com\/hr\/wp-json\/wp\/v2\/users\/1"}],"replies":[{"embeddable":true,"href":"https:\/\/vejamob.com\/hr\/wp-json\/wp\/v2\/comments?post=46977"}],"version-history":[{"count":0,"href":"https:\/\/vejamob.com\/hr\/wp-json\/wp\/v2\/pages\/46977\/revisions"}],"wp:attachment":[{"href":"https:\/\/vejamob.com\/hr\/wp-json\/wp\/v2\/media?parent=46977"}],"curies":[{"name":"wp","href":"https:\/\/api.w.org\/{rel}","templated":true}]}}