{"id":46979,"date":"2024-06-28T16:01:36","date_gmt":"2024-06-28T16:01:36","guid":{"rendered":"https:\/\/vejamob.com\/?page_id=46979"},"modified":"2025-03-25T19:34:44","modified_gmt":"2025-03-25T19:34:44","slug":"siapa-kita","status":"publish","type":"page","link":"https:\/\/vejamob.com\/id\/siapa-kita\/","title":{"rendered":"Siapa kita"},"content":{"rendered":"<p>Vejamob adalah situs web teknologi yang dibuat pada tahun 2024 dengan tujuan memberikan informasi dan kiat tentang aplikasi, keuangan, dan topik lain yang terkait dengan dunia digital. Kami meyakini bahwa teknologi adalah alat yang ampuh untuk mengubah kehidupan dan bisnis, dan kami ingin membantu para pembaca kami untuk tetap mengikuti perkembangan terkini dan memanfaatkan alat ini sebaik-baiknya.<\/p>\n\n\n\n<p>Di sini di Vejamob, Anda akan menemukan artikel dan tutorial yang ditulis oleh pakar teknologi, serta analisis dan ulasan produk dan layanan. Kami juga menawarkan tip dan trik untuk membantu Anda mendapatkan hasil maksimal dari perangkat dan aplikasi seluler Anda.<\/p>\n\n\n\n<p>Vejamob adalah merek dagang terdaftar dari perusahaan\u00a0<a href=\"http:\/\/spotads.me\/\">spotads.me<\/a>\u00a0dan dikelola oleh tim profesional yang memiliki minat terhadap teknologi.\u201d<\/p>\n\n\n\n<p>Tim kami terdiri dari pakar teknologi, jurnalis, dan penulis, semuanya berkomitmen untuk menyediakan konten berkualitas tinggi dan akurat kepada pembaca kami. Kami percaya bahwa teknologi adalah alat yang ampuh untuk mengubah kehidupan dan bisnis dan tujuan kami adalah membantu pembaca kami tetap mendapatkan informasi terkini dan memanfaatkan alat-alat ini semaksimal mungkin.<\/p>\n\n\n\n<p>Selain konten, kami juga menawarkan pembaca kami kesempatan untuk terhubung dengan penggemar teknologi lainnya melalui jejaring sosial dan forum diskusi kami. Kami menghargai pendapat pembaca kami dan selalu terbuka terhadap saran dan masukan untuk meningkatkan layanan kami.<\/p>\n\n\n\n<p>Ikuti kami dan ikuti perkembangan tren dan berita terkini di dunia teknologi. Terima kasih telah mengunjungi situs web kami dan kami berharap dapat segera bertemu Anda lagi!<\/p>","protected":false},"excerpt":{"rendered":"<p>Vejamob adalah situs web teknologi yang didirikan pada tahun 2024 dengan tujuan menyediakan informasi dan kiat seputar aplikasi, keuangan, dan topik-topik lain yang berkaitan dengan dunia digital. Kami percaya bahwa teknologi adalah alat yang ampuh untuk mengubah kehidupan dan bisnis, dan kami ingin membantu para pembaca kami tetap mengikuti perkembangan terkini dan memanfaatkannya sebaik mungkin\u2026 <a title=\"Siapa kita\" class=\"read-more\" href=\"https:\/\/vejamob.com\/id\/siapa-kita\/\" aria-label=\"Baca selengkapnya tentang Siapa kami\">Baca selengkapnya<\/a><\/p>","protected":false},"author":1,"featured_media":0,"parent":0,"menu_order":0,"comment_status":"closed","ping_status":"closed","template":"","meta":{"footnotes":""},"class_list":["post-46979","page","type-page","status-publish"],"yoast_head":"<!-- This site is optimized with the Yoast SEO plugin v25.6 - https:\/\/yoast.com\/wordpress\/plugins\/seo\/ -->\n<title>Quem somos - Vejamob<\/title>\n<meta name=\"robots\" content=\"index, follow, max-snippet:-1, max-image-preview:large, max-video-preview:-1\" \/>\n<link rel=\"canonical\" href=\"https:\/\/vejamob.com\/id\/siapa-kita\/\" \/>\n<meta property=\"og:locale\" content=\"id_ID\" \/>\n<meta property=\"og:type\" content=\"article\" \/>\n<meta property=\"og:title\" content=\"Quem somos - Vejamob\" \/>\n<meta property=\"og:description\" content=\"O Vejamob \u00e9 um site de tecnologia criado em 2024 com o objetivo de fornecer informa\u00e7\u00f5es e dicas sobre aplicativos, finan\u00e7as e outros assuntos relacionados ao mundo digital. N\u00f3s acreditamos que a tecnologia \u00e9 uma ferramenta poderosa para transformar vidas e empresas, e queremos ajudar nossos leitores a se manterem atualizados e aproveitar ao m\u00e1ximo ... Leia mais\" \/>\n<meta property=\"og:url\" content=\"https:\/\/vejamob.com\/id\/siapa-kita\/\" \/>\n<meta property=\"og:site_name\" content=\"Vejamob\" \/>\n<meta property=\"article:modified_time\" content=\"2025-03-25T19:34:44+00:00\" \/>\n<meta name=\"twitter:card\" content=\"summary_large_image\" \/>\n<meta name=\"twitter:label1\" content=\"Estimasi waktu membaca\" \/>\n\t<meta name=\"twitter:data1\" content=\"2 menit\" \/>\n<script type=\"application\/ld+json\" class=\"yoast-schema-graph\">{\"@context\":\"https:\/\/schema.org\",\"@graph\":[{\"@type\":\"WebPage\",\"@id\":\"https:\/\/vejamob.com\/quem-somos\/\",\"url\":\"https:\/\/vejamob.com\/quem-somos\/\",\"name\":\"Quem somos - Vejamob\",\"isPartOf\":{\"@id\":\"https:\/\/vejamob.com\/#website\"},\"datePublished\":\"2024-06-28T16:01:36+00:00\",\"dateModified\":\"2025-03-25T19:34:44+00:00\",\"breadcrumb\":{\"@id\":\"https:\/\/vejamob.com\/quem-somos\/#breadcrumb\"},\"inLanguage\":\"id\",\"potentialAction\":[{\"@type\":\"ReadAction\",\"target\":[\"https:\/\/vejamob.com\/quem-somos\/\"]}]},{\"@type\":\"BreadcrumbList\",\"@id\":\"https:\/\/vejamob.com\/quem-somos\/#breadcrumb\",\"itemListElement\":[{\"@type\":\"ListItem\",\"position\":1,\"name\":\"In\u00edcio\",\"item\":\"https:\/\/vejamob.com\/\"},{\"@type\":\"ListItem\",\"position\":2,\"name\":\"Quem somos\"}]},{\"@type\":\"WebSite\",\"@id\":\"https:\/\/vejamob.com\/#website\",\"url\":\"https:\/\/vejamob.com\/\",\"name\":\"Noticia Tecnologia\",\"description\":\"Tudo sobre aplicativos!\",\"publisher\":{\"@id\":\"https:\/\/vejamob.com\/#organization\"},\"potentialAction\":[{\"@type\":\"SearchAction\",\"target\":{\"@type\":\"EntryPoint\",\"urlTemplate\":\"https:\/\/vejamob.com\/?s={search_term_string}\"},\"query-input\":{\"@type\":\"PropertyValueSpecification\",\"valueRequired\":true,\"valueName\":\"search_term_string\"}}],\"inLanguage\":\"id\"},{\"@type\":\"Organization\",\"@id\":\"https:\/\/vejamob.com\/#organization\",\"name\":\"Spotads\",\"url\":\"https:\/\/vejamob.com\/\",\"logo\":{\"@type\":\"ImageObject\",\"inLanguage\":\"id\",\"@id\":\"https:\/\/vejamob.com\/#\/schema\/logo\/image\/\",\"url\":\"https:\/\/vejamob.com\/wp-content\/uploads\/2024\/06\/NOTICIA-LOGO-1.png\",\"contentUrl\":\"https:\/\/vejamob.com\/wp-content\/uploads\/2024\/06\/NOTICIA-LOGO-1.png\",\"width\":250,\"height\":60,\"caption\":\"Spotads\"},\"image\":{\"@id\":\"https:\/\/vejamob.com\/#\/schema\/logo\/image\/\"}}]}<\/script>\n<!-- \/ Yoast SEO plugin. -->","yoast_head_json":{"title":"Siapakah kami - Vejamob","robots":{"index":"index","follow":"follow","max-snippet":"max-snippet:-1","max-image-preview":"max-image-preview:large","max-video-preview":"max-video-preview:-1"},"canonical":"https:\/\/vejamob.com\/id\/siapa-kita\/","og_locale":"id_ID","og_type":"article","og_title":"Quem somos - Vejamob","og_description":"O Vejamob \u00e9 um site de tecnologia criado em 2024 com o objetivo de fornecer informa\u00e7\u00f5es e dicas sobre aplicativos, finan\u00e7as e outros assuntos relacionados ao mundo digital. N\u00f3s acreditamos que a tecnologia \u00e9 uma ferramenta poderosa para transformar vidas e empresas, e queremos ajudar nossos leitores a se manterem atualizados e aproveitar ao m\u00e1ximo ... Leia mais","og_url":"https:\/\/vejamob.com\/id\/siapa-kita\/","og_site_name":"Vejamob","article_modified_time":"2025-03-25T19:34:44+00:00","twitter_card":"summary_large_image","twitter_misc":{"Estimasi waktu membaca":"2 menit"},"schema":{"@context":"https:\/\/schema.org","@graph":[{"@type":"WebPage","@id":"https:\/\/vejamob.com\/quem-somos\/","url":"https:\/\/vejamob.com\/quem-somos\/","name":"Siapakah kami - Vejamob","isPartOf":{"@id":"https:\/\/vejamob.com\/#website"},"datePublished":"2024-06-28T16:01:36+00:00","dateModified":"2025-03-25T19:34:44+00:00","breadcrumb":{"@id":"https:\/\/vejamob.com\/quem-somos\/#breadcrumb"},"inLanguage":"id","potentialAction":[{"@type":"ReadAction","target":["https:\/\/vejamob.com\/quem-somos\/"]}]},{"@type":"BreadcrumbList","@id":"https:\/\/vejamob.com\/quem-somos\/#breadcrumb","itemListElement":[{"@type":"ListItem","position":1,"name":"In\u00edcio","item":"https:\/\/vejamob.com\/"},{"@type":"ListItem","position":2,"name":"Quem somos"}]},{"@type":"WebSite","@id":"https:\/\/vejamob.com\/#website","url":"https:\/\/vejamob.com\/","name":"Berita Teknologi","description":"Semua tentang aplikasi!","publisher":{"@id":"https:\/\/vejamob.com\/#organization"},"potentialAction":[{"@type":"SearchAction","target":{"@type":"EntryPoint","urlTemplate":"https:\/\/vejamob.com\/?s={search_term_string}"},"query-input":{"@type":"PropertyValueSpecification","valueRequired":true,"valueName":"search_term_string"}}],"inLanguage":"id"},{"@type":"Organization","@id":"https:\/\/vejamob.com\/#organization","name":"bintik-bintik","url":"https:\/\/vejamob.com\/","logo":{"@type":"ImageObject","inLanguage":"id","@id":"https:\/\/vejamob.com\/#\/schema\/logo\/image\/","url":"https:\/\/vejamob.com\/wp-content\/uploads\/2024\/06\/NOTICIA-LOGO-1.png","contentUrl":"https:\/\/vejamob.com\/wp-content\/uploads\/2024\/06\/NOTICIA-LOGO-1.png","width":250,"height":60,"caption":"Spotads"},"image":{"@id":"https:\/\/vejamob.com\/#\/schema\/logo\/image\/"}}]}},"_links":{"self":[{"href":"https:\/\/vejamob.com\/id\/wp-json\/wp\/v2\/pages\/46979","targetHints":{"allow":["GET"]}}],"collection":[{"href":"https:\/\/vejamob.com\/id\/wp-json\/wp\/v2\/pages"}],"about":[{"href":"https:\/\/vejamob.com\/id\/wp-json\/wp\/v2\/types\/page"}],"author":[{"embeddable":true,"href":"https:\/\/vejamob.com\/id\/wp-json\/wp\/v2\/users\/1"}],"replies":[{"embeddable":true,"href":"https:\/\/vejamob.com\/id\/wp-json\/wp\/v2\/comments?post=46979"}],"version-history":[{"count":0,"href":"https:\/\/vejamob.com\/id\/wp-json\/wp\/v2\/pages\/46979\/revisions"}],"wp:attachment":[{"href":"https:\/\/vejamob.com\/id\/wp-json\/wp\/v2\/media?parent=46979"}],"curies":[{"name":"wp","href":"https:\/\/api.w.org\/{rel}","templated":true}]}}