{"id":46975,"date":"2024-06-28T15:59:34","date_gmt":"2024-06-28T15:59:34","guid":{"rendered":"https:\/\/vejamob.com\/?page_id=46975"},"modified":"2025-03-25T19:37:25","modified_gmt":"2025-03-25T19:37:25","slug":"%e5%88%a9%e7%94%a8%e8%a6%8f%e7%b4%84","status":"publish","type":"page","link":"https:\/\/vejamob.com\/jp\/%e5%88%a9%e7%94%a8%e8%a6%8f%e7%b4%84\/","title":{"rendered":"\u5229\u7528\u898f\u7d04"},"content":{"rendered":"<p>Vejamob \u30a6\u30a7\u30d6\u30b5\u30a4\u30c8\u306b\u30a2\u30af\u30bb\u30b9\u3059\u308b\u3053\u3068\u306b\u3088\u308a\u3001\u304a\u5ba2\u69d8\u306f\u672c\u5229\u7528\u898f\u7d04\u3001\u9069\u7528\u3055\u308c\u308b\u3059\u3079\u3066\u306e\u6cd5\u5f8b\u304a\u3088\u3073\u898f\u5236\u3092\u9075\u5b88\u3059\u308b\u3053\u3068\u306b\u540c\u610f\u3057\u3001\u9069\u7528\u3055\u308c\u308b\u3059\u3079\u3066\u306e\u73fe\u5730\u6cd5\u306e\u9075\u5b88\u306b\u8cac\u4efb\u3092\u8ca0\u3046\u3053\u3068\u306b\u540c\u610f\u3059\u308b\u3082\u306e\u3068\u3057\u307e\u3059\u3002\u3053\u308c\u3089\u306e\u6761\u4ef6\u306e\u3044\u305a\u308c\u304b\u306b\u540c\u610f\u3057\u306a\u3044\u5834\u5408\u306f\u3001\u3053\u306e\u30b5\u30a4\u30c8\u306e\u4f7f\u7528\u307e\u305f\u306f\u30a2\u30af\u30bb\u30b9\u3092\u7981\u6b62\u3057\u307e\u3059\u3002\u3053\u306e\u30a6\u30a7\u30d6\u30b5\u30a4\u30c8\u306b\u542b\u307e\u308c\u308b\u8cc7\u6599\u306f\u3001\u9069\u7528\u3055\u308c\u308b\u8457\u4f5c\u6a29\u6cd5\u304a\u3088\u3073\u5546\u6a19\u6cd5\u306b\u3088\u3063\u3066\u4fdd\u8b77\u3055\u308c\u3066\u3044\u307e\u3059\u3002<\/p>\n\n\n\n<h2 class=\"wp-block-heading\">\u30e9\u30a4\u30bb\u30f3\u30b9\u306e\u4f7f\u7528\u6cd5<\/h2>\n\n\n\n<p>Vejamob \u306e Web \u30b5\u30a4\u30c8\u4e0a\u306e\u8cc7\u6599 (\u60c5\u5831\u307e\u305f\u306f\u30bd\u30d5\u30c8\u30a6\u30a7\u30a2) \u306e\u30b3\u30d4\u30fc 1 \u90e8\u3092\u3001\u500b\u4eba\u7684\u306a\u975e\u55b6\u5229\u76ee\u7684\u306e\u4e00\u6642\u7684\u306a\u95b2\u89a7\u306e\u307f\u3092\u76ee\u7684\u3068\u3057\u3066\u4e00\u6642\u7684\u306b\u30c0\u30a6\u30f3\u30ed\u30fc\u30c9\u3059\u308b\u3053\u3068\u3092\u8a31\u53ef\u3057\u307e\u3059\u3002\u3053\u308c\u306f\u30e9\u30a4\u30bb\u30f3\u30b9\u306e\u4ed8\u4e0e\u3067\u3042\u308a\u3001\u6240\u6709\u6a29\u306e\u8b72\u6e21\u3067\u306f\u3042\u308a\u307e\u305b\u3093\u3002\u3053\u306e\u30e9\u30a4\u30bb\u30f3\u30b9\u3067\u306f\u3001\u6b21\u306e\u884c\u70ba\u306f\u7981\u6b62\u3055\u308c\u3066\u3044\u307e\u3059\u3002<\/p>\n\n\n\n<ul class=\"wp-block-list\">\n<li>\u8cc7\u6599\u3092\u5909\u66f4\u307e\u305f\u306f\u30b3\u30d4\u30fc\u3059\u308b\u3002<\/li>\n\n\n\n<li>\u5546\u696d\u76ee\u7684\u307e\u305f\u306f\u516c\u5171\u5c55\u793a\uff08\u55b6\u5229\u307e\u305f\u306f\u975e\u55b6\u5229\uff09\u306e\u305f\u3081\u306b\u7d20\u6750\u3092\u4f7f\u7528\u3059\u308b\u3053\u3068\u3002<\/li>\n\n\n\n<li>Vejamob \u30a6\u30a7\u30d6\u30b5\u30a4\u30c8\u306b\u542b\u307e\u308c\u308b\u30bd\u30d5\u30c8\u30a6\u30a7\u30a2\u3092\u9006\u30b3\u30f3\u30d1\u30a4\u30eb\u307e\u305f\u306f\u30ea\u30d0\u30fc\u30b9\u30a8\u30f3\u30b8\u30cb\u30a2\u30ea\u30f3\u30b0\u3057\u3088\u3046\u3068\u3059\u308b\u884c\u70ba\u3002<\/li>\n\n\n\n<li>\u8457\u4f5c\u6a29\u307e\u305f\u306f\u305d\u306e\u4ed6\u306e\u6240\u6709\u6a29\u306e\u3042\u308b\u8868\u8a18\u3092\u7d20\u6750\u304b\u3089\u524a\u9664\u3057\u307e\u3059\u3002\u307e\u305f\u306f<\/li>\n\n\n\n<li>\u8cc7\u6599\u3092\u4ed6\u306e\u4eba\u306b\u8ee2\u9001\u3057\u305f\u308a\u3001\u4ed6\u306e\u30b5\u30fc\u30d0\u30fc\u306b\u8cc7\u6599\u3092\u300c\u30df\u30e9\u30fc\u30ea\u30f3\u30b0\u300d\u3057\u305f\u308a\u3059\u308b\u3053\u3068\u306f\u3067\u304d\u307e\u305b\u3093\u3002\u3053\u308c\u3089\u306e\u5236\u9650\u306e\u3044\u305a\u308c\u304b\u306b\u9055\u53cd\u3057\u305f\u5834\u5408\u3001\u3053\u306e\u30e9\u30a4\u30bb\u30f3\u30b9\u306f\u81ea\u52d5\u7684\u306b\u7d42\u4e86\u3057\u3001Vejamob \u306b\u3088\u3063\u3066\u3044\u3064\u3067\u3082\u7d42\u4e86\u3055\u308c\u308b\u5834\u5408\u304c\u3042\u308a\u307e\u3059\u3002\u3053\u308c\u3089\u306e\u8cc7\u6599\u306e\u95b2\u89a7\u3092\u7d42\u4e86\u3057\u305f\u5834\u5408\u3001\u307e\u305f\u306f\u3053\u306e\u30e9\u30a4\u30bb\u30f3\u30b9\u304c\u7d42\u4e86\u3057\u305f\u5834\u5408\u306b\u306f\u3001\u96fb\u5b50\u5f62\u5f0f\u307e\u305f\u306f\u5370\u5237\u5f62\u5f0f\u3092\u554f\u308f\u305a\u3001\u6240\u6709\u3057\u3066\u3044\u308b\u30c0\u30a6\u30f3\u30ed\u30fc\u30c9\u3057\u305f\u8cc7\u6599\u3092\u3059\u3079\u3066\u7834\u68c4\u3059\u308b\u5fc5\u8981\u304c\u3042\u308a\u307e\u3059\u3002<\/li>\n<\/ul>\n\n\n\n<h2 class=\"wp-block-heading\">\u514d\u8cac\u4e8b\u9805<\/h2>\n\n\n\n<p>Vejamob \u306e Web \u30b5\u30a4\u30c8\u4e0a\u306e\u8cc7\u6599\u306f\u300c\u73fe\u72b6\u306e\u307e\u307e\u300d\u63d0\u4f9b\u3055\u308c\u307e\u3059\u3002 Vejamob \u306f\u3001\u660e\u793a\u7684\u304b\u9ed9\u793a\u7684\u304b\u3092\u554f\u308f\u305a\u3044\u304b\u306a\u308b\u4fdd\u8a3c\u3082\u884c\u3044\u307e\u305b\u3093\u3002\u307e\u305f\u3001\u5546\u54c1\u6027\u3001\u7279\u5b9a\u76ee\u7684\u3078\u306e\u9069\u5408\u6027\u3001\u77e5\u7684\u8ca1\u7523\u6a29\u306e\u975e\u4fb5\u5bb3\u307e\u305f\u306f\u305d\u306e\u4ed6\u306e\u6a29\u5229\u4fb5\u5bb3\u306b\u5bfe\u3059\u308b\u9ed9\u793a\u7684\u4fdd\u8a3c\u307e\u305f\u306f\u6761\u4ef6\u3092\u542b\u3080\u304c\u3053\u308c\u3089\u306b\u9650\u5b9a\u3055\u308c\u306a\u3044\u3001\u305d\u306e\u4ed6\u3059\u3079\u3066\u306e\u4fdd\u8a3c\u3092\u3053\u3053\u306b\u5426\u8a8d\u3057\u307e\u3059\u3002<\/p>\n\n\n\n<p>\u3055\u3089\u306b\u3001Vejamob \u306f\u3001\u305d\u306e Web \u30b5\u30a4\u30c8\u4e0a\u306e\u8cc7\u6599\u3001\u307e\u305f\u306f\u5f53\u8a72\u8cc7\u6599\u306b\u95a2\u9023\u3059\u308b\u8cc7\u6599\u3001\u3082\u3057\u304f\u306f\u3053\u306e\u30b5\u30a4\u30c8\u306b\u30ea\u30f3\u30af\u3055\u308c\u3066\u3044\u308b\u30b5\u30a4\u30c8\u4e0a\u306e\u8cc7\u6599\u306e\u4f7f\u7528\u306e\u6b63\u78ba\u6027\u3001\u7d50\u679c\u306e\u53ef\u80fd\u6027\u3001\u307e\u305f\u306f\u4fe1\u983c\u6027\u306b\u95a2\u3057\u3066\u3001\u3044\u304b\u306a\u308b\u4fdd\u8a3c\u3082\u8868\u660e\u3082\u884c\u3044\u307e\u305b\u3093\u3002<\/p>\n\n\n\n<h2 class=\"wp-block-heading\">\u5236\u9650\u4e8b\u9805<\/h2>\n\n\n\n<p>\u3044\u304b\u306a\u308b\u5834\u5408\u306b\u304a\u3044\u3066\u3082\u3001Vejamob \u307e\u305f\u306f\u305d\u306e\u30b5\u30d7\u30e9\u30a4\u30e4\u30fc\u306f\u3001Vejamob \u306e\u30a4\u30f3\u30bf\u30fc\u30cd\u30c3\u30c8 \u30b5\u30a4\u30c8\u4e0a\u306e\u8cc7\u6599\u306e\u4f7f\u7528\u307e\u305f\u306f\u4f7f\u7528\u4e0d\u80fd\u304b\u3089\u751f\u3058\u308b\u3044\u304b\u306a\u308b\u640d\u5bb3 (\u30c7\u30fc\u30bf\u640d\u5931\u307e\u305f\u306f\u5229\u76ca\u640d\u5931\u3001\u4e8b\u696d\u4e2d\u65ad\u306b\u3088\u308b\u640d\u5bb3\u3092\u542b\u3080\u304c\u3053\u308c\u306b\u9650\u5b9a\u3055\u308c\u306a\u3044) \u306b\u3064\u3044\u3066\u3082\u3001\u305f\u3068\u3048 Vejamob \u307e\u305f\u306f Vejamob \u306e\u8a31\u53ef\u3092\u53d7\u3051\u305f\u4ee3\u8868\u8005\u304c\u53e3\u982d\u307e\u305f\u306f\u66f8\u9762\u3067\u5f53\u8a72\u640d\u5bb3\u306e\u53ef\u80fd\u6027\u306b\u3064\u3044\u3066\u901a\u77e5\u3092\u53d7\u3051\u3066\u3044\u305f\u3068\u3057\u3066\u3082\u3001\u4e00\u5207\u306e\u8cac\u4efb\u3092\u8ca0\u308f\u306a\u3044\u3082\u306e\u3068\u3057\u307e\u3059\u3002\u4e00\u90e8\u306e\u6cd5\u57df\u3067\u306f\u9ed9\u793a\u306e\u4fdd\u8a3c\u306e\u5236\u9650\u3001\u307e\u305f\u306f\u7d50\u679c\u7684\u640d\u5bb3\u3082\u3057\u304f\u306f\u4ed8\u968f\u7684\u640d\u5bb3\u306b\u5bfe\u3059\u308b\u8cac\u4efb\u306e\u5236\u9650\u304c\u8a8d\u3081\u3089\u308c\u3066\u3044\u306a\u3044\u305f\u3081\u3001\u3053\u308c\u3089\u306e\u5236\u9650\u306f\u304a\u5ba2\u69d8\u306b\u9069\u7528\u3055\u308c\u306a\u3044\u5834\u5408\u304c\u3042\u308a\u307e\u3059\u3002<\/p>\n\n\n\n<h2 class=\"wp-block-heading\">\u6750\u6599\u306e\u7cbe\u5ea6<\/h2>\n\n\n\n<p>Vejamob \u306e Web \u30b5\u30a4\u30c8\u306b\u8868\u793a\u3055\u308c\u308b\u8cc7\u6599\u306b\u306f\u3001\u6280\u8853\u7684\u3001\u5370\u5237\u4e0a\u306e\u3001\u307e\u305f\u306f\u5199\u771f\u4e0a\u306e\u8aa4\u308a\u304c\u542b\u307e\u308c\u3066\u3044\u308b\u5834\u5408\u304c\u3042\u308a\u307e\u3059\u3002 Vejamob \u306f\u3001\u30a6\u30a7\u30d6\u30b5\u30a4\u30c8\u4e0a\u306e\u8cc7\u6599\u304c\u6b63\u78ba\u3001\u5b8c\u5168\u3001\u6700\u65b0\u3067\u3042\u308b\u3053\u3068\u3092\u4fdd\u8a3c\u3057\u307e\u305b\u3093\u3002 Vejamob \u306f\u3001\u30a6\u30a7\u30d6\u30b5\u30a4\u30c8\u306b\u542b\u307e\u308c\u308b\u8cc7\u6599\u3092\u3001\u4e8b\u524d\u306e\u901a\u77e5\u306a\u304f\u3044\u3064\u3067\u3082\u5909\u66f4\u3067\u304d\u308b\u3082\u306e\u3068\u3057\u307e\u3059\u3002\u305f\u3060\u3057\u3001Vejamob \u306f\u8cc7\u6599\u3092\u66f4\u65b0\u3059\u308b\u7fa9\u52d9\u3092\u8ca0\u3044\u307e\u305b\u3093\u3002<\/p>\n\n\n\n<h2 class=\"wp-block-heading\">\u30ea\u30f3\u30af<\/h2>\n\n\n\n<p>Vejamob \u306f\u3001\u81ea\u793e\u306e Web \u30b5\u30a4\u30c8\u306b\u30ea\u30f3\u30af\u3055\u308c\u3066\u3044\u308b\u3059\u3079\u3066\u306e\u30b5\u30a4\u30c8\u3092\u78ba\u8a8d\u3057\u3066\u304a\u3089\u305a\u3001\u305d\u306e\u3088\u3046\u306a\u30ea\u30f3\u30af\u3055\u308c\u305f\u30b5\u30a4\u30c8\u306e\u5185\u5bb9\u306b\u3064\u3044\u3066\u4e00\u5207\u8cac\u4efb\u3092\u8ca0\u3044\u307e\u305b\u3093\u3002\u30ea\u30f3\u30af\u306e\u63b2\u8f09\u306f\u3001Vejamob \u304c\u305d\u306e\u30b5\u30a4\u30c8\u3092\u63a8\u5968\u3057\u3066\u3044\u308b\u3053\u3068\u3092\u610f\u5473\u3059\u308b\u3082\u306e\u3067\u306f\u3042\u308a\u307e\u305b\u3093\u3002\u30ea\u30f3\u30af\u3055\u308c\u305f\u30a6\u30a7\u30d6\u30b5\u30a4\u30c8\u306e\u4f7f\u7528\u306f\u30e6\u30fc\u30b6\u30fc\u81ea\u8eab\u306e\u8cac\u4efb\u3068\u306a\u308a\u307e\u3059\u3002<\/p>\n\n\n\n<h2 class=\"wp-block-heading\">\u4fee\u6b63<\/h2>\n\n\n\n<p>Vejamob \u306f\u3001\u4e8b\u524d\u306e\u901a\u77e5\u306a\u3057\u306b\u3044\u3064\u3067\u3082\u672c\u30a6\u30a7\u30d6\u30b5\u30a4\u30c8\u306e\u5229\u7528\u898f\u7d04\u3092\u6539\u8a02\u3059\u308b\u3053\u3068\u304c\u3067\u304d\u307e\u3059\u3002\u3053\u306e\u30a6\u30a7\u30d6\u30b5\u30a4\u30c8\u3092\u4f7f\u7528\u3059\u308b\u3053\u3068\u306b\u3088\u308a\u3001\u304a\u5ba2\u69d8\u306f\u305d\u306e\u6642\u70b9\u306e\u6700\u65b0\u7248\u306e\u5229\u7528\u898f\u7d04\u306b\u62d8\u675f\u3055\u308c\u308b\u3053\u3068\u306b\u540c\u610f\u3059\u308b\u3082\u306e\u3068\u3057\u307e\u3059\u3002<\/p>\n\n\n\n<p>\u6e96\u62e0\u6cd5\uff1a\u3053\u308c\u3089\u306e\u5229\u7528\u898f\u7d04\u306f\u3001Vejamob \u306e\u6cd5\u5f8b\u306b\u6e96\u62e0\u3057\u3001\u305d\u308c\u306b\u5f93\u3063\u3066\u89e3\u91c8\u3055\u308c\u3001\u304a\u5ba2\u69d8\u306f\u5f53\u8a72\u5dde\u307e\u305f\u306f\u5730\u57df\u306e\u88c1\u5224\u6240\u306e\u5c02\u5c5e\u7ba1\u8f44\u6a29\u306b\u53d6\u6d88\u4e0d\u80fd\u306b\u670d\u3059\u308b\u3082\u306e\u3068\u3057\u307e\u3059\u3002<\/p>\n\n\n\n<h2 class=\"wp-block-heading\" id=\"lei-aplicavel\">\u9069\u7528\u6cd5<\/h2>\n\n\n\n<p>\u3053\u308c\u3089\u306e\u5229\u7528\u898f\u7d04\u306f Vejamob \u306e\u6cd5\u5f8b\u306b\u6e96\u62e0\u3057\u3001\u305d\u308c\u306b\u5f93\u3063\u3066\u89e3\u91c8\u3055\u308c\u3001\u304a\u5ba2\u69d8\u306f\u5f53\u8a72\u5dde\u307e\u305f\u306f\u5730\u57df\u306e\u88c1\u5224\u6240\u306e\u5c02\u5c5e\u7ba1\u8f44\u6a29\u306b\u53d6\u6d88\u4e0d\u80fd\u306b\u670d\u3059\u308b\u3082\u306e\u3068\u3057\u307e\u3059\u3002<\/p>","protected":false},"excerpt":{"rendered":"<p>Vejamob\u30a6\u30a7\u30d6\u30b5\u30a4\u30c8\u306b\u30a2\u30af\u30bb\u30b9\u3059\u308b\u3053\u3068\u306b\u3088\u308a\u3001\u304a\u5ba2\u69d8\u306f\u672c\u5229\u7528\u898f\u7d04\u304a\u3088\u3073\u9069\u7528\u3055\u308c\u308b\u3059\u3079\u3066\u306e\u6cd5\u5f8b\u304a\u3088\u3073\u898f\u5236\u3092\u9075\u5b88\u3059\u308b\u3053\u3068\u306b\u540c\u610f\u3057\u3001\u9069\u7528\u3055\u308c\u308b\u3059\u3079\u3066\u306e\u73fe\u5730\u6cd5\u306e\u9075\u5b88\u306b\u8cac\u4efb\u3092\u8ca0\u3046\u3053\u3068\u306b\u540c\u610f\u3059\u308b\u3082\u306e\u3068\u3057\u307e\u3059\u3002\u672c\u898f\u7d04\u306e\u3044\u305a\u308c\u304b\u306b\u540c\u610f\u3044\u305f\u3060\u3051\u306a\u3044\u5834\u5408\u3001\u672c\u30b5\u30a4\u30c8\u306e\u5229\u7528\u307e\u305f\u306f\u30a2\u30af\u30bb\u30b9\u306f\u7981\u6b62\u3055\u308c\u307e\u3059\u3002\u672c\u30a6\u30a7\u30d6\u30b5\u30a4\u30c8\u306b\u542b\u307e\u308c\u308b\u8cc7\u6599\u306f\u2026\u306b\u3088\u3063\u3066\u4fdd\u8b77\u3055\u308c\u3066\u3044\u307e\u3059\u3002 <a title=\"\u5229\u7528\u898f\u7d04\" class=\"read-more\" href=\"https:\/\/vejamob.com\/jp\/%e5%88%a9%e7%94%a8%e8%a6%8f%e7%b4%84\/\" aria-label=\"\u5229\u7528\u898f\u7d04\u306b\u3064\u3044\u3066\u3055\u3089\u306b\u8aad\u3080\">\u7d9a\u304d\u3092\u8aad\u3080<\/a><\/p>","protected":false},"author":1,"featured_media":0,"parent":0,"menu_order":0,"comment_status":"closed","ping_status":"closed","template":"","meta":{"footnotes":""},"class_list":["post-46975","page","type-page","status-publish"],"yoast_head":"<!-- This site is optimized with the Yoast SEO plugin v25.6 - https:\/\/yoast.com\/wordpress\/plugins\/seo\/ -->\n<title>Termos de Uso - Vejamob<\/title>\n<meta name=\"robots\" content=\"index, follow, max-snippet:-1, max-image-preview:large, max-video-preview:-1\" \/>\n<link rel=\"canonical\" href=\"https:\/\/vejamob.com\/jp\/\u5229\u7528\u898f\u7d04\/\" \/>\n<meta property=\"og:locale\" content=\"ja_JP\" \/>\n<meta property=\"og:type\" content=\"article\" \/>\n<meta property=\"og:title\" content=\"Termos de Uso - Vejamob\" \/>\n<meta property=\"og:description\" content=\"Ao acessar ao site Vejamob, concorda em cumprir estes termos de servi\u00e7o, todas as leis e regulamentos aplic\u00e1veis e concorda que \u00e9 respons\u00e1vel pelo cumprimento de todas as leis locais aplic\u00e1veis. Se voc\u00ea n\u00e3o concordar com algum desses termos, est\u00e1 proibido de usar ou acessar este site. Os materiais contidos neste site s\u00e3o protegidos pelas ... Leia mais\" \/>\n<meta property=\"og:url\" content=\"https:\/\/vejamob.com\/jp\/\u5229\u7528\u898f\u7d04\/\" \/>\n<meta property=\"og:site_name\" content=\"Vejamob\" \/>\n<meta property=\"article:modified_time\" content=\"2025-03-25T19:37:25+00:00\" \/>\n<meta name=\"twitter:card\" content=\"summary_large_image\" \/>\n<meta name=\"twitter:label1\" content=\"\u63a8\u5b9a\u8aad\u307f\u53d6\u308a\u6642\u9593\" \/>\n\t<meta name=\"twitter:data1\" content=\"4\u5206\" \/>\n<script type=\"application\/ld+json\" class=\"yoast-schema-graph\">{\"@context\":\"https:\/\/schema.org\",\"@graph\":[{\"@type\":\"WebPage\",\"@id\":\"https:\/\/vejamob.com\/termos-de-uso\/\",\"url\":\"https:\/\/vejamob.com\/termos-de-uso\/\",\"name\":\"Termos de Uso - Vejamob\",\"isPartOf\":{\"@id\":\"https:\/\/vejamob.com\/#website\"},\"datePublished\":\"2024-06-28T15:59:34+00:00\",\"dateModified\":\"2025-03-25T19:37:25+00:00\",\"breadcrumb\":{\"@id\":\"https:\/\/vejamob.com\/termos-de-uso\/#breadcrumb\"},\"inLanguage\":\"ja\",\"potentialAction\":[{\"@type\":\"ReadAction\",\"target\":[\"https:\/\/vejamob.com\/termos-de-uso\/\"]}]},{\"@type\":\"BreadcrumbList\",\"@id\":\"https:\/\/vejamob.com\/termos-de-uso\/#breadcrumb\",\"itemListElement\":[{\"@type\":\"ListItem\",\"position\":1,\"name\":\"In\u00edcio\",\"item\":\"https:\/\/vejamob.com\/\"},{\"@type\":\"ListItem\",\"position\":2,\"name\":\"Termos de Uso\"}]},{\"@type\":\"WebSite\",\"@id\":\"https:\/\/vejamob.com\/#website\",\"url\":\"https:\/\/vejamob.com\/\",\"name\":\"Noticia Tecnologia\",\"description\":\"Tudo sobre aplicativos!\",\"publisher\":{\"@id\":\"https:\/\/vejamob.com\/#organization\"},\"potentialAction\":[{\"@type\":\"SearchAction\",\"target\":{\"@type\":\"EntryPoint\",\"urlTemplate\":\"https:\/\/vejamob.com\/?s={search_term_string}\"},\"query-input\":{\"@type\":\"PropertyValueSpecification\",\"valueRequired\":true,\"valueName\":\"search_term_string\"}}],\"inLanguage\":\"ja\"},{\"@type\":\"Organization\",\"@id\":\"https:\/\/vejamob.com\/#organization\",\"name\":\"Spotads\",\"url\":\"https:\/\/vejamob.com\/\",\"logo\":{\"@type\":\"ImageObject\",\"inLanguage\":\"ja\",\"@id\":\"https:\/\/vejamob.com\/#\/schema\/logo\/image\/\",\"url\":\"https:\/\/vejamob.com\/wp-content\/uploads\/2024\/06\/NOTICIA-LOGO-1.png\",\"contentUrl\":\"https:\/\/vejamob.com\/wp-content\/uploads\/2024\/06\/NOTICIA-LOGO-1.png\",\"width\":250,\"height\":60,\"caption\":\"Spotads\"},\"image\":{\"@id\":\"https:\/\/vejamob.com\/#\/schema\/logo\/image\/\"}}]}<\/script>\n<!-- \/ Yoast SEO plugin. -->","yoast_head_json":{"title":"\u5229\u7528\u898f\u7d04 - Vejamob","robots":{"index":"index","follow":"follow","max-snippet":"max-snippet:-1","max-image-preview":"max-image-preview:large","max-video-preview":"max-video-preview:-1"},"canonical":"https:\/\/vejamob.com\/jp\/\u5229\u7528\u898f\u7d04\/","og_locale":"ja_JP","og_type":"article","og_title":"Termos de Uso - Vejamob","og_description":"Ao acessar ao site Vejamob, concorda em cumprir estes termos de servi\u00e7o, todas as leis e regulamentos aplic\u00e1veis e concorda que \u00e9 respons\u00e1vel pelo cumprimento de todas as leis locais aplic\u00e1veis. Se voc\u00ea n\u00e3o concordar com algum desses termos, est\u00e1 proibido de usar ou acessar este site. Os materiais contidos neste site s\u00e3o protegidos pelas ... Leia mais","og_url":"https:\/\/vejamob.com\/jp\/\u5229\u7528\u898f\u7d04\/","og_site_name":"Vejamob","article_modified_time":"2025-03-25T19:37:25+00:00","twitter_card":"summary_large_image","twitter_misc":{"\u63a8\u5b9a\u8aad\u307f\u53d6\u308a\u6642\u9593":"4\u5206"},"schema":{"@context":"https:\/\/schema.org","@graph":[{"@type":"WebPage","@id":"https:\/\/vejamob.com\/termos-de-uso\/","url":"https:\/\/vejamob.com\/termos-de-uso\/","name":"\u5229\u7528\u898f\u7d04 - Vejamob","isPartOf":{"@id":"https:\/\/vejamob.com\/#website"},"datePublished":"2024-06-28T15:59:34+00:00","dateModified":"2025-03-25T19:37:25+00:00","breadcrumb":{"@id":"https:\/\/vejamob.com\/termos-de-uso\/#breadcrumb"},"inLanguage":"ja","potentialAction":[{"@type":"ReadAction","target":["https:\/\/vejamob.com\/termos-de-uso\/"]}]},{"@type":"BreadcrumbList","@id":"https:\/\/vejamob.com\/termos-de-uso\/#breadcrumb","itemListElement":[{"@type":"ListItem","position":1,"name":"In\u00edcio","item":"https:\/\/vejamob.com\/"},{"@type":"ListItem","position":2,"name":"Termos de Uso"}]},{"@type":"WebSite","@id":"https:\/\/vejamob.com\/#website","url":"https:\/\/vejamob.com\/","name":"\u30c6\u30af\u30ce\u30ed\u30b8\u30fc\u30cb\u30e5\u30fc\u30b9","description":"\u30a2\u30d7\u30ea\u306b\u95a2\u3059\u308b\u3059\u3079\u3066\uff01","publisher":{"@id":"https:\/\/vejamob.com\/#organization"},"potentialAction":[{"@type":"SearchAction","target":{"@type":"EntryPoint","urlTemplate":"https:\/\/vejamob.com\/?s={search_term_string}"},"query-input":{"@type":"PropertyValueSpecification","valueRequired":true,"valueName":"search_term_string"}}],"inLanguage":"ja"},{"@type":"Organization","@id":"https:\/\/vejamob.com\/#organization","name":"\u30b9\u30dd\u30c3\u30c8\u30c9","url":"https:\/\/vejamob.com\/","logo":{"@type":"ImageObject","inLanguage":"ja","@id":"https:\/\/vejamob.com\/#\/schema\/logo\/image\/","url":"https:\/\/vejamob.com\/wp-content\/uploads\/2024\/06\/NOTICIA-LOGO-1.png","contentUrl":"https:\/\/vejamob.com\/wp-content\/uploads\/2024\/06\/NOTICIA-LOGO-1.png","width":250,"height":60,"caption":"Spotads"},"image":{"@id":"https:\/\/vejamob.com\/#\/schema\/logo\/image\/"}}]}},"_links":{"self":[{"href":"https:\/\/vejamob.com\/jp\/wp-json\/wp\/v2\/pages\/46975","targetHints":{"allow":["GET"]}}],"collection":[{"href":"https:\/\/vejamob.com\/jp\/wp-json\/wp\/v2\/pages"}],"about":[{"href":"https:\/\/vejamob.com\/jp\/wp-json\/wp\/v2\/types\/page"}],"author":[{"embeddable":true,"href":"https:\/\/vejamob.com\/jp\/wp-json\/wp\/v2\/users\/1"}],"replies":[{"embeddable":true,"href":"https:\/\/vejamob.com\/jp\/wp-json\/wp\/v2\/comments?post=46975"}],"version-history":[{"count":0,"href":"https:\/\/vejamob.com\/jp\/wp-json\/wp\/v2\/pages\/46975\/revisions"}],"wp:attachment":[{"href":"https:\/\/vejamob.com\/jp\/wp-json\/wp\/v2\/media?parent=46975"}],"curies":[{"name":"wp","href":"https:\/\/api.w.org\/{rel}","templated":true}]}}