{"id":46975,"date":"2024-06-28T15:59:34","date_gmt":"2024-06-28T15:59:34","guid":{"rendered":"https:\/\/vejamob.com\/?page_id=46975"},"modified":"2025-03-25T19:37:25","modified_gmt":"2025-03-25T19:37:25","slug":"%ec%9d%b4%ec%9a%a9-%ec%95%bd%ea%b4%80","status":"publish","type":"page","link":"https:\/\/vejamob.com\/ko\/%ec%9d%b4%ec%9a%a9-%ec%95%bd%ea%b4%80\/","title":{"rendered":"\uc774\uc6a9\uc57d\uad00"},"content":{"rendered":"<p>Vejamob \uc6f9\uc0ac\uc774\ud2b8\uc5d0 \uc811\uc18d\ud568\uc73c\ub85c\uc368 \uadc0\ud558\ub294 \uc774 \uc11c\ube44\uc2a4 \uc57d\uad00, \ubaa8\ub4e0 \ud574\ub2f9 \ubc95\ub960 \ubc0f \uaddc\uc815\uc744 \uc900\uc218\ud558\ub294 \ub370 \ub3d9\uc758\ud558\uba70, \ubaa8\ub4e0 \ud574\ub2f9 \uc9c0\uc5ed \ubc95\ub960\uc744 \uc900\uc218\ud560 \ucc45\uc784\uc774 \uc788\uc74c\uc5d0 \ub3d9\uc758\ud569\ub2c8\ub2e4. \ub9cc\uc57d \uadc0\ud558\uac00 \uc774\ub7ec\ud55c \uc774\uc6a9 \uc57d\uad00\uc5d0 \ub3d9\uc758\ud558\uc9c0 \uc54a\uc744 \uacbd\uc6b0, \uadc0\ud558\ub294 \uc774 \uc0ac\uc774\ud2b8\ub97c \uc0ac\uc6a9\ud558\uac70\ub098 \uc811\uc18d\ud558\ub294 \uac83\uc774 \uae08\uc9c0\ub429\ub2c8\ub2e4. \uc774 \uc6f9\uc0ac\uc774\ud2b8\uc5d0 \ud3ec\ud568\ub41c \uc790\ub8cc\ub294 \ud574\ub2f9 \uc800\uc791\uad8c \ubc0f \uc0c1\ud45c\ubc95\uc5d0 \uc758\ud574 \ubcf4\ud638\ub429\ub2c8\ub2e4.<\/p>\n\n\n\n<h2 class=\"wp-block-heading\">\ub77c\uc774\uc13c\uc2a4 \uc0ac\uc6a9\ub7c9<\/h2>\n\n\n\n<p>Vejamob \uc6f9\uc0ac\uc774\ud2b8\uc758 \uc790\ub8cc(\uc815\ubcf4\ub098 \uc18c\ud504\ud2b8\uc6e8\uc5b4)\ub97c \uac1c\uc778\uc801\uc774\uace0 \ube44\uc0c1\uc5c5\uc801\uc778 \uc77c\uc2dc\uc801 \uc5f4\ub78c \ubaa9\uc801\uc73c\ub85c \ud55c \ubd80\ub9cc \uc77c\uc2dc\uc801\uc73c\ub85c \ub2e4\uc6b4\ub85c\ub4dc\ud558\ub294 \uac83\uc774 \ud5c8\uac00\ub429\ub2c8\ub2e4. \uc774\ub294 \uc18c\uc720\uad8c \uc774\uc804\uc774 \uc544\ub2cc \ub77c\uc774\uc120\uc2a4 \ubd80\uc5ec\uc774\uba70, \uc774 \ub77c\uc774\uc120\uc2a4\uc5d0 \ub530\ub77c \ub2e4\uc74c\uc744 \uc218\ud589\ud560 \uc218 \uc5c6\uc2b5\ub2c8\ub2e4.<\/p>\n\n\n\n<ul class=\"wp-block-list\">\n<li>\uc790\ub8cc\ub97c \uc218\uc815\ud558\uac70\ub098 \ubcf5\uc0ac\ud569\ub2c8\ub2e4.<\/li>\n\n\n\n<li>\uc0c1\uc5c5\uc801 \ubaa9\uc801 \ub610\ub294 \uacf5\uac1c \uc804\uc2dc(\uc0c1\uc5c5 \ub610\ub294 \ube44\uc0c1\uc5c5)\ub97c \uc704\ud574 \uc790\ub8cc\ub97c \uc0ac\uc6a9\ud569\ub2c8\ub2e4.<\/li>\n\n\n\n<li>Vejamob \uc6f9\uc0ac\uc774\ud2b8\uc5d0 \ud3ec\ud568\ub41c \uc18c\ud504\ud2b8\uc6e8\uc5b4\ub97c \ub514\ucef4\ud30c\uc77c\ud558\uac70\ub098 \ub9ac\ubc84\uc2a4 \uc5d4\uc9c0\ub2c8\uc5b4\ub9c1\ud558\ub824\ub294 \uc2dc\ub3c4<\/li>\n\n\n\n<li>\uc790\ub8cc\uc5d0\uc11c \uc800\uc791\uad8c \ub610\ub294 \uae30\ud0c0 \ub3c5\uc810 \ud45c\uae30\ub97c \uc81c\uac70\ud569\ub2c8\ub2e4. \ub610\ub294<\/li>\n\n\n\n<li>\ud574\ub2f9 \uc790\ub8cc\ub97c \ub2e4\ub978 \uc0ac\ub78c\uc5d0\uac8c \uc804\uc1a1\ud558\uac70\ub098 \ub2e4\ub978 \uc11c\ubc84\uc5d0 \ud574\ub2f9 \uc790\ub8cc\ub97c &#039;\ubbf8\ub7ec\ub9c1&#039;\ud560 \uc218 \uc5c6\uc2b5\ub2c8\ub2e4. \uadc0\ud558\uac00 \uc774\ub7ec\ud55c \uc81c\ud55c \uc0ac\ud56d\uc744 \uc704\ubc18\ud560 \uacbd\uc6b0, \ubcf8 \ub77c\uc774\uc13c\uc2a4\ub294 \uc790\ub3d9\uc73c\ub85c \uc885\ub8cc\ub418\uba70 Vejamob\uc740 \uc5b8\uc81c\ub4e0\uc9c0 \ub77c\uc774\uc13c\uc2a4\ub97c \uc885\ub8cc\ud560 \uc218 \uc788\uc2b5\ub2c8\ub2e4. \uadc0\ud558\uac00 \uc774 \uc790\ub8cc\uc758 \uc2dc\uccad\uc744 \uc885\ub8cc\ud558\uac70\ub098 \ubcf8 \ub77c\uc774\uc120\uc2a4\uac00 \uc885\ub8cc\ub418\uba74 \uadc0\ud558\ub294 \uc804\uc790 \ud615\uc2dd\uc774\ub098 \uc778\uc1c4 \ud615\uc2dd \uc5ec\ubd80\uc5d0 \uad00\uacc4\uc5c6\uc774 \uadc0\ud558\uac00 \uc18c\uc9c0\ud558\uace0 \uc788\ub294 \ubaa8\ub4e0 \ub2e4\uc6b4\ub85c\ub4dc \uc790\ub8cc\ub97c \ud30c\uae30\ud574\uc57c \ud569\ub2c8\ub2e4.<\/li>\n<\/ul>\n\n\n\n<h2 class=\"wp-block-heading\">\ubd80\uc778 \uc131\uba85<\/h2>\n\n\n\n<p>Vejamob \uc6f9\uc0ac\uc774\ud2b8\uc758 \uc790\ub8cc\ub294 &#039;\uc788\ub294 \uadf8\ub300\ub85c&#039; \uc81c\uacf5\ub429\ub2c8\ub2e4. Vejamob\uc740 \uba85\uc2dc\uc801\uc774\ub4e0 \ubb35\uc2dc\uc801\uc774\ub4e0 \uc5b4\ub5a0\ud55c \ubcf4\uc99d\ub3c4 \ud558\uc9c0 \uc54a\uc73c\uba70, \uc0c1\ud488\uc131, \ud2b9\uc815 \ubaa9\uc801\uc5d0\uc758 \uc801\ud569\uc131 \ub610\ub294 \uc9c0\uc801 \uc7ac\uc0b0\uad8c\uc758 \ube44\uce68\ud574 \ub610\ub294 \uae30\ud0c0 \uad8c\ub9ac \uce68\ud574\uc5d0 \ub300\ud55c \ubb35\uc2dc\uc801 \ubcf4\uc99d\uc774\ub098 \uc870\uac74\uc744 \ud3ec\ud568\ud558\ub418 \uc774\uc5d0 \uad6d\ud55c\ub418\uc9c0 \uc54a\uace0 \ubaa8\ub4e0 \uae30\ud0c0 \ubcf4\uc99d\uc744 \ubd80\uc778\ud558\uace0 \uac70\ubd80\ud569\ub2c8\ub2e4.<\/p>\n\n\n\n<p>\ub610\ud55c Vejamob\uc740 \uc790\uc0ac \uc6f9\uc0ac\uc774\ud2b8\uc758 \uc790\ub8cc \uc0ac\uc6a9\uc774\ub098 \uadf8\ub7ec\ud55c \uc790\ub8cc\uc640 \uad00\ub828\ub41c \uc790\ub8cc \ub610\ub294 \uc774 \uc0ac\uc774\ud2b8\uc5d0 \ub9c1\ud06c\ub41c \ub2e4\ub978 \uc0ac\uc774\ud2b8\uc758 \uc790\ub8cc\uc758 \uc815\ud655\uc131, \uc608\uc0c1 \uacb0\uacfc \ub610\ub294 \uc2e0\ub8b0\uc131\uc5d0 \ub300\ud574 \ubcf4\uc99d\ud558\uac70\ub098 \uc5b4\ub5a0\ud55c \uc9c4\uc220\ub3c4 \ud558\uc9c0 \uc54a\uc2b5\ub2c8\ub2e4.<\/p>\n\n\n\n<h2 class=\"wp-block-heading\">\uc81c\ud55c \uc0ac\ud56d<\/h2>\n\n\n\n<p>\uc5b4\ub5a0\ud55c \uacbd\uc6b0\uc5d0\ub3c4 Vejamob \ub610\ub294 \uadf8 \uacf5\uae09\uc5c5\uccb4\ub294 Vejamob \uc778\ud130\ub137 \uc0ac\uc774\ud2b8\uc758 \uc790\ub8cc \uc0ac\uc6a9 \ub610\ub294 \uc0ac\uc6a9 \ubd88\uac00\ub85c \uc778\ud574 \ubc1c\uc0dd\ud558\ub294 \uc190\ud574(\ub370\uc774\ud130 \ub610\ub294 \uc774\uc775 \uc190\uc2e4, \uc5c5\ubb34 \uc911\ub2e8\uc73c\ub85c \uc778\ud55c \uc190\ud574 \ud3ec\ud568)\uc5d0 \ub300\ud574 \ucc45\uc784\uc744 \uc9c0\uc9c0 \uc54a\uc2b5\ub2c8\ub2e4. \uc774\ub294 Vejamob \ub610\ub294 Vejamob\uc758 \uacf5\uc778 \ub2f4\ub2f9\uc790\uac00 \uadf8\ub7ec\ud55c \uc190\ud574 \uac00\ub2a5\uc131\uc744 \uad6c\ub450 \ub610\ub294 \uc11c\uba74\uc73c\ub85c \ud1b5\ubcf4\ubc1b\uc740 \uacbd\uc6b0\uc5d0\ub3c4 \ub9c8\ucc2c\uac00\uc9c0\uc785\ub2c8\ub2e4. \uc77c\ubd80 \uad00\ud560\uad8c\uc5d0\uc11c\ub294 \ubb35\uc2dc\uc801 \ubcf4\uc99d\uc5d0 \ub300\ud55c \uc81c\ud55c\uc774\ub098 \uacb0\uacfc\uc801 \ub610\ub294 \uc6b0\ubc1c\uc801 \uc190\ud574\uc5d0 \ub300\ud55c \ucc45\uc784 \uc81c\ud55c\uc744 \ud5c8\uc6a9\ud558\uc9c0 \uc54a\uc73c\ubbc0\ub85c \uc774\ub7ec\ud55c \uc81c\ud55c\uc774 \uadc0\ud558\uc5d0\uac8c \uc801\uc6a9\ub418\uc9c0 \uc54a\uc744 \uc218 \uc788\uc2b5\ub2c8\ub2e4.<\/p>\n\n\n\n<h2 class=\"wp-block-heading\">\uc7ac\ub8cc\uc758 \uc815\ubc00\ub3c4<\/h2>\n\n\n\n<p>Vejamob \uc6f9\uc0ac\uc774\ud2b8\uc5d0 \ud45c\uc2dc\ub41c \uc790\ub8cc\uc5d0\ub294 \uae30\uc220\uc801, \uc778\uc1c4\uc801 \ub610\ub294 \uc0ac\uc9c4\uc801 \uc624\ub958\uac00 \ud3ec\ud568\ub420 \uc218 \uc788\uc2b5\ub2c8\ub2e4. Vejamob\uc740 \uc790\uc0ac \uc6f9\uc0ac\uc774\ud2b8\uc758 \uc790\ub8cc\uac00 \uc815\ud655\ud558\uace0, \uc644\uc804\ud558\uba70, \ucd5c\uc2e0\uc784\uc744 \ubcf4\uc7a5\ud558\uc9c0 \uc54a\uc2b5\ub2c8\ub2e4. Vejamob\uc740 \uc0ac\uc804 \ud1b5\uc9c0 \uc5c6\uc774 \uc5b8\uc81c\ub4e0\uc9c0 \uc790\uc0ac \uc6f9\uc0ac\uc774\ud2b8\uc5d0 \uac8c\uc7ac\ub41c \uc790\ub8cc\ub97c \ubcc0\uacbd\ud560 \uc218 \uc788\uc2b5\ub2c8\ub2e4. \ud558\uc9c0\ub9cc Vejamob\uc740 \uc790\ub8cc\ub97c \uc5c5\ub370\uc774\ud2b8\ud560 \uc758\ubb34\uac00 \uc5c6\uc2b5\ub2c8\ub2e4.<\/p>\n\n\n\n<h2 class=\"wp-block-heading\">\uc5f0\uacb0<\/h2>\n\n\n\n<p>Vejamob\uc740 \uc790\uc0ac \uc6f9\uc0ac\uc774\ud2b8\uc5d0 \ub9c1\ud06c\ub41c \ubaa8\ub4e0 \uc0ac\uc774\ud2b8\ub97c \uac80\ud1a0\ud558\uc9c0 \uc54a\uc558\uc73c\uba70, \ub9c1\ud06c\ub41c \uc0ac\uc774\ud2b8\uc758 \ub0b4\uc6a9\uc5d0 \ub300\ud574 \ucc45\uc784\uc744 \uc9c0\uc9c0 \uc54a\uc2b5\ub2c8\ub2e4. \uc5b4\ub5a0\ud55c \ub9c1\ud06c\uac00 \ud3ec\ud568\ub418\uc5b4 \uc788\ub2e4\uace0 \ud574\uc11c Vejamob\uc774 \ud574\ub2f9 \uc0ac\uc774\ud2b8\ub97c \uc9c0\uc9c0\ud55c\ub2e4\ub294 \uac83\uc744 \uc758\ubbf8\ud558\uc9c0 \uc54a\uc2b5\ub2c8\ub2e4. \ub9c1\ud06c\ub41c \uc6f9\uc0ac\uc774\ud2b8\ub97c \uc0ac\uc6a9\ud558\ub294 \uac83\uc740 \uc0ac\uc6a9\uc790 \ubcf8\uc778\uc758 \ucc45\uc784\uc785\ub2c8\ub2e4.<\/p>\n\n\n\n<h2 class=\"wp-block-heading\">\uc218\uc815<\/h2>\n\n\n\n<p>Vejamob\uc740 \uc0ac\uc804 \ud1b5\uc9c0 \uc5c6\uc774 \uc5b8\uc81c\ub4e0\uc9c0 \uc774 \uc6f9\uc0ac\uc774\ud2b8 \uc11c\ube44\uc2a4 \uc57d\uad00\uc744 \uac1c\uc815\ud560 \uc218 \uc788\uc2b5\ub2c8\ub2e4. \uc774 \uc6f9\uc0ac\uc774\ud2b8\ub97c \uc0ac\uc6a9\ud568\uc73c\ub85c\uc368 \uadc0\ud558\ub294 \ub2f9\uc2dc \ucd5c\uc2e0 \ubc84\uc804\uc758 \uc11c\ube44\uc2a4 \uc57d\uad00\uc744 \uc900\uc218\ud558\ub294 \ub370 \ub3d9\uc758\ud558\ub294 \uac83\uc785\ub2c8\ub2e4.<\/p>\n\n\n\n<p>\uc900\uac70\ubc95 \ubcf8 \uc774\uc6a9 \uc57d\uad00\uc740 Vejamob\uc758 \ubc95\ub960\uc5d0 \ub530\ub77c \uc9c0\ubc30\ub418\uace0 \ud574\uc11d\ub418\uba70, \uadc0\ud558\ub294 \ucde8\uc18c \ubd88\uac00\ub2a5\ud558\uac8c \ud574\ub2f9 \uc8fc \ub610\ub294 \uc9c0\uc5ed\uc758 \ubc95\uc6d0\uc758 \uc804\uc18d \uad00\ud560\uad8c\uc5d0 \ubcf5\uc885\ud569\ub2c8\ub2e4.<\/p>\n\n\n\n<h2 class=\"wp-block-heading\" id=\"lei-aplicavel\">\uc900\uac70\ubc95<\/h2>\n\n\n\n<p>\ubcf8 \uc774\uc6a9 \uc57d\uad00\uc740 Vejamob\uc758 \ubc95\ub960\uc5d0 \ub530\ub77c \uad00\ub9ac\ub418\uace0 \ud574\uc11d\ub418\uba70, \uadc0\ud558\ub294 \ucde8\uc18c \ubd88\uac00\ub2a5\ud558\uac8c \ud574\ub2f9 \uc8fc \ub610\ub294 \uc9c0\uc5ed\uc758 \ubc95\uc6d0\uc758 \uc804\uc18d \uad00\ud560\uad8c\uc5d0 \ubcf5\uc885\ud569\ub2c8\ub2e4.<\/p>","protected":false},"excerpt":{"rendered":"<p>Vejamob \uc6f9\uc0ac\uc774\ud2b8\uc5d0 \uc811\uc18d\ud568\uc73c\ub85c\uc368 \uadc0\ud558\ub294 \ubcf8 \uc11c\ube44\uc2a4 \uc57d\uad00, \ubaa8\ub4e0 \uad00\ub828 \ubc95\ub960 \ubc0f \uaddc\uc815\uc744 \uc900\uc218\ud558\ub294 \ub370 \ub3d9\uc758\ud558\uba70, \ubaa8\ub4e0 \uad00\ub828 \ud604\uc9c0 \ubc95\ub960\uc744 \uc900\uc218\ud560 \ucc45\uc784\uc774 \uc788\uc74c\uc5d0 \ub3d9\uc758\ud569\ub2c8\ub2e4. \ubcf8 \uc57d\uad00\uc5d0 \ub3d9\uc758\ud558\uc9c0 \uc54a\uc744 \uacbd\uc6b0, \ubcf8 \uc0ac\uc774\ud2b8 \uc774\uc6a9 \ub610\ub294 \uc811\uc18d\uc774 \uae08\uc9c0\ub429\ub2c8\ub2e4. \ubcf8 \uc6f9\uc0ac\uc774\ud2b8\uc5d0 \ud3ec\ud568\ub41c \uc790\ub8cc\ub294\u2026 <a title=\"\uc774\uc6a9\uc57d\uad00\" class=\"read-more\" href=\"https:\/\/vejamob.com\/ko\/%ec%9d%b4%ec%9a%a9-%ec%95%bd%ea%b4%80\/\" aria-label=\"\uc774\uc6a9\uc57d\uad00\uc5d0 \ub300\ud574 \ub354 \uc790\uc138\ud788 \uc54c\uc544\ubcf4\uc138\uc694\">\ub354 \uc77d\uc5b4\ubcf4\uc138\uc694<\/a><\/p>","protected":false},"author":1,"featured_media":0,"parent":0,"menu_order":0,"comment_status":"closed","ping_status":"closed","template":"","meta":{"footnotes":""},"class_list":["post-46975","page","type-page","status-publish"],"yoast_head":"<!-- This site is optimized with the Yoast SEO plugin v25.6 - https:\/\/yoast.com\/wordpress\/plugins\/seo\/ -->\n<title>Termos de Uso - Vejamob<\/title>\n<meta name=\"robots\" content=\"index, follow, max-snippet:-1, max-image-preview:large, max-video-preview:-1\" \/>\n<link rel=\"canonical\" href=\"https:\/\/vejamob.com\/ko\/\uc774\uc6a9-\uc57d\uad00\/\" \/>\n<meta property=\"og:locale\" content=\"ko_KR\" \/>\n<meta property=\"og:type\" content=\"article\" \/>\n<meta property=\"og:title\" content=\"Termos de Uso - Vejamob\" \/>\n<meta property=\"og:description\" content=\"Ao acessar ao site Vejamob, concorda em cumprir estes termos de servi\u00e7o, todas as leis e regulamentos aplic\u00e1veis e concorda que \u00e9 respons\u00e1vel pelo cumprimento de todas as leis locais aplic\u00e1veis. Se voc\u00ea n\u00e3o concordar com algum desses termos, est\u00e1 proibido de usar ou acessar este site. Os materiais contidos neste site s\u00e3o protegidos pelas ... Leia mais\" \/>\n<meta property=\"og:url\" content=\"https:\/\/vejamob.com\/ko\/\uc774\uc6a9-\uc57d\uad00\/\" \/>\n<meta property=\"og:site_name\" content=\"Vejamob\" \/>\n<meta property=\"article:modified_time\" content=\"2025-03-25T19:37:25+00:00\" \/>\n<meta name=\"twitter:card\" content=\"summary_large_image\" \/>\n<meta name=\"twitter:label1\" content=\"\uc608\uc0c1 \ub418\ub294 \ud310\ub3c5 \uc2dc\uac04\" \/>\n\t<meta name=\"twitter:data1\" content=\"4\ubd84\" \/>\n<script type=\"application\/ld+json\" class=\"yoast-schema-graph\">{\"@context\":\"https:\/\/schema.org\",\"@graph\":[{\"@type\":\"WebPage\",\"@id\":\"https:\/\/vejamob.com\/termos-de-uso\/\",\"url\":\"https:\/\/vejamob.com\/termos-de-uso\/\",\"name\":\"Termos de Uso - Vejamob\",\"isPartOf\":{\"@id\":\"https:\/\/vejamob.com\/#website\"},\"datePublished\":\"2024-06-28T15:59:34+00:00\",\"dateModified\":\"2025-03-25T19:37:25+00:00\",\"breadcrumb\":{\"@id\":\"https:\/\/vejamob.com\/termos-de-uso\/#breadcrumb\"},\"inLanguage\":\"ko-KR\",\"potentialAction\":[{\"@type\":\"ReadAction\",\"target\":[\"https:\/\/vejamob.com\/termos-de-uso\/\"]}]},{\"@type\":\"BreadcrumbList\",\"@id\":\"https:\/\/vejamob.com\/termos-de-uso\/#breadcrumb\",\"itemListElement\":[{\"@type\":\"ListItem\",\"position\":1,\"name\":\"In\u00edcio\",\"item\":\"https:\/\/vejamob.com\/\"},{\"@type\":\"ListItem\",\"position\":2,\"name\":\"Termos de Uso\"}]},{\"@type\":\"WebSite\",\"@id\":\"https:\/\/vejamob.com\/#website\",\"url\":\"https:\/\/vejamob.com\/\",\"name\":\"Noticia Tecnologia\",\"description\":\"Tudo sobre aplicativos!\",\"publisher\":{\"@id\":\"https:\/\/vejamob.com\/#organization\"},\"potentialAction\":[{\"@type\":\"SearchAction\",\"target\":{\"@type\":\"EntryPoint\",\"urlTemplate\":\"https:\/\/vejamob.com\/?s={search_term_string}\"},\"query-input\":{\"@type\":\"PropertyValueSpecification\",\"valueRequired\":true,\"valueName\":\"search_term_string\"}}],\"inLanguage\":\"ko-KR\"},{\"@type\":\"Organization\",\"@id\":\"https:\/\/vejamob.com\/#organization\",\"name\":\"Spotads\",\"url\":\"https:\/\/vejamob.com\/\",\"logo\":{\"@type\":\"ImageObject\",\"inLanguage\":\"ko-KR\",\"@id\":\"https:\/\/vejamob.com\/#\/schema\/logo\/image\/\",\"url\":\"https:\/\/vejamob.com\/wp-content\/uploads\/2024\/06\/NOTICIA-LOGO-1.png\",\"contentUrl\":\"https:\/\/vejamob.com\/wp-content\/uploads\/2024\/06\/NOTICIA-LOGO-1.png\",\"width\":250,\"height\":60,\"caption\":\"Spotads\"},\"image\":{\"@id\":\"https:\/\/vejamob.com\/#\/schema\/logo\/image\/\"}}]}<\/script>\n<!-- \/ Yoast SEO plugin. -->","yoast_head_json":{"title":"\uc774\uc6a9 \uc57d\uad00 - Vejamob","robots":{"index":"index","follow":"follow","max-snippet":"max-snippet:-1","max-image-preview":"max-image-preview:large","max-video-preview":"max-video-preview:-1"},"canonical":"https:\/\/vejamob.com\/ko\/\uc774\uc6a9-\uc57d\uad00\/","og_locale":"ko_KR","og_type":"article","og_title":"Termos de Uso - Vejamob","og_description":"Ao acessar ao site Vejamob, concorda em cumprir estes termos de servi\u00e7o, todas as leis e regulamentos aplic\u00e1veis e concorda que \u00e9 respons\u00e1vel pelo cumprimento de todas as leis locais aplic\u00e1veis. Se voc\u00ea n\u00e3o concordar com algum desses termos, est\u00e1 proibido de usar ou acessar este site. Os materiais contidos neste site s\u00e3o protegidos pelas ... Leia mais","og_url":"https:\/\/vejamob.com\/ko\/\uc774\uc6a9-\uc57d\uad00\/","og_site_name":"Vejamob","article_modified_time":"2025-03-25T19:37:25+00:00","twitter_card":"summary_large_image","twitter_misc":{"\uc608\uc0c1 \ub418\ub294 \ud310\ub3c5 \uc2dc\uac04":"4\ubd84"},"schema":{"@context":"https:\/\/schema.org","@graph":[{"@type":"WebPage","@id":"https:\/\/vejamob.com\/termos-de-uso\/","url":"https:\/\/vejamob.com\/termos-de-uso\/","name":"\uc774\uc6a9 \uc57d\uad00 - Vejamob","isPartOf":{"@id":"https:\/\/vejamob.com\/#website"},"datePublished":"2024-06-28T15:59:34+00:00","dateModified":"2025-03-25T19:37:25+00:00","breadcrumb":{"@id":"https:\/\/vejamob.com\/termos-de-uso\/#breadcrumb"},"inLanguage":"ko-KR","potentialAction":[{"@type":"ReadAction","target":["https:\/\/vejamob.com\/termos-de-uso\/"]}]},{"@type":"BreadcrumbList","@id":"https:\/\/vejamob.com\/termos-de-uso\/#breadcrumb","itemListElement":[{"@type":"ListItem","position":1,"name":"In\u00edcio","item":"https:\/\/vejamob.com\/"},{"@type":"ListItem","position":2,"name":"Termos de Uso"}]},{"@type":"WebSite","@id":"https:\/\/vejamob.com\/#website","url":"https:\/\/vejamob.com\/","name":"\uae30\uc220 \ub274\uc2a4","description":"\uc571\uc5d0 \uad00\ud55c \ubaa8\ub4e0 \uac83!","publisher":{"@id":"https:\/\/vejamob.com\/#organization"},"potentialAction":[{"@type":"SearchAction","target":{"@type":"EntryPoint","urlTemplate":"https:\/\/vejamob.com\/?s={search_term_string}"},"query-input":{"@type":"PropertyValueSpecification","valueRequired":true,"valueName":"search_term_string"}}],"inLanguage":"ko-KR"},{"@type":"Organization","@id":"https:\/\/vejamob.com\/#organization","name":"\uc2a4\ud31f\uc560\ub4dc","url":"https:\/\/vejamob.com\/","logo":{"@type":"ImageObject","inLanguage":"ko-KR","@id":"https:\/\/vejamob.com\/#\/schema\/logo\/image\/","url":"https:\/\/vejamob.com\/wp-content\/uploads\/2024\/06\/NOTICIA-LOGO-1.png","contentUrl":"https:\/\/vejamob.com\/wp-content\/uploads\/2024\/06\/NOTICIA-LOGO-1.png","width":250,"height":60,"caption":"Spotads"},"image":{"@id":"https:\/\/vejamob.com\/#\/schema\/logo\/image\/"}}]}},"_links":{"self":[{"href":"https:\/\/vejamob.com\/ko\/wp-json\/wp\/v2\/pages\/46975","targetHints":{"allow":["GET"]}}],"collection":[{"href":"https:\/\/vejamob.com\/ko\/wp-json\/wp\/v2\/pages"}],"about":[{"href":"https:\/\/vejamob.com\/ko\/wp-json\/wp\/v2\/types\/page"}],"author":[{"embeddable":true,"href":"https:\/\/vejamob.com\/ko\/wp-json\/wp\/v2\/users\/1"}],"replies":[{"embeddable":true,"href":"https:\/\/vejamob.com\/ko\/wp-json\/wp\/v2\/comments?post=46975"}],"version-history":[{"count":0,"href":"https:\/\/vejamob.com\/ko\/wp-json\/wp\/v2\/pages\/46975\/revisions"}],"wp:attachment":[{"href":"https:\/\/vejamob.com\/ko\/wp-json\/wp\/v2\/media?parent=46975"}],"curies":[{"name":"\uc6cc\ub4dc\ud504\ub808\uc2a4","href":"https:\/\/api.w.org\/{rel}","templated":true}]}}