{"id":46979,"date":"2024-06-28T16:01:36","date_gmt":"2024-06-28T16:01:36","guid":{"rendered":"https:\/\/vejamob.com\/?page_id=46979"},"modified":"2025-03-25T19:34:44","modified_gmt":"2025-03-25T19:34:44","slug":"kas-mes-esame","status":"publish","type":"page","link":"https:\/\/vejamob.com\/lt\/kas-mes-esame\/","title":{"rendered":"Kas mes esame"},"content":{"rendered":"<p>\u201eVejamob\u201c yra technologij\u0173 svetain\u0117, sukurta 2024 m., siekiant teikti informacij\u0105 ir patarimus apie programas, finansus ir kitas su skaitmeniniu pasauliu susijusias temas. Tikime, kad technologijos yra galingas \u012frankis, kei\u010diantis gyvenimus ir versl\u0105, tod\u0117l norime pad\u0117ti savo skaitytojams neatsilikti nuo naujausi\u0173 naujien\u0173 ir kuo geriau i\u0161naudoti \u0161ias priemones.<\/p>\n\n\n\n<p>\u201eVejamob\u201c rasite technologij\u0173 ekspert\u0173 para\u0161ytus straipsnius ir mokom\u0105sias med\u017eiagas, taip pat produkt\u0173 ir paslaug\u0173 ap\u017evalgas bei analizes. Taip pat si\u016blome patarim\u0173 ir gudrybi\u0173, pad\u0117sian\u010di\u0173 jums kuo geriau i\u0161naudoti mobiliuosius \u012frenginius ir programas.<\/p>\n\n\n\n<p>\u201eVejamob\u201c yra registruotasis \u012fmon\u0117s prek\u0117s \u017eenklas.\u00a0<a href=\"http:\/\/spotads.me\/\">spotads.me<\/a>\u00a0ir j\u012f pri\u017ei\u016bri profesional\u0173 komanda, kuri aistringai domisi technologijomis.<\/p>\n\n\n\n<p>M\u016bs\u0173 komand\u0105 sudaro technologij\u0173 ekspertai, \u017eurnalistai ir ra\u0161ytojai, kurie yra \u012fsipareigoj\u0119 skaitytojams teikti auk\u0161tos kokyb\u0117s ir tiksl\u0173 turin\u012f. Tikime, kad technologijos yra galingas \u012frankis, padedantis pakeisti gyvenim\u0105 ir versl\u0105, o m\u016bs\u0173 tikslas \u2013 pad\u0117ti m\u016bs\u0173 skaitytojams gauti naujausi\u0105 informacij\u0105 ir i\u0161naudoti visas \u0161i\u0173 \u012franki\u0173 galimybes.<\/p>\n\n\n\n<p>Be turinio, mes taip pat si\u016blome savo skaitytojams galimyb\u0119 susisiekti su kitais technologij\u0173 entuziastais per m\u016bs\u0173 socialinius tinklus ir diskusij\u0173 forumus. Vertiname savo skaitytoj\u0173 nuomon\u0119 ir visada esame atviri pasi\u016blymams ir atsiliepimams, kaip pagerinti savo paslaugas.<\/p>\n\n\n\n<p>Sekite mus ir gaukite naujausias tendencijas ir naujienas technologij\u0173 pasaulyje. D\u0117kojame, kad apsilank\u0117te m\u016bs\u0173 svetain\u0117je ir tikim\u0117s, kad netrukus v\u0117l susitiksime!<\/p>","protected":false},"excerpt":{"rendered":"<p>\u201eVejamob\u201c yra technologij\u0173 svetain\u0117, sukurta 2024 m., siekiant teikti informacij\u0105 ir patarimus apie programas, finansus ir kitas su skaitmeniniu pasauliu susijusias temas. Tikime, kad technologijos yra galingas \u012frankis, kei\u010diantis gyvenimus ir versl\u0105, tod\u0117l norime pad\u0117ti savo skaitytojams neatsilikti nuo naujausi\u0173 naujien\u0173 ir kuo geriau i\u0161naudoti visas j\u0173 galimybes\u2026 <a title=\"Kas mes esame\" class=\"read-more\" href=\"https:\/\/vejamob.com\/lt\/kas-mes-esame\/\" aria-label=\"Skaitykite daugiau apie tai, kas mes esame\">Skaityti daugiau<\/a><\/p>","protected":false},"author":1,"featured_media":0,"parent":0,"menu_order":0,"comment_status":"closed","ping_status":"closed","template":"","meta":{"footnotes":""},"class_list":["post-46979","page","type-page","status-publish"],"yoast_head":"<!-- This site is optimized with the Yoast SEO plugin v25.6 - https:\/\/yoast.com\/wordpress\/plugins\/seo\/ -->\n<title>Quem somos - Vejamob<\/title>\n<meta name=\"robots\" content=\"index, follow, max-snippet:-1, max-image-preview:large, max-video-preview:-1\" \/>\n<link rel=\"canonical\" href=\"https:\/\/vejamob.com\/lt\/kas-mes-esame\/\" \/>\n<meta property=\"og:locale\" content=\"lt_LT\" \/>\n<meta property=\"og:type\" content=\"article\" \/>\n<meta property=\"og:title\" content=\"Quem somos - Vejamob\" \/>\n<meta property=\"og:description\" content=\"O Vejamob \u00e9 um site de tecnologia criado em 2024 com o objetivo de fornecer informa\u00e7\u00f5es e dicas sobre aplicativos, finan\u00e7as e outros assuntos relacionados ao mundo digital. N\u00f3s acreditamos que a tecnologia \u00e9 uma ferramenta poderosa para transformar vidas e empresas, e queremos ajudar nossos leitores a se manterem atualizados e aproveitar ao m\u00e1ximo ... Leia mais\" \/>\n<meta property=\"og:url\" content=\"https:\/\/vejamob.com\/lt\/kas-mes-esame\/\" \/>\n<meta property=\"og:site_name\" content=\"Vejamob\" \/>\n<meta property=\"article:modified_time\" content=\"2025-03-25T19:34:44+00:00\" \/>\n<meta name=\"twitter:card\" content=\"summary_large_image\" \/>\n<meta name=\"twitter:label1\" content=\"Est. reading time\" \/>\n\t<meta name=\"twitter:data1\" content=\"2 minut\u0117s\" \/>\n<script type=\"application\/ld+json\" class=\"yoast-schema-graph\">{\"@context\":\"https:\/\/schema.org\",\"@graph\":[{\"@type\":\"WebPage\",\"@id\":\"https:\/\/vejamob.com\/quem-somos\/\",\"url\":\"https:\/\/vejamob.com\/quem-somos\/\",\"name\":\"Quem somos - Vejamob\",\"isPartOf\":{\"@id\":\"https:\/\/vejamob.com\/#website\"},\"datePublished\":\"2024-06-28T16:01:36+00:00\",\"dateModified\":\"2025-03-25T19:34:44+00:00\",\"breadcrumb\":{\"@id\":\"https:\/\/vejamob.com\/quem-somos\/#breadcrumb\"},\"inLanguage\":\"lt-LT\",\"potentialAction\":[{\"@type\":\"ReadAction\",\"target\":[\"https:\/\/vejamob.com\/quem-somos\/\"]}]},{\"@type\":\"BreadcrumbList\",\"@id\":\"https:\/\/vejamob.com\/quem-somos\/#breadcrumb\",\"itemListElement\":[{\"@type\":\"ListItem\",\"position\":1,\"name\":\"In\u00edcio\",\"item\":\"https:\/\/vejamob.com\/\"},{\"@type\":\"ListItem\",\"position\":2,\"name\":\"Quem somos\"}]},{\"@type\":\"WebSite\",\"@id\":\"https:\/\/vejamob.com\/#website\",\"url\":\"https:\/\/vejamob.com\/\",\"name\":\"Noticia Tecnologia\",\"description\":\"Tudo sobre aplicativos!\",\"publisher\":{\"@id\":\"https:\/\/vejamob.com\/#organization\"},\"potentialAction\":[{\"@type\":\"SearchAction\",\"target\":{\"@type\":\"EntryPoint\",\"urlTemplate\":\"https:\/\/vejamob.com\/?s={search_term_string}\"},\"query-input\":{\"@type\":\"PropertyValueSpecification\",\"valueRequired\":true,\"valueName\":\"search_term_string\"}}],\"inLanguage\":\"lt-LT\"},{\"@type\":\"Organization\",\"@id\":\"https:\/\/vejamob.com\/#organization\",\"name\":\"Spotads\",\"url\":\"https:\/\/vejamob.com\/\",\"logo\":{\"@type\":\"ImageObject\",\"inLanguage\":\"lt-LT\",\"@id\":\"https:\/\/vejamob.com\/#\/schema\/logo\/image\/\",\"url\":\"https:\/\/vejamob.com\/wp-content\/uploads\/2024\/06\/NOTICIA-LOGO-1.png\",\"contentUrl\":\"https:\/\/vejamob.com\/wp-content\/uploads\/2024\/06\/NOTICIA-LOGO-1.png\",\"width\":250,\"height\":60,\"caption\":\"Spotads\"},\"image\":{\"@id\":\"https:\/\/vejamob.com\/#\/schema\/logo\/image\/\"}}]}<\/script>\n<!-- \/ Yoast SEO plugin. -->","yoast_head_json":{"title":"Kas mes esame - Vejamob","robots":{"index":"index","follow":"follow","max-snippet":"max-snippet:-1","max-image-preview":"max-image-preview:large","max-video-preview":"max-video-preview:-1"},"canonical":"https:\/\/vejamob.com\/lt\/kas-mes-esame\/","og_locale":"lt_LT","og_type":"article","og_title":"Quem somos - Vejamob","og_description":"O Vejamob \u00e9 um site de tecnologia criado em 2024 com o objetivo de fornecer informa\u00e7\u00f5es e dicas sobre aplicativos, finan\u00e7as e outros assuntos relacionados ao mundo digital. N\u00f3s acreditamos que a tecnologia \u00e9 uma ferramenta poderosa para transformar vidas e empresas, e queremos ajudar nossos leitores a se manterem atualizados e aproveitar ao m\u00e1ximo ... Leia mais","og_url":"https:\/\/vejamob.com\/lt\/kas-mes-esame\/","og_site_name":"Vejamob","article_modified_time":"2025-03-25T19:34:44+00:00","twitter_card":"summary_large_image","twitter_misc":{"Est. reading time":"2 minut\u0117s"},"schema":{"@context":"https:\/\/schema.org","@graph":[{"@type":"WebPage","@id":"https:\/\/vejamob.com\/quem-somos\/","url":"https:\/\/vejamob.com\/quem-somos\/","name":"Kas mes esame - Vejamob","isPartOf":{"@id":"https:\/\/vejamob.com\/#website"},"datePublished":"2024-06-28T16:01:36+00:00","dateModified":"2025-03-25T19:34:44+00:00","breadcrumb":{"@id":"https:\/\/vejamob.com\/quem-somos\/#breadcrumb"},"inLanguage":"lt-LT","potentialAction":[{"@type":"ReadAction","target":["https:\/\/vejamob.com\/quem-somos\/"]}]},{"@type":"BreadcrumbList","@id":"https:\/\/vejamob.com\/quem-somos\/#breadcrumb","itemListElement":[{"@type":"ListItem","position":1,"name":"In\u00edcio","item":"https:\/\/vejamob.com\/"},{"@type":"ListItem","position":2,"name":"Quem somos"}]},{"@type":"WebSite","@id":"https:\/\/vejamob.com\/#website","url":"https:\/\/vejamob.com\/","name":"Technologij\u0173 naujienos","description":"Viskas apie programas!","publisher":{"@id":"https:\/\/vejamob.com\/#organization"},"potentialAction":[{"@type":"SearchAction","target":{"@type":"EntryPoint","urlTemplate":"https:\/\/vejamob.com\/?s={search_term_string}"},"query-input":{"@type":"PropertyValueSpecification","valueRequired":true,"valueName":"search_term_string"}}],"inLanguage":"lt-LT"},{"@type":"Organization","@id":"https:\/\/vejamob.com\/#organization","name":"Spotads","url":"https:\/\/vejamob.com\/","logo":{"@type":"ImageObject","inLanguage":"lt-LT","@id":"https:\/\/vejamob.com\/#\/schema\/logo\/image\/","url":"https:\/\/vejamob.com\/wp-content\/uploads\/2024\/06\/NOTICIA-LOGO-1.png","contentUrl":"https:\/\/vejamob.com\/wp-content\/uploads\/2024\/06\/NOTICIA-LOGO-1.png","width":250,"height":60,"caption":"Spotads"},"image":{"@id":"https:\/\/vejamob.com\/#\/schema\/logo\/image\/"}}]}},"_links":{"self":[{"href":"https:\/\/vejamob.com\/lt\/wp-json\/wp\/v2\/pages\/46979","targetHints":{"allow":["GET"]}}],"collection":[{"href":"https:\/\/vejamob.com\/lt\/wp-json\/wp\/v2\/pages"}],"about":[{"href":"https:\/\/vejamob.com\/lt\/wp-json\/wp\/v2\/types\/page"}],"author":[{"embeddable":true,"href":"https:\/\/vejamob.com\/lt\/wp-json\/wp\/v2\/users\/1"}],"replies":[{"embeddable":true,"href":"https:\/\/vejamob.com\/lt\/wp-json\/wp\/v2\/comments?post=46979"}],"version-history":[{"count":0,"href":"https:\/\/vejamob.com\/lt\/wp-json\/wp\/v2\/pages\/46979\/revisions"}],"wp:attachment":[{"href":"https:\/\/vejamob.com\/lt\/wp-json\/wp\/v2\/media?parent=46979"}],"curies":[{"name":"wp","href":"https:\/\/api.w.org\/{rel}","templated":true}]}}