{"id":46975,"date":"2024-06-28T15:59:34","date_gmt":"2024-06-28T15:59:34","guid":{"rendered":"https:\/\/vejamob.com\/?page_id=46975"},"modified":"2025-03-25T19:37:25","modified_gmt":"2025-03-25T19:37:25","slug":"syarat-penggunaan","status":"publish","type":"page","link":"https:\/\/vejamob.com\/ms\/syarat-penggunaan\/","title":{"rendered":"Syarat penggunaan"},"content":{"rendered":"<p>Dengan mengakses tapak web Vejamob, anda bersetuju untuk mematuhi syarat perkhidmatan ini, semua undang-undang dan peraturan yang berkenaan, dan bersetuju bahawa anda bertanggungjawab untuk mematuhi semua undang-undang tempatan yang berkenaan. Jika anda tidak bersetuju dengan mana-mana syarat ini, anda dilarang menggunakan atau mengakses laman web ini. Bahan-bahan yang terkandung dalam laman web ini dilindungi oleh undang-undang hak cipta dan tanda dagangan yang berkenaan.<\/p>\n\n\n\n<h2 class=\"wp-block-heading\">Penggunaan Lesen<\/h2>\n\n\n\n<p>Kebenaran diberikan untuk memuat turun sementara satu salinan bahan (maklumat atau perisian) di tapak web Vejamob untuk tontonan sementara bukan komersial sahaja. Ini adalah pemberian lesen, bukan pemindahan hak milik, dan di bawah lesen ini anda tidak boleh:<\/p>\n\n\n\n<ul class=\"wp-block-list\">\n<li>mengubah suai atau menyalin bahan;<\/li>\n\n\n\n<li>menggunakan bahan untuk sebarang tujuan komersial atau untuk paparan awam (komersil atau bukan komersial);<\/li>\n\n\n\n<li>cuba menyahkompilasi atau merekayasa balik mana-mana perisian yang terkandung di tapak web Vejamob;<\/li>\n\n\n\n<li>mengalih keluar sebarang hak cipta atau notasi proprietari lain daripada bahan; atau<\/li>\n\n\n\n<li>pindahkan bahan kepada orang lain atau &#039;cerminkan&#039; bahan pada mana-mana pelayan lain. Lesen ini akan ditamatkan secara automatik jika anda melanggar mana-mana sekatan ini dan boleh ditamatkan oleh Vejamob pada bila-bila masa. Selepas menamatkan tontonan anda terhadap bahan-bahan ini atau selepas penamatan lesen ini, anda mesti memusnahkan sebarang bahan yang dimuat turun dalam simpanan anda sama ada dalam format elektronik atau bercetak.<\/li>\n<\/ul>\n\n\n\n<h2 class=\"wp-block-heading\">Penafian<\/h2>\n\n\n\n<p>Bahan-bahan di laman web Vejamob disediakan &#039;seadanya&#039;. Vejamob tidak membuat jaminan, tersurat atau tersirat, dan dengan ini menafikan dan menafikan semua waranti lain, termasuk tanpa had, waranti tersirat atau syarat kebolehdagangan, kesesuaian untuk tujuan tertentu, atau tidak melanggar harta intelek atau pelanggaran hak yang lain.<\/p>\n\n\n\n<p>Tambahan pula, Vejamob tidak menjamin atau membuat sebarang representasi mengenai ketepatan, kemungkinan keputusan, atau kebolehpercayaan penggunaan bahan di tapak webnya atau sebaliknya berkaitan dengan bahan tersebut atau di mana-mana tapak yang dipautkan ke tapak ini.<\/p>\n\n\n\n<h2 class=\"wp-block-heading\">Had<\/h2>\n\n\n\n<p>Vejamob atau pembekalnya tidak akan bertanggungjawab ke atas sebarang kerosakan (termasuk, tanpa had, kerosakan untuk kehilangan data atau keuntungan, atau akibat gangguan perniagaan) yang timbul daripada penggunaan atau ketidakupayaan untuk menggunakan bahan-bahan di tapak Internet Vejamob, walaupun Vejamob atau wakil diberi kuasa Vejamob telah dimaklumkan secara lisan atau bertulis tentang kemungkinan kerosakan tersebut. Oleh kerana sesetengah bidang kuasa tidak membenarkan pengehadan ke atas waranti tersirat, atau pengehadan liabiliti untuk ganti rugi berbangkit atau sampingan, pengehadan ini mungkin tidak terpakai kepada anda.<\/p>\n\n\n\n<h2 class=\"wp-block-heading\">Ketepatan bahan<\/h2>\n\n\n\n<p>Bahan yang dipaparkan di tapak web Vejamob mungkin termasuk ralat teknikal, tipografi atau fotografi. Vejamob tidak menjamin bahawa sebarang bahan di tapak webnya adalah tepat, lengkap atau terkini. Vejamob boleh membuat perubahan pada bahan yang terkandung di laman webnya pada bila-bila masa tanpa notis terlebih dahulu. Walau bagaimanapun, Vejamob tidak berjanji untuk mengemas kini bahan.<\/p>\n\n\n\n<h2 class=\"wp-block-heading\">Pautan<\/h2>\n\n\n\n<p>Vejamob belum menyemak semua tapak yang dipautkan ke tapak webnya dan tidak bertanggungjawab ke atas kandungan mana-mana tapak yang dipautkan. Kemasukan mana-mana pautan tidak membayangkan pengesahan oleh Vejamob tapak. Penggunaan mana-mana laman web yang dipautkan adalah atas risiko pengguna sendiri.<\/p>\n\n\n\n<h2 class=\"wp-block-heading\">Pengubahsuaian<\/h2>\n\n\n\n<p>Vejamob boleh menyemak syarat perkhidmatan tapak web ini pada bila-bila masa tanpa notis terlebih dahulu. Dengan menggunakan tapak web ini, anda bersetuju untuk terikat dengan versi semasa bagi syarat perkhidmatan ini.<\/p>\n\n\n\n<p>Undang-undang yang Mentadbir Terma dan syarat ini dikawal oleh dan ditafsirkan menurut undang-undang Vejamob dan anda tidak boleh ditarik balik kepada bidang kuasa eksklusif mahkamah di Negeri atau lokasi tersebut.<\/p>\n\n\n\n<h2 class=\"wp-block-heading\" id=\"lei-aplicavel\">Perundangan berkaitan<\/h2>\n\n\n\n<p>Terma dan syarat ini ditadbir oleh dan ditafsirkan mengikut undang-undang Vejamob dan anda tidak boleh ditarik balik kepada bidang kuasa eksklusif mahkamah di Negeri atau lokasi tersebut.<\/p>","protected":false},"excerpt":{"rendered":"<p>Dengan mengakses tapak web Vejamob, anda bersetuju untuk mematuhi syarat perkhidmatan ini, semua undang-undang dan peraturan yang berkenaan, dan bersetuju bahawa anda bertanggungjawab untuk mematuhi semua undang-undang tempatan yang berkenaan. Jika anda tidak bersetuju dengan mana-mana syarat ini, anda dilarang menggunakan atau mengakses laman web ini. Bahan-bahan yang terkandung di laman web ini dilindungi oleh\u2026 <a title=\"Syarat penggunaan\" class=\"read-more\" href=\"https:\/\/vejamob.com\/ms\/syarat-penggunaan\/\" aria-label=\"Baca lebih lanjut mengenai Syarat Penggunaan\">baca lagi<\/a><\/p>","protected":false},"author":1,"featured_media":0,"parent":0,"menu_order":0,"comment_status":"closed","ping_status":"closed","template":"","meta":{"footnotes":""},"class_list":["post-46975","page","type-page","status-publish"],"yoast_head":"<!-- This site is optimized with the Yoast SEO plugin v25.6 - https:\/\/yoast.com\/wordpress\/plugins\/seo\/ -->\n<title>Termos de Uso - Vejamob<\/title>\n<meta name=\"robots\" content=\"index, follow, max-snippet:-1, max-image-preview:large, max-video-preview:-1\" \/>\n<link rel=\"canonical\" href=\"https:\/\/vejamob.com\/ms\/syarat-penggunaan\/\" \/>\n<meta property=\"og:locale\" content=\"ms_MY\" \/>\n<meta property=\"og:type\" content=\"article\" \/>\n<meta property=\"og:title\" content=\"Termos de Uso - Vejamob\" \/>\n<meta property=\"og:description\" content=\"Ao acessar ao site Vejamob, concorda em cumprir estes termos de servi\u00e7o, todas as leis e regulamentos aplic\u00e1veis e concorda que \u00e9 respons\u00e1vel pelo cumprimento de todas as leis locais aplic\u00e1veis. Se voc\u00ea n\u00e3o concordar com algum desses termos, est\u00e1 proibido de usar ou acessar este site. Os materiais contidos neste site s\u00e3o protegidos pelas ... Leia mais\" \/>\n<meta property=\"og:url\" content=\"https:\/\/vejamob.com\/ms\/syarat-penggunaan\/\" \/>\n<meta property=\"og:site_name\" content=\"Vejamob\" \/>\n<meta property=\"article:modified_time\" content=\"2025-03-25T19:37:25+00:00\" \/>\n<meta name=\"twitter:card\" content=\"summary_large_image\" \/>\n<meta name=\"twitter:label1\" content=\"Est. reading time\" \/>\n\t<meta name=\"twitter:data1\" content=\"4 minit\" \/>\n<script type=\"application\/ld+json\" class=\"yoast-schema-graph\">{\"@context\":\"https:\/\/schema.org\",\"@graph\":[{\"@type\":\"WebPage\",\"@id\":\"https:\/\/vejamob.com\/termos-de-uso\/\",\"url\":\"https:\/\/vejamob.com\/termos-de-uso\/\",\"name\":\"Termos de Uso - Vejamob\",\"isPartOf\":{\"@id\":\"https:\/\/vejamob.com\/#website\"},\"datePublished\":\"2024-06-28T15:59:34+00:00\",\"dateModified\":\"2025-03-25T19:37:25+00:00\",\"breadcrumb\":{\"@id\":\"https:\/\/vejamob.com\/termos-de-uso\/#breadcrumb\"},\"inLanguage\":\"ms-MY\",\"potentialAction\":[{\"@type\":\"ReadAction\",\"target\":[\"https:\/\/vejamob.com\/termos-de-uso\/\"]}]},{\"@type\":\"BreadcrumbList\",\"@id\":\"https:\/\/vejamob.com\/termos-de-uso\/#breadcrumb\",\"itemListElement\":[{\"@type\":\"ListItem\",\"position\":1,\"name\":\"In\u00edcio\",\"item\":\"https:\/\/vejamob.com\/\"},{\"@type\":\"ListItem\",\"position\":2,\"name\":\"Termos de Uso\"}]},{\"@type\":\"WebSite\",\"@id\":\"https:\/\/vejamob.com\/#website\",\"url\":\"https:\/\/vejamob.com\/\",\"name\":\"Noticia Tecnologia\",\"description\":\"Tudo sobre aplicativos!\",\"publisher\":{\"@id\":\"https:\/\/vejamob.com\/#organization\"},\"potentialAction\":[{\"@type\":\"SearchAction\",\"target\":{\"@type\":\"EntryPoint\",\"urlTemplate\":\"https:\/\/vejamob.com\/?s={search_term_string}\"},\"query-input\":{\"@type\":\"PropertyValueSpecification\",\"valueRequired\":true,\"valueName\":\"search_term_string\"}}],\"inLanguage\":\"ms-MY\"},{\"@type\":\"Organization\",\"@id\":\"https:\/\/vejamob.com\/#organization\",\"name\":\"Spotads\",\"url\":\"https:\/\/vejamob.com\/\",\"logo\":{\"@type\":\"ImageObject\",\"inLanguage\":\"ms-MY\",\"@id\":\"https:\/\/vejamob.com\/#\/schema\/logo\/image\/\",\"url\":\"https:\/\/vejamob.com\/wp-content\/uploads\/2024\/06\/NOTICIA-LOGO-1.png\",\"contentUrl\":\"https:\/\/vejamob.com\/wp-content\/uploads\/2024\/06\/NOTICIA-LOGO-1.png\",\"width\":250,\"height\":60,\"caption\":\"Spotads\"},\"image\":{\"@id\":\"https:\/\/vejamob.com\/#\/schema\/logo\/image\/\"}}]}<\/script>\n<!-- \/ Yoast SEO plugin. -->","yoast_head_json":{"title":"Syarat Penggunaan - Vejamob","robots":{"index":"index","follow":"follow","max-snippet":"max-snippet:-1","max-image-preview":"max-image-preview:large","max-video-preview":"max-video-preview:-1"},"canonical":"https:\/\/vejamob.com\/ms\/syarat-penggunaan\/","og_locale":"ms_MY","og_type":"article","og_title":"Termos de Uso - Vejamob","og_description":"Ao acessar ao site Vejamob, concorda em cumprir estes termos de servi\u00e7o, todas as leis e regulamentos aplic\u00e1veis e concorda que \u00e9 respons\u00e1vel pelo cumprimento de todas as leis locais aplic\u00e1veis. Se voc\u00ea n\u00e3o concordar com algum desses termos, est\u00e1 proibido de usar ou acessar este site. Os materiais contidos neste site s\u00e3o protegidos pelas ... Leia mais","og_url":"https:\/\/vejamob.com\/ms\/syarat-penggunaan\/","og_site_name":"Vejamob","article_modified_time":"2025-03-25T19:37:25+00:00","twitter_card":"summary_large_image","twitter_misc":{"Est. reading time":"4 minit"},"schema":{"@context":"https:\/\/schema.org","@graph":[{"@type":"WebPage","@id":"https:\/\/vejamob.com\/termos-de-uso\/","url":"https:\/\/vejamob.com\/termos-de-uso\/","name":"Syarat Penggunaan - Vejamob","isPartOf":{"@id":"https:\/\/vejamob.com\/#website"},"datePublished":"2024-06-28T15:59:34+00:00","dateModified":"2025-03-25T19:37:25+00:00","breadcrumb":{"@id":"https:\/\/vejamob.com\/termos-de-uso\/#breadcrumb"},"inLanguage":"ms-MY","potentialAction":[{"@type":"ReadAction","target":["https:\/\/vejamob.com\/termos-de-uso\/"]}]},{"@type":"BreadcrumbList","@id":"https:\/\/vejamob.com\/termos-de-uso\/#breadcrumb","itemListElement":[{"@type":"ListItem","position":1,"name":"In\u00edcio","item":"https:\/\/vejamob.com\/"},{"@type":"ListItem","position":2,"name":"Termos de Uso"}]},{"@type":"WebSite","@id":"https:\/\/vejamob.com\/#website","url":"https:\/\/vejamob.com\/","name":"Berita Teknologi","description":"Semua tentang aplikasi!","publisher":{"@id":"https:\/\/vejamob.com\/#organization"},"potentialAction":[{"@type":"SearchAction","target":{"@type":"EntryPoint","urlTemplate":"https:\/\/vejamob.com\/?s={search_term_string}"},"query-input":{"@type":"PropertyValueSpecification","valueRequired":true,"valueName":"search_term_string"}}],"inLanguage":"ms-MY"},{"@type":"Organization","@id":"https:\/\/vejamob.com\/#organization","name":"Spotads","url":"https:\/\/vejamob.com\/","logo":{"@type":"ImageObject","inLanguage":"ms-MY","@id":"https:\/\/vejamob.com\/#\/schema\/logo\/image\/","url":"https:\/\/vejamob.com\/wp-content\/uploads\/2024\/06\/NOTICIA-LOGO-1.png","contentUrl":"https:\/\/vejamob.com\/wp-content\/uploads\/2024\/06\/NOTICIA-LOGO-1.png","width":250,"height":60,"caption":"Spotads"},"image":{"@id":"https:\/\/vejamob.com\/#\/schema\/logo\/image\/"}}]}},"_links":{"self":[{"href":"https:\/\/vejamob.com\/ms\/wp-json\/wp\/v2\/pages\/46975","targetHints":{"allow":["GET"]}}],"collection":[{"href":"https:\/\/vejamob.com\/ms\/wp-json\/wp\/v2\/pages"}],"about":[{"href":"https:\/\/vejamob.com\/ms\/wp-json\/wp\/v2\/types\/page"}],"author":[{"embeddable":true,"href":"https:\/\/vejamob.com\/ms\/wp-json\/wp\/v2\/users\/1"}],"replies":[{"embeddable":true,"href":"https:\/\/vejamob.com\/ms\/wp-json\/wp\/v2\/comments?post=46975"}],"version-history":[{"count":0,"href":"https:\/\/vejamob.com\/ms\/wp-json\/wp\/v2\/pages\/46975\/revisions"}],"wp:attachment":[{"href":"https:\/\/vejamob.com\/ms\/wp-json\/wp\/v2\/media?parent=46975"}],"curies":[{"name":"wp","href":"https:\/\/api.w.org\/{rel}","templated":true}]}}