{"id":46979,"date":"2024-06-28T16:01:36","date_gmt":"2024-06-28T16:01:36","guid":{"rendered":"https:\/\/vejamob.com\/?page_id=46979"},"modified":"2025-03-25T19:34:44","modified_gmt":"2025-03-25T19:34:44","slug":"siapa-kita","status":"publish","type":"page","link":"https:\/\/vejamob.com\/ms\/siapa-kita\/","title":{"rendered":"Siapa kita"},"content":{"rendered":"<p>Vejamob ialah tapak web teknologi yang dicipta pada tahun 2024 dengan tujuan menyediakan maklumat dan petua tentang aplikasi, kewangan dan topik lain yang berkaitan dengan dunia digital. Kami percaya bahawa teknologi ialah alat yang berkuasa untuk mengubah kehidupan dan perniagaan, dan kami ingin membantu pembaca kami mengikuti perkembangan terkini dan memanfaatkan alatan ini sepenuhnya.<\/p>\n\n\n\n<p>Di Vejamob, anda akan menemui artikel dan tutorial yang ditulis oleh pakar teknologi, serta analisis dan ulasan produk dan perkhidmatan. Kami juga menawarkan petua dan kiat untuk membantu anda memanfaatkan sepenuhnya peranti mudah alih dan apl anda.<\/p>\n\n\n\n<p>Vejamob ialah tanda dagangan berdaftar syarikat\u00a0<a href=\"http:\/\/spotads.me\/\">spotads.me<\/a>\u00a0dan diselenggarakan oleh pasukan profesional yang meminati teknologi.\u201d<\/p>\n\n\n\n<p>Pasukan kami terdiri daripada pakar teknologi, wartawan dan penulis, semuanya komited untuk menyediakan kandungan yang berkualiti tinggi dan tepat kepada pembaca kami. Kami percaya bahawa teknologi ialah alat yang berkuasa untuk mengubah kehidupan dan perniagaan dan matlamat kami adalah untuk membantu pembaca kami mengikuti perkembangan terkini dan memanfaatkan sepenuhnya alatan ini.<\/p>\n\n\n\n<p>Selain kandungan, kami juga menawarkan pembaca kami peluang untuk berhubung dengan peminat teknologi lain melalui rangkaian sosial dan forum perbincangan kami. Kami menghargai pendapat pembaca kami dan sentiasa terbuka kepada cadangan dan maklum balas untuk menambah baik perkhidmatan kami.<\/p>\n\n\n\n<p>Ikuti kami dan ikuti perkembangan terkini dan berita terkini dalam dunia teknologi. Terima kasih kerana melawat laman web kami dan kami berharap dapat berjumpa lagi tidak lama lagi!<\/p>","protected":false},"excerpt":{"rendered":"<p>Vejamob ialah tapak web teknologi yang dibuat pada tahun 2024 dengan matlamat menyediakan maklumat dan petua tentang apl, kewangan dan topik lain yang berkaitan dengan dunia digital. Kami percaya bahawa teknologi ialah alat yang berkuasa untuk mengubah kehidupan dan perniagaan, dan kami ingin membantu pembaca kami sentiasa mengikuti perkembangan terkini dan memanfaatkannya sepenuhnya\u2026 <a title=\"Siapa kita\" class=\"read-more\" href=\"https:\/\/vejamob.com\/ms\/siapa-kita\/\" aria-label=\"Baca lebih lanjut tentang Siapa kita\">baca lagi<\/a><\/p>","protected":false},"author":1,"featured_media":0,"parent":0,"menu_order":0,"comment_status":"closed","ping_status":"closed","template":"","meta":{"footnotes":""},"class_list":["post-46979","page","type-page","status-publish"],"yoast_head":"<!-- This site is optimized with the Yoast SEO plugin v25.6 - https:\/\/yoast.com\/wordpress\/plugins\/seo\/ -->\n<title>Quem somos - Vejamob<\/title>\n<meta name=\"robots\" content=\"index, follow, max-snippet:-1, max-image-preview:large, max-video-preview:-1\" \/>\n<link rel=\"canonical\" href=\"https:\/\/vejamob.com\/ms\/siapa-kita\/\" \/>\n<meta property=\"og:locale\" content=\"ms_MY\" \/>\n<meta property=\"og:type\" content=\"article\" \/>\n<meta property=\"og:title\" content=\"Quem somos - Vejamob\" \/>\n<meta property=\"og:description\" content=\"O Vejamob \u00e9 um site de tecnologia criado em 2024 com o objetivo de fornecer informa\u00e7\u00f5es e dicas sobre aplicativos, finan\u00e7as e outros assuntos relacionados ao mundo digital. N\u00f3s acreditamos que a tecnologia \u00e9 uma ferramenta poderosa para transformar vidas e empresas, e queremos ajudar nossos leitores a se manterem atualizados e aproveitar ao m\u00e1ximo ... Leia mais\" \/>\n<meta property=\"og:url\" content=\"https:\/\/vejamob.com\/ms\/siapa-kita\/\" \/>\n<meta property=\"og:site_name\" content=\"Vejamob\" \/>\n<meta property=\"article:modified_time\" content=\"2025-03-25T19:34:44+00:00\" \/>\n<meta name=\"twitter:card\" content=\"summary_large_image\" \/>\n<meta name=\"twitter:label1\" content=\"Est. reading time\" \/>\n\t<meta name=\"twitter:data1\" content=\"2 minit\" \/>\n<script type=\"application\/ld+json\" class=\"yoast-schema-graph\">{\"@context\":\"https:\/\/schema.org\",\"@graph\":[{\"@type\":\"WebPage\",\"@id\":\"https:\/\/vejamob.com\/quem-somos\/\",\"url\":\"https:\/\/vejamob.com\/quem-somos\/\",\"name\":\"Quem somos - Vejamob\",\"isPartOf\":{\"@id\":\"https:\/\/vejamob.com\/#website\"},\"datePublished\":\"2024-06-28T16:01:36+00:00\",\"dateModified\":\"2025-03-25T19:34:44+00:00\",\"breadcrumb\":{\"@id\":\"https:\/\/vejamob.com\/quem-somos\/#breadcrumb\"},\"inLanguage\":\"ms-MY\",\"potentialAction\":[{\"@type\":\"ReadAction\",\"target\":[\"https:\/\/vejamob.com\/quem-somos\/\"]}]},{\"@type\":\"BreadcrumbList\",\"@id\":\"https:\/\/vejamob.com\/quem-somos\/#breadcrumb\",\"itemListElement\":[{\"@type\":\"ListItem\",\"position\":1,\"name\":\"In\u00edcio\",\"item\":\"https:\/\/vejamob.com\/\"},{\"@type\":\"ListItem\",\"position\":2,\"name\":\"Quem somos\"}]},{\"@type\":\"WebSite\",\"@id\":\"https:\/\/vejamob.com\/#website\",\"url\":\"https:\/\/vejamob.com\/\",\"name\":\"Noticia Tecnologia\",\"description\":\"Tudo sobre aplicativos!\",\"publisher\":{\"@id\":\"https:\/\/vejamob.com\/#organization\"},\"potentialAction\":[{\"@type\":\"SearchAction\",\"target\":{\"@type\":\"EntryPoint\",\"urlTemplate\":\"https:\/\/vejamob.com\/?s={search_term_string}\"},\"query-input\":{\"@type\":\"PropertyValueSpecification\",\"valueRequired\":true,\"valueName\":\"search_term_string\"}}],\"inLanguage\":\"ms-MY\"},{\"@type\":\"Organization\",\"@id\":\"https:\/\/vejamob.com\/#organization\",\"name\":\"Spotads\",\"url\":\"https:\/\/vejamob.com\/\",\"logo\":{\"@type\":\"ImageObject\",\"inLanguage\":\"ms-MY\",\"@id\":\"https:\/\/vejamob.com\/#\/schema\/logo\/image\/\",\"url\":\"https:\/\/vejamob.com\/wp-content\/uploads\/2024\/06\/NOTICIA-LOGO-1.png\",\"contentUrl\":\"https:\/\/vejamob.com\/wp-content\/uploads\/2024\/06\/NOTICIA-LOGO-1.png\",\"width\":250,\"height\":60,\"caption\":\"Spotads\"},\"image\":{\"@id\":\"https:\/\/vejamob.com\/#\/schema\/logo\/image\/\"}}]}<\/script>\n<!-- \/ Yoast SEO plugin. -->","yoast_head_json":{"title":"Siapa kita - Vejamob","robots":{"index":"index","follow":"follow","max-snippet":"max-snippet:-1","max-image-preview":"max-image-preview:large","max-video-preview":"max-video-preview:-1"},"canonical":"https:\/\/vejamob.com\/ms\/siapa-kita\/","og_locale":"ms_MY","og_type":"article","og_title":"Quem somos - Vejamob","og_description":"O Vejamob \u00e9 um site de tecnologia criado em 2024 com o objetivo de fornecer informa\u00e7\u00f5es e dicas sobre aplicativos, finan\u00e7as e outros assuntos relacionados ao mundo digital. N\u00f3s acreditamos que a tecnologia \u00e9 uma ferramenta poderosa para transformar vidas e empresas, e queremos ajudar nossos leitores a se manterem atualizados e aproveitar ao m\u00e1ximo ... Leia mais","og_url":"https:\/\/vejamob.com\/ms\/siapa-kita\/","og_site_name":"Vejamob","article_modified_time":"2025-03-25T19:34:44+00:00","twitter_card":"summary_large_image","twitter_misc":{"Est. reading time":"2 minit"},"schema":{"@context":"https:\/\/schema.org","@graph":[{"@type":"WebPage","@id":"https:\/\/vejamob.com\/quem-somos\/","url":"https:\/\/vejamob.com\/quem-somos\/","name":"Siapa kita - Vejamob","isPartOf":{"@id":"https:\/\/vejamob.com\/#website"},"datePublished":"2024-06-28T16:01:36+00:00","dateModified":"2025-03-25T19:34:44+00:00","breadcrumb":{"@id":"https:\/\/vejamob.com\/quem-somos\/#breadcrumb"},"inLanguage":"ms-MY","potentialAction":[{"@type":"ReadAction","target":["https:\/\/vejamob.com\/quem-somos\/"]}]},{"@type":"BreadcrumbList","@id":"https:\/\/vejamob.com\/quem-somos\/#breadcrumb","itemListElement":[{"@type":"ListItem","position":1,"name":"In\u00edcio","item":"https:\/\/vejamob.com\/"},{"@type":"ListItem","position":2,"name":"Quem somos"}]},{"@type":"WebSite","@id":"https:\/\/vejamob.com\/#website","url":"https:\/\/vejamob.com\/","name":"Berita Teknologi","description":"Semua tentang aplikasi!","publisher":{"@id":"https:\/\/vejamob.com\/#organization"},"potentialAction":[{"@type":"SearchAction","target":{"@type":"EntryPoint","urlTemplate":"https:\/\/vejamob.com\/?s={search_term_string}"},"query-input":{"@type":"PropertyValueSpecification","valueRequired":true,"valueName":"search_term_string"}}],"inLanguage":"ms-MY"},{"@type":"Organization","@id":"https:\/\/vejamob.com\/#organization","name":"Spotads","url":"https:\/\/vejamob.com\/","logo":{"@type":"ImageObject","inLanguage":"ms-MY","@id":"https:\/\/vejamob.com\/#\/schema\/logo\/image\/","url":"https:\/\/vejamob.com\/wp-content\/uploads\/2024\/06\/NOTICIA-LOGO-1.png","contentUrl":"https:\/\/vejamob.com\/wp-content\/uploads\/2024\/06\/NOTICIA-LOGO-1.png","width":250,"height":60,"caption":"Spotads"},"image":{"@id":"https:\/\/vejamob.com\/#\/schema\/logo\/image\/"}}]}},"_links":{"self":[{"href":"https:\/\/vejamob.com\/ms\/wp-json\/wp\/v2\/pages\/46979","targetHints":{"allow":["GET"]}}],"collection":[{"href":"https:\/\/vejamob.com\/ms\/wp-json\/wp\/v2\/pages"}],"about":[{"href":"https:\/\/vejamob.com\/ms\/wp-json\/wp\/v2\/types\/page"}],"author":[{"embeddable":true,"href":"https:\/\/vejamob.com\/ms\/wp-json\/wp\/v2\/users\/1"}],"replies":[{"embeddable":true,"href":"https:\/\/vejamob.com\/ms\/wp-json\/wp\/v2\/comments?post=46979"}],"version-history":[{"count":0,"href":"https:\/\/vejamob.com\/ms\/wp-json\/wp\/v2\/pages\/46979\/revisions"}],"wp:attachment":[{"href":"https:\/\/vejamob.com\/ms\/wp-json\/wp\/v2\/media?parent=46979"}],"curies":[{"name":"wp","href":"https:\/\/api.w.org\/{rel}","templated":true}]}}