{"id":46979,"date":"2024-06-28T16:01:36","date_gmt":"2024-06-28T16:01:36","guid":{"rendered":"https:\/\/vejamob.com\/?page_id=46979"},"modified":"2025-03-25T19:34:44","modified_gmt":"2025-03-25T19:34:44","slug":"wie-we-zijn","status":"publish","type":"page","link":"https:\/\/vejamob.com\/nl\/wie-we-zijn\/","title":{"rendered":"Wie we zijn"},"content":{"rendered":"<p>Vejamob is een technologiewebsite die in 2024 is opgericht met als doel informatie en tips te bieden over apps, financi\u00ebn en andere onderwerpen die verband houden met de digitale wereld. Wij geloven dat technologie een krachtig instrument is om levens en bedrijven te transformeren, en we willen onze lezers helpen up-to-date te blijven en deze tools optimaal te benutten.<\/p>\n\n\n\n<p>Hier bij Vejamob vindt u artikelen en tutorials geschreven door technologie-experts, evenals product- en servicereviews en -analyses. We bieden ook tips en trucs om u te helpen het maximale uit uw mobiele apparaten en apps te halen.<\/p>\n\n\n\n<p>Vejamob is een geregistreerd handelsmerk van het bedrijf\u00a0<a href=\"http:\/\/spotads.me\/\">spotads.me<\/a>\u00a0en wordt onderhouden door een team van professionals met een passie voor technologie.\u201d<\/p>\n\n\n\n<p>Ons team bestaat uit technologie-experts, journalisten en schrijvers, die allemaal toegewijd zijn aan het leveren van hoogwaardige, nauwkeurige inhoud aan onze lezers. Wij geloven dat technologie een krachtig hulpmiddel is om levens en bedrijven te transformeren en ons doel is om onze lezers te helpen op de hoogte te blijven en het beste uit deze hulpmiddelen te halen.<\/p>\n\n\n\n<p>Naast inhoud bieden we onze lezers ook de mogelijkheid om via onze sociale netwerken en discussieforums in contact te komen met andere technologieliefhebbers. Wij waarderen de mening van onze lezers en staan altijd open voor suggesties en feedback om onze dienstverlening te verbeteren.<\/p>\n\n\n\n<p>Volg ons en blijf op de hoogte van de laatste trends en nieuws in de wereld van technologie. Bedankt voor uw bezoek aan onze website en wij hopen u snel weer te zien!<\/p>","protected":false},"excerpt":{"rendered":"<p>Vejamob is een technologiewebsite die in 2024 is opgericht met als doel informatie en tips te bieden over apps, financi\u00ebn en andere onderwerpen die verband houden met de digitale wereld. Wij geloven dat technologie een krachtig instrument is om levens en bedrijven te transformeren, en we willen onze lezers helpen up-to-date te blijven en er optimaal gebruik van te maken... <a title=\"Wie we zijn\" class=\"read-more\" href=\"https:\/\/vejamob.com\/nl\/wie-we-zijn\/\" aria-label=\"Lees meer over Wie wij zijn\">Lees verder<\/a><\/p>","protected":false},"author":1,"featured_media":0,"parent":0,"menu_order":0,"comment_status":"closed","ping_status":"closed","template":"","meta":{"footnotes":""},"class_list":["post-46979","page","type-page","status-publish"],"yoast_head":"<!-- This site is optimized with the Yoast SEO plugin v25.6 - https:\/\/yoast.com\/wordpress\/plugins\/seo\/ -->\n<title>Quem somos - Vejamob<\/title>\n<meta name=\"robots\" content=\"index, follow, max-snippet:-1, max-image-preview:large, max-video-preview:-1\" \/>\n<link rel=\"canonical\" href=\"https:\/\/vejamob.com\/nl\/wie-we-zijn\/\" \/>\n<meta property=\"og:locale\" content=\"nl_NL\" \/>\n<meta property=\"og:type\" content=\"article\" \/>\n<meta property=\"og:title\" content=\"Quem somos - Vejamob\" \/>\n<meta property=\"og:description\" content=\"O Vejamob \u00e9 um site de tecnologia criado em 2024 com o objetivo de fornecer informa\u00e7\u00f5es e dicas sobre aplicativos, finan\u00e7as e outros assuntos relacionados ao mundo digital. N\u00f3s acreditamos que a tecnologia \u00e9 uma ferramenta poderosa para transformar vidas e empresas, e queremos ajudar nossos leitores a se manterem atualizados e aproveitar ao m\u00e1ximo ... Leia mais\" \/>\n<meta property=\"og:url\" content=\"https:\/\/vejamob.com\/nl\/wie-we-zijn\/\" \/>\n<meta property=\"og:site_name\" content=\"Vejamob\" \/>\n<meta property=\"article:modified_time\" content=\"2025-03-25T19:34:44+00:00\" \/>\n<meta name=\"twitter:card\" content=\"summary_large_image\" \/>\n<meta name=\"twitter:label1\" content=\"Verwachte leestijd\" \/>\n\t<meta name=\"twitter:data1\" content=\"2 minuten\" \/>\n<script type=\"application\/ld+json\" class=\"yoast-schema-graph\">{\"@context\":\"https:\/\/schema.org\",\"@graph\":[{\"@type\":\"WebPage\",\"@id\":\"https:\/\/vejamob.com\/quem-somos\/\",\"url\":\"https:\/\/vejamob.com\/quem-somos\/\",\"name\":\"Quem somos - Vejamob\",\"isPartOf\":{\"@id\":\"https:\/\/vejamob.com\/#website\"},\"datePublished\":\"2024-06-28T16:01:36+00:00\",\"dateModified\":\"2025-03-25T19:34:44+00:00\",\"breadcrumb\":{\"@id\":\"https:\/\/vejamob.com\/quem-somos\/#breadcrumb\"},\"inLanguage\":\"nl-NL\",\"potentialAction\":[{\"@type\":\"ReadAction\",\"target\":[\"https:\/\/vejamob.com\/quem-somos\/\"]}]},{\"@type\":\"BreadcrumbList\",\"@id\":\"https:\/\/vejamob.com\/quem-somos\/#breadcrumb\",\"itemListElement\":[{\"@type\":\"ListItem\",\"position\":1,\"name\":\"In\u00edcio\",\"item\":\"https:\/\/vejamob.com\/\"},{\"@type\":\"ListItem\",\"position\":2,\"name\":\"Quem somos\"}]},{\"@type\":\"WebSite\",\"@id\":\"https:\/\/vejamob.com\/#website\",\"url\":\"https:\/\/vejamob.com\/\",\"name\":\"Noticia Tecnologia\",\"description\":\"Tudo sobre aplicativos!\",\"publisher\":{\"@id\":\"https:\/\/vejamob.com\/#organization\"},\"potentialAction\":[{\"@type\":\"SearchAction\",\"target\":{\"@type\":\"EntryPoint\",\"urlTemplate\":\"https:\/\/vejamob.com\/?s={search_term_string}\"},\"query-input\":{\"@type\":\"PropertyValueSpecification\",\"valueRequired\":true,\"valueName\":\"search_term_string\"}}],\"inLanguage\":\"nl-NL\"},{\"@type\":\"Organization\",\"@id\":\"https:\/\/vejamob.com\/#organization\",\"name\":\"Spotads\",\"url\":\"https:\/\/vejamob.com\/\",\"logo\":{\"@type\":\"ImageObject\",\"inLanguage\":\"nl-NL\",\"@id\":\"https:\/\/vejamob.com\/#\/schema\/logo\/image\/\",\"url\":\"https:\/\/vejamob.com\/wp-content\/uploads\/2024\/06\/NOTICIA-LOGO-1.png\",\"contentUrl\":\"https:\/\/vejamob.com\/wp-content\/uploads\/2024\/06\/NOTICIA-LOGO-1.png\",\"width\":250,\"height\":60,\"caption\":\"Spotads\"},\"image\":{\"@id\":\"https:\/\/vejamob.com\/#\/schema\/logo\/image\/\"}}]}<\/script>\n<!-- \/ Yoast SEO plugin. -->","yoast_head_json":{"title":"Wie we zijn - Vejamob","robots":{"index":"index","follow":"follow","max-snippet":"max-snippet:-1","max-image-preview":"max-image-preview:large","max-video-preview":"max-video-preview:-1"},"canonical":"https:\/\/vejamob.com\/nl\/wie-we-zijn\/","og_locale":"nl_NL","og_type":"article","og_title":"Quem somos - Vejamob","og_description":"O Vejamob \u00e9 um site de tecnologia criado em 2024 com o objetivo de fornecer informa\u00e7\u00f5es e dicas sobre aplicativos, finan\u00e7as e outros assuntos relacionados ao mundo digital. N\u00f3s acreditamos que a tecnologia \u00e9 uma ferramenta poderosa para transformar vidas e empresas, e queremos ajudar nossos leitores a se manterem atualizados e aproveitar ao m\u00e1ximo ... Leia mais","og_url":"https:\/\/vejamob.com\/nl\/wie-we-zijn\/","og_site_name":"Vejamob","article_modified_time":"2025-03-25T19:34:44+00:00","twitter_card":"summary_large_image","twitter_misc":{"Verwachte leestijd":"2 minuten"},"schema":{"@context":"https:\/\/schema.org","@graph":[{"@type":"WebPage","@id":"https:\/\/vejamob.com\/quem-somos\/","url":"https:\/\/vejamob.com\/quem-somos\/","name":"Wie we zijn - Vejamob","isPartOf":{"@id":"https:\/\/vejamob.com\/#website"},"datePublished":"2024-06-28T16:01:36+00:00","dateModified":"2025-03-25T19:34:44+00:00","breadcrumb":{"@id":"https:\/\/vejamob.com\/quem-somos\/#breadcrumb"},"inLanguage":"nl-NL","potentialAction":[{"@type":"ReadAction","target":["https:\/\/vejamob.com\/quem-somos\/"]}]},{"@type":"BreadcrumbList","@id":"https:\/\/vejamob.com\/quem-somos\/#breadcrumb","itemListElement":[{"@type":"ListItem","position":1,"name":"In\u00edcio","item":"https:\/\/vejamob.com\/"},{"@type":"ListItem","position":2,"name":"Quem somos"}]},{"@type":"WebSite","@id":"https:\/\/vejamob.com\/#website","url":"https:\/\/vejamob.com\/","name":"Technologie nieuws","description":"Alles over apps!","publisher":{"@id":"https:\/\/vejamob.com\/#organization"},"potentialAction":[{"@type":"SearchAction","target":{"@type":"EntryPoint","urlTemplate":"https:\/\/vejamob.com\/?s={search_term_string}"},"query-input":{"@type":"PropertyValueSpecification","valueRequired":true,"valueName":"search_term_string"}}],"inLanguage":"nl-NL"},{"@type":"Organization","@id":"https:\/\/vejamob.com\/#organization","name":"Spotads","url":"https:\/\/vejamob.com\/","logo":{"@type":"ImageObject","inLanguage":"nl-NL","@id":"https:\/\/vejamob.com\/#\/schema\/logo\/image\/","url":"https:\/\/vejamob.com\/wp-content\/uploads\/2024\/06\/NOTICIA-LOGO-1.png","contentUrl":"https:\/\/vejamob.com\/wp-content\/uploads\/2024\/06\/NOTICIA-LOGO-1.png","width":250,"height":60,"caption":"Spotads"},"image":{"@id":"https:\/\/vejamob.com\/#\/schema\/logo\/image\/"}}]}},"_links":{"self":[{"href":"https:\/\/vejamob.com\/nl\/wp-json\/wp\/v2\/pages\/46979","targetHints":{"allow":["GET"]}}],"collection":[{"href":"https:\/\/vejamob.com\/nl\/wp-json\/wp\/v2\/pages"}],"about":[{"href":"https:\/\/vejamob.com\/nl\/wp-json\/wp\/v2\/types\/page"}],"author":[{"embeddable":true,"href":"https:\/\/vejamob.com\/nl\/wp-json\/wp\/v2\/users\/1"}],"replies":[{"embeddable":true,"href":"https:\/\/vejamob.com\/nl\/wp-json\/wp\/v2\/comments?post=46979"}],"version-history":[{"count":0,"href":"https:\/\/vejamob.com\/nl\/wp-json\/wp\/v2\/pages\/46979\/revisions"}],"wp:attachment":[{"href":"https:\/\/vejamob.com\/nl\/wp-json\/wp\/v2\/media?parent=46979"}],"curies":[{"name":"wp","href":"https:\/\/api.w.org\/{rel}","templated":true}]}}