{"id":46973,"date":"2024-06-28T15:57:52","date_gmt":"2024-06-28T15:57:52","guid":{"rendered":"https:\/\/vejamob.com\/?page_id=46973"},"modified":"2025-03-25T19:36:20","modified_gmt":"2025-03-25T19:36:20","slug":"polityka-prywatnosci","status":"publish","type":"page","link":"https:\/\/vejamob.com\/pl\/polityka-prywatnosci\/","title":{"rendered":"Polityka prywatno\u015bci"},"content":{"rendered":"<p>Wszystkie zebrane informacje zostan\u0105 wykorzystane w celu poprawy komfortu korzystania z naszej witryny. Gromadzone informacje mog\u0105 obejmowa\u0107 Twoje imi\u0119 i nazwisko, adres e-mail, numer telefonu i\/lub inne informacje.<\/p>\n\n\n\n<p>Korzystanie z Vejamob oznacza akceptacj\u0119 niniejszej Umowy o ochronie prywatno\u015bci. Je\u017celi u\u017cytkownik nie zgadza si\u0119, cho\u0107by cz\u0119\u015bciowo, z warunkami zawartymi w niniejszej Polityce Prywatno\u015bci, nie powinien uzyskiwa\u0107 dost\u0119pu i\/lub korzysta\u0107 z tre\u015bci oferowanych przez Vejamob. Korzystaj\u0105c ze strony internetowej, U\u017cytkownik wyra\u017ca zgod\u0119 na przetwarzanie swoich danych zgodnie z postanowieniami niniejszej Polityki Prywatno\u015bci oraz Og\u00f3lnymi Warunkami Korzystania.<\/p>\n\n\n\n<p>Zastrzegamy sobie prawo do modyfikacji niniejszej polityki prywatno\u015bci w dowolnym momencie, bez zgody i powiadomienia U\u017cytkownik\u00f3w, dlatego prosimy o cz\u0119ste jej przegl\u0105danie. Zmiany i wyja\u015bnienia zaczn\u0105 obowi\u0105zywa\u0107 niezw\u0142ocznie po ich opublikowaniu na stronie internetowej. Je\u015bli wprowadzimy istotne zmiany w niniejszej polityce, powiadomimy Ci\u0119 tutaj, \u017ce zosta\u0142y one zaktualizowane, aby\u015b wiedzia\u0142, jakie informacje gromadzimy, w jaki spos\u00f3b je wykorzystujemy oraz w jakich okoliczno\u015bciach, je\u015bli w og\u00f3le, wykorzystujemy i\/lub ujawniamy To.<\/p>\n\n\n\n<p>Vejamob szanuje prywatno\u015b\u0107 swoich u\u017cytkownik\u00f3w i transparentno\u015b\u0107 w sposobie wykorzystywania danych. Nasza Polityka Prywatno\u015bci zosta\u0142a sporz\u0105dzona zgodnie z mi\u0119dzynarodowymi i krajowymi standardami ochrony danych.<\/p>\n\n\n\n<p>Niniejsz\u0105 Polityk\u0119 prywatno\u015bci nale\u017cy czyta\u0107 i interpretowa\u0107 w powi\u0105zaniu z Og\u00f3lnymi warunkami korzystania z serwisu Vejamob, dost\u0119pnymi pod adresem <a href=\"https:\/\/vejamob.com\/pl\/warunki-korzystania\/\">https:\/\/vejamob.com\/termos-de-uso\/<\/a><\/p>\n\n\n\n<h2 class=\"wp-block-heading\">Og\u00f3lne informacje dla u\u017cytkownik\u00f3w <\/h2>\n\n\n\n<p>Celem Vejamob jest dzielenie si\u0119 informacjami ze swoimi U\u017cytkownikami, udost\u0119pniaj\u0105c wiedz\u0119 ka\u017cdemu. U\u017cytkownik mo\u017ce przegl\u0105da\u0107 stron\u0119 Vejamob bez konieczno\u015bci wcze\u015bniejszej rejestracji.<\/p>\n\n\n\n<p>Vejamob przestrzega mi\u0119dzynarodowych standard\u00f3w i norm bezpiecze\u0144stwa w zakresie przechowywania, ochrony, prywatno\u015bci i przesy\u0142ania danych, podkre\u015blaj\u0105c, \u017ce \u017cadna metoda przechowywania, ochrony, prywatno\u015bci i przesy\u0142ania danych nie jest w 100% bezpieczna i nienaruszalna.<\/p>\n\n\n\n<p>Vejamob stosuje praktyki i technologie, kt\u00f3re s\u0105 stale weryfikowane i udoskonalane, zgodnie z krajowymi i mi\u0119dzynarodowymi post\u0119pami technicznymi i regulacyjnymi. Gdy m\u00f3wimy o ochronie, mamy na my\u015bli wszelki nieautoryzowany dost\u0119p, wykorzystanie, zmian\u0119, ujawnienie lub zniszczenie Twoich danych. Aby temu zapobiec, inwestujemy w \u015brodki obejmuj\u0105ce szyfrowan\u0105 komunikacj\u0119, kontrol\u0119 dost\u0119pu, przestrzeganie zasad bezpiecznego tworzenia oprogramowania, wewn\u0119trzne zasady zgodno\u015bci oraz \u015brodki rozliczalno\u015bci i ograniczania ryzyka, kt\u00f3re umo\u017cliwiaj\u0105 zapewnienie bezpiecze\u0144stwa w ca\u0142ym cyklu \u017cycia danych. Informacje u\u017cytkownik\u00f3w s\u0105 r\u00f3wnie\u017c przechowywane w bezpiecznych, renomowanych i uznawanych na ca\u0142ym \u015bwiecie bazach danych.<\/p>\n\n\n\n<p>Vejamob nie \u017c\u0105da \u017cadnej kwoty pieni\u0119dzy pod \u017cadnymi okoliczno\u015bciami za wypuszczenie jakiegokolwiek produktu, niezale\u017cnie od tego, jaki on jest. Je\u017celi tak si\u0119 stanie, prosimy o natychmiastowe powiadomienie nas.<\/p>\n\n\n\n<p>Staramy si\u0119, aby wszystkie informacje by\u0142y jak najbardziej aktualne. Warto jednak zwr\u00f3ci\u0107 uwag\u0119, \u017ce informacje te mog\u0105 r\u00f3\u017cni\u0107 si\u0119 od informacji podanych na stronach internetowych instytucji lub us\u0142ugodawc\u00f3w na konkretnej stronie internetowej. Nie gwarantujemy dok\u0142adno\u015bci i aktualno\u015bci tych informacji. Zawsze pami\u0119taj o zapoznaniu si\u0119 z regulaminem wybranej przez Ciebie instytucji. Otrzymujemy niewielk\u0105 kwot\u0119 z reklam na naszej stronie internetowej oraz od naszych partner\u00f3w, gdy polecimy u\u017cytkownika, kt\u00f3ry poprosi o produkt lub ofert\u0119. Wszystko, co publikujemy, opiera si\u0119 na ilo\u015bciowych i jako\u015bciowych ocenach ka\u017cdego produktu. Warto zauwa\u017cy\u0107, \u017ce nasi partnerzy maj\u0105 bezpo\u015bredni wp\u0142yw na produkty, o kt\u00f3rych piszemy i kt\u00f3re recenzujemy, a tak\u017ce na kolejno\u015b\u0107 \u201enajlepszych\u201d artyku\u0142\u00f3w i pozycjonowanie produkt\u00f3w na Vejamob. Bior\u0105c pod uwag\u0119 ilo\u015b\u0107 informacji zamieszczonych na naszej stronie internetowej, nie udzielamy \u017cadnej gwarancji co do jako\u015bci i aktualno\u015bci tych informacji; Dlatego informacje od naszych partner\u00f3w s\u0105 dla nas priorytetem.<\/p>\n\n\n\n<p>Aby chroni\u0107 Twoje dane osobowe, podejmujemy rozs\u0105dne \u015brodki ostro\u017cno\u015bci i post\u0119pujemy zgodnie z najlepszymi praktykami bran\u017cowymi, aby mie\u0107 pewno\u015b\u0107, \u017ce nie zostan\u0105 one niew\u0142a\u015bciwie utracone, niew\u0142a\u015bciwie wykorzystane, udost\u0119pnione, ujawnione, zmienione lub zniszczone.<\/p>\n\n\n\n<h2 class=\"wp-block-heading\">Linki do witryn stron trzecich <\/h2>\n\n\n\n<p>Vejamob zawiera linki do innych stron internetowych, kt\u00f3re naszym zdaniem mog\u0105 zawiera\u0107 przydatne informacje\/narz\u0119dzia dla naszych go\u015bci. Nasza Polityka Prywatno\u015bci nie ma zastosowania do stron internetowych os\u00f3b trzecich. Nie ponosimy odpowiedzialno\u015bci za polityk\u0119 prywatno\u015bci ani za tre\u015bci zawarte na tych stronach. Vejamob nie sprawuje nad nimi \u017cadnej kontroli i w zwi\u0105zku z tym nie ponosi \u017cadnej odpowiedzialno\u015bci w relacjach nawi\u0105zanych pomi\u0119dzy U\u017cytkownikiem a produktami i us\u0142ugami os\u00f3b trzecich reklamowanymi na stronie internetowej.<\/p>\n\n\n\n<p>Po opuszczeniu naszej witryny lub przekierowaniu do witryny lub aplikacji strony trzeciej nie podlegaj\u0105 ju\u017c Pa\u0144stwo niniejszej Polityce prywatno\u015bci ani Warunkom korzystania z naszej witryny internetowej.<\/p>\n\n\n\n<p>Je\u017celi po przekazaniu nam swoich danych zmienisz zdanie, mo\u017cesz w ka\u017cdej chwili cofn\u0105\u0107 zgod\u0119 na kontakt z nami, dalsze gromadzenie, wykorzystywanie lub ujawnianie Twoich danych, kontaktuj\u0105c si\u0119 z nami za po\u015brednictwem poczty elektronicznej pod adresem contato@vejamob.com<\/p>\n\n\n\n<h2 class=\"wp-block-heading\">Dane nieosobowe <\/h2>\n\n\n\n<p>W przypadku, gdy u\u017cytkownicy nie zamawiaj\u0105 bezp\u0142atnych tre\u015bci od Vejamob (e-book\u00f3w, quiz\u00f3w, artyku\u0142\u00f3w, infografik i innych), mo\u017ce by\u0107 prowadzone \u015bledzenie i gromadzenie danych nieosobowych wskazuj\u0105cych mi\u0119dzy innymi szczeg\u00f3\u0142y dotycz\u0105ce tego, kt\u00f3re strony witryny internetowej zosta\u0142y odwiedzone, kiedy zosta\u0142y odwiedzone, kt\u00f3re hiper\u0142\u0105cza zosta\u0142y klikni\u0119te, jakie tre\u015bci lub us\u0142ugi zosta\u0142y za\u017c\u0105dane lub wskazane i inne.<\/p>\n\n\n\n<h2 class=\"wp-block-heading\">Ciasteczka <\/h2>\n\n\n\n<p>Google, jako dostawca zewn\u0119trzny, wykorzystuje pliki cookie do wy\u015bwietlania reklam. Dzi\u0119ki plikowi cookie DART Google mo\u017ce wy\u015bwietla\u0107 reklamy na podstawie Twoich wizyt w innych witrynach internetowych. U\u017cytkownicy mog\u0105 wy\u0142\u0105czy\u0107 plik cookie DART, odwiedzaj\u0105c polityk\u0119 prywatno\u015bci reklam Google i sieci partnerskiej.<\/p>\n\n\n\n<p>Vejamob u\u017cywa plik\u00f3w cookie w celu u\u0142atwienia zbierania danych i informacji identyfikacyjnych IP (protoko\u0142u internetowego) w celu u\u0142atwienia nawigacji U\u017cytkownikowi, co pomaga zagwarantowa\u0107 bezpiecze\u0144stwo, ochron\u0119 i autentyczno\u015b\u0107 danych.<\/p>\n\n\n\n<p>Ponadto na naszej stronie internetowej korzystamy r\u00f3wnie\u017c z reklam podmiot\u00f3w zewn\u0119trznych, aby pokry\u0107 koszty utrzymania. Niekt\u00f3rzy z tych reklamodawc\u00f3w mog\u0105 u\u017cywa\u0107 technologii takich jak pliki cookie podczas reklamowania si\u0119 na naszej stronie internetowej, co oznacza, \u017ce ci reklamodawcy (tacy jak Google za po\u015brednictwem Google AdSense i Ad Exchange) b\u0119d\u0105 r\u00f3wnie\u017c otrzymywa\u0107 Twoje dane osobowe, takie jak Tw\u00f3j adres IP, Tw\u00f3j dostawca us\u0142ug internetowych, Twoja przegl\u0105darka itp. Ta funkcja jest zwykle u\u017cywana do kierowania geograficznego (wy\u015bwietlania reklam, kt\u00f3re maj\u0105 sens w zale\u017cno\u015bci od Twojej lokalizacji geograficznej).<\/p>\n\n\n\n<p>U\u017cytkownik mo\u017ce w ka\u017cdej chwili zmieni\u0107 ustawienia swojej przegl\u0105darki, aby zaakceptowa\u0107 lub nie pliki cookie, pami\u0119taj\u0105c, \u017ce wy\u0142\u0105czenie obs\u0142ugi plik\u00f3w cookie mo\u017ce ograniczy\u0107 niekt\u00f3re funkcjonalno\u015bci Vejamob.<\/p>\n\n\n\n<h2 class=\"wp-block-heading\">Dane osobowe <\/h2>\n\n\n\n<p>Aby uzyska\u0107 dost\u0119p do bezp\u0142atnych tre\u015bci na Vejamob, takich jak artyku\u0142y, e-booki, quizy i inne, u\u017cytkownik musi poda\u0107 pewne dane osobowe, takie jak: adres e-mail i pe\u0142ne imi\u0119 i nazwisko.<\/p>\n\n\n\n<p>Dane osobowe przetwarzane przez Vejamob maj\u0105 na celu:<\/p>\n\n\n\n<p>\u2013 Prawid\u0142owa i precyzyjna identyfikacja U\u017cytkownika, zapewniaj\u0105c tym samym wi\u0119ksze bezpiecze\u0144stwo i ochron\u0119 samym U\u017cytkownikom;<\/p>\n\n\n\n<p>\u2013 Dost\u0119p do us\u0142ug i produkt\u00f3w \u015bwiadczonych przez Vejamob;<\/p>\n\n\n\n<p>\u2013 Analiza profilu U\u017cytkownika przez Vejamob w celu wskazania najlepszych produkt\u00f3w i informacji zgodnie z jego rzeczywistymi potrzebami i rzeczywisto\u015bci\u0105.<\/p>\n\n\n\n<p>Maj\u0105c na celu jeszcze dok\u0142adniejsz\u0105 analiz\u0119 profilu U\u017cytkownika, Vejamob mo\u017ce przeprowadza\u0107 badania maj\u0105ce na celu uzyskanie wi\u0119kszej ilo\u015bci lepszych informacji o U\u017cytkowniku i w ten spos\u00f3b wskazywa\u0107 spersonalizowane produkty i us\u0142ugi zgodnie z preferencjami i potrzebami ka\u017cdego U\u017cytkownika.<\/p>\n\n\n\n<p>W ten spos\u00f3b Vejamob i firmy partnerskie mog\u0105 zaprasza\u0107 U\u017cytkownik\u00f3w do wzi\u0119cia udzia\u0142u w ankietach satysfakcji, w ramach kt\u00f3rych wysy\u0142ane b\u0119d\u0105 wiadomo\u015bci e-mail zawieraj\u0105ce niezb\u0119dne wytyczne. Zebrane dane zostan\u0105 wykorzystane w celu wprowadzania udoskonale\u0144 w systemach, produktach, tre\u015bciach i us\u0142ugach oferowanych przez Vejamob i firmy partnerskie.<\/p>\n\n\n\n<p>Je\u015bli u\u017cytkownik skontaktuje si\u0119 z nami w celu zg\u0142oszenia problemu, zadania pytania lub uzyskania od nas wsparcia, zbieramy i przechowujemy dane kontaktowe u\u017cytkownika, a tak\u017ce odpowiednie wiadomo\u015bci i inne dane niezb\u0119dne do zbadania problemu lub pytania. Dane te zostan\u0105 wykorzystane w celu udzielenia odpowiedzi na wszelkie pytania zadane na podstawie zebranych informacji, wyja\u015bnienia w\u0105tpliwo\u015bci, rozwi\u0105zania problem\u00f3w i udoskonalenia systemu w celu dalszej poprawy do\u015bwiadczenia U\u017cytkownika w Vejamob.<\/p>\n\n\n\n<h2 class=\"wp-block-heading\">O udost\u0119pnianiu danych <\/h2>\n\n\n\n<p>Vejamob nie b\u0119dzie sprzedawa\u0142 informacji ani danych osobowych swoich U\u017cytkownik\u00f3w, ale mo\u017ce udost\u0119pnia\u0107 je firmom partnerskim w celu wskazania produkt\u00f3w i us\u0142ug najlepiej odpowiadaj\u0105cych profilowi i potrzebom U\u017cytkownika lub w celu dostarczenia produkt\u00f3w i\/lub us\u0142ug \u017c\u0105danych przez U\u017cytkownika.<\/p>\n\n\n\n<p>Vejamob zastrzega sobie prawo do pomocy lub wsp\u00f3\u0142pracy z organami s\u0105dowymi lub agencjami rz\u0105dowymi i mo\u017ce udost\u0119pnia\u0107 dane osobowe U\u017cytkownik\u00f3w w celu: a) ustanowienia lub wykonywania ich praw; b) chroni\u0107 swoj\u0105 w\u0142asno\u015b\u0107; c) je\u015bli uzna, \u017ce jego pomoc lub wsp\u00f3\u0142praca jest konieczna w celu ochrony jego U\u017cytkownik\u00f3w, wsp\u00f3\u0142pracownik\u00f3w, administrator\u00f3w lub jakiejkolwiek osoby poszkodowanej w wyniku jego dzia\u0142ania lub zaniechania.<\/p>\n\n\n\n<h2 class=\"wp-block-heading\">O nieprzetworzonych i niepobranych danych <\/h2>\n\n\n\n<p>Vejamob nie przetwarza danych osobowych dzieci poni\u017cej 13 (trzynastego) roku \u017cycia bez uprzedniej zgody rodzic\u00f3w lub opiekun\u00f3w prawnych.<\/p>\n\n\n\n<p>Je\u017celi dane osobowe dzieci poni\u017cej 13 (trzynastego) roku \u017cycia zostan\u0105 zebrane i przetworzone w spos\u00f3b nieumy\u015blny, bez wyra\u017anej zgody rodzic\u00f3w lub opiekun\u00f3w prawnych, Vejamob usunie wszystkie zebrane dane bez wcze\u015bniejszego powiadomienia.<\/p>\n\n\n\n<p>Je\u017celi U\u017cytkownik dowie si\u0119, \u017ce omy\u0142kowo przetworzyli\u015bmy dane dziecka, prosimy o natychmiastowy kontakt z nami za po\u015brednictwem poczty elektronicznej pod adresem contato@vejamob.com, aby\u015bmy mogli podj\u0105\u0107 odpowiednie kroki.<\/p>","protected":false},"excerpt":{"rendered":"<p>Wszystkie zebrane informacje zostan\u0105 wykorzystane w celu poprawy komfortu korzystania z naszej strony internetowej. Zebrane informacje mog\u0105 obejmowa\u0107 imi\u0119 i nazwisko, adres e-mail, numer telefonu i\/lub inne dane. Korzystanie z Vejamob oznacza akceptacj\u0119 niniejszej Umowy o Prywatno\u015bci. Je\u015bli u\u017cytkownik nie zgadza si\u0119, nawet cz\u0119\u015bciowo, z warunkami zawartymi w niniejszym dokumencie\u2026 <a title=\"Polityka prywatno\u015bci\" class=\"read-more\" href=\"https:\/\/vejamob.com\/pl\/polityka-prywatnosci\/\" aria-label=\"Dowiedz si\u0119 zobacz Polityk\u0119 Prywatno\u015bci\">Czytaj wi\u0119cej<\/a><\/p>","protected":false},"author":1,"featured_media":0,"parent":0,"menu_order":0,"comment_status":"closed","ping_status":"closed","template":"","meta":{"footnotes":""},"class_list":["post-46973","page","type-page","status-publish"],"yoast_head":"<!-- This site is optimized with the Yoast SEO plugin v25.6 - https:\/\/yoast.com\/wordpress\/plugins\/seo\/ -->\n<title>Politica de Privacidade - Vejamob<\/title>\n<meta name=\"robots\" content=\"index, follow, max-snippet:-1, max-image-preview:large, max-video-preview:-1\" \/>\n<link rel=\"canonical\" href=\"https:\/\/vejamob.com\/pl\/polityka-prywatnosci\/\" \/>\n<meta property=\"og:locale\" content=\"pl_PL\" \/>\n<meta property=\"og:type\" content=\"article\" \/>\n<meta property=\"og:title\" content=\"Politica de Privacidade - Vejamob\" \/>\n<meta property=\"og:description\" content=\"Todas as informa\u00e7\u00f5es recolhidas ser\u00e3o utilizadas para melhorar sua experi\u00eancia dentro do nosso site. As informa\u00e7\u00f5es recolhidas podem incluir o seu nome, email, n\u00famero de telefone e\/ou outros. O uso do Vejamob pressup\u00f5e a aceita\u00e7\u00e3o deste Acordo de Privacidade. Caso o usu\u00e1rio n\u00e3o concorde, ainda que em parte, com os termos e condi\u00e7\u00f5es contidos nesta ... Leia mais\" \/>\n<meta property=\"og:url\" content=\"https:\/\/vejamob.com\/pl\/polityka-prywatnosci\/\" \/>\n<meta property=\"og:site_name\" content=\"Vejamob\" \/>\n<meta property=\"article:modified_time\" content=\"2025-03-25T19:36:20+00:00\" \/>\n<meta name=\"twitter:card\" content=\"summary_large_image\" \/>\n<meta name=\"twitter:label1\" content=\"Szacowany czas czytania\" \/>\n\t<meta name=\"twitter:data1\" content=\"9 minut\" \/>\n<script type=\"application\/ld+json\" class=\"yoast-schema-graph\">{\"@context\":\"https:\/\/schema.org\",\"@graph\":[{\"@type\":\"WebPage\",\"@id\":\"https:\/\/vejamob.com\/politica-de-privacidade\/\",\"url\":\"https:\/\/vejamob.com\/politica-de-privacidade\/\",\"name\":\"Politica de Privacidade - Vejamob\",\"isPartOf\":{\"@id\":\"https:\/\/vejamob.com\/#website\"},\"datePublished\":\"2024-06-28T15:57:52+00:00\",\"dateModified\":\"2025-03-25T19:36:20+00:00\",\"breadcrumb\":{\"@id\":\"https:\/\/vejamob.com\/politica-de-privacidade\/#breadcrumb\"},\"inLanguage\":\"pl-PL\",\"potentialAction\":[{\"@type\":\"ReadAction\",\"target\":[\"https:\/\/vejamob.com\/politica-de-privacidade\/\"]}]},{\"@type\":\"BreadcrumbList\",\"@id\":\"https:\/\/vejamob.com\/politica-de-privacidade\/#breadcrumb\",\"itemListElement\":[{\"@type\":\"ListItem\",\"position\":1,\"name\":\"In\u00edcio\",\"item\":\"https:\/\/vejamob.com\/\"},{\"@type\":\"ListItem\",\"position\":2,\"name\":\"Politica de Privacidade\"}]},{\"@type\":\"WebSite\",\"@id\":\"https:\/\/vejamob.com\/#website\",\"url\":\"https:\/\/vejamob.com\/\",\"name\":\"Noticia Tecnologia\",\"description\":\"Tudo sobre aplicativos!\",\"publisher\":{\"@id\":\"https:\/\/vejamob.com\/#organization\"},\"potentialAction\":[{\"@type\":\"SearchAction\",\"target\":{\"@type\":\"EntryPoint\",\"urlTemplate\":\"https:\/\/vejamob.com\/?s={search_term_string}\"},\"query-input\":{\"@type\":\"PropertyValueSpecification\",\"valueRequired\":true,\"valueName\":\"search_term_string\"}}],\"inLanguage\":\"pl-PL\"},{\"@type\":\"Organization\",\"@id\":\"https:\/\/vejamob.com\/#organization\",\"name\":\"Spotads\",\"url\":\"https:\/\/vejamob.com\/\",\"logo\":{\"@type\":\"ImageObject\",\"inLanguage\":\"pl-PL\",\"@id\":\"https:\/\/vejamob.com\/#\/schema\/logo\/image\/\",\"url\":\"https:\/\/vejamob.com\/wp-content\/uploads\/2024\/06\/NOTICIA-LOGO-1.png\",\"contentUrl\":\"https:\/\/vejamob.com\/wp-content\/uploads\/2024\/06\/NOTICIA-LOGO-1.png\",\"width\":250,\"height\":60,\"caption\":\"Spotads\"},\"image\":{\"@id\":\"https:\/\/vejamob.com\/#\/schema\/logo\/image\/\"}}]}<\/script>\n<!-- \/ Yoast SEO plugin. -->","yoast_head_json":{"title":"Polityka prywatno\u015bci - Vejamob","robots":{"index":"index","follow":"follow","max-snippet":"max-snippet:-1","max-image-preview":"max-image-preview:large","max-video-preview":"max-video-preview:-1"},"canonical":"https:\/\/vejamob.com\/pl\/polityka-prywatnosci\/","og_locale":"pl_PL","og_type":"article","og_title":"Politica de Privacidade - Vejamob","og_description":"Todas as informa\u00e7\u00f5es recolhidas ser\u00e3o utilizadas para melhorar sua experi\u00eancia dentro do nosso site. As informa\u00e7\u00f5es recolhidas podem incluir o seu nome, email, n\u00famero de telefone e\/ou outros. O uso do Vejamob pressup\u00f5e a aceita\u00e7\u00e3o deste Acordo de Privacidade. Caso o usu\u00e1rio n\u00e3o concorde, ainda que em parte, com os termos e condi\u00e7\u00f5es contidos nesta ... Leia mais","og_url":"https:\/\/vejamob.com\/pl\/polityka-prywatnosci\/","og_site_name":"Vejamob","article_modified_time":"2025-03-25T19:36:20+00:00","twitter_card":"summary_large_image","twitter_misc":{"Szacowany czas czytania":"9 minut"},"schema":{"@context":"https:\/\/schema.org","@graph":[{"@type":"WebPage","@id":"https:\/\/vejamob.com\/politica-de-privacidade\/","url":"https:\/\/vejamob.com\/politica-de-privacidade\/","name":"Polityka prywatno\u015bci - Vejamob","isPartOf":{"@id":"https:\/\/vejamob.com\/#website"},"datePublished":"2024-06-28T15:57:52+00:00","dateModified":"2025-03-25T19:36:20+00:00","breadcrumb":{"@id":"https:\/\/vejamob.com\/politica-de-privacidade\/#breadcrumb"},"inLanguage":"pl-PL","potentialAction":[{"@type":"ReadAction","target":["https:\/\/vejamob.com\/politica-de-privacidade\/"]}]},{"@type":"BreadcrumbList","@id":"https:\/\/vejamob.com\/politica-de-privacidade\/#breadcrumb","itemListElement":[{"@type":"ListItem","position":1,"name":"In\u00edcio","item":"https:\/\/vejamob.com\/"},{"@type":"ListItem","position":2,"name":"Politica de Privacidade"}]},{"@type":"WebSite","@id":"https:\/\/vejamob.com\/#website","url":"https:\/\/vejamob.com\/","name":"Wiadomo\u015bci technologiczne","description":"Wszystko o aplikacjach!","publisher":{"@id":"https:\/\/vejamob.com\/#organization"},"potentialAction":[{"@type":"SearchAction","target":{"@type":"EntryPoint","urlTemplate":"https:\/\/vejamob.com\/?s={search_term_string}"},"query-input":{"@type":"PropertyValueSpecification","valueRequired":true,"valueName":"search_term_string"}}],"inLanguage":"pl-PL"},{"@type":"Organization","@id":"https:\/\/vejamob.com\/#organization","name":"Spotady","url":"https:\/\/vejamob.com\/","logo":{"@type":"ImageObject","inLanguage":"pl-PL","@id":"https:\/\/vejamob.com\/#\/schema\/logo\/image\/","url":"https:\/\/vejamob.com\/wp-content\/uploads\/2024\/06\/NOTICIA-LOGO-1.png","contentUrl":"https:\/\/vejamob.com\/wp-content\/uploads\/2024\/06\/NOTICIA-LOGO-1.png","width":250,"height":60,"caption":"Spotads"},"image":{"@id":"https:\/\/vejamob.com\/#\/schema\/logo\/image\/"}}]}},"_links":{"self":[{"href":"https:\/\/vejamob.com\/pl\/wp-json\/wp\/v2\/pages\/46973","targetHints":{"allow":["GET"]}}],"collection":[{"href":"https:\/\/vejamob.com\/pl\/wp-json\/wp\/v2\/pages"}],"about":[{"href":"https:\/\/vejamob.com\/pl\/wp-json\/wp\/v2\/types\/page"}],"author":[{"embeddable":true,"href":"https:\/\/vejamob.com\/pl\/wp-json\/wp\/v2\/users\/1"}],"replies":[{"embeddable":true,"href":"https:\/\/vejamob.com\/pl\/wp-json\/wp\/v2\/comments?post=46973"}],"version-history":[{"count":0,"href":"https:\/\/vejamob.com\/pl\/wp-json\/wp\/v2\/pages\/46973\/revisions"}],"wp:attachment":[{"href":"https:\/\/vejamob.com\/pl\/wp-json\/wp\/v2\/media?parent=46973"}],"curies":[{"name":"wp","href":"https:\/\/api.w.org\/{rel}","templated":true}]}}