{"id":46975,"date":"2024-06-28T15:59:34","date_gmt":"2024-06-28T15:59:34","guid":{"rendered":"https:\/\/vejamob.com\/?page_id=46975"},"modified":"2025-03-25T19:37:25","modified_gmt":"2025-03-25T19:37:25","slug":"warunki-korzystania","status":"publish","type":"page","link":"https:\/\/vejamob.com\/pl\/warunki-korzystania\/","title":{"rendered":"Warunki korzystania"},"content":{"rendered":"<p>Korzystaj\u0105c ze strony internetowej Vejamob, zgadzasz si\u0119 przestrzega\u0107 niniejszych warunk\u00f3w korzystania z us\u0142ugi, wszystkich obowi\u0105zuj\u0105cych przepis\u00f3w i regulacji, a tak\u017ce przyjmujesz na siebie odpowiedzialno\u015b\u0107 za przestrzeganie wszystkich obowi\u0105zuj\u0105cych przepis\u00f3w lokalnych. Je\u015bli nie zgadzasz si\u0119 z kt\u00f3rymkolwiek z tych warunk\u00f3w, nie mo\u017cesz korzysta\u0107 z tej witryny ani uzyskiwa\u0107 do niej dost\u0119pu. Materia\u0142y zawarte na tej stronie internetowej s\u0105 chronione obowi\u0105zuj\u0105cymi przepisami prawa autorskiego i prawa znak\u00f3w towarowych.<\/p>\n\n\n\n<h2 class=\"wp-block-heading\">Wykorzystanie licencji<\/h2>\n\n\n\n<p>Udziela si\u0119 zgody na tymczasowe pobranie jednej kopii materia\u0142\u00f3w (informacji lub oprogramowania) ze strony internetowej Vejamob wy\u0142\u0105cznie w celu osobistego, niekomercyjnego, przej\u015bciowego wykorzystania. Niniejsza umowa udziela licencji, a nie przenosi tytu\u0142u w\u0142asno\u015bci, a na mocy tej licencji nie wolno:<\/p>\n\n\n\n<ul class=\"wp-block-list\">\n<li>modyfikowa\u0107 lub kopiowa\u0107 materia\u0142y;<\/li>\n\n\n\n<li>wykorzystywa\u0107 materia\u0142\u00f3w do cel\u00f3w komercyjnych lub do publicznego wy\u015bwietlania (komercyjnego lub niekomercyjnego);<\/li>\n\n\n\n<li>podejmowa\u0107 pr\u00f3b dekompilowania lub dokonywania in\u017cynierii wstecznej jakiegokolwiek oprogramowania zawartego na stronie internetowej Vejamob;<\/li>\n\n\n\n<li>usun\u0105\u0107 z materia\u0142\u00f3w wszelkie oznaczenia dotycz\u0105ce praw autorskich lub innych praw w\u0142asno\u015bci; Lub<\/li>\n\n\n\n<li>przekazywa\u0107 materia\u0142\u00f3w innej osobie lub \u201eprzenosi\u0107\u201d ich na inny serwer. Niniejsza licencja ulega automatycznemu rozwi\u0105zaniu w przypadku naruszenia kt\u00f3regokolwiek z tych ogranicze\u0144 i mo\u017ce zosta\u0107 rozwi\u0105zana przez Vejamob w dowolnym momencie. Po zako\u0144czeniu przegl\u0105dania materia\u0142\u00f3w lub po wyga\u015bni\u0119ciu niniejszej licencji, musisz zniszczy\u0107 wszelkie pobrane materia\u0142y b\u0119d\u0105ce w Twoim posiadaniu, niezale\u017cnie od tego, czy s\u0105 w formie elektronicznej, czy wydrukowanej.<\/li>\n<\/ul>\n\n\n\n<h2 class=\"wp-block-heading\">Zastrze\u017cenie<\/h2>\n\n\n\n<p>Materia\u0142y zamieszczone na stronie internetowej Vejamob s\u0105 udost\u0119pniane \u201etak jak s\u0105\u201d. Vejamob nie udziela \u017cadnych gwarancji, wyra\u017anych ani dorozumianych, i niniejszym zrzeka si\u0119 i neguje wszelkie inne gwarancje, w tym mi\u0119dzy innymi gwarancje dorozumiane lub warunki przydatno\u015bci handlowej, przydatno\u015bci do okre\u015blonego celu lub nienaruszania praw w\u0142asno\u015bci intelektualnej lub innego naruszenia praw.<\/p>\n\n\n\n<p>Ponadto Vejamob nie udziela gwarancji i nie sk\u0142ada \u017cadnych o\u015bwiadcze\u0144 dotycz\u0105cych dok\u0142adno\u015bci, prawdopodobnych wynik\u00f3w lub niezawodno\u015bci korzystania z materia\u0142\u00f3w zamieszczonych na swojej stronie internetowej lub w inny spos\u00f3b powi\u0105zanych z takimi materia\u0142ami b\u0105d\u017a z witrynami po\u0142\u0105czonymi z t\u0105 witryn\u0105.<\/p>\n\n\n\n<h2 class=\"wp-block-heading\">Ograniczenia<\/h2>\n\n\n\n<p>W \u017cadnym wypadku Vejamob ani jego dostawcy nie ponosz\u0105 odpowiedzialno\u015bci za jakiekolwiek szkody (w tym, bez ogranicze\u0144, szkody z tytu\u0142u utraty danych lub zysk\u00f3w b\u0105d\u017a szkody powsta\u0142e w wyniku przerwy w dzia\u0142alno\u015bci), wynikaj\u0105ce z korzystania lub niemo\u017cno\u015bci korzystania z materia\u0142\u00f3w znajduj\u0105cych si\u0119 na stronie internetowej Vejamob, nawet je\u015bli Vejamob lub upowa\u017cniony przedstawiciel Vejamob zosta\u0142 poinformowany ustnie lub pisemnie o mo\u017cliwo\u015bci wyst\u0105pienia takich szk\u00f3d. Poniewa\u017c w niekt\u00f3rych jurysdykcjach nie s\u0105 dozwolone ograniczenia gwarancji dorozumianych lub ograniczenia odpowiedzialno\u015bci za szkody nast\u0119pcze lub przypadkowe, ograniczenia te mog\u0105 Ci\u0119 nie dotyczy\u0107.<\/p>\n\n\n\n<h2 class=\"wp-block-heading\">Precyzja materia\u0142\u00f3w<\/h2>\n\n\n\n<p>Materia\u0142y zamieszczone na stronie internetowej Vejamob mog\u0105 zawiera\u0107 b\u0142\u0119dy techniczne, typograficzne lub fotograficzne. Vejamob nie gwarantuje, \u017ce jakiekolwiek materia\u0142y zamieszczone na jego stronie internetowej s\u0105 dok\u0142adne, kompletne lub aktualne. Vejamob ma prawo dokonywa\u0107 zmian w materia\u0142ach zawartych na swojej stronie internetowej w dowolnym momencie i bez wcze\u015bniejszego powiadomienia. Jednak\u017ce Vejamob nie zobowi\u0105zuje si\u0119 do aktualizacji materia\u0142\u00f3w.<\/p>\n\n\n\n<h2 class=\"wp-block-heading\">Spinki do mankiet\u00f3w<\/h2>\n\n\n\n<p>Vejamob nie sprawdzi\u0142 wszystkich witryn po\u0142\u0105czonych linkami ze swoj\u0105 witryn\u0105 i nie ponosi odpowiedzialno\u015bci za zawarto\u015b\u0107 \u017cadnej z nich. Zamieszczenie jakiegokolwiek linka nie oznacza, \u017ce Vejamob popiera dan\u0105 witryn\u0119. Korzystanie z podlinkowanych witryn internetowych odbywa si\u0119 na w\u0142asne ryzyko u\u017cytkownika.<\/p>\n\n\n\n<h2 class=\"wp-block-heading\">Modyfikacje<\/h2>\n\n\n\n<p>Vejamob mo\u017ce zmieni\u0107 warunki korzystania ze strony internetowej w dowolnym momencie i bez wcze\u015bniejszego powiadomienia. Korzystaj\u0105c z tej witryny internetowej wyra\u017casz zgod\u0119 na obowi\u0105zywanie aktualnej wersji niniejszych warunk\u00f3w korzystania z us\u0142ugi.<\/p>\n\n\n\n<p>Prawo w\u0142a\u015bciwe Niniejsze warunki podlegaj\u0105 prawu Vejamob i zgodnie z nim b\u0119d\u0105 interpretowane. Nieodwo\u0142alnie poddajesz si\u0119 wy\u0142\u0105cznej jurysdykcji s\u0105d\u00f3w w tym pa\u0144stwie lub miejscu.<\/p>\n\n\n\n<h2 class=\"wp-block-heading\" id=\"lei-aplicavel\">Obowi\u0105zuj\u0105ce prawo<\/h2>\n\n\n\n<p>Niniejsze warunki podlegaj\u0105 prawu Vejamob i zgodnie z nim b\u0119d\u0105 interpretowane. Nieodwo\u0142alnie poddajesz si\u0119 wy\u0142\u0105cznej jurysdykcji s\u0105d\u00f3w w tym pa\u0144stwie lub miejscu.<\/p>","protected":false},"excerpt":{"rendered":"<p>Uzyskuj\u0105c dost\u0119p do witryny Vejamob, zgadzasz si\u0119 przestrzega\u0107 niniejszych warunk\u00f3w korzystania z us\u0142ugi, wszystkich obowi\u0105zuj\u0105cych przepis\u00f3w i regulacji oraz przyjmujesz odpowiedzialno\u015b\u0107 za przestrzeganie wszystkich obowi\u0105zuj\u0105cych przepis\u00f3w lokalnych. Je\u015bli nie zgadzasz si\u0119 z kt\u00f3rymkolwiek z tych warunk\u00f3w, korzystanie z tej witryny i dost\u0119p do niej jest zabronione. Materia\u0142y zawarte na tej stronie s\u0105 chronione prawem autorskim\u2026 <a title=\"Warunki korzystania\" class=\"read-more\" href=\"https:\/\/vejamob.com\/pl\/warunki-korzystania\/\" aria-label=\"Prosz\u0119 zapozna\u0107 si\u0119 z Warunkami korzystania\">Czytaj wi\u0119cej<\/a><\/p>","protected":false},"author":1,"featured_media":0,"parent":0,"menu_order":0,"comment_status":"closed","ping_status":"closed","template":"","meta":{"footnotes":""},"class_list":["post-46975","page","type-page","status-publish"],"yoast_head":"<!-- This site is optimized with the Yoast SEO plugin v25.6 - https:\/\/yoast.com\/wordpress\/plugins\/seo\/ -->\n<title>Termos de Uso - Vejamob<\/title>\n<meta name=\"robots\" content=\"index, follow, max-snippet:-1, max-image-preview:large, max-video-preview:-1\" \/>\n<link rel=\"canonical\" href=\"https:\/\/vejamob.com\/pl\/warunki-korzystania\/\" \/>\n<meta property=\"og:locale\" content=\"pl_PL\" \/>\n<meta property=\"og:type\" content=\"article\" \/>\n<meta property=\"og:title\" content=\"Termos de Uso - Vejamob\" \/>\n<meta property=\"og:description\" content=\"Ao acessar ao site Vejamob, concorda em cumprir estes termos de servi\u00e7o, todas as leis e regulamentos aplic\u00e1veis e concorda que \u00e9 respons\u00e1vel pelo cumprimento de todas as leis locais aplic\u00e1veis. Se voc\u00ea n\u00e3o concordar com algum desses termos, est\u00e1 proibido de usar ou acessar este site. Os materiais contidos neste site s\u00e3o protegidos pelas ... Leia mais\" \/>\n<meta property=\"og:url\" content=\"https:\/\/vejamob.com\/pl\/warunki-korzystania\/\" \/>\n<meta property=\"og:site_name\" content=\"Vejamob\" \/>\n<meta property=\"article:modified_time\" content=\"2025-03-25T19:37:25+00:00\" \/>\n<meta name=\"twitter:card\" content=\"summary_large_image\" \/>\n<meta name=\"twitter:label1\" content=\"Szacowany czas czytania\" \/>\n\t<meta name=\"twitter:data1\" content=\"4 minuty\" \/>\n<script type=\"application\/ld+json\" class=\"yoast-schema-graph\">{\"@context\":\"https:\/\/schema.org\",\"@graph\":[{\"@type\":\"WebPage\",\"@id\":\"https:\/\/vejamob.com\/termos-de-uso\/\",\"url\":\"https:\/\/vejamob.com\/termos-de-uso\/\",\"name\":\"Termos de Uso - Vejamob\",\"isPartOf\":{\"@id\":\"https:\/\/vejamob.com\/#website\"},\"datePublished\":\"2024-06-28T15:59:34+00:00\",\"dateModified\":\"2025-03-25T19:37:25+00:00\",\"breadcrumb\":{\"@id\":\"https:\/\/vejamob.com\/termos-de-uso\/#breadcrumb\"},\"inLanguage\":\"pl-PL\",\"potentialAction\":[{\"@type\":\"ReadAction\",\"target\":[\"https:\/\/vejamob.com\/termos-de-uso\/\"]}]},{\"@type\":\"BreadcrumbList\",\"@id\":\"https:\/\/vejamob.com\/termos-de-uso\/#breadcrumb\",\"itemListElement\":[{\"@type\":\"ListItem\",\"position\":1,\"name\":\"In\u00edcio\",\"item\":\"https:\/\/vejamob.com\/\"},{\"@type\":\"ListItem\",\"position\":2,\"name\":\"Termos de Uso\"}]},{\"@type\":\"WebSite\",\"@id\":\"https:\/\/vejamob.com\/#website\",\"url\":\"https:\/\/vejamob.com\/\",\"name\":\"Noticia Tecnologia\",\"description\":\"Tudo sobre aplicativos!\",\"publisher\":{\"@id\":\"https:\/\/vejamob.com\/#organization\"},\"potentialAction\":[{\"@type\":\"SearchAction\",\"target\":{\"@type\":\"EntryPoint\",\"urlTemplate\":\"https:\/\/vejamob.com\/?s={search_term_string}\"},\"query-input\":{\"@type\":\"PropertyValueSpecification\",\"valueRequired\":true,\"valueName\":\"search_term_string\"}}],\"inLanguage\":\"pl-PL\"},{\"@type\":\"Organization\",\"@id\":\"https:\/\/vejamob.com\/#organization\",\"name\":\"Spotads\",\"url\":\"https:\/\/vejamob.com\/\",\"logo\":{\"@type\":\"ImageObject\",\"inLanguage\":\"pl-PL\",\"@id\":\"https:\/\/vejamob.com\/#\/schema\/logo\/image\/\",\"url\":\"https:\/\/vejamob.com\/wp-content\/uploads\/2024\/06\/NOTICIA-LOGO-1.png\",\"contentUrl\":\"https:\/\/vejamob.com\/wp-content\/uploads\/2024\/06\/NOTICIA-LOGO-1.png\",\"width\":250,\"height\":60,\"caption\":\"Spotads\"},\"image\":{\"@id\":\"https:\/\/vejamob.com\/#\/schema\/logo\/image\/\"}}]}<\/script>\n<!-- \/ Yoast SEO plugin. -->","yoast_head_json":{"title":"Warunki korzystania - Vejamob","robots":{"index":"index","follow":"follow","max-snippet":"max-snippet:-1","max-image-preview":"max-image-preview:large","max-video-preview":"max-video-preview:-1"},"canonical":"https:\/\/vejamob.com\/pl\/warunki-korzystania\/","og_locale":"pl_PL","og_type":"article","og_title":"Termos de Uso - Vejamob","og_description":"Ao acessar ao site Vejamob, concorda em cumprir estes termos de servi\u00e7o, todas as leis e regulamentos aplic\u00e1veis e concorda que \u00e9 respons\u00e1vel pelo cumprimento de todas as leis locais aplic\u00e1veis. Se voc\u00ea n\u00e3o concordar com algum desses termos, est\u00e1 proibido de usar ou acessar este site. Os materiais contidos neste site s\u00e3o protegidos pelas ... Leia mais","og_url":"https:\/\/vejamob.com\/pl\/warunki-korzystania\/","og_site_name":"Vejamob","article_modified_time":"2025-03-25T19:37:25+00:00","twitter_card":"summary_large_image","twitter_misc":{"Szacowany czas czytania":"4 minuty"},"schema":{"@context":"https:\/\/schema.org","@graph":[{"@type":"WebPage","@id":"https:\/\/vejamob.com\/termos-de-uso\/","url":"https:\/\/vejamob.com\/termos-de-uso\/","name":"Warunki korzystania - Vejamob","isPartOf":{"@id":"https:\/\/vejamob.com\/#website"},"datePublished":"2024-06-28T15:59:34+00:00","dateModified":"2025-03-25T19:37:25+00:00","breadcrumb":{"@id":"https:\/\/vejamob.com\/termos-de-uso\/#breadcrumb"},"inLanguage":"pl-PL","potentialAction":[{"@type":"ReadAction","target":["https:\/\/vejamob.com\/termos-de-uso\/"]}]},{"@type":"BreadcrumbList","@id":"https:\/\/vejamob.com\/termos-de-uso\/#breadcrumb","itemListElement":[{"@type":"ListItem","position":1,"name":"In\u00edcio","item":"https:\/\/vejamob.com\/"},{"@type":"ListItem","position":2,"name":"Termos de Uso"}]},{"@type":"WebSite","@id":"https:\/\/vejamob.com\/#website","url":"https:\/\/vejamob.com\/","name":"Wiadomo\u015bci technologiczne","description":"Wszystko o aplikacjach!","publisher":{"@id":"https:\/\/vejamob.com\/#organization"},"potentialAction":[{"@type":"SearchAction","target":{"@type":"EntryPoint","urlTemplate":"https:\/\/vejamob.com\/?s={search_term_string}"},"query-input":{"@type":"PropertyValueSpecification","valueRequired":true,"valueName":"search_term_string"}}],"inLanguage":"pl-PL"},{"@type":"Organization","@id":"https:\/\/vejamob.com\/#organization","name":"Spotady","url":"https:\/\/vejamob.com\/","logo":{"@type":"ImageObject","inLanguage":"pl-PL","@id":"https:\/\/vejamob.com\/#\/schema\/logo\/image\/","url":"https:\/\/vejamob.com\/wp-content\/uploads\/2024\/06\/NOTICIA-LOGO-1.png","contentUrl":"https:\/\/vejamob.com\/wp-content\/uploads\/2024\/06\/NOTICIA-LOGO-1.png","width":250,"height":60,"caption":"Spotads"},"image":{"@id":"https:\/\/vejamob.com\/#\/schema\/logo\/image\/"}}]}},"_links":{"self":[{"href":"https:\/\/vejamob.com\/pl\/wp-json\/wp\/v2\/pages\/46975","targetHints":{"allow":["GET"]}}],"collection":[{"href":"https:\/\/vejamob.com\/pl\/wp-json\/wp\/v2\/pages"}],"about":[{"href":"https:\/\/vejamob.com\/pl\/wp-json\/wp\/v2\/types\/page"}],"author":[{"embeddable":true,"href":"https:\/\/vejamob.com\/pl\/wp-json\/wp\/v2\/users\/1"}],"replies":[{"embeddable":true,"href":"https:\/\/vejamob.com\/pl\/wp-json\/wp\/v2\/comments?post=46975"}],"version-history":[{"count":0,"href":"https:\/\/vejamob.com\/pl\/wp-json\/wp\/v2\/pages\/46975\/revisions"}],"wp:attachment":[{"href":"https:\/\/vejamob.com\/pl\/wp-json\/wp\/v2\/media?parent=46975"}],"curies":[{"name":"wp","href":"https:\/\/api.w.org\/{rel}","templated":true}]}}