{"id":46979,"date":"2024-06-28T16:01:36","date_gmt":"2024-06-28T16:01:36","guid":{"rendered":"https:\/\/vejamob.com\/?page_id=46979"},"modified":"2025-03-25T19:34:44","modified_gmt":"2025-03-25T19:34:44","slug":"kto-sme","status":"publish","type":"page","link":"https:\/\/vejamob.com\/sk\/kto-sme\/","title":{"rendered":"Kto sme"},"content":{"rendered":"<p>Vejamob je technologick\u00e1 webov\u00e1 str\u00e1nka vytvoren\u00e1 v roku 2024 s cie\u013eom poskytova\u0165 inform\u00e1cie a tipy o aplik\u00e1ci\u00e1ch, financi\u00e1ch a \u010fal\u0161\u00edch t\u00e9mach s\u00favisiacich s digit\u00e1lnym svetom. Ver\u00edme, \u017ee technol\u00f3gie s\u00fa mocn\u00fdm n\u00e1strojom na transform\u00e1ciu \u017eivotov a podnikania a chceme pom\u00f4c\u0165 na\u0161im \u010ditate\u013eom zosta\u0165 v obraze a \u010do najlep\u0161ie vyu\u017e\u00edva\u0165 tieto n\u00e1stroje.<\/p>\n\n\n\n<p>Tu na Vejamob n\u00e1jdete \u010dl\u00e1nky a n\u00e1vody nap\u00edsan\u00e9 technologick\u00fdmi expertmi, ako aj recenzie a anal\u00fdzy produktov a slu\u017eieb. Pon\u00fakame tie\u017e tipy a triky, ktor\u00e9 v\u00e1m pom\u00f4\u017eu \u010do najlep\u0161ie vyu\u017ei\u0165 va\u0161e mobiln\u00e9 zariadenia a aplik\u00e1cie.<\/p>\n\n\n\n<p>Vejamob je registrovan\u00e1 ochrann\u00e1 zn\u00e1mka spolo\u010dnosti\u00a0<a href=\"http:\/\/spotads.me\/\">spotads.me<\/a>\u00a0a udr\u017eiava ho t\u00edm profesion\u00e1lov, ktor\u00ed s\u00fa nad\u0161en\u00ed pre technol\u00f3gie.\u201c<\/p>\n\n\n\n<p>N\u00e1\u0161 t\u00edm tvoria odborn\u00edci na technol\u00f3gie, novin\u00e1ri a spisovatelia, ktor\u00ed s\u00fa v\u0161etci odhodlan\u00ed poskytova\u0165 na\u0161im \u010ditate\u013eom kvalitn\u00fd a presn\u00fd obsah. Ver\u00edme, \u017ee technol\u00f3gia je mocn\u00fdm n\u00e1strojom na transform\u00e1ciu \u017eivotov a podnikania a na\u0161\u00edm cie\u013eom je pom\u00f4c\u0165 na\u0161im \u010ditate\u013eom zosta\u0165 v obraze a \u010do najlep\u0161ie vyu\u017ei\u0165 tieto n\u00e1stroje.<\/p>\n\n\n\n<p>Okrem obsahu pon\u00fakame na\u0161im \u010ditate\u013eom aj mo\u017enos\u0165 spoji\u0165 sa s \u010fal\u0161\u00edmi technologick\u00fdmi nad\u0161encami prostredn\u00edctvom na\u0161ich soci\u00e1lnych siet\u00ed a diskusn\u00fdch f\u00f3r. Cen\u00edme si n\u00e1zory na\u0161ich \u010ditate\u013eov a sme v\u017edy otvoren\u00ed n\u00e1vrhom a sp\u00e4tnej v\u00e4zbe na zlep\u0161enie na\u0161ich slu\u017eieb.<\/p>\n\n\n\n<p>Sledujte n\u00e1s a bu\u010fte informovan\u00ed o najnov\u0161\u00edch trendoch a novink\u00e1ch vo svete technol\u00f3gi\u00ed. \u010eakujeme za n\u00e1v\u0161tevu na\u0161ej webovej str\u00e1nky a d\u00fafame, \u017ee sa \u010doskoro op\u00e4\u0165 uvid\u00edme!<\/p>","protected":false},"excerpt":{"rendered":"<p>Vejamob je technologick\u00e1 webov\u00e1 str\u00e1nka vytvoren\u00e1 v roku 2024 s cie\u013eom poskytova\u0165 inform\u00e1cie a tipy o aplik\u00e1ci\u00e1ch, financi\u00e1ch a \u010fal\u0161\u00edch t\u00e9mach s\u00favisiacich s digit\u00e1lnym svetom. Ver\u00edme, \u017ee technol\u00f3gia je mocn\u00fdm n\u00e1strojom na transform\u00e1ciu \u017eivotov a podnikania a chceme pom\u00f4c\u0165 na\u0161im \u010ditate\u013eom zosta\u0165 v obraze a \u010do najlep\u0161ie z nej vy\u0165a\u017ei\u0165 maximum\u2026 <a title=\"Kto sme\" class=\"read-more\" href=\"https:\/\/vejamob.com\/sk\/kto-sme\/\" aria-label=\"znova si viac Kto sme\">\u010d\u00edtaj viac<\/a><\/p>","protected":false},"author":1,"featured_media":0,"parent":0,"menu_order":0,"comment_status":"closed","ping_status":"closed","template":"","meta":{"footnotes":""},"class_list":["post-46979","page","type-page","status-publish"],"yoast_head":"<!-- This site is optimized with the Yoast SEO plugin v25.6 - https:\/\/yoast.com\/wordpress\/plugins\/seo\/ -->\n<title>Quem somos - Vejamob<\/title>\n<meta name=\"robots\" content=\"index, follow, max-snippet:-1, max-image-preview:large, max-video-preview:-1\" \/>\n<link rel=\"canonical\" href=\"https:\/\/vejamob.com\/sk\/kto-sme\/\" \/>\n<meta property=\"og:locale\" content=\"sk_SK\" \/>\n<meta property=\"og:type\" content=\"article\" \/>\n<meta property=\"og:title\" content=\"Quem somos - Vejamob\" \/>\n<meta property=\"og:description\" content=\"O Vejamob \u00e9 um site de tecnologia criado em 2024 com o objetivo de fornecer informa\u00e7\u00f5es e dicas sobre aplicativos, finan\u00e7as e outros assuntos relacionados ao mundo digital. N\u00f3s acreditamos que a tecnologia \u00e9 uma ferramenta poderosa para transformar vidas e empresas, e queremos ajudar nossos leitores a se manterem atualizados e aproveitar ao m\u00e1ximo ... Leia mais\" \/>\n<meta property=\"og:url\" content=\"https:\/\/vejamob.com\/sk\/kto-sme\/\" \/>\n<meta property=\"og:site_name\" content=\"Vejamob\" \/>\n<meta property=\"article:modified_time\" content=\"2025-03-25T19:34:44+00:00\" \/>\n<meta name=\"twitter:card\" content=\"summary_large_image\" \/>\n<meta name=\"twitter:label1\" content=\"Predpokladan\u00fd \u010das \u010d\u00edtania\" \/>\n\t<meta name=\"twitter:data1\" content=\"2 min\u00faty\" \/>\n<script type=\"application\/ld+json\" class=\"yoast-schema-graph\">{\"@context\":\"https:\/\/schema.org\",\"@graph\":[{\"@type\":\"WebPage\",\"@id\":\"https:\/\/vejamob.com\/quem-somos\/\",\"url\":\"https:\/\/vejamob.com\/quem-somos\/\",\"name\":\"Quem somos - Vejamob\",\"isPartOf\":{\"@id\":\"https:\/\/vejamob.com\/#website\"},\"datePublished\":\"2024-06-28T16:01:36+00:00\",\"dateModified\":\"2025-03-25T19:34:44+00:00\",\"breadcrumb\":{\"@id\":\"https:\/\/vejamob.com\/quem-somos\/#breadcrumb\"},\"inLanguage\":\"sk-SK\",\"potentialAction\":[{\"@type\":\"ReadAction\",\"target\":[\"https:\/\/vejamob.com\/quem-somos\/\"]}]},{\"@type\":\"BreadcrumbList\",\"@id\":\"https:\/\/vejamob.com\/quem-somos\/#breadcrumb\",\"itemListElement\":[{\"@type\":\"ListItem\",\"position\":1,\"name\":\"In\u00edcio\",\"item\":\"https:\/\/vejamob.com\/\"},{\"@type\":\"ListItem\",\"position\":2,\"name\":\"Quem somos\"}]},{\"@type\":\"WebSite\",\"@id\":\"https:\/\/vejamob.com\/#website\",\"url\":\"https:\/\/vejamob.com\/\",\"name\":\"Noticia Tecnologia\",\"description\":\"Tudo sobre aplicativos!\",\"publisher\":{\"@id\":\"https:\/\/vejamob.com\/#organization\"},\"potentialAction\":[{\"@type\":\"SearchAction\",\"target\":{\"@type\":\"EntryPoint\",\"urlTemplate\":\"https:\/\/vejamob.com\/?s={search_term_string}\"},\"query-input\":{\"@type\":\"PropertyValueSpecification\",\"valueRequired\":true,\"valueName\":\"search_term_string\"}}],\"inLanguage\":\"sk-SK\"},{\"@type\":\"Organization\",\"@id\":\"https:\/\/vejamob.com\/#organization\",\"name\":\"Spotads\",\"url\":\"https:\/\/vejamob.com\/\",\"logo\":{\"@type\":\"ImageObject\",\"inLanguage\":\"sk-SK\",\"@id\":\"https:\/\/vejamob.com\/#\/schema\/logo\/image\/\",\"url\":\"https:\/\/vejamob.com\/wp-content\/uploads\/2024\/06\/NOTICIA-LOGO-1.png\",\"contentUrl\":\"https:\/\/vejamob.com\/wp-content\/uploads\/2024\/06\/NOTICIA-LOGO-1.png\",\"width\":250,\"height\":60,\"caption\":\"Spotads\"},\"image\":{\"@id\":\"https:\/\/vejamob.com\/#\/schema\/logo\/image\/\"}}]}<\/script>\n<!-- \/ Yoast SEO plugin. -->","yoast_head_json":{"title":"Kto sme - Vejamob","robots":{"index":"index","follow":"follow","max-snippet":"max-snippet:-1","max-image-preview":"max-image-preview:large","max-video-preview":"max-video-preview:-1"},"canonical":"https:\/\/vejamob.com\/sk\/kto-sme\/","og_locale":"sk_SK","og_type":"article","og_title":"Quem somos - Vejamob","og_description":"O Vejamob \u00e9 um site de tecnologia criado em 2024 com o objetivo de fornecer informa\u00e7\u00f5es e dicas sobre aplicativos, finan\u00e7as e outros assuntos relacionados ao mundo digital. N\u00f3s acreditamos que a tecnologia \u00e9 uma ferramenta poderosa para transformar vidas e empresas, e queremos ajudar nossos leitores a se manterem atualizados e aproveitar ao m\u00e1ximo ... Leia mais","og_url":"https:\/\/vejamob.com\/sk\/kto-sme\/","og_site_name":"Vejamob","article_modified_time":"2025-03-25T19:34:44+00:00","twitter_card":"summary_large_image","twitter_misc":{"Predpokladan\u00fd \u010das \u010d\u00edtania":"2 min\u00faty"},"schema":{"@context":"https:\/\/schema.org","@graph":[{"@type":"WebPage","@id":"https:\/\/vejamob.com\/quem-somos\/","url":"https:\/\/vejamob.com\/quem-somos\/","name":"Kto sme - Vejamob","isPartOf":{"@id":"https:\/\/vejamob.com\/#website"},"datePublished":"2024-06-28T16:01:36+00:00","dateModified":"2025-03-25T19:34:44+00:00","breadcrumb":{"@id":"https:\/\/vejamob.com\/quem-somos\/#breadcrumb"},"inLanguage":"sk-SK","potentialAction":[{"@type":"ReadAction","target":["https:\/\/vejamob.com\/quem-somos\/"]}]},{"@type":"BreadcrumbList","@id":"https:\/\/vejamob.com\/quem-somos\/#breadcrumb","itemListElement":[{"@type":"ListItem","position":1,"name":"In\u00edcio","item":"https:\/\/vejamob.com\/"},{"@type":"ListItem","position":2,"name":"Quem somos"}]},{"@type":"WebSite","@id":"https:\/\/vejamob.com\/#website","url":"https:\/\/vejamob.com\/","name":"Technologick\u00e9 novinky","description":"V\u0161etko o aplik\u00e1ci\u00e1ch!","publisher":{"@id":"https:\/\/vejamob.com\/#organization"},"potentialAction":[{"@type":"SearchAction","target":{"@type":"EntryPoint","urlTemplate":"https:\/\/vejamob.com\/?s={search_term_string}"},"query-input":{"@type":"PropertyValueSpecification","valueRequired":true,"valueName":"search_term_string"}}],"inLanguage":"sk-SK"},{"@type":"Organization","@id":"https:\/\/vejamob.com\/#organization","name":"Spotads","url":"https:\/\/vejamob.com\/","logo":{"@type":"ImageObject","inLanguage":"sk-SK","@id":"https:\/\/vejamob.com\/#\/schema\/logo\/image\/","url":"https:\/\/vejamob.com\/wp-content\/uploads\/2024\/06\/NOTICIA-LOGO-1.png","contentUrl":"https:\/\/vejamob.com\/wp-content\/uploads\/2024\/06\/NOTICIA-LOGO-1.png","width":250,"height":60,"caption":"Spotads"},"image":{"@id":"https:\/\/vejamob.com\/#\/schema\/logo\/image\/"}}]}},"_links":{"self":[{"href":"https:\/\/vejamob.com\/sk\/wp-json\/wp\/v2\/pages\/46979","targetHints":{"allow":["GET"]}}],"collection":[{"href":"https:\/\/vejamob.com\/sk\/wp-json\/wp\/v2\/pages"}],"about":[{"href":"https:\/\/vejamob.com\/sk\/wp-json\/wp\/v2\/types\/page"}],"author":[{"embeddable":true,"href":"https:\/\/vejamob.com\/sk\/wp-json\/wp\/v2\/users\/1"}],"replies":[{"embeddable":true,"href":"https:\/\/vejamob.com\/sk\/wp-json\/wp\/v2\/comments?post=46979"}],"version-history":[{"count":0,"href":"https:\/\/vejamob.com\/sk\/wp-json\/wp\/v2\/pages\/46979\/revisions"}],"wp:attachment":[{"href":"https:\/\/vejamob.com\/sk\/wp-json\/wp\/v2\/media?parent=46979"}],"curies":[{"name":"pracovn\u00fd list","href":"https:\/\/api.w.org\/{rel}","templated":true}]}}