{"id":46973,"date":"2024-06-28T15:57:52","date_gmt":"2024-06-28T15:57:52","guid":{"rendered":"https:\/\/vejamob.com\/?page_id=46973"},"modified":"2025-03-25T19:36:20","modified_gmt":"2025-03-25T19:36:20","slug":"politika-zasebnosti","status":"publish","type":"page","link":"https:\/\/vejamob.com\/sl\/politika-zasebnosti\/","title":{"rendered":"Politika zasebnosti"},"content":{"rendered":"<p>Vse zbrane podatke bomo uporabili za izbolj\u0161anje va\u0161e izku\u0161nje na na\u0161i spletni strani. Zbrani podatki lahko vklju\u010dujejo va\u0161e ime, e-po\u0161to, telefonsko \u0161tevilko in\/ali druge.<\/p>\n\n\n\n<p>Uporaba Vejamoba pomeni sprejetje te pogodbe o zasebnosti. \u010ce se uporabnik ne strinja, niti delno, s pogoji in dolo\u010dili v tem pravilniku o zasebnosti, naj ne dostopa in\/ali uporablja vsebine, ki jih ponuja Vejamob. Uporabnik z uporabo spletnega mesta potrjuje in v celoti sogla\u0161a z obdelavo svojih podatkov, v skladu z dolo\u010dili tega pravilnika o zasebnosti in splo\u0161nih pogojev uporabe.<\/p>\n\n\n\n<p>Pridr\u017eujemo si pravico do spremembe tega pravilnika o zasebnosti kadar koli, brez soglasja ali obvestila uporabnikov, zato ga redno pregledujte. Spremembe in pojasnila stopijo v veljavo takoj po objavi na spletni strani. \u010ce naredimo bistvene spremembe tega pravilnika, vas bomo tukaj obvestili, da so bili posodobljeni, tako da boste seznanjeni s tem, katere podatke zbiramo, kako jih uporabljamo in v kak\u0161nih okoli\u0161\u010dinah, \u010de obstajajo, uporabljamo in\/ali razkrivamo to.<\/p>\n\n\n\n<p>Vejamob spo\u0161tuje zasebnost svojih uporabnikov in transparentnost v na\u010dinu uporabe podatkov. Na\u0161 pravilnik o zasebnosti je pripravljen v skladu z mednarodnimi in nacionalnimi standardi varstva podatkov.<\/p>\n\n\n\n<p>Ta pravilnik o zasebnosti je treba brati in razlagati v povezavi s Splo\u0161nimi dolo\u010dili in pogoji uporabe Vejamoba, ki so na voljo na <a href=\"https:\/\/vejamob.com\/sl\/pogoji-uporabe\/\">https:\/\/vejamob.com\/termos-de-uso\/<\/a><\/p>\n\n\n\n<h2 class=\"wp-block-heading\">Splo\u0161ne informacije za uporabnike <\/h2>\n\n\n\n<p>Vejamob \u017eeli deliti informacije s svojimi uporabniki, tako da je znanje dostopno vsem. Uporabnik lahko brska po spletni strani Vejamob brez predhodne registracije.<\/p>\n\n\n\n<p>Vejamob sledi mednarodnim varnostnim standardom in normam pri shranjevanju, za\u0161\u010diti, zasebnosti in prenosu podatkov, pri \u010demer poudarja, da noben na\u010din shranjevanja, za\u0161\u010dite, zasebnosti in prenosa podatkov ni 100% varen in nedotakljiv.<\/p>\n\n\n\n<p>Vejamob sprejema prakse in tehnologije, ki se nenehno pregledujejo in izbolj\u0161ujejo v skladu z nacionalnim in mednarodnim tehni\u010dnim in regulativnim napredkom. Ko govorimo o za\u0161\u010diti, mislimo na kakr\u0161en koli nepoobla\u0161\u010den dostop, uporabo, spreminjanje, razkritje ali uni\u010denje va\u0161ih podatkov. Da se to ne bi zgodilo, vlagamo v ukrepe, ki vklju\u010dujejo \u0161ifrirano komunikacijo, nadzor dostopa, upo\u0161tevanje varnega razvoja programske opreme, notranje politike skladnosti ter ukrepe za odgovornost in zmanj\u0161anje tveganja, ki omogo\u010dajo varnost v celotnem \u017eivljenjskem ciklu podatkov. Podatki o uporabnikih so shranjeni tudi v varnih, priznanih in mednarodno priznanih bazah podatkov.<\/p>\n\n\n\n<p>Vejamob pod nobenim pogojem ne zahteva nobene vsote denarja za izdajo katere koli vrste izdelka, kakr\u0161en koli \u017ee je. \u010ce se to zgodi, nas nemudoma obvestite.<\/p>\n\n\n\n<p>Prizadevamo si, da bi bile vse informacije \u010dim bolj a\u017eurne. Vendar velja opozoriti, da se te informacije lahko razlikujejo od informacij na spletnih straneh institucij ali ponudnikov storitev na dolo\u010deni spletni strani. Ne jam\u010dimo za to\u010dnost in a\u017eurnost informacij. Vedno ne pozabite prebrati pogojev ustanov, ki jih izberete. Od ogla\u0161evanja na na\u0161i spletni strani in od na\u0161ih partnerjev prejmemo majhen znesek, ko napotimo uporabnika, ki zahteva izdelek ali ponudbo. Vse, kar objavljamo, temelji na kvantitativnih in kvalitativnih ocenah posameznega izdelka. Omeniti velja, da lahko na\u0161i partnerji neposredno vplivajo na izdelke, o katerih pi\u0161emo in jih ocenjujemo, pa tudi na vrstni red \u00bbnajbolj\u0161ih\u00ab \u010dlankov in pozicioniranje izdelkov na Vejamobu. Glede na koli\u010dino informacij na na\u0161i spletni strani ne nudimo nobene garancije za kakovost in a\u017eurnost informacij; Zato dajemo prednost informacijam na\u0161ih partnerjev.<\/p>\n\n\n\n<p>Za za\u0161\u010dito va\u0161ih osebnih podatkov izvajamo razumne previdnostne ukrepe in sledimo najbolj\u0161im industrijskim praksam, da zagotovimo, da se ne izgubijo, zlorabijo, dostopajo do njih, razkrijejo, spremenijo ali uni\u010dijo.<\/p>\n\n\n\n<h2 class=\"wp-block-heading\">Povezave do spletnih mest tretjih oseb <\/h2>\n\n\n\n<p>Vejamob ima povezave do drugih spletnih strani, ki po na\u0161em mnenju lahko vsebujejo koristne informacije\/orodja za na\u0161e obiskovalce. Na\u0161 pravilnik o zasebnosti ne velja za spletna mesta tretjih oseb. Nismo odgovorni za politiko zasebnosti ali vsebino na teh istih spletnih mestih. Vejamob nima nikakr\u0161nega nadzora nad njimi in je zato opro\u0161\u010den vsakr\u0161ne odgovornosti v razmerjih, vzpostavljenih med uporabnikom in izdelki in storitvami tretjih oseb, ogla\u0161evanimi na spletnem mestu.<\/p>\n\n\n\n<p>Ko zapustite na\u0161e spletno mesto ali ste preusmerjeni na spletno mesto ali aplikacijo tretje osebe, vas ta pravilnik o zasebnosti ali pogoji storitve na\u0161ega spletnega mesta ne urejajo ve\u010d.<\/p>\n\n\n\n<p>\u010ce si potem, ko ste nam posredovali svoje podatke, premislite, lahko kadar koli prekli\u010dete svoje soglasje, da stopimo v stik z vami, za nadaljnje zbiranje, uporabo ali razkritje va\u0161ih podatkov, tako da nas kontaktirate preko e-po\u0161te contato@vejamob.com<\/p>\n\n\n\n<h2 class=\"wp-block-heading\">Neosebni podatki <\/h2>\n\n\n\n<p>Kadar uporabniki ne zahtevajo brezpla\u010dne vsebine od Vejamoba (med drugim e-knjig, kvizov, \u010dlankov, infografik), se lahko izvaja sledenje in zbiranje neosebnih podatkov, ki med drugim navajajo, katere strani spletnega mesta so bile obiskane, kdaj so bile obiskane, katere hiperpovezave so bile kliknjene, katere vsebine ali storitve so bile med drugim zahtevane ali navedene.<\/p>\n\n\n\n<h2 class=\"wp-block-heading\">Pi\u0161kotki <\/h2>\n\n\n\n<p>Google kot tretji ponudnik uporablja pi\u0161kotke za prikazovanje oglasov. S pi\u0161kotkom DART lahko Google prikazuje oglase na podlagi va\u0161ih obiskov drugih spletnih mest na internetu. Uporabniki lahko onemogo\u010dijo pi\u0161kotek DART tako, da obi\u0161\u010dejo Googlov pravilnik o zasebnosti oglasov in vsebinskega omre\u017eja.<\/p>\n\n\n\n<p>Vejamob uporablja pi\u0161kotke za pomo\u010d pri zbiranju podatkov in identifikacijskih informacij IP (internetnega protokola), da olaj\u0161a navigacijo uporabnika, kar pomaga zagotoviti varnost, za\u0161\u010dito in pristnost podatkov.<\/p>\n\n\n\n<p>Poleg tega na na\u0161i spletni strani uporabljamo tudi ogla\u0161evanje tretjih oseb za kritje stro\u0161kov vzdr\u017eevanja. Nekateri od teh ogla\u0161evalcev lahko uporabljajo tehnologije, kot so pi\u0161kotki, ko ogla\u0161ujejo na na\u0161i spletni strani, kar pomeni, da bodo ti ogla\u0161evalci (kot je Google prek Google AdSense in Ad Exchange) prejeli tudi va\u0161e osebne podatke, kot so va\u0161 naslov IP, va\u0161 ponudnik internetnih storitev, va\u0161 brskalnik itd. Ta funkcija se obi\u010dajno uporablja za geografsko ciljanje (prikazovanje oglasov, ki so smiselni glede na va\u0161o geografsko lokacijo).<\/p>\n\n\n\n<p>Uporabnik lahko v nastavitvah brskalnika kadar koli spremeni, ali \u017eeli sprejeti pi\u0161kotke ali ne, pri \u010demer upo\u0161teva, da so lahko z onemogo\u010danjem brskalnih pi\u0161kotkov nekatere funkcionalnosti Vejamoba okrnjene.<\/p>\n\n\n\n<h2 class=\"wp-block-heading\">Osebno dolo\u010dljivi podatki <\/h2>\n\n\n\n<p>Za dostop do brezpla\u010dne vsebine na Vejamobu, kot so med drugim \u010dlanki, e-knjige, kvizi, mora uporabnik posredovati nekaj osebnih podatkov, kot so: e-po\u0161ta in polno ime.<\/p>\n\n\n\n<p>Osebno dolo\u010dljivi podatki, ki jih obdeluje Vejamob, so namenjeni:<\/p>\n\n\n\n<p>\u2013 Pravilna in natan\u010dna identifikacija Uporabnika, s \u010dimer je zagotovljena ve\u010dja varnost in za\u0161\u010dita samih Uporabnikov;<\/p>\n\n\n\n<p>\u2013 Dostop do storitev in izdelkov, ki jih ponuja Vejamob;<\/p>\n\n\n\n<p>\u2013 Analiza uporabni\u0161kega profila s strani Vejamoba z namenom ozna\u010devanja najbolj\u0161ih izdelkov in informacij glede na njihove resni\u010dne potrebe in realnost.<\/p>\n\n\n\n<p>V \u017eelji po \u0161e natan\u010dnej\u0161i analizi uporabnikovega profila lahko Vejamob izvede raziskavo, da bi pridobil ve\u010d in bolj\u0161e informacije o vas in tako navedel personalizirane izdelke in storitve glede na \u017eelje in potrebe posameznega uporabnika.<\/p>\n\n\n\n<p>Na ta na\u010din lahko Vejamob in partnerska podjetja povabijo uporabnike k sodelovanju v anketah o zadovoljstvu, kjer bodo poslana e-po\u0161tna sporo\u010dila s potrebnimi smernicami. Zbrani podatki bodo uporabljeni z glavnim ciljem iskanja izbolj\u0161av v sistemih, izdelkih, vsebinah in storitvah, ki jih ponujajo Vejamob in partnerska podjetja.<\/p>\n\n\n\n<p>\u010ce uporabnik stopi v stik z nami, da prijavi te\u017eavo, ima vpra\u0161anje ali pridobi na\u0161o podporo, zbiramo in hranimo uporabnikove kontaktne podatke ter ustrezna sporo\u010dila in druge podatke, potrebne za preiskavo te\u017eave ali vpra\u0161anja. Ti podatki bodo uporabljeni za re\u0161evanje kakr\u0161nih koli vpra\u0161anj na podlagi zbranih informacij, razjasnitev dvomov, odpravo te\u017eav in izbolj\u0161anje sistema, kar bo dodatno izbolj\u0161alo uporabni\u0161ko izku\u0161njo znotraj Vejamoba.<\/p>\n\n\n\n<h2 class=\"wp-block-heading\">O deljenju podatkov <\/h2>\n\n\n\n<p>Vejamob ne bo prodajal informacij ali osebnih podatkov svojih uporabnikov, lahko pa jih deli s partnerskimi podjetji, da navede izdelke in storitve, ki najbolj ustrezajo profilu in potrebam, ali da zagotovi izdelke in\/ali storitve, ki jih zahteva uporabnik.<\/p>\n\n\n\n<p>Vejamob si pridr\u017euje pravico do pomo\u010di ali sodelovanja s katerim koli pravosodnim organom ali vladno agencijo in lahko deli osebne identifikacijske podatke uporabnikov z namenom: a) vzpostavitve ali uveljavljanja njihovih zakonskih pravic; b) varujejo svoje lastnine; c) ko meni, da je njegova pomo\u010d ali sodelovanje potrebno za za\u0161\u010dito njegovih uporabnikov, sodelavcev, skrbnikov ali katere koli osebe, ki je bila o\u0161kodovana zaradi dejanja ali opustitve.<\/p>\n\n\n\n<h2 class=\"wp-block-heading\">O neobdelanih in nezbranih podatkih <\/h2>\n\n\n\n<p>Vejamob ne obdeluje osebnih podatkov otrok, mlaj\u0161ih od 13 (trinajst) let, brez predhodnega dovoljenja star\u0161ev ali zakonitih skrbnikov.<\/p>\n\n\n\n<p>\u010ce se osebni podatki otrok, mlaj\u0161ih od 13 (trinajst) let, nenamerno zbirajo in obdelujejo brez izrecnega dovoljenja njihovih star\u0161ev ali zakonitih skrbnikov, bo Vejamob vse zbrane podatke brez predhodnega obvestila izbrisal.<\/p>\n\n\n\n<p>\u010ce uporabnik izve, da smo pomotoma obdelovali otrokove podatke, ga prosimo, da nas nemudoma kontaktira preko elektronske po\u0161te contato@vejamob.com, da lahko ustrezno ukrepamo.<\/p>","protected":false},"excerpt":{"rendered":"<p>Vse zbrane informacije bodo uporabljene za izbolj\u0161anje va\u0161e izku\u0161nje na na\u0161i spletni strani. Zbrane informacije lahko vklju\u010dujejo va\u0161e ime, e-po\u0161to, telefonsko \u0161tevilko in\/ali druge podatke. Uporaba Vejamob pomeni sprejetje te pogodbe o zasebnosti. \u010ce se uporabnik ne strinja, niti delno, s pogoji, ki so navedeni v tem dokumentu ... <a title=\"Politika zasebnosti\" class=\"read-more\" href=\"https:\/\/vejamob.com\/sl\/politika-zasebnosti\/\" aria-label=\"Preberite ve\u010d o Politiki zasebnosti\">Preberi ve\u010d<\/a><\/p>","protected":false},"author":1,"featured_media":0,"parent":0,"menu_order":0,"comment_status":"closed","ping_status":"closed","template":"","meta":{"footnotes":""},"class_list":["post-46973","page","type-page","status-publish"],"yoast_head":"<!-- This site is optimized with the Yoast SEO plugin v25.6 - https:\/\/yoast.com\/wordpress\/plugins\/seo\/ -->\n<title>Politica de Privacidade - Vejamob<\/title>\n<meta name=\"robots\" content=\"index, follow, max-snippet:-1, max-image-preview:large, max-video-preview:-1\" \/>\n<link rel=\"canonical\" href=\"https:\/\/vejamob.com\/sl\/politika-zasebnosti\/\" \/>\n<meta property=\"og:locale\" content=\"sl_SI\" \/>\n<meta property=\"og:type\" content=\"article\" \/>\n<meta property=\"og:title\" content=\"Politica de Privacidade - Vejamob\" \/>\n<meta property=\"og:description\" content=\"Todas as informa\u00e7\u00f5es recolhidas ser\u00e3o utilizadas para melhorar sua experi\u00eancia dentro do nosso site. As informa\u00e7\u00f5es recolhidas podem incluir o seu nome, email, n\u00famero de telefone e\/ou outros. O uso do Vejamob pressup\u00f5e a aceita\u00e7\u00e3o deste Acordo de Privacidade. Caso o usu\u00e1rio n\u00e3o concorde, ainda que em parte, com os termos e condi\u00e7\u00f5es contidos nesta ... Leia mais\" \/>\n<meta property=\"og:url\" content=\"https:\/\/vejamob.com\/sl\/politika-zasebnosti\/\" \/>\n<meta property=\"og:site_name\" content=\"Vejamob\" \/>\n<meta property=\"article:modified_time\" content=\"2025-03-25T19:36:20+00:00\" \/>\n<meta name=\"twitter:card\" content=\"summary_large_image\" \/>\n<meta name=\"twitter:label1\" content=\"Est. reading time\" \/>\n\t<meta name=\"twitter:data1\" content=\"9 minut\" \/>\n<script type=\"application\/ld+json\" class=\"yoast-schema-graph\">{\"@context\":\"https:\/\/schema.org\",\"@graph\":[{\"@type\":\"WebPage\",\"@id\":\"https:\/\/vejamob.com\/politica-de-privacidade\/\",\"url\":\"https:\/\/vejamob.com\/politica-de-privacidade\/\",\"name\":\"Politica de Privacidade - Vejamob\",\"isPartOf\":{\"@id\":\"https:\/\/vejamob.com\/#website\"},\"datePublished\":\"2024-06-28T15:57:52+00:00\",\"dateModified\":\"2025-03-25T19:36:20+00:00\",\"breadcrumb\":{\"@id\":\"https:\/\/vejamob.com\/politica-de-privacidade\/#breadcrumb\"},\"inLanguage\":\"sl-SI\",\"potentialAction\":[{\"@type\":\"ReadAction\",\"target\":[\"https:\/\/vejamob.com\/politica-de-privacidade\/\"]}]},{\"@type\":\"BreadcrumbList\",\"@id\":\"https:\/\/vejamob.com\/politica-de-privacidade\/#breadcrumb\",\"itemListElement\":[{\"@type\":\"ListItem\",\"position\":1,\"name\":\"In\u00edcio\",\"item\":\"https:\/\/vejamob.com\/\"},{\"@type\":\"ListItem\",\"position\":2,\"name\":\"Politica de Privacidade\"}]},{\"@type\":\"WebSite\",\"@id\":\"https:\/\/vejamob.com\/#website\",\"url\":\"https:\/\/vejamob.com\/\",\"name\":\"Noticia Tecnologia\",\"description\":\"Tudo sobre aplicativos!\",\"publisher\":{\"@id\":\"https:\/\/vejamob.com\/#organization\"},\"potentialAction\":[{\"@type\":\"SearchAction\",\"target\":{\"@type\":\"EntryPoint\",\"urlTemplate\":\"https:\/\/vejamob.com\/?s={search_term_string}\"},\"query-input\":{\"@type\":\"PropertyValueSpecification\",\"valueRequired\":true,\"valueName\":\"search_term_string\"}}],\"inLanguage\":\"sl-SI\"},{\"@type\":\"Organization\",\"@id\":\"https:\/\/vejamob.com\/#organization\",\"name\":\"Spotads\",\"url\":\"https:\/\/vejamob.com\/\",\"logo\":{\"@type\":\"ImageObject\",\"inLanguage\":\"sl-SI\",\"@id\":\"https:\/\/vejamob.com\/#\/schema\/logo\/image\/\",\"url\":\"https:\/\/vejamob.com\/wp-content\/uploads\/2024\/06\/NOTICIA-LOGO-1.png\",\"contentUrl\":\"https:\/\/vejamob.com\/wp-content\/uploads\/2024\/06\/NOTICIA-LOGO-1.png\",\"width\":250,\"height\":60,\"caption\":\"Spotads\"},\"image\":{\"@id\":\"https:\/\/vejamob.com\/#\/schema\/logo\/image\/\"}}]}<\/script>\n<!-- \/ Yoast SEO plugin. -->","yoast_head_json":{"title":"Politika zasebnosti - Vejamob","robots":{"index":"index","follow":"follow","max-snippet":"max-snippet:-1","max-image-preview":"max-image-preview:large","max-video-preview":"max-video-preview:-1"},"canonical":"https:\/\/vejamob.com\/sl\/politika-zasebnosti\/","og_locale":"sl_SI","og_type":"article","og_title":"Politica de Privacidade - Vejamob","og_description":"Todas as informa\u00e7\u00f5es recolhidas ser\u00e3o utilizadas para melhorar sua experi\u00eancia dentro do nosso site. As informa\u00e7\u00f5es recolhidas podem incluir o seu nome, email, n\u00famero de telefone e\/ou outros. O uso do Vejamob pressup\u00f5e a aceita\u00e7\u00e3o deste Acordo de Privacidade. Caso o usu\u00e1rio n\u00e3o concorde, ainda que em parte, com os termos e condi\u00e7\u00f5es contidos nesta ... Leia mais","og_url":"https:\/\/vejamob.com\/sl\/politika-zasebnosti\/","og_site_name":"Vejamob","article_modified_time":"2025-03-25T19:36:20+00:00","twitter_card":"summary_large_image","twitter_misc":{"Est. reading time":"9 minut"},"schema":{"@context":"https:\/\/schema.org","@graph":[{"@type":"WebPage","@id":"https:\/\/vejamob.com\/politica-de-privacidade\/","url":"https:\/\/vejamob.com\/politica-de-privacidade\/","name":"Politika zasebnosti - Vejamob","isPartOf":{"@id":"https:\/\/vejamob.com\/#website"},"datePublished":"2024-06-28T15:57:52+00:00","dateModified":"2025-03-25T19:36:20+00:00","breadcrumb":{"@id":"https:\/\/vejamob.com\/politica-de-privacidade\/#breadcrumb"},"inLanguage":"sl-SI","potentialAction":[{"@type":"ReadAction","target":["https:\/\/vejamob.com\/politica-de-privacidade\/"]}]},{"@type":"BreadcrumbList","@id":"https:\/\/vejamob.com\/politica-de-privacidade\/#breadcrumb","itemListElement":[{"@type":"ListItem","position":1,"name":"In\u00edcio","item":"https:\/\/vejamob.com\/"},{"@type":"ListItem","position":2,"name":"Politica de Privacidade"}]},{"@type":"WebSite","@id":"https:\/\/vejamob.com\/#website","url":"https:\/\/vejamob.com\/","name":"Tehnolo\u0161ke novice","description":"Vse o aplikacijah!","publisher":{"@id":"https:\/\/vejamob.com\/#organization"},"potentialAction":[{"@type":"SearchAction","target":{"@type":"EntryPoint","urlTemplate":"https:\/\/vejamob.com\/?s={search_term_string}"},"query-input":{"@type":"PropertyValueSpecification","valueRequired":true,"valueName":"search_term_string"}}],"inLanguage":"sl-SI"},{"@type":"Organization","@id":"https:\/\/vejamob.com\/#organization","name":"Pege","url":"https:\/\/vejamob.com\/","logo":{"@type":"ImageObject","inLanguage":"sl-SI","@id":"https:\/\/vejamob.com\/#\/schema\/logo\/image\/","url":"https:\/\/vejamob.com\/wp-content\/uploads\/2024\/06\/NOTICIA-LOGO-1.png","contentUrl":"https:\/\/vejamob.com\/wp-content\/uploads\/2024\/06\/NOTICIA-LOGO-1.png","width":250,"height":60,"caption":"Spotads"},"image":{"@id":"https:\/\/vejamob.com\/#\/schema\/logo\/image\/"}}]}},"_links":{"self":[{"href":"https:\/\/vejamob.com\/sl\/wp-json\/wp\/v2\/pages\/46973","targetHints":{"allow":["GET"]}}],"collection":[{"href":"https:\/\/vejamob.com\/sl\/wp-json\/wp\/v2\/pages"}],"about":[{"href":"https:\/\/vejamob.com\/sl\/wp-json\/wp\/v2\/types\/page"}],"author":[{"embeddable":true,"href":"https:\/\/vejamob.com\/sl\/wp-json\/wp\/v2\/users\/1"}],"replies":[{"embeddable":true,"href":"https:\/\/vejamob.com\/sl\/wp-json\/wp\/v2\/comments?post=46973"}],"version-history":[{"count":0,"href":"https:\/\/vejamob.com\/sl\/wp-json\/wp\/v2\/pages\/46973\/revisions"}],"wp:attachment":[{"href":"https:\/\/vejamob.com\/sl\/wp-json\/wp\/v2\/media?parent=46973"}],"curies":[{"name":"delovni list","href":"https:\/\/api.w.org\/{rel}","templated":true}]}}