{"id":46975,"date":"2024-06-28T15:59:34","date_gmt":"2024-06-28T15:59:34","guid":{"rendered":"https:\/\/vejamob.com\/?page_id=46975"},"modified":"2025-03-25T19:37:25","modified_gmt":"2025-03-25T19:37:25","slug":"villkor","status":"publish","type":"page","link":"https:\/\/vejamob.com\/sv\/villkor\/","title":{"rendered":"Villkor"},"content":{"rendered":"<p>Genom att bes\u00f6ka Vejamobs webbplats godk\u00e4nner du att f\u00f6lja dessa anv\u00e4ndarvillkor, alla till\u00e4mpliga lagar och f\u00f6rordningar, och samtycker till att du \u00e4r ansvarig f\u00f6r att f\u00f6lja alla till\u00e4mpliga lokala lagar. Om du inte godk\u00e4nner n\u00e5got av dessa villkor \u00e4r du f\u00f6rbjuden att anv\u00e4nda eller bes\u00f6ka denna webbplats. Materialet p\u00e5 denna webbplats \u00e4r skyddat av till\u00e4mplig upphovsr\u00e4tts- och varum\u00e4rkeslagstiftning.<\/p>\n\n\n\n<h2 class=\"wp-block-heading\">Licensanv\u00e4ndning<\/h2>\n\n\n\n<p>Tillst\u00e5nd beviljas att tillf\u00e4lligt ladda ner en kopia av materialet (information eller programvara) p\u00e5 Vejamobs webbplats f\u00f6r personlig, icke-kommersiell och tillf\u00e4llig visning. Detta \u00e4r ett beviljande av en licens, inte en \u00f6verf\u00f6ring av \u00e4gander\u00e4tt, och under denna licens f\u00e5r du inte:<\/p>\n\n\n\n<ul class=\"wp-block-list\">\n<li>\u00e4ndra eller kopiera materialet;<\/li>\n\n\n\n<li>anv\u00e4nda materialet f\u00f6r n\u00e5got kommersiellt syfte eller f\u00f6r offentlig visning (kommersiell eller icke-kommersiell);<\/li>\n\n\n\n<li>f\u00f6rs\u00f6ka dekompilera eller bak\u00e5tkompilera programvara som finns p\u00e5 Vejamobs webbplats;<\/li>\n\n\n\n<li>ta bort all upphovsr\u00e4tt eller andra \u00e4gander\u00e4ttsbeteckningar fr\u00e5n materialet; eller<\/li>\n\n\n\n<li>\u00f6verf\u00f6ra materialet till en annan person eller &quot;spegla&quot; materialet p\u00e5 n\u00e5gon annan server. Denna licens upph\u00f6r automatiskt om du bryter mot n\u00e5gon av dessa begr\u00e4nsningar och kan s\u00e4gas upp av Vejamob n\u00e4r som helst. N\u00e4r du avslutar din visning av detta material eller n\u00e4r denna licens upph\u00f6r m\u00e5ste du f\u00f6rst\u00f6ra allt nedladdat material i din besittning, oavsett om det \u00e4r i elektroniskt eller tryckt format.<\/li>\n<\/ul>\n\n\n\n<h2 class=\"wp-block-heading\">varning<\/h2>\n\n\n\n<p>Materialet p\u00e5 Vejamobs webbplats tillhandah\u00e5lls &quot;i befintligt skick&quot;. Vejamob l\u00e4mnar inga garantier, vare sig uttryckliga eller underf\u00f6rst\u00e5dda, och fr\u00e5ns\u00e4ger sig h\u00e4rmed alla andra garantier, inklusive, men inte begr\u00e4nsat till, underf\u00f6rst\u00e5dda garantier eller villkor f\u00f6r s\u00e4ljbarhet, l\u00e4mplighet f\u00f6r ett visst \u00e4ndam\u00e5l eller icke-intr\u00e5ng i immateriella r\u00e4ttigheter eller andra intr\u00e5ng i r\u00e4ttigheter.<\/p>\n\n\n\n<p>Vidare garanterar eller g\u00f6r Vejamob inga utf\u00e4stelser ang\u00e5ende riktigheten, sannolika resultat eller tillf\u00f6rlitligheten i anv\u00e4ndningen av materialet p\u00e5 sin webbplats eller p\u00e5 annat s\u00e4tt relaterat till s\u00e5dant material eller p\u00e5 n\u00e5gra webbplatser som \u00e4r l\u00e4nkade till denna webbplats.<\/p>\n\n\n\n<h2 class=\"wp-block-heading\">Begr\u00e4nsningar<\/h2>\n\n\n\n<p>Vejamob eller dess leverant\u00f6rer ska under inga omst\u00e4ndigheter vara ansvariga f\u00f6r n\u00e5gra skador (inklusive, utan begr\u00e4nsning, skador f\u00f6r f\u00f6rlust av data eller vinst, eller p\u00e5 grund av avbrott i verksamheten) som uppst\u00e5r p\u00e5 grund av anv\u00e4ndning eller of\u00f6rm\u00e5ga att anv\u00e4nda materialet p\u00e5 Vejamobs webbplats, \u00e4ven om Vejamob eller en av Vejamob auktoriserad representant har underr\u00e4ttats muntligt eller skriftligen om m\u00f6jligheten till s\u00e5dan skada. Eftersom vissa jurisdiktioner inte till\u00e5ter begr\u00e4nsningar av underf\u00f6rst\u00e5dda garantier eller begr\u00e4nsningar av ansvar f\u00f6r f\u00f6ljdskador eller of\u00f6rutsedda skador, kanske dessa begr\u00e4nsningar inte g\u00e4ller dig.<\/p>\n\n\n\n<h2 class=\"wp-block-heading\">Precision av material<\/h2>\n\n\n\n<p>Materialet som visas p\u00e5 Vejamobs webbplats kan inneh\u00e5lla tekniska, typografiska eller fotografiska fel. Vejamob garanterar inte att n\u00e5got material p\u00e5 webbplatsen \u00e4r korrekt, fullst\u00e4ndigt eller aktuellt. Vejamob kan n\u00e4r som helst utan f\u00f6reg\u00e5ende meddelande g\u00f6ra \u00e4ndringar i materialet p\u00e5 webbplatsen. Vejamob \u00e5tar sig dock inte att uppdatera materialet.<\/p>\n\n\n\n<h2 class=\"wp-block-heading\">L\u00e4nkar<\/h2>\n\n\n\n<p>Vejamob har inte granskat alla webbplatser som l\u00e4nkas till sin webbplats och ansvarar inte f\u00f6r inneh\u00e5llet p\u00e5 s\u00e5dana l\u00e4nkade webbplatser. Inkluderingen av en l\u00e4nk inneb\u00e4r inte att Vejamob st\u00f6der webbplatsen. Anv\u00e4ndning av s\u00e5dana l\u00e4nkade webbplatser sker p\u00e5 anv\u00e4ndarens egen risk.<\/p>\n\n\n\n<h2 class=\"wp-block-heading\">\u00c4ndringar<\/h2>\n\n\n\n<p>Vejamob kan n\u00e4r som helst revidera dessa anv\u00e4ndarvillkor f\u00f6r sin webbplats utan f\u00f6reg\u00e5ende meddelande. Genom att anv\u00e4nda denna webbplats godk\u00e4nner du att vara bunden av den d\u00e5 g\u00e4llande versionen av dessa anv\u00e4ndarvillkor.<\/p>\n\n\n\n<p>Till\u00e4mplig lag Dessa villkor regleras av och tolkas i enlighet med Vejamobs lagar och du underkastar dig o\u00e5terkalleligen domstolarnas exklusiva jurisdiktion i den staten eller p\u00e5 den platsen.<\/p>\n\n\n\n<h2 class=\"wp-block-heading\" id=\"lei-aplicavel\">Till\u00e4mplig lag<\/h2>\n\n\n\n<p>Dessa villkor regleras av och tolkas i enlighet med Vejamobs lagar och du underkastar dig o\u00e5terkalleligen domstolarnas exklusiva jurisdiktion i den staten eller p\u00e5 den platsen.<\/p>","protected":false},"excerpt":{"rendered":"<p>Genom att bes\u00f6ka Vejamobs webbplats godk\u00e4nner du att f\u00f6lja dessa anv\u00e4ndarvillkor, alla till\u00e4mpliga lagar och f\u00f6rordningar, och samtycker till att du \u00e4r ansvarig f\u00f6r att f\u00f6lja alla till\u00e4mpliga lokala lagar. Om du inte godk\u00e4nner n\u00e5got av dessa villkor \u00e4r du f\u00f6rbjuden att anv\u00e4nda eller bes\u00f6ka denna webbplats. Materialet p\u00e5 denna webbplats \u00e4r skyddat av\u2026 <a title=\"Villkor\" class=\"read-more\" href=\"https:\/\/vejamob.com\/sv\/villkor\/\" aria-label=\"L\u00e4s mer om anv\u00e4ndarvillkor\">L\u00e4s mer<\/a><\/p>","protected":false},"author":1,"featured_media":0,"parent":0,"menu_order":0,"comment_status":"closed","ping_status":"closed","template":"","meta":{"footnotes":""},"class_list":["post-46975","page","type-page","status-publish"],"yoast_head":"<!-- This site is optimized with the Yoast SEO plugin v25.6 - https:\/\/yoast.com\/wordpress\/plugins\/seo\/ -->\n<title>Termos de Uso - Vejamob<\/title>\n<meta name=\"robots\" content=\"index, follow, max-snippet:-1, max-image-preview:large, max-video-preview:-1\" \/>\n<link rel=\"canonical\" href=\"https:\/\/vejamob.com\/sv\/villkor\/\" \/>\n<meta property=\"og:locale\" content=\"sv_SE\" \/>\n<meta property=\"og:type\" content=\"article\" \/>\n<meta property=\"og:title\" content=\"Termos de Uso - Vejamob\" \/>\n<meta property=\"og:description\" content=\"Ao acessar ao site Vejamob, concorda em cumprir estes termos de servi\u00e7o, todas as leis e regulamentos aplic\u00e1veis e concorda que \u00e9 respons\u00e1vel pelo cumprimento de todas as leis locais aplic\u00e1veis. Se voc\u00ea n\u00e3o concordar com algum desses termos, est\u00e1 proibido de usar ou acessar este site. Os materiais contidos neste site s\u00e3o protegidos pelas ... Leia mais\" \/>\n<meta property=\"og:url\" content=\"https:\/\/vejamob.com\/sv\/villkor\/\" \/>\n<meta property=\"og:site_name\" content=\"Vejamob\" \/>\n<meta property=\"article:modified_time\" content=\"2025-03-25T19:37:25+00:00\" \/>\n<meta name=\"twitter:card\" content=\"summary_large_image\" \/>\n<meta name=\"twitter:label1\" content=\"Ber\u00e4knad l\u00e4stid\" \/>\n\t<meta name=\"twitter:data1\" content=\"4 minuter\" \/>\n<script type=\"application\/ld+json\" class=\"yoast-schema-graph\">{\"@context\":\"https:\/\/schema.org\",\"@graph\":[{\"@type\":\"WebPage\",\"@id\":\"https:\/\/vejamob.com\/termos-de-uso\/\",\"url\":\"https:\/\/vejamob.com\/termos-de-uso\/\",\"name\":\"Termos de Uso - Vejamob\",\"isPartOf\":{\"@id\":\"https:\/\/vejamob.com\/#website\"},\"datePublished\":\"2024-06-28T15:59:34+00:00\",\"dateModified\":\"2025-03-25T19:37:25+00:00\",\"breadcrumb\":{\"@id\":\"https:\/\/vejamob.com\/termos-de-uso\/#breadcrumb\"},\"inLanguage\":\"sv-SE\",\"potentialAction\":[{\"@type\":\"ReadAction\",\"target\":[\"https:\/\/vejamob.com\/termos-de-uso\/\"]}]},{\"@type\":\"BreadcrumbList\",\"@id\":\"https:\/\/vejamob.com\/termos-de-uso\/#breadcrumb\",\"itemListElement\":[{\"@type\":\"ListItem\",\"position\":1,\"name\":\"In\u00edcio\",\"item\":\"https:\/\/vejamob.com\/\"},{\"@type\":\"ListItem\",\"position\":2,\"name\":\"Termos de Uso\"}]},{\"@type\":\"WebSite\",\"@id\":\"https:\/\/vejamob.com\/#website\",\"url\":\"https:\/\/vejamob.com\/\",\"name\":\"Noticia Tecnologia\",\"description\":\"Tudo sobre aplicativos!\",\"publisher\":{\"@id\":\"https:\/\/vejamob.com\/#organization\"},\"potentialAction\":[{\"@type\":\"SearchAction\",\"target\":{\"@type\":\"EntryPoint\",\"urlTemplate\":\"https:\/\/vejamob.com\/?s={search_term_string}\"},\"query-input\":{\"@type\":\"PropertyValueSpecification\",\"valueRequired\":true,\"valueName\":\"search_term_string\"}}],\"inLanguage\":\"sv-SE\"},{\"@type\":\"Organization\",\"@id\":\"https:\/\/vejamob.com\/#organization\",\"name\":\"Spotads\",\"url\":\"https:\/\/vejamob.com\/\",\"logo\":{\"@type\":\"ImageObject\",\"inLanguage\":\"sv-SE\",\"@id\":\"https:\/\/vejamob.com\/#\/schema\/logo\/image\/\",\"url\":\"https:\/\/vejamob.com\/wp-content\/uploads\/2024\/06\/NOTICIA-LOGO-1.png\",\"contentUrl\":\"https:\/\/vejamob.com\/wp-content\/uploads\/2024\/06\/NOTICIA-LOGO-1.png\",\"width\":250,\"height\":60,\"caption\":\"Spotads\"},\"image\":{\"@id\":\"https:\/\/vejamob.com\/#\/schema\/logo\/image\/\"}}]}<\/script>\n<!-- \/ Yoast SEO plugin. -->","yoast_head_json":{"title":"Anv\u00e4ndarvillkor - Vejamob","robots":{"index":"index","follow":"follow","max-snippet":"max-snippet:-1","max-image-preview":"max-image-preview:large","max-video-preview":"max-video-preview:-1"},"canonical":"https:\/\/vejamob.com\/sv\/villkor\/","og_locale":"sv_SE","og_type":"article","og_title":"Termos de Uso - Vejamob","og_description":"Ao acessar ao site Vejamob, concorda em cumprir estes termos de servi\u00e7o, todas as leis e regulamentos aplic\u00e1veis e concorda que \u00e9 respons\u00e1vel pelo cumprimento de todas as leis locais aplic\u00e1veis. Se voc\u00ea n\u00e3o concordar com algum desses termos, est\u00e1 proibido de usar ou acessar este site. Os materiais contidos neste site s\u00e3o protegidos pelas ... Leia mais","og_url":"https:\/\/vejamob.com\/sv\/villkor\/","og_site_name":"Vejamob","article_modified_time":"2025-03-25T19:37:25+00:00","twitter_card":"summary_large_image","twitter_misc":{"Ber\u00e4knad l\u00e4stid":"4 minuter"},"schema":{"@context":"https:\/\/schema.org","@graph":[{"@type":"WebPage","@id":"https:\/\/vejamob.com\/termos-de-uso\/","url":"https:\/\/vejamob.com\/termos-de-uso\/","name":"Anv\u00e4ndarvillkor - Vejamob","isPartOf":{"@id":"https:\/\/vejamob.com\/#website"},"datePublished":"2024-06-28T15:59:34+00:00","dateModified":"2025-03-25T19:37:25+00:00","breadcrumb":{"@id":"https:\/\/vejamob.com\/termos-de-uso\/#breadcrumb"},"inLanguage":"sv-SE","potentialAction":[{"@type":"ReadAction","target":["https:\/\/vejamob.com\/termos-de-uso\/"]}]},{"@type":"BreadcrumbList","@id":"https:\/\/vejamob.com\/termos-de-uso\/#breadcrumb","itemListElement":[{"@type":"ListItem","position":1,"name":"In\u00edcio","item":"https:\/\/vejamob.com\/"},{"@type":"ListItem","position":2,"name":"Termos de Uso"}]},{"@type":"WebSite","@id":"https:\/\/vejamob.com\/#website","url":"https:\/\/vejamob.com\/","name":"Tekniknyheter","description":"Allt om appar!","publisher":{"@id":"https:\/\/vejamob.com\/#organization"},"potentialAction":[{"@type":"SearchAction","target":{"@type":"EntryPoint","urlTemplate":"https:\/\/vejamob.com\/?s={search_term_string}"},"query-input":{"@type":"PropertyValueSpecification","valueRequired":true,"valueName":"search_term_string"}}],"inLanguage":"sv-SE"},{"@type":"Organization","@id":"https:\/\/vejamob.com\/#organization","name":"Spotads","url":"https:\/\/vejamob.com\/","logo":{"@type":"ImageObject","inLanguage":"sv-SE","@id":"https:\/\/vejamob.com\/#\/schema\/logo\/image\/","url":"https:\/\/vejamob.com\/wp-content\/uploads\/2024\/06\/NOTICIA-LOGO-1.png","contentUrl":"https:\/\/vejamob.com\/wp-content\/uploads\/2024\/06\/NOTICIA-LOGO-1.png","width":250,"height":60,"caption":"Spotads"},"image":{"@id":"https:\/\/vejamob.com\/#\/schema\/logo\/image\/"}}]}},"_links":{"self":[{"href":"https:\/\/vejamob.com\/sv\/wp-json\/wp\/v2\/pages\/46975","targetHints":{"allow":["GET"]}}],"collection":[{"href":"https:\/\/vejamob.com\/sv\/wp-json\/wp\/v2\/pages"}],"about":[{"href":"https:\/\/vejamob.com\/sv\/wp-json\/wp\/v2\/types\/page"}],"author":[{"embeddable":true,"href":"https:\/\/vejamob.com\/sv\/wp-json\/wp\/v2\/users\/1"}],"replies":[{"embeddable":true,"href":"https:\/\/vejamob.com\/sv\/wp-json\/wp\/v2\/comments?post=46975"}],"version-history":[{"count":0,"href":"https:\/\/vejamob.com\/sv\/wp-json\/wp\/v2\/pages\/46975\/revisions"}],"wp:attachment":[{"href":"https:\/\/vejamob.com\/sv\/wp-json\/wp\/v2\/media?parent=46975"}],"curies":[{"name":"wp","href":"https:\/\/api.w.org\/{rel}","templated":true}]}}