{"id":46973,"date":"2024-06-28T15:57:52","date_gmt":"2024-06-28T15:57:52","guid":{"rendered":"https:\/\/vejamob.com\/?page_id=46973"},"modified":"2025-03-25T19:36:20","modified_gmt":"2025-03-25T19:36:20","slug":"gizlilik-politikasi","status":"publish","type":"page","link":"https:\/\/vejamob.com\/tr\/gizlilik-politikasi\/","title":{"rendered":"Gizlilik Politikas\u0131"},"content":{"rendered":"<p>Toplanan t\u00fcm bilgiler web sitemizdeki deneyiminizi geli\u015ftirmek i\u00e7in kullan\u0131lacakt\u0131r. Toplanan bilgiler ad\u0131n\u0131z\u0131, e-posta adresinizi, telefon numaran\u0131z\u0131 ve\/veya ba\u015fkalar\u0131n\u0131 i\u00e7erebilir.<\/p>\n\n\n\n<p>Vejamob&#039;un kullan\u0131m\u0131 bu Gizlilik S\u00f6zle\u015fmesi&#039;nin kabul edildi\u011fi anlam\u0131na gelir. Kullan\u0131c\u0131, bu Gizlilik Politikas\u0131\u2019nda yer alan h\u00fck\u00fcm ve ko\u015fullar\u0131 k\u0131smen de olsa kabul etmiyorsa Vejamob taraf\u0131ndan sunulan i\u00e7eri\u011fe eri\u015fmemeli ve\/veya bunlar\u0131 kullanmamal\u0131d\u0131r. Kullan\u0131c\u0131, web sitesini kullanarak, verilerinin bu Gizlilik Politikas\u0131 ve Genel Kullan\u0131m \u015eartlar\u0131 h\u00fck\u00fcmlerine uygun olarak i\u015flenmesini kabul ve taahh\u00fct eder.<\/p>\n\n\n\n<p>Bu gizlilik politikas\u0131n\u0131, Kullan\u0131c\u0131lar\u0131n izni veya bildirimi olmadan herhangi bir zamanda de\u011fi\u015ftirme hakk\u0131n\u0131 sakl\u0131 tutuyoruz, bu nedenle l\u00fctfen s\u0131k s\u0131k inceleyin. De\u011fi\u015fiklikler ve a\u00e7\u0131klamalar web sitesinde yay\u0131nland\u0131ktan hemen sonra y\u00fcr\u00fcrl\u00fc\u011fe girecektir. Bu politikada \u00f6nemli de\u011fi\u015fiklikler yaparsak, hangi bilgileri toplad\u0131\u011f\u0131m\u0131z\u0131, nas\u0131l kulland\u0131\u011f\u0131m\u0131z\u0131 ve varsa hangi ko\u015fullar alt\u0131nda kulland\u0131\u011f\u0131m\u0131z\u0131 ve\/veya if\u015fa etti\u011fimizi bilmeniz i\u00e7in bunlar\u0131n g\u00fcncellendi\u011fini burada size bildirece\u011fiz. BT.<\/p>\n\n\n\n<p>Vejamob, kullan\u0131c\u0131lar\u0131n\u0131n gizlili\u011fine ve verilerin kullan\u0131m\u0131nda \u015feffafl\u0131\u011fa sayg\u0131 duyar. Gizlilik Politikam\u0131z uluslararas\u0131 ve ulusal veri koruma standartlar\u0131na uygun olarak haz\u0131rlanm\u0131\u015ft\u0131r.<\/p>\n\n\n\n<p>Bu Gizlilik Politikas\u0131, Vejamob&#039;un Genel Kullan\u0131m \u015eartlar\u0131 ve Ko\u015fullar\u0131 ile birlikte okunmal\u0131 ve yorumlanmal\u0131d\u0131r; bu ko\u015fullara \u015fu adresten ula\u015f\u0131labilir: <a href=\"https:\/\/vejamob.com\/tr\/kullanim-sartlari\/\">https:\/\/vejamob.com\/termos-de-uso\/<\/a><\/p>\n\n\n\n<h2 class=\"wp-block-heading\">Kullan\u0131c\u0131lar i\u00e7in genel bilgiler <\/h2>\n\n\n\n<p>Vejamob, Kullan\u0131c\u0131lar\u0131yla bilgi payla\u015f\u0131m\u0131 yaparak bilgiyi herkesin eri\u015fimine a\u00e7may\u0131 hedefliyor. Kullan\u0131c\u0131 \u00f6nceden kay\u0131t olmas\u0131na gerek kalmadan Vejamob web sitesini gezebilir.<\/p>\n\n\n\n<p>Vejamob, verilerin depolanmas\u0131, korunmas\u0131, gizlili\u011fi ve iletilmesinde uluslararas\u0131 g\u00fcvenlik standartlar\u0131n\u0131 ve normlar\u0131n\u0131 takip eder ve hi\u00e7bir veri depolama, koruma, gizlilik ve iletme y\u00f6nteminin g\u00fcvenli ve dokunulmaz olmad\u0131\u011f\u0131n\u0131 vurgular.<\/p>\n\n\n\n<p>Vejamob, ulusal ve uluslararas\u0131 teknik ve d\u00fczenleyici geli\u015fmeler do\u011frultusunda s\u00fcrekli olarak g\u00f6zden ge\u00e7irilen ve iyile\u015ftirilen uygulamalar\u0131 ve teknolojileri benimsiyor. Korumadan bahsetti\u011fimizde, verilerinize yetkisiz eri\u015fim, kullan\u0131m, de\u011fi\u015fiklik, if\u015fa veya imhadan bahsediyoruz. Bunun olmas\u0131n\u0131 \u00f6nlemek i\u00e7in \u015fifreli ileti\u015fim, eri\u015fim kontrol\u00fc, g\u00fcvenli yaz\u0131l\u0131m geli\u015ftirmeye uyum, i\u00e7 uyumluluk politikalar\u0131 ve veri ya\u015fam d\u00f6ng\u00fcs\u00fc boyunca g\u00fcvenli\u011fi sa\u011flayan hesap verebilirlik ve risk azaltma \u00f6nlemlerini i\u00e7eren \u00f6nlemlere yat\u0131r\u0131m yap\u0131yoruz. Kullan\u0131c\u0131 bilgileri ayr\u0131ca g\u00fcvenli, tan\u0131nm\u0131\u015f ve uluslararas\u0131 kabul g\u00f6rm\u00fc\u015f veri tabanlar\u0131nda saklan\u0131r.<\/p>\n\n\n\n<p>Vejamob, ne olursa olsun herhangi bir \u00fcr\u00fcn\u00fc piyasaya s\u00fcrmek i\u00e7in hi\u00e7bir ko\u015fulda herhangi bir miktarda para talep etmemektedir. B\u00f6yle bir durumla kar\u015f\u0131la\u015f\u0131rsan\u0131z l\u00fctfen derhal bize haber verin.<\/p>\n\n\n\n<p>T\u00fcm bilgileri m\u00fcmk\u00fcn oldu\u011funca g\u00fcncel tutmak i\u00e7in \u00e7al\u0131\u015f\u0131yoruz. Ancak bu bilgilerin, ilgili kurum veya hizmet sa\u011flay\u0131c\u0131lar\u0131n internet sitelerinde yer alan bilgilerden farkl\u0131l\u0131k g\u00f6sterebilece\u011fini belirtmekte fayda vard\u0131r. Bilgilerin do\u011frulu\u011funu ve g\u00fcncelli\u011fini garanti etmiyoruz. Se\u00e7ti\u011finiz kurumun \u015fart ve ko\u015fullar\u0131n\u0131 mutlaka okumay\u0131 unutmay\u0131n. Web sitemizdeki reklamlardan ve bir kullan\u0131c\u0131y\u0131 \u00fcr\u00fcn veya teklif talebinde bulundu\u011funda y\u00f6nlendirdi\u011fimizde i\u015f ortaklar\u0131m\u0131zdan gelen reklamlardan k\u00fc\u00e7\u00fck bir miktar al\u0131yoruz. Yay\u0131mlad\u0131\u011f\u0131m\u0131z her \u015fey, her \u00fcr\u00fcn\u00fcn niceliksel ve niteliksel de\u011ferlendirmelerine dayanmaktad\u0131r. Ortaklar\u0131m\u0131z\u0131n, hakk\u0131nda yazd\u0131\u011f\u0131m\u0131z ve inceledi\u011fimiz \u00fcr\u00fcnleri ve ayr\u0131ca Vejamob&#039;daki &quot;en iyi&quot; makalelerin s\u0131ras\u0131n\u0131 ve \u00fcr\u00fcn konumland\u0131rmas\u0131n\u0131 do\u011frudan etkileyebilece\u011fini belirtmekte fayda var. Web sitemizde yer alan bilgi miktar\u0131 g\u00f6z \u00f6n\u00fcne al\u0131nd\u0131\u011f\u0131nda, bilgilerin kalitesi ve g\u00fcncelli\u011fi konusunda herhangi bir garanti vermiyoruz; Bu nedenle i\u015f ortaklar\u0131m\u0131zdan gelen bilgilere \u00f6ncelik veriyoruz.<\/p>\n\n\n\n<p>Ki\u015fisel bilgilerinizi korumak amac\u0131yla, bu bilgilerin uygunsuz bir \u015fekilde kaybolmamas\u0131n\u0131, k\u00f6t\u00fcye kullan\u0131lmamas\u0131n\u0131, eri\u015filmemesini, if\u015fa edilmemesini, de\u011fi\u015ftirilmemesini veya imha edilmemesini sa\u011flamak amac\u0131yla makul \u00f6nlemler al\u0131yor ve sekt\u00f6rdeki en iyi uygulamalar\u0131 takip ediyoruz.<\/p>\n\n\n\n<h2 class=\"wp-block-heading\">\u00dc\u00e7\u00fcnc\u00fc Taraf Sitelere Ba\u011flant\u0131lar <\/h2>\n\n\n\n<p>Vejamob, ziyaret\u00e7ilerimiz i\u00e7in faydal\u0131 bilgiler\/ara\u00e7lar i\u00e7erebilece\u011fini d\u00fc\u015f\u00fcnd\u00fc\u011f\u00fcm\u00fcz di\u011fer web sitelerine ba\u011flant\u0131lar i\u00e7ermektedir. Gizlilik Politikam\u0131z \u00fc\u00e7\u00fcnc\u00fc taraf web sitelerini kapsamaz. Ayn\u0131 sitelerde bulunan gizlilik politikas\u0131 veya i\u00e7erikten sorumlu de\u011filiz. Vejamob, bunlar \u00fczerinde herhangi bir kontrole sahip de\u011fildir ve bu nedenle, Kullan\u0131c\u0131 ile web sitesinde reklam\u0131 yap\u0131lan \u00fc\u00e7\u00fcnc\u00fc taraf \u00fcr\u00fcn ve hizmetleri aras\u0131nda kurulan ili\u015fkilerde herhangi bir sorumluluktan muaft\u0131r.<\/p>\n\n\n\n<p>Web sitemizden ayr\u0131ld\u0131\u011f\u0131n\u0131zda veya bir \u00fc\u00e7\u00fcnc\u00fc taraf web sitesine veya uygulamas\u0131na y\u00f6nlendirildi\u011finizde, art\u0131k bu Gizlilik Politikas\u0131na veya web sitemizin Hizmet Ko\u015fullar\u0131na tabi de\u011filsiniz.<\/p>\n\n\n\n<p>Verilerinizi bize sa\u011flad\u0131ktan sonra fikrinizi de\u011fi\u015ftirirseniz, bizimle contato@vejamob.com e-posta adresi \u00fczerinden ileti\u015fime ge\u00e7erek, sizinle ileti\u015fim kurmam\u0131z, bilgilerinizin toplanmaya, kullan\u0131lmaya veya if\u015fa edilmeye devam etmesi i\u00e7in verdi\u011finiz izni diledi\u011finiz zaman geri \u00e7ekebilirsiniz.<\/p>\n\n\n\n<h2 class=\"wp-block-heading\">Ki\u015fisel olmayan veriler <\/h2>\n\n\n\n<p>Kullan\u0131c\u0131lar Vejamob&#039;dan \u00fccretsiz i\u00e7erik (e-kitaplar, s\u0131navlar, makaleler, infografikler vb.) talep etmedi\u011finde, di\u011fer ayr\u0131nt\u0131lar\u0131n yan\u0131 s\u0131ra, web sitesinin hangi sayfalar\u0131n\u0131n ziyaret edildi\u011fi, ne zaman ziyaret edildi\u011fi, hangi k\u00f6pr\u00fc metinlerine t\u0131kland\u0131\u011f\u0131, hangi i\u00e7erik veya hizmetlerin talep edildi\u011fi veya belirtildi\u011fi gibi ki\u015fisel olmayan verilerin izlenmesi ve toplanmas\u0131 ger\u00e7ekle\u015ftirilebilir.<\/p>\n\n\n\n<h2 class=\"wp-block-heading\">Kurabiye <\/h2>\n\n\n\n<p>Google \u00fc\u00e7\u00fcnc\u00fc taraf bir sat\u0131c\u0131 olarak reklamlar\u0131 sunmak i\u00e7in \u00e7erezleri kullan\u0131r. DART \u00e7erezi sayesinde Google, \u0130nternet&#039;teki di\u011fer web sitelerine yapt\u0131\u011f\u0131n\u0131z ziyaretlere dayal\u0131 olarak reklamlar sunabilir. Kullan\u0131c\u0131lar, Google reklam ve i\u00e7erik a\u011f\u0131 gizlilik politikas\u0131n\u0131 ziyaret ederek DART \u00e7erezini devre d\u0131\u015f\u0131 b\u0131rakabilir.<\/p>\n\n\n\n<p>Vejamob, Kullan\u0131c\u0131 gezinmesini kolayla\u015ft\u0131rmak, verilerin g\u00fcvenli\u011fini, korunmas\u0131n\u0131 ve ger\u00e7ekli\u011fini garanti alt\u0131na almaya yard\u0131mc\u0131 olmak i\u00e7in veri ve IP (\u0130nternet Protokol\u00fc) tan\u0131mlama bilgilerinin toplanmas\u0131na yard\u0131mc\u0131 olmak i\u00e7in \u00e7erezleri kullan\u0131r.<\/p>\n\n\n\n<p>Ayr\u0131ca bak\u0131m maliyetlerini desteklemek i\u00e7in web sitemizde \u00fc\u00e7\u00fcnc\u00fc taraf reklamlar\u0131n\u0131 da kullan\u0131yoruz. Bu reklamverenlerden baz\u0131lar\u0131, web sitemizde reklam verirken \u00e7erezler gibi teknolojiler kullanabilir; bu, bu reklamverenlerin (Google AdSense ve Ad Exchange arac\u0131l\u0131\u011f\u0131yla Google gibi) IP adresiniz, \u0130SS&#039;niz gibi ki\u015fisel bilgilerinizi de alaca\u011f\u0131 anlam\u0131na gelir. taray\u0131c\u0131n\u0131z vb. Bu i\u015flev genellikle co\u011frafi hedefleme (co\u011frafi konumunuza g\u00f6re anlaml\u0131 reklamlar g\u00f6stermek) i\u00e7in kullan\u0131l\u0131r.<\/p>\n\n\n\n<p>Kullan\u0131c\u0131, taray\u0131c\u0131 ayarlar\u0131ndan \u00e7erezleri kabul edip etmemeyi diledi\u011fi zaman de\u011fi\u015ftirebilir; ancak tarama \u00e7erezlerini devre d\u0131\u015f\u0131 b\u0131rakman\u0131n Vejamob&#039;un baz\u0131 i\u015flevlerini olumsuz etkileyebilece\u011fini unutmay\u0131n.<\/p>\n\n\n\n<h2 class=\"wp-block-heading\">Ki\u015fisel Olarak Tan\u0131mlanabilir Veriler <\/h2>\n\n\n\n<p>Vejamob&#039;daki makaleler, e-kitaplar, s\u0131navlar gibi \u00fccretsiz i\u00e7eriklere eri\u015fmek i\u00e7in kullan\u0131c\u0131n\u0131n e-posta ve tam ad gibi baz\u0131 ki\u015fisel olarak tan\u0131mlanabilir verileri sa\u011flamas\u0131 gerekir.<\/p>\n\n\n\n<p>Vejamob taraf\u0131ndan i\u015flenen ki\u015fisel olarak tan\u0131mlanabilir veriler \u015fu ama\u00e7lara y\u00f6neliktir:<\/p>\n\n\n\n<p>\u2013 Kullan\u0131c\u0131n\u0131n do\u011fru ve tam olarak tan\u0131mlanmas\u0131, b\u00f6ylece Kullan\u0131c\u0131lar i\u00e7in daha fazla g\u00fcvenlik ve koruma sa\u011flanmas\u0131;<\/p>\n\n\n\n<p>\u2013 Vejamob taraf\u0131ndan sa\u011flanan hizmet ve \u00fcr\u00fcnlere eri\u015fim;<\/p>\n\n\n\n<p>\u2013 Vejamob taraf\u0131ndan Kullan\u0131c\u0131 profilinin analizi, kullan\u0131c\u0131lar\u0131n ger\u00e7ek ihtiya\u00e7lar\u0131na ve ger\u00e7ekli\u011fine g\u00f6re en iyi \u00fcr\u00fcnleri ve bilgileri belirleme amac\u0131yla yap\u0131l\u0131r.<\/p>\n\n\n\n<p>Kullan\u0131c\u0131 profilinin daha da hassas bir \u015fekilde analiz edilmesini ama\u00e7layan Vejamob, sizin hakk\u0131n\u0131zda daha fazla ve daha iyi bilgi edinmek ve bu sayede her Kullan\u0131c\u0131n\u0131n tercihlerine ve ihtiya\u00e7lar\u0131na g\u00f6re ki\u015fiselle\u015ftirilmi\u015f \u00fcr\u00fcn ve hizmetleri belirtmek amac\u0131yla ara\u015ft\u0131rmalar yapabilir.<\/p>\n\n\n\n<p>Bu \u015fekilde Vejamob ve ortak \u015firketler, Kullan\u0131c\u0131lar\u0131 memnuniyet anketlerine kat\u0131lmaya davet edebilir ve bu anketlerde gerekli y\u00f6nlendirmeleri i\u00e7eren e-postalar g\u00f6nderilebilir. Toplanan veriler, Vejamob ve ortak \u015firketlerin sundu\u011fu sistemlerde, \u00fcr\u00fcnlerde, i\u00e7eriklerde ve hizmetlerde iyile\u015ftirmeler sa\u011flamak temel amac\u0131yla kullan\u0131lacakt\u0131r.<\/p>\n\n\n\n<p>Bir kullan\u0131c\u0131 bir sorunu bildirmek, bir sorusu olmak veya bizden destek almak i\u00e7in bizimle ileti\u015fime ge\u00e7erse, kullan\u0131c\u0131n\u0131n ileti\u015fim bilgilerini, ayr\u0131ca ilgili mesajlar\u0131 ve sorunu veya soruyu ara\u015ft\u0131rmak i\u00e7in gerekli di\u011fer verileri toplar ve saklar\u0131z. Bu veriler, toplanan bilgilere dayal\u0131 olarak herhangi bir soruyu \u00e7\u00f6zmek, \u015f\u00fcpheleri gidermek, sorunlar\u0131 d\u00fczeltmek ve sistemi iyile\u015ftirmek i\u00e7in kullan\u0131lacak ve b\u00f6ylece Vejamob i\u00e7indeki Kullan\u0131c\u0131 deneyimi daha da iyile\u015ftirilecektir.<\/p>\n\n\n\n<h2 class=\"wp-block-heading\">Veri payla\u015f\u0131m\u0131 hakk\u0131nda <\/h2>\n\n\n\n<p>Vejamob, Kullan\u0131c\u0131lar\u0131na ait bilgileri veya ki\u015fisel verileri satmayacak, ancak Kullan\u0131c\u0131n\u0131n profiline ve ihtiya\u00e7lar\u0131na en uygun \u00fcr\u00fcn ve hizmetleri belirtmek veya Kullan\u0131c\u0131 taraf\u0131ndan talep edilen \u00fcr\u00fcn ve\/veya hizmetleri sa\u011flamak amac\u0131yla bunlar\u0131 i\u015f orta\u011f\u0131 \u015firketlerle payla\u015fabilecektir.<\/p>\n\n\n\n<p>Vejamob, herhangi bir yarg\u0131 makam\u0131 veya devlet kurumuyla yard\u0131m etme veya i\u015fbirli\u011fi yapma hakk\u0131n\u0131 sakl\u0131 tutar ve Kullan\u0131c\u0131lar\u0131n ki\u015fisel olarak tan\u0131mlanabilir verilerini a\u015fa\u011f\u0131daki ama\u00e7larla payla\u015fabilir: a) yasal haklar\u0131n\u0131 tesis etmek veya kullanmak; b) mallar\u0131n\u0131 korumak; c) Kullan\u0131c\u0131lar\u0131n\u0131, i\u015fbirlik\u00e7ilerini, y\u00f6neticilerini veya eylem veya ihmalden zarar g\u00f6ren herhangi bir ki\u015fiyi korumak i\u00e7in yard\u0131m\u0131n\u0131n veya i\u015fbirli\u011finin gerekli oldu\u011funu d\u00fc\u015f\u00fcnd\u00fc\u011f\u00fcnde.<\/p>\n\n\n\n<h2 class=\"wp-block-heading\">\u0130\u015flenmemi\u015f ve toplanmam\u0131\u015f veriler hakk\u0131nda <\/h2>\n\n\n\n<p>Vejamob, ebeveynlerinden veya yasal vasilerinden \u00f6nceden izin al\u0131nmadan 13 (on \u00fc\u00e7) ya\u015f\u0131n alt\u0131ndaki \u00e7ocuklar\u0131n ki\u015fisel verilerini i\u015flemez.<\/p>\n\n\n\n<p>13 (on \u00fc\u00e7) ya\u015f alt\u0131 \u00e7ocuklara ait ki\u015fisel verilerin, ebeveynlerinin veya yasal vasilerinin a\u00e7\u0131k izni olmaks\u0131z\u0131n kas\u0131ts\u0131z olarak toplanmas\u0131 ve i\u015flenmesi halinde, Vejamob toplanan t\u00fcm verileri \u00f6nceden haber vermeksizin silecektir.<\/p>\n\n\n\n<p>Kullan\u0131c\u0131, bir \u00e7ocu\u011fun verilerini yanl\u0131\u015fl\u0131kla i\u015fledi\u011fimizi fark ederse, gerekli \u00f6nlemleri alabilmemiz i\u00e7in derhal contato@vejamob.com e-posta adresimiz \u00fczerinden bizimle ileti\u015fime ge\u00e7mesini rica ederiz.<\/p>","protected":false},"excerpt":{"rendered":"<p>Toplanan t\u00fcm bilgiler, web sitemizdeki deneyiminizi iyile\u015ftirmek i\u00e7in kullan\u0131lacakt\u0131r. Toplanan bilgiler ad\u0131n\u0131z\u0131, e-postan\u0131z\u0131, telefon numaran\u0131z\u0131 ve\/veya di\u011fer bilgilerinizi i\u00e7erebilir. Vejamob&#039;u kullanmak, bu Gizlilik S\u00f6zle\u015fmesi&#039;ni kabul etti\u011finiz anlam\u0131na gelir. Kullan\u0131c\u0131, burada yer alan h\u00fck\u00fcm ve ko\u015fullar\u0131 k\u0131smen de olsa kabul etmiyorsa\u2026 <a title=\"Gizlilik Politikas\u0131\" class=\"read-more\" href=\"https:\/\/vejamob.com\/tr\/gizlilik-politikasi\/\" aria-label=\"Gizlilik Politikas\u0131 hakk\u0131nda daha fazlas\u0131n\u0131 okuyun\">devam\u0131n\u0131 oku<\/a><\/p>","protected":false},"author":1,"featured_media":0,"parent":0,"menu_order":0,"comment_status":"closed","ping_status":"closed","template":"","meta":{"footnotes":""},"class_list":["post-46973","page","type-page","status-publish"],"yoast_head":"<!-- This site is optimized with the Yoast SEO plugin v25.6 - https:\/\/yoast.com\/wordpress\/plugins\/seo\/ -->\n<title>Politica de Privacidade - Vejamob<\/title>\n<meta name=\"robots\" content=\"index, follow, max-snippet:-1, max-image-preview:large, max-video-preview:-1\" \/>\n<link rel=\"canonical\" href=\"https:\/\/vejamob.com\/tr\/gizlilik-politikasi\/\" \/>\n<meta property=\"og:locale\" content=\"tr_TR\" \/>\n<meta property=\"og:type\" content=\"article\" \/>\n<meta property=\"og:title\" content=\"Politica de Privacidade - Vejamob\" \/>\n<meta property=\"og:description\" content=\"Todas as informa\u00e7\u00f5es recolhidas ser\u00e3o utilizadas para melhorar sua experi\u00eancia dentro do nosso site. As informa\u00e7\u00f5es recolhidas podem incluir o seu nome, email, n\u00famero de telefone e\/ou outros. O uso do Vejamob pressup\u00f5e a aceita\u00e7\u00e3o deste Acordo de Privacidade. Caso o usu\u00e1rio n\u00e3o concorde, ainda que em parte, com os termos e condi\u00e7\u00f5es contidos nesta ... Leia mais\" \/>\n<meta property=\"og:url\" content=\"https:\/\/vejamob.com\/tr\/gizlilik-politikasi\/\" \/>\n<meta property=\"og:site_name\" content=\"Vejamob\" \/>\n<meta property=\"article:modified_time\" content=\"2025-03-25T19:36:20+00:00\" \/>\n<meta name=\"twitter:card\" content=\"summary_large_image\" \/>\n<meta name=\"twitter:label1\" content=\"Tahmini okuma s\u00fcresi\" \/>\n\t<meta name=\"twitter:data1\" content=\"9 dakika\" \/>\n<script type=\"application\/ld+json\" class=\"yoast-schema-graph\">{\"@context\":\"https:\/\/schema.org\",\"@graph\":[{\"@type\":\"WebPage\",\"@id\":\"https:\/\/vejamob.com\/politica-de-privacidade\/\",\"url\":\"https:\/\/vejamob.com\/politica-de-privacidade\/\",\"name\":\"Politica de Privacidade - Vejamob\",\"isPartOf\":{\"@id\":\"https:\/\/vejamob.com\/#website\"},\"datePublished\":\"2024-06-28T15:57:52+00:00\",\"dateModified\":\"2025-03-25T19:36:20+00:00\",\"breadcrumb\":{\"@id\":\"https:\/\/vejamob.com\/politica-de-privacidade\/#breadcrumb\"},\"inLanguage\":\"tr\",\"potentialAction\":[{\"@type\":\"ReadAction\",\"target\":[\"https:\/\/vejamob.com\/politica-de-privacidade\/\"]}]},{\"@type\":\"BreadcrumbList\",\"@id\":\"https:\/\/vejamob.com\/politica-de-privacidade\/#breadcrumb\",\"itemListElement\":[{\"@type\":\"ListItem\",\"position\":1,\"name\":\"In\u00edcio\",\"item\":\"https:\/\/vejamob.com\/\"},{\"@type\":\"ListItem\",\"position\":2,\"name\":\"Politica de Privacidade\"}]},{\"@type\":\"WebSite\",\"@id\":\"https:\/\/vejamob.com\/#website\",\"url\":\"https:\/\/vejamob.com\/\",\"name\":\"Noticia Tecnologia\",\"description\":\"Tudo sobre aplicativos!\",\"publisher\":{\"@id\":\"https:\/\/vejamob.com\/#organization\"},\"potentialAction\":[{\"@type\":\"SearchAction\",\"target\":{\"@type\":\"EntryPoint\",\"urlTemplate\":\"https:\/\/vejamob.com\/?s={search_term_string}\"},\"query-input\":{\"@type\":\"PropertyValueSpecification\",\"valueRequired\":true,\"valueName\":\"search_term_string\"}}],\"inLanguage\":\"tr\"},{\"@type\":\"Organization\",\"@id\":\"https:\/\/vejamob.com\/#organization\",\"name\":\"Spotads\",\"url\":\"https:\/\/vejamob.com\/\",\"logo\":{\"@type\":\"ImageObject\",\"inLanguage\":\"tr\",\"@id\":\"https:\/\/vejamob.com\/#\/schema\/logo\/image\/\",\"url\":\"https:\/\/vejamob.com\/wp-content\/uploads\/2024\/06\/NOTICIA-LOGO-1.png\",\"contentUrl\":\"https:\/\/vejamob.com\/wp-content\/uploads\/2024\/06\/NOTICIA-LOGO-1.png\",\"width\":250,\"height\":60,\"caption\":\"Spotads\"},\"image\":{\"@id\":\"https:\/\/vejamob.com\/#\/schema\/logo\/image\/\"}}]}<\/script>\n<!-- \/ Yoast SEO plugin. -->","yoast_head_json":{"title":"Gizlilik Politikas\u0131 - Vejamob","robots":{"index":"index","follow":"follow","max-snippet":"max-snippet:-1","max-image-preview":"max-image-preview:large","max-video-preview":"max-video-preview:-1"},"canonical":"https:\/\/vejamob.com\/tr\/gizlilik-politikasi\/","og_locale":"tr_TR","og_type":"article","og_title":"Politica de Privacidade - Vejamob","og_description":"Todas as informa\u00e7\u00f5es recolhidas ser\u00e3o utilizadas para melhorar sua experi\u00eancia dentro do nosso site. As informa\u00e7\u00f5es recolhidas podem incluir o seu nome, email, n\u00famero de telefone e\/ou outros. O uso do Vejamob pressup\u00f5e a aceita\u00e7\u00e3o deste Acordo de Privacidade. Caso o usu\u00e1rio n\u00e3o concorde, ainda que em parte, com os termos e condi\u00e7\u00f5es contidos nesta ... Leia mais","og_url":"https:\/\/vejamob.com\/tr\/gizlilik-politikasi\/","og_site_name":"Vejamob","article_modified_time":"2025-03-25T19:36:20+00:00","twitter_card":"summary_large_image","twitter_misc":{"Tahmini okuma s\u00fcresi":"9 dakika"},"schema":{"@context":"https:\/\/schema.org","@graph":[{"@type":"WebPage","@id":"https:\/\/vejamob.com\/politica-de-privacidade\/","url":"https:\/\/vejamob.com\/politica-de-privacidade\/","name":"Gizlilik Politikas\u0131 - Vejamob","isPartOf":{"@id":"https:\/\/vejamob.com\/#website"},"datePublished":"2024-06-28T15:57:52+00:00","dateModified":"2025-03-25T19:36:20+00:00","breadcrumb":{"@id":"https:\/\/vejamob.com\/politica-de-privacidade\/#breadcrumb"},"inLanguage":"tr","potentialAction":[{"@type":"ReadAction","target":["https:\/\/vejamob.com\/politica-de-privacidade\/"]}]},{"@type":"BreadcrumbList","@id":"https:\/\/vejamob.com\/politica-de-privacidade\/#breadcrumb","itemListElement":[{"@type":"ListItem","position":1,"name":"In\u00edcio","item":"https:\/\/vejamob.com\/"},{"@type":"ListItem","position":2,"name":"Politica de Privacidade"}]},{"@type":"WebSite","@id":"https:\/\/vejamob.com\/#website","url":"https:\/\/vejamob.com\/","name":"Teknolojik Haberler","description":"Uygulamalar hakk\u0131nda her \u015fey!","publisher":{"@id":"https:\/\/vejamob.com\/#organization"},"potentialAction":[{"@type":"SearchAction","target":{"@type":"EntryPoint","urlTemplate":"https:\/\/vejamob.com\/?s={search_term_string}"},"query-input":{"@type":"PropertyValueSpecification","valueRequired":true,"valueName":"search_term_string"}}],"inLanguage":"tr"},{"@type":"Organization","@id":"https:\/\/vejamob.com\/#organization","name":"Spotad&#039;lar","url":"https:\/\/vejamob.com\/","logo":{"@type":"ImageObject","inLanguage":"tr","@id":"https:\/\/vejamob.com\/#\/schema\/logo\/image\/","url":"https:\/\/vejamob.com\/wp-content\/uploads\/2024\/06\/NOTICIA-LOGO-1.png","contentUrl":"https:\/\/vejamob.com\/wp-content\/uploads\/2024\/06\/NOTICIA-LOGO-1.png","width":250,"height":60,"caption":"Spotads"},"image":{"@id":"https:\/\/vejamob.com\/#\/schema\/logo\/image\/"}}]}},"_links":{"self":[{"href":"https:\/\/vejamob.com\/tr\/wp-json\/wp\/v2\/pages\/46973","targetHints":{"allow":["GET"]}}],"collection":[{"href":"https:\/\/vejamob.com\/tr\/wp-json\/wp\/v2\/pages"}],"about":[{"href":"https:\/\/vejamob.com\/tr\/wp-json\/wp\/v2\/types\/page"}],"author":[{"embeddable":true,"href":"https:\/\/vejamob.com\/tr\/wp-json\/wp\/v2\/users\/1"}],"replies":[{"embeddable":true,"href":"https:\/\/vejamob.com\/tr\/wp-json\/wp\/v2\/comments?post=46973"}],"version-history":[{"count":0,"href":"https:\/\/vejamob.com\/tr\/wp-json\/wp\/v2\/pages\/46973\/revisions"}],"wp:attachment":[{"href":"https:\/\/vejamob.com\/tr\/wp-json\/wp\/v2\/media?parent=46973"}],"curies":[{"name":"wp","href":"https:\/\/api.w.org\/{rel}","templated":true}]}}