{"id":46979,"date":"2024-06-28T16:01:36","date_gmt":"2024-06-28T16:01:36","guid":{"rendered":"https:\/\/vejamob.com\/?page_id=46979"},"modified":"2025-03-25T19:34:44","modified_gmt":"2025-03-25T19:34:44","slug":"%d1%85%d1%82%d0%be-%d0%bc%d0%b8","status":"publish","type":"page","link":"https:\/\/vejamob.com\/uk\/%d1%85%d1%82%d0%be-%d0%bc%d0%b8\/","title":{"rendered":"\u0425\u0442\u043e \u043c\u0438"},"content":{"rendered":"<p>Vejamob \u2014 \u0446\u0435 \u0442\u0435\u0445\u043d\u043e\u043b\u043e\u0433\u0456\u0447\u043d\u0438\u0439 \u0432\u0435\u0431\u0441\u0430\u0439\u0442, \u0441\u0442\u0432\u043e\u0440\u0435\u043d\u0438\u0439 \u0443 2024 \u0440\u043e\u0446\u0456 \u0437 \u043c\u0435\u0442\u043e\u044e \u043d\u0430\u0434\u0430\u043d\u043d\u044f \u0456\u043d\u0444\u043e\u0440\u043c\u0430\u0446\u0456\u0457 \u0442\u0430 \u043f\u043e\u0440\u0430\u0434 \u0449\u043e\u0434\u043e \u0437\u0430\u044f\u0432\u043e\u043a, \u0444\u0456\u043d\u0430\u043d\u0441\u0456\u0432 \u0442\u0430 \u0456\u043d\u0448\u0438\u0445 \u0442\u0435\u043c, \u043f\u043e\u0432\u2019\u044f\u0437\u0430\u043d\u0438\u0445 \u0456\u0437 \u0446\u0438\u0444\u0440\u043e\u0432\u0438\u043c \u0441\u0432\u0456\u0442\u043e\u043c. \u041c\u0438 \u0432\u0432\u0430\u0436\u0430\u0454\u043c\u043e, \u0449\u043e \u0442\u0435\u0445\u043d\u043e\u043b\u043e\u0433\u0456\u0457 \u2013 \u0446\u0435 \u043f\u043e\u0442\u0443\u0436\u043d\u0438\u0439 \u0456\u043d\u0441\u0442\u0440\u0443\u043c\u0435\u043d\u0442 \u0434\u043b\u044f \u0437\u043c\u0456\u043d\u0438 \u0436\u0438\u0442\u0442\u044f \u0442\u0430 \u0431\u0456\u0437\u043d\u0435\u0441\u0443, \u0456 \u043c\u0438 \u0445\u043e\u0447\u0435\u043c\u043e \u0434\u043e\u043f\u043e\u043c\u043e\u0433\u0442\u0438 \u043d\u0430\u0448\u0438\u043c \u0447\u0438\u0442\u0430\u0447\u0430\u043c \u0431\u0443\u0442\u0438 \u0432 \u043a\u0443\u0440\u0441\u0456 \u043f\u043e\u0434\u0456\u0439 \u0442\u0430 \u043c\u0430\u043a\u0441\u0438\u043c\u0430\u043b\u044c\u043d\u043e \u0435\u0444\u0435\u043a\u0442\u0438\u0432\u043d\u043e \u0432\u0438\u043a\u043e\u0440\u0438\u0441\u0442\u043e\u0432\u0443\u0432\u0430\u0442\u0438 \u0446\u0456 \u0456\u043d\u0441\u0442\u0440\u0443\u043c\u0435\u043d\u0442\u0438.<\/p>\n\n\n\n<p>\u0422\u0443\u0442, \u043d\u0430 Vejamob, \u0432\u0438 \u0437\u043d\u0430\u0439\u0434\u0435\u0442\u0435 \u0441\u0442\u0430\u0442\u0442\u0456 \u0442\u0430 \u043d\u0430\u0432\u0447\u0430\u043b\u044c\u043d\u0456 \u043f\u043e\u0441\u0456\u0431\u043d\u0438\u043a\u0438, \u043d\u0430\u043f\u0438\u0441\u0430\u043d\u0456 \u0435\u043a\u0441\u043f\u0435\u0440\u0442\u0430\u043c\u0438 \u0437 \u0442\u0435\u0445\u043d\u043e\u043b\u043e\u0433\u0456\u0439, \u0430 \u0442\u0430\u043a\u043e\u0436 \u0430\u043d\u0430\u043b\u0456\u0437\u0438 \u0442\u0430 \u043e\u0433\u043b\u044f\u0434\u0438 \u043f\u0440\u043e\u0434\u0443\u043a\u0442\u0456\u0432 \u0456 \u043f\u043e\u0441\u043b\u0443\u0433. \u041c\u0438 \u0442\u0430\u043a\u043e\u0436 \u043f\u0440\u043e\u043f\u043e\u043d\u0443\u0454\u043c\u043e \u043f\u043e\u0440\u0430\u0434\u0438 \u0442\u0430 \u043f\u0456\u0434\u043a\u0430\u0437\u043a\u0438, \u044f\u043a\u0456 \u0434\u043e\u043f\u043e\u043c\u043e\u0436\u0443\u0442\u044c \u0432\u0430\u043c \u043e\u0442\u0440\u0438\u043c\u0430\u0442\u0438 \u043c\u0430\u043a\u0441\u0438\u043c\u0430\u043b\u044c\u043d\u0443 \u0432\u0456\u0434\u0434\u0430\u0447\u0443 \u0432\u0456\u0434 \u0432\u0430\u0448\u0438\u0445 \u043c\u043e\u0431\u0456\u043b\u044c\u043d\u0438\u0445 \u043f\u0440\u0438\u0441\u0442\u0440\u043e\u0457\u0432 \u0456 \u043f\u0440\u043e\u0433\u0440\u0430\u043c.<\/p>\n\n\n\n<p>Vejamob \u0454 \u0437\u0430\u0440\u0435\u0454\u0441\u0442\u0440\u043e\u0432\u0430\u043d\u043e\u044e \u0442\u043e\u0440\u0433\u043e\u0432\u043e\u044e \u043c\u0430\u0440\u043a\u043e\u044e \u043a\u043e\u043c\u043f\u0430\u043d\u0456\u0457\u00a0<a href=\"http:\/\/spotads.me\/\">spotads.me<\/a>\u00a0\u0456 \u043f\u0456\u0434\u0442\u0440\u0438\u043c\u0443\u0454\u0442\u044c\u0441\u044f \u043a\u043e\u043c\u0430\u043d\u0434\u043e\u044e \u043f\u0440\u043e\u0444\u0435\u0441\u0456\u043e\u043d\u0430\u043b\u0456\u0432, \u044f\u043a\u0456 \u0437\u0430\u0445\u043e\u043f\u043b\u044e\u044e\u0442\u044c\u0441\u044f \u0442\u0435\u0445\u043d\u043e\u043b\u043e\u0433\u0456\u044f\u043c\u0438\u00bb.<\/p>\n\n\n\n<p>\u041d\u0430\u0448\u0430 \u043a\u043e\u043c\u0430\u043d\u0434\u0430 \u0441\u043a\u043b\u0430\u0434\u0430\u0454\u0442\u044c\u0441\u044f \u0437 \u0435\u043a\u0441\u043f\u0435\u0440\u0442\u0456\u0432 \u0437 \u0442\u0435\u0445\u043d\u043e\u043b\u043e\u0433\u0456\u0439, \u0436\u0443\u0440\u043d\u0430\u043b\u0456\u0441\u0442\u0456\u0432 \u0456 \u043f\u0438\u0441\u044c\u043c\u0435\u043d\u043d\u0438\u043a\u0456\u0432, \u044f\u043a\u0456 \u043f\u0440\u0430\u0433\u043d\u0443\u0442\u044c \u043d\u0430\u0434\u0430\u0432\u0430\u0442\u0438 \u043d\u0430\u0448\u0438\u043c \u0447\u0438\u0442\u0430\u0447\u0430\u043c \u0432\u0438\u0441\u043e\u043a\u043e\u044f\u043a\u0456\u0441\u043d\u0438\u0439 \u0456 \u0442\u043e\u0447\u043d\u0438\u0439 \u0432\u043c\u0456\u0441\u0442. \u041c\u0438 \u0432\u0456\u0440\u0438\u043c\u043e, \u0449\u043e \u0442\u0435\u0445\u043d\u043e\u043b\u043e\u0433\u0456\u0457 \u0454 \u043f\u043e\u0442\u0443\u0436\u043d\u0438\u043c \u0456\u043d\u0441\u0442\u0440\u0443\u043c\u0435\u043d\u0442\u043e\u043c \u0434\u043b\u044f \u0442\u0440\u0430\u043d\u0441\u0444\u043e\u0440\u043c\u0430\u0446\u0456\u0457 \u0436\u0438\u0442\u0442\u044f \u0442\u0430 \u0431\u0456\u0437\u043d\u0435\u0441\u0443, \u0456 \u043d\u0430\u0448\u0430 \u043c\u0435\u0442\u0430 \u2014 \u0434\u043e\u043f\u043e\u043c\u043e\u0433\u0442\u0438 \u043d\u0430\u0448\u0438\u043c \u0447\u0438\u0442\u0430\u0447\u0430\u043c \u0431\u0443\u0442\u0438 \u0432 \u043a\u0443\u0440\u0441\u0456 \u043f\u043e\u0434\u0456\u0439 \u0456 \u043c\u0430\u043a\u0441\u0438\u043c\u0430\u043b\u044c\u043d\u043e \u0432\u0438\u043a\u043e\u0440\u0438\u0441\u0442\u043e\u0432\u0443\u0432\u0430\u0442\u0438 \u0446\u0456 \u0456\u043d\u0441\u0442\u0440\u0443\u043c\u0435\u043d\u0442\u0438.<\/p>\n\n\n\n<p>\u041e\u043a\u0440\u0456\u043c \u0432\u043c\u0456\u0441\u0442\u0443, \u043c\u0438 \u0442\u0430\u043a\u043e\u0436 \u043f\u0440\u043e\u043f\u043e\u043d\u0443\u0454\u043c\u043e \u043d\u0430\u0448\u0438\u043c \u0447\u0438\u0442\u0430\u0447\u0430\u043c \u043c\u043e\u0436\u043b\u0438\u0432\u0456\u0441\u0442\u044c \u0441\u043f\u0456\u043b\u043a\u0443\u0432\u0430\u0442\u0438\u0441\u044f \u0437 \u0456\u043d\u0448\u0438\u043c\u0438 \u0435\u043d\u0442\u0443\u0437\u0456\u0430\u0441\u0442\u0430\u043c\u0438 \u0442\u0435\u0445\u043d\u043e\u043b\u043e\u0433\u0456\u0439 \u0447\u0435\u0440\u0435\u0437 \u043d\u0430\u0448\u0456 \u0441\u043e\u0446\u0456\u0430\u043b\u044c\u043d\u0456 \u043c\u0435\u0440\u0435\u0436\u0456 \u0442\u0430 \u0434\u0438\u0441\u043a\u0443\u0441\u0456\u0439\u043d\u0456 \u0444\u043e\u0440\u0443\u043c\u0438. \u041c\u0438 \u0446\u0456\u043d\u0443\u0454\u043c\u043e \u0434\u0443\u043c\u043a\u0443 \u043d\u0430\u0448\u0438\u0445 \u0447\u0438\u0442\u0430\u0447\u0456\u0432 \u0456 \u0437\u0430\u0432\u0436\u0434\u0438 \u0432\u0456\u0434\u043a\u0440\u0438\u0442\u0456 \u0434\u043e \u043f\u0440\u043e\u043f\u043e\u0437\u0438\u0446\u0456\u0439 \u0456 \u0432\u0456\u0434\u0433\u0443\u043a\u0456\u0432 \u0449\u043e\u0434\u043e \u043f\u043e\u043a\u0440\u0430\u0449\u0435\u043d\u043d\u044f \u043d\u0430\u0448\u0438\u0445 \u043f\u043e\u0441\u043b\u0443\u0433.<\/p>\n\n\n\n<p>\u0421\u043b\u0456\u0434\u043a\u0443\u0439\u0442\u0435 \u0437\u0430 \u043d\u0430\u043c\u0438 \u0442\u0430 \u0431\u0443\u0434\u044c\u0442\u0435 \u0432 \u043a\u0443\u0440\u0441\u0456 \u043e\u0441\u0442\u0430\u043d\u043d\u0456\u0445 \u0442\u0435\u043d\u0434\u0435\u043d\u0446\u0456\u0439 \u0442\u0430 \u043d\u043e\u0432\u0438\u043d \u0443 \u0441\u0432\u0456\u0442\u0456 \u0442\u0435\u0445\u043d\u043e\u043b\u043e\u0433\u0456\u0439. \u0414\u044f\u043a\u0443\u0454\u043c\u043e, \u0449\u043e \u0437\u0430\u0432\u0456\u0442\u0430\u043b\u0438 \u043d\u0430 \u043d\u0430\u0448 \u0432\u0435\u0431-\u0441\u0430\u0439\u0442, \u0456 \u043c\u0438 \u0441\u043f\u043e\u0434\u0456\u0432\u0430\u0454\u043c\u043e\u0441\u044f \u0441\u043a\u043e\u0440\u043e \u0437\u0443\u0441\u0442\u0440\u0456\u0442\u0438\u0441\u044f \u0437 \u0432\u0430\u043c\u0438!<\/p>","protected":false},"excerpt":{"rendered":"<p>Vejamob \u2013 \u0446\u0435 \u0442\u0435\u0445\u043d\u043e\u043b\u043e\u0433\u0456\u0447\u043d\u0438\u0439 \u0432\u0435\u0431-\u0441\u0430\u0439\u0442, \u0441\u0442\u0432\u043e\u0440\u0435\u043d\u0438\u0439 \u0443 2024 \u0440\u043e\u0446\u0456 \u0437 \u043c\u0435\u0442\u043e\u044e \u043d\u0430\u0434\u0430\u043d\u043d\u044f \u0456\u043d\u0444\u043e\u0440\u043c\u0430\u0446\u0456\u0457 \u0442\u0430 \u043f\u043e\u0440\u0430\u0434 \u0449\u043e\u0434\u043e \u0434\u043e\u0434\u0430\u0442\u043a\u0456\u0432, \u0444\u0456\u043d\u0430\u043d\u0441\u0456\u0432 \u0442\u0430 \u0456\u043d\u0448\u0438\u0445 \u0442\u0435\u043c, \u043f\u043e\u0432\u2019\u044f\u0437\u0430\u043d\u0438\u0445 \u0456\u0437 \u0446\u0438\u0444\u0440\u043e\u0432\u0438\u043c \u0441\u0432\u0456\u0442\u043e\u043c. \u041c\u0438 \u0432\u0432\u0430\u0436\u0430\u0454\u043c\u043e, \u0449\u043e \u0442\u0435\u0445\u043d\u043e\u043b\u043e\u0433\u0456\u0457 \u2013 \u0446\u0435 \u043f\u043e\u0442\u0443\u0436\u043d\u0438\u0439 \u0456\u043d\u0441\u0442\u0440\u0443\u043c\u0435\u043d\u0442 \u0434\u043b\u044f \u0437\u043c\u0456\u043d\u0438 \u0436\u0438\u0442\u0442\u044f \u0442\u0430 \u0431\u0456\u0437\u043d\u0435\u0441\u0443, \u0456 \u043c\u0438 \u0445\u043e\u0447\u0435\u043c\u043e \u0434\u043e\u043f\u043e\u043c\u043e\u0433\u0442\u0438 \u043d\u0430\u0448\u0438\u043c \u0447\u0438\u0442\u0430\u0447\u0430\u043c \u0431\u0443\u0442\u0438 \u0432 \u043a\u0443\u0440\u0441\u0456 \u043f\u043e\u0434\u0456\u0439 \u0442\u0430 \u043c\u0430\u043a\u0441\u0438\u043c\u0430\u043b\u044c\u043d\u043e \u0435\u0444\u0435\u043a\u0442\u0438\u0432\u043d\u043e \u0432\u0438\u043a\u043e\u0440\u0438\u0441\u0442\u043e\u0432\u0443\u0432\u0430\u0442\u0438 \u0457\u0445\u2026 <a title=\"\u0425\u0442\u043e \u043c\u0438\" class=\"read-more\" href=\"https:\/\/vejamob.com\/uk\/%d1%85%d1%82%d0%be-%d0%bc%d0%b8\/\" aria-label=\"\u0414\u043e\u043a\u043b\u0430\u0434\u043d\u0456\u0448\u0435 \u043f\u0440\u043e \u0425\u0442\u043e \u043c\u0438\">\u0447\u0438\u0442\u0430\u0442\u0438 \u0434\u0430\u043b\u0456<\/a><\/p>","protected":false},"author":1,"featured_media":0,"parent":0,"menu_order":0,"comment_status":"closed","ping_status":"closed","template":"","meta":{"footnotes":""},"class_list":["post-46979","page","type-page","status-publish"],"yoast_head":"<!-- This site is optimized with the Yoast SEO plugin v25.6 - https:\/\/yoast.com\/wordpress\/plugins\/seo\/ -->\n<title>Quem somos - Vejamob<\/title>\n<meta name=\"robots\" content=\"index, follow, max-snippet:-1, max-image-preview:large, max-video-preview:-1\" \/>\n<link rel=\"canonical\" href=\"https:\/\/vejamob.com\/uk\/\u0445\u0442\u043e-\u043c\u0438\/\" \/>\n<meta property=\"og:locale\" content=\"uk_UA\" \/>\n<meta property=\"og:type\" content=\"article\" \/>\n<meta property=\"og:title\" content=\"Quem somos - Vejamob\" \/>\n<meta property=\"og:description\" content=\"O Vejamob \u00e9 um site de tecnologia criado em 2024 com o objetivo de fornecer informa\u00e7\u00f5es e dicas sobre aplicativos, finan\u00e7as e outros assuntos relacionados ao mundo digital. N\u00f3s acreditamos que a tecnologia \u00e9 uma ferramenta poderosa para transformar vidas e empresas, e queremos ajudar nossos leitores a se manterem atualizados e aproveitar ao m\u00e1ximo ... Leia mais\" \/>\n<meta property=\"og:url\" content=\"https:\/\/vejamob.com\/uk\/\u0445\u0442\u043e-\u043c\u0438\/\" \/>\n<meta property=\"og:site_name\" content=\"Vejamob\" \/>\n<meta property=\"article:modified_time\" content=\"2025-03-25T19:34:44+00:00\" \/>\n<meta name=\"twitter:card\" content=\"summary_large_image\" \/>\n<meta name=\"twitter:label1\" content=\"\u041f\u0440\u0438\u0431\u043b. \u0447\u0430\u0441 \u0447\u0438\u0442\u0430\u043d\u043d\u044f\" \/>\n\t<meta name=\"twitter:data1\" content=\"2 \u0445\u0432\u0438\u043b\u0438\u043d\u0438\" \/>\n<script type=\"application\/ld+json\" class=\"yoast-schema-graph\">{\"@context\":\"https:\/\/schema.org\",\"@graph\":[{\"@type\":\"WebPage\",\"@id\":\"https:\/\/vejamob.com\/quem-somos\/\",\"url\":\"https:\/\/vejamob.com\/quem-somos\/\",\"name\":\"Quem somos - Vejamob\",\"isPartOf\":{\"@id\":\"https:\/\/vejamob.com\/#website\"},\"datePublished\":\"2024-06-28T16:01:36+00:00\",\"dateModified\":\"2025-03-25T19:34:44+00:00\",\"breadcrumb\":{\"@id\":\"https:\/\/vejamob.com\/quem-somos\/#breadcrumb\"},\"inLanguage\":\"uk\",\"potentialAction\":[{\"@type\":\"ReadAction\",\"target\":[\"https:\/\/vejamob.com\/quem-somos\/\"]}]},{\"@type\":\"BreadcrumbList\",\"@id\":\"https:\/\/vejamob.com\/quem-somos\/#breadcrumb\",\"itemListElement\":[{\"@type\":\"ListItem\",\"position\":1,\"name\":\"In\u00edcio\",\"item\":\"https:\/\/vejamob.com\/\"},{\"@type\":\"ListItem\",\"position\":2,\"name\":\"Quem somos\"}]},{\"@type\":\"WebSite\",\"@id\":\"https:\/\/vejamob.com\/#website\",\"url\":\"https:\/\/vejamob.com\/\",\"name\":\"Noticia Tecnologia\",\"description\":\"Tudo sobre aplicativos!\",\"publisher\":{\"@id\":\"https:\/\/vejamob.com\/#organization\"},\"potentialAction\":[{\"@type\":\"SearchAction\",\"target\":{\"@type\":\"EntryPoint\",\"urlTemplate\":\"https:\/\/vejamob.com\/?s={search_term_string}\"},\"query-input\":{\"@type\":\"PropertyValueSpecification\",\"valueRequired\":true,\"valueName\":\"search_term_string\"}}],\"inLanguage\":\"uk\"},{\"@type\":\"Organization\",\"@id\":\"https:\/\/vejamob.com\/#organization\",\"name\":\"Spotads\",\"url\":\"https:\/\/vejamob.com\/\",\"logo\":{\"@type\":\"ImageObject\",\"inLanguage\":\"uk\",\"@id\":\"https:\/\/vejamob.com\/#\/schema\/logo\/image\/\",\"url\":\"https:\/\/vejamob.com\/wp-content\/uploads\/2024\/06\/NOTICIA-LOGO-1.png\",\"contentUrl\":\"https:\/\/vejamob.com\/wp-content\/uploads\/2024\/06\/NOTICIA-LOGO-1.png\",\"width\":250,\"height\":60,\"caption\":\"Spotads\"},\"image\":{\"@id\":\"https:\/\/vejamob.com\/#\/schema\/logo\/image\/\"}}]}<\/script>\n<!-- \/ Yoast SEO plugin. -->","yoast_head_json":{"title":"\u0425\u0442\u043e \u043c\u0438 - Vejamob","robots":{"index":"index","follow":"follow","max-snippet":"max-snippet:-1","max-image-preview":"max-image-preview:large","max-video-preview":"max-video-preview:-1"},"canonical":"https:\/\/vejamob.com\/uk\/\u0445\u0442\u043e-\u043c\u0438\/","og_locale":"uk_UA","og_type":"article","og_title":"Quem somos - Vejamob","og_description":"O Vejamob \u00e9 um site de tecnologia criado em 2024 com o objetivo de fornecer informa\u00e7\u00f5es e dicas sobre aplicativos, finan\u00e7as e outros assuntos relacionados ao mundo digital. N\u00f3s acreditamos que a tecnologia \u00e9 uma ferramenta poderosa para transformar vidas e empresas, e queremos ajudar nossos leitores a se manterem atualizados e aproveitar ao m\u00e1ximo ... Leia mais","og_url":"https:\/\/vejamob.com\/uk\/\u0445\u0442\u043e-\u043c\u0438\/","og_site_name":"Vejamob","article_modified_time":"2025-03-25T19:34:44+00:00","twitter_card":"summary_large_image","twitter_misc":{"\u041f\u0440\u0438\u0431\u043b. \u0447\u0430\u0441 \u0447\u0438\u0442\u0430\u043d\u043d\u044f":"2 \u0445\u0432\u0438\u043b\u0438\u043d\u0438"},"schema":{"@context":"https:\/\/schema.org","@graph":[{"@type":"WebPage","@id":"https:\/\/vejamob.com\/quem-somos\/","url":"https:\/\/vejamob.com\/quem-somos\/","name":"\u0425\u0442\u043e \u043c\u0438 - Vejamob","isPartOf":{"@id":"https:\/\/vejamob.com\/#website"},"datePublished":"2024-06-28T16:01:36+00:00","dateModified":"2025-03-25T19:34:44+00:00","breadcrumb":{"@id":"https:\/\/vejamob.com\/quem-somos\/#breadcrumb"},"inLanguage":"uk","potentialAction":[{"@type":"ReadAction","target":["https:\/\/vejamob.com\/quem-somos\/"]}]},{"@type":"BreadcrumbList","@id":"https:\/\/vejamob.com\/quem-somos\/#breadcrumb","itemListElement":[{"@type":"ListItem","position":1,"name":"In\u00edcio","item":"https:\/\/vejamob.com\/"},{"@type":"ListItem","position":2,"name":"Quem somos"}]},{"@type":"WebSite","@id":"https:\/\/vejamob.com\/#website","url":"https:\/\/vejamob.com\/","name":"\u041d\u043e\u0432\u0438\u043d\u0438 \u0442\u0435\u0445\u043d\u043e\u043b\u043e\u0433\u0456\u0439","description":"\u0412\u0441\u0435 \u043f\u0440\u043e \u043f\u0440\u043e\u0433\u0440\u0430\u043c\u0438!","publisher":{"@id":"https:\/\/vejamob.com\/#organization"},"potentialAction":[{"@type":"SearchAction","target":{"@type":"EntryPoint","urlTemplate":"https:\/\/vejamob.com\/?s={search_term_string}"},"query-input":{"@type":"PropertyValueSpecification","valueRequired":true,"valueName":"search_term_string"}}],"inLanguage":"uk"},{"@type":"Organization","@id":"https:\/\/vejamob.com\/#organization","name":"\u041f\u043b\u044f\u043c\u0438\u0441\u0442\u0456","url":"https:\/\/vejamob.com\/","logo":{"@type":"ImageObject","inLanguage":"uk","@id":"https:\/\/vejamob.com\/#\/schema\/logo\/image\/","url":"https:\/\/vejamob.com\/wp-content\/uploads\/2024\/06\/NOTICIA-LOGO-1.png","contentUrl":"https:\/\/vejamob.com\/wp-content\/uploads\/2024\/06\/NOTICIA-LOGO-1.png","width":250,"height":60,"caption":"Spotads"},"image":{"@id":"https:\/\/vejamob.com\/#\/schema\/logo\/image\/"}}]}},"_links":{"self":[{"href":"https:\/\/vejamob.com\/uk\/wp-json\/wp\/v2\/pages\/46979","targetHints":{"allow":["GET"]}}],"collection":[{"href":"https:\/\/vejamob.com\/uk\/wp-json\/wp\/v2\/pages"}],"about":[{"href":"https:\/\/vejamob.com\/uk\/wp-json\/wp\/v2\/types\/page"}],"author":[{"embeddable":true,"href":"https:\/\/vejamob.com\/uk\/wp-json\/wp\/v2\/users\/1"}],"replies":[{"embeddable":true,"href":"https:\/\/vejamob.com\/uk\/wp-json\/wp\/v2\/comments?post=46979"}],"version-history":[{"count":0,"href":"https:\/\/vejamob.com\/uk\/wp-json\/wp\/v2\/pages\/46979\/revisions"}],"wp:attachment":[{"href":"https:\/\/vejamob.com\/uk\/wp-json\/wp\/v2\/media?parent=46979"}],"curies":[{"name":"\u0412\u041f","href":"https:\/\/api.w.org\/{rel}","templated":true}]}}